{"id":12663,"date":"2020-08-13T14:30:19","date_gmt":"2020-08-13T14:30:19","guid":{"rendered":"http:www.ilbottaccio.it\/bauernhaus\/wohnungen\/4-pendolino\/"},"modified":"2026-01-09T07:08:29","modified_gmt":"2026-01-09T07:08:29","slug":"4-pendolino","status":"publish","type":"page","link":"https:\/\/www.ilbottaccio.it\/de\/bauernhaus-schwimmbad-toskana-naehe-des-meeres\/wohnungen\/4-pendolino\/","title":{"rendered":"4. Pendolino"},"content":{"rendered":"","protected":false},"excerpt":{"rendered":"","protected":false},"author":692,"featured_media":0,"parent":12648,"menu_order":4,"comment_status":"closed","ping_status":"closed","template":"","meta":{"footnotes":""},"class_list":["post-12663","page","type-page","status-publish","hentry"],"yoast_head":"<!-- This site is optimized with the Yoast SEO plugin v27.4 - https:\/\/yoast.com\/product\/yoast-seo-wordpress\/ -->\n<title>4. Pendolino | Wohnung im Bauernhaus auf zwei Ebenen | il Bottaccio<\/title>\n<meta name=\"description\" content=\"Ausgestattete Wohnung f\u00fcr Ferien in der Toskana in der N\u00e4he des Meeres. Unabh\u00e4ngige Zweiraumwohnung mit Au\u00dfenveranda und K\u00fcche. Hervorragende L\u00f6sung f\u00fcr einen erholsamen Urlaub Unabh\u00e4ngige Zweizimmerwohnung mit Portico und K\u00fcche. Ausgezeichnete L\u00f6sung f\u00fcr einen erholsamen Urlaub\" \/>\n<meta name=\"robots\" content=\"index, follow, max-snippet:-1, max-image-preview:large, max-video-preview:-1\" \/>\n<link rel=\"canonical\" href=\"https:\/\/www.ilbottaccio.it\/de\/bauernhaus-schwimmbad-toskana-naehe-des-meeres\/wohnungen\/4-pendolino\/\" \/>\n<meta property=\"og:locale\" content=\"de_DE\" \/>\n<meta property=\"og:type\" content=\"article\" \/>\n<meta property=\"og:title\" content=\"4. Pendolino | Wohnung im Bauernhaus auf zwei Ebenen | il Bottaccio\" \/>\n<meta property=\"og:description\" content=\"Ausgestattete Wohnung f\u00fcr Ferien in der Toskana in der N\u00e4he des Meeres. Unabh\u00e4ngige Zweiraumwohnung mit Au\u00dfenveranda und K\u00fcche. Hervorragende L\u00f6sung f\u00fcr einen erholsamen Urlaub Unabh\u00e4ngige Zweizimmerwohnung mit Portico und K\u00fcche. Ausgezeichnete L\u00f6sung f\u00fcr einen erholsamen Urlaub\" \/>\n<meta property=\"og:url\" content=\"https:\/\/www.ilbottaccio.it\/de\/bauernhaus-schwimmbad-toskana-naehe-des-meeres\/wohnungen\/4-pendolino\/\" \/>\n<meta property=\"og:site_name\" content=\"il Bottaccio | Olio Extravergine Toscano\" \/>\n<meta property=\"article:publisher\" content=\"https:\/\/it-it.facebook.com\/OlioilBottaccio\/\" \/>\n<meta property=\"article:modified_time\" content=\"2026-01-09T07:08:29+00:00\" \/>\n<meta property=\"og:image\" content=\"https:\/\/www.ilbottaccio.it\/web2\/wp-content\/uploads\/2024\/09\/il-Bottaccio_oriz.jpg\" \/>\n\t<meta property=\"og:image:width\" content=\"1200\" \/>\n\t<meta property=\"og:image:height\" content=\"628\" \/>\n\t<meta property=\"og:image:type\" content=\"image\/jpeg\" \/>\n<meta name=\"twitter:card\" content=\"summary_large_image\" \/>\n<script type=\"application\/ld+json\" class=\"yoast-schema-graph\">{\"@context\":\"https:\\\/\\\/schema.org\",\"@graph\":[{\"@type\":\"WebPage\",\"@id\":\"https:\\\/\\\/www.ilbottaccio.it\\\/de\\\/bauernhaus-schwimmbad-toskana-naehe-des-meeres\\\/wohnungen\\\/4-pendolino\\\/\",\"url\":\"https:\\\/\\\/www.ilbottaccio.it\\\/de\\\/bauernhaus-schwimmbad-toskana-naehe-des-meeres\\\/wohnungen\\\/4-pendolino\\\/\",\"name\":\"4. Pendolino | Wohnung im Bauernhaus auf zwei Ebenen | il Bottaccio\",\"isPartOf\":{\"@id\":\"https:\\\/\\\/www.ilbottaccio.it\\\/de\\\/#website\"},\"datePublished\":\"2020-08-13T14:30:19+00:00\",\"dateModified\":\"2026-01-09T07:08:29+00:00\",\"description\":\"Ausgestattete Wohnung f\u00fcr Ferien in der Toskana in der N\u00e4he des Meeres. Unabh\u00e4ngige Zweiraumwohnung mit Au\u00dfenveranda und K\u00fcche. Hervorragende L\u00f6sung f\u00fcr einen erholsamen Urlaub Unabh\u00e4ngige Zweizimmerwohnung mit Portico und K\u00fcche. Ausgezeichnete L\u00f6sung f\u00fcr einen erholsamen Urlaub\",\"breadcrumb\":{\"@id\":\"https:\\\/\\\/www.ilbottaccio.it\\\/de\\\/bauernhaus-schwimmbad-toskana-naehe-des-meeres\\\/wohnungen\\\/4-pendolino\\\/#breadcrumb\"},\"inLanguage\":\"de-DE\",\"potentialAction\":[{\"@type\":\"ReadAction\",\"target\":[\"https:\\\/\\\/www.ilbottaccio.it\\\/de\\\/bauernhaus-schwimmbad-toskana-naehe-des-meeres\\\/wohnungen\\\/4-pendolino\\\/\"]}]},{\"@type\":\"BreadcrumbList\",\"@id\":\"https:\\\/\\\/www.ilbottaccio.it\\\/de\\\/bauernhaus-schwimmbad-toskana-naehe-des-meeres\\\/wohnungen\\\/4-pendolino\\\/#breadcrumb\",\"itemListElement\":[{\"@type\":\"ListItem\",\"position\":1,\"name\":\"Home\",\"item\":\"https:\\\/\\\/www.ilbottaccio.it\\\/de\\\/home\\\/\"},{\"@type\":\"ListItem\",\"position\":2,\"name\":\"Bauernhaus ****\",\"item\":\"https:\\\/\\\/www.ilbottaccio.it\\\/de\\\/bauernhaus-schwimmbad-toskana-naehe-des-meeres\\\/\"},{\"@type\":\"ListItem\",\"position\":3,\"name\":\"Wohnungen\",\"item\":\"https:\\\/\\\/www.ilbottaccio.it\\\/de\\\/bauernhaus-schwimmbad-toskana-naehe-des-meeres\\\/wohnungen\\\/\"},{\"@type\":\"ListItem\",\"position\":4,\"name\":\"4. Pendolino\"}]},{\"@type\":\"WebSite\",\"@id\":\"https:\\\/\\\/www.ilbottaccio.it\\\/de\\\/#website\",\"url\":\"https:\\\/\\\/www.ilbottaccio.it\\\/de\\\/\",\"name\":\"il Bottaccio | Olio Extravergine Toscano\",\"description\":\"Olio Extravergine Toscano\",\"publisher\":{\"@id\":\"https:\\\/\\\/www.ilbottaccio.it\\\/de\\\/#organization\"},\"potentialAction\":[{\"@type\":\"SearchAction\",\"target\":{\"@type\":\"EntryPoint\",\"urlTemplate\":\"https:\\\/\\\/www.ilbottaccio.it\\\/de\\\/?s={search_term_string}\"},\"query-input\":{\"@type\":\"PropertyValueSpecification\",\"valueRequired\":true,\"valueName\":\"search_term_string\"}}],\"inLanguage\":\"de-DE\"},{\"@type\":\"Organization\",\"@id\":\"https:\\\/\\\/www.ilbottaccio.it\\\/de\\\/#organization\",\"name\":\"il Bottaccio\",\"url\":\"https:\\\/\\\/www.ilbottaccio.it\\\/de\\\/\",\"logo\":{\"@type\":\"ImageObject\",\"inLanguage\":\"de-DE\",\"@id\":\"https:\\\/\\\/www.ilbottaccio.it\\\/de\\\/#\\\/schema\\\/logo\\\/image\\\/\",\"url\":\"https:\\\/\\\/www.ilbottaccio.it\\\/web2\\\/wp-content\\\/uploads\\\/2024\\\/09\\\/Goccia_ilBottaccio.jpg\",\"contentUrl\":\"https:\\\/\\\/www.ilbottaccio.it\\\/web2\\\/wp-content\\\/uploads\\\/2024\\\/09\\\/Goccia_ilBottaccio.jpg\",\"width\":500,\"height\":500,\"caption\":\"il Bottaccio\"},\"image\":{\"@id\":\"https:\\\/\\\/www.ilbottaccio.it\\\/de\\\/#\\\/schema\\\/logo\\\/image\\\/\"},\"sameAs\":[\"https:\\\/\\\/it-it.facebook.com\\\/OlioilBottaccio\\\/\",\"https:\\\/\\\/www.instagram.com\\\/il_bottaccio\\\/\"]}]}<\/script>\n<!-- \/ Yoast SEO plugin. -->","yoast_head_json":{"title":"4. Pendolino | Wohnung im Bauernhaus auf zwei Ebenen | il Bottaccio","description":"Ausgestattete Wohnung f\u00fcr Ferien in der Toskana in der N\u00e4he des Meeres. Unabh\u00e4ngige Zweiraumwohnung mit Au\u00dfenveranda und K\u00fcche. Hervorragende L\u00f6sung f\u00fcr einen erholsamen Urlaub Unabh\u00e4ngige Zweizimmerwohnung mit Portico und K\u00fcche. Ausgezeichnete L\u00f6sung f\u00fcr einen erholsamen Urlaub","robots":{"index":"index","follow":"follow","max-snippet":"max-snippet:-1","max-image-preview":"max-image-preview:large","max-video-preview":"max-video-preview:-1"},"canonical":"https:\/\/www.ilbottaccio.it\/de\/bauernhaus-schwimmbad-toskana-naehe-des-meeres\/wohnungen\/4-pendolino\/","og_locale":"de_DE","og_type":"article","og_title":"4. Pendolino | Wohnung im Bauernhaus auf zwei Ebenen | il Bottaccio","og_description":"Ausgestattete Wohnung f\u00fcr Ferien in der Toskana in der N\u00e4he des Meeres. Unabh\u00e4ngige Zweiraumwohnung mit Au\u00dfenveranda und K\u00fcche. Hervorragende L\u00f6sung f\u00fcr einen erholsamen Urlaub Unabh\u00e4ngige Zweizimmerwohnung mit Portico und K\u00fcche. Ausgezeichnete L\u00f6sung f\u00fcr einen erholsamen Urlaub","og_url":"https:\/\/www.ilbottaccio.it\/de\/bauernhaus-schwimmbad-toskana-naehe-des-meeres\/wohnungen\/4-pendolino\/","og_site_name":"il Bottaccio | Olio Extravergine Toscano","article_publisher":"https:\/\/it-it.facebook.com\/OlioilBottaccio\/","article_modified_time":"2026-01-09T07:08:29+00:00","og_image":[{"width":1200,"height":628,"url":"https:\/\/www.ilbottaccio.it\/web2\/wp-content\/uploads\/2024\/09\/il-Bottaccio_oriz.jpg","type":"image\/jpeg"}],"twitter_card":"summary_large_image","schema":{"@context":"https:\/\/schema.org","@graph":[{"@type":"WebPage","@id":"https:\/\/www.ilbottaccio.it\/de\/bauernhaus-schwimmbad-toskana-naehe-des-meeres\/wohnungen\/4-pendolino\/","url":"https:\/\/www.ilbottaccio.it\/de\/bauernhaus-schwimmbad-toskana-naehe-des-meeres\/wohnungen\/4-pendolino\/","name":"4. Pendolino | Wohnung im Bauernhaus auf zwei Ebenen | il Bottaccio","isPartOf":{"@id":"https:\/\/www.ilbottaccio.it\/de\/#website"},"datePublished":"2020-08-13T14:30:19+00:00","dateModified":"2026-01-09T07:08:29+00:00","description":"Ausgestattete Wohnung f\u00fcr Ferien in der Toskana in der N\u00e4he des Meeres. Unabh\u00e4ngige Zweiraumwohnung mit Au\u00dfenveranda und K\u00fcche. Hervorragende L\u00f6sung f\u00fcr einen erholsamen Urlaub Unabh\u00e4ngige Zweizimmerwohnung mit Portico und K\u00fcche. Ausgezeichnete L\u00f6sung f\u00fcr einen erholsamen Urlaub","breadcrumb":{"@id":"https:\/\/www.ilbottaccio.it\/de\/bauernhaus-schwimmbad-toskana-naehe-des-meeres\/wohnungen\/4-pendolino\/#breadcrumb"},"inLanguage":"de-DE","potentialAction":[{"@type":"ReadAction","target":["https:\/\/www.ilbottaccio.it\/de\/bauernhaus-schwimmbad-toskana-naehe-des-meeres\/wohnungen\/4-pendolino\/"]}]},{"@type":"BreadcrumbList","@id":"https:\/\/www.ilbottaccio.it\/de\/bauernhaus-schwimmbad-toskana-naehe-des-meeres\/wohnungen\/4-pendolino\/#breadcrumb","itemListElement":[{"@type":"ListItem","position":1,"name":"Home","item":"https:\/\/www.ilbottaccio.it\/de\/home\/"},{"@type":"ListItem","position":2,"name":"Bauernhaus ****","item":"https:\/\/www.ilbottaccio.it\/de\/bauernhaus-schwimmbad-toskana-naehe-des-meeres\/"},{"@type":"ListItem","position":3,"name":"Wohnungen","item":"https:\/\/www.ilbottaccio.it\/de\/bauernhaus-schwimmbad-toskana-naehe-des-meeres\/wohnungen\/"},{"@type":"ListItem","position":4,"name":"4. Pendolino"}]},{"@type":"WebSite","@id":"https:\/\/www.ilbottaccio.it\/de\/#website","url":"https:\/\/www.ilbottaccio.it\/de\/","name":"il Bottaccio | Olio Extravergine Toscano","description":"Olio Extravergine Toscano","publisher":{"@id":"https:\/\/www.ilbottaccio.it\/de\/#organization"},"potentialAction":[{"@type":"SearchAction","target":{"@type":"EntryPoint","urlTemplate":"https:\/\/www.ilbottaccio.it\/de\/?s={search_term_string}"},"query-input":{"@type":"PropertyValueSpecification","valueRequired":true,"valueName":"search_term_string"}}],"inLanguage":"de-DE"},{"@type":"Organization","@id":"https:\/\/www.ilbottaccio.it\/de\/#organization","name":"il Bottaccio","url":"https:\/\/www.ilbottaccio.it\/de\/","logo":{"@type":"ImageObject","inLanguage":"de-DE","@id":"https:\/\/www.ilbottaccio.it\/de\/#\/schema\/logo\/image\/","url":"https:\/\/www.ilbottaccio.it\/web2\/wp-content\/uploads\/2024\/09\/Goccia_ilBottaccio.jpg","contentUrl":"https:\/\/www.ilbottaccio.it\/web2\/wp-content\/uploads\/2024\/09\/Goccia_ilBottaccio.jpg","width":500,"height":500,"caption":"il Bottaccio"},"image":{"@id":"https:\/\/www.ilbottaccio.it\/de\/#\/schema\/logo\/image\/"},"sameAs":["https:\/\/it-it.facebook.com\/OlioilBottaccio\/","https:\/\/www.instagram.com\/il_bottaccio\/"]}]}},"_links":{"self":[{"href":"https:\/\/www.ilbottaccio.it\/de\/wp-json\/wp\/v2\/pages\/12663","targetHints":{"allow":["GET"]}}],"collection":[{"href":"https:\/\/www.ilbottaccio.it\/de\/wp-json\/wp\/v2\/pages"}],"about":[{"href":"https:\/\/www.ilbottaccio.it\/de\/wp-json\/wp\/v2\/types\/page"}],"author":[{"embeddable":true,"href":"https:\/\/www.ilbottaccio.it\/de\/wp-json\/wp\/v2\/users\/692"}],"replies":[{"embeddable":true,"href":"https:\/\/www.ilbottaccio.it\/de\/wp-json\/wp\/v2\/comments?post=12663"}],"version-history":[{"count":1,"href":"https:\/\/www.ilbottaccio.it\/de\/wp-json\/wp\/v2\/pages\/12663\/revisions"}],"predecessor-version":[{"id":23924,"href":"https:\/\/www.ilbottaccio.it\/de\/wp-json\/wp\/v2\/pages\/12663\/revisions\/23924"}],"up":[{"embeddable":true,"href":"https:\/\/www.ilbottaccio.it\/de\/wp-json\/wp\/v2\/pages\/12648"}],"wp:attachment":[{"href":"https:\/\/www.ilbottaccio.it\/de\/wp-json\/wp\/v2\/media?parent=12663"}],"curies":[{"name":"wp","href":"https:\/\/api.w.org\/{rel}","templated":true}]}}