{"id":12742,"date":"2020-08-28T15:38:16","date_gmt":"2020-08-28T15:38:16","guid":{"rendered":"http:www.ilbottaccio.it\/bauernhaus\/setzt\/suvereto\/"},"modified":"2026-01-09T07:36:42","modified_gmt":"2026-01-09T07:36:42","slug":"suvereto","status":"publish","type":"page","link":"https:\/\/www.ilbottaccio.it\/de\/bauernhaus-schwimmbad-toskana-naehe-des-meeres\/setzt\/suvereto\/","title":{"rendered":"Suvereto"},"content":{"rendered":"","protected":false},"excerpt":{"rendered":"","protected":false},"author":692,"featured_media":0,"parent":12674,"menu_order":0,"comment_status":"closed","ping_status":"closed","template":"","meta":{"footnotes":""},"class_list":["post-12742","page","type-page","status-publish","hentry"],"yoast_head":"<!-- This site is optimized with the Yoast SEO plugin v27.4 - https:\/\/yoast.com\/product\/yoast-seo-wordpress\/ -->\n<title>Bauernhaus mit Pool in Suvereto, in der N\u00e4he des Meeres | il Bottaccio<\/title>\n<meta name=\"description\" content=\"Suchen Sie eine Wohnung in einem Bauernhaus in der N\u00e4he des Meeres in Suvereto? Das il Bottaccio bietet Ferienwohnungen mit Swimmingpool im Gr\u00fcn der Toskana il Bottaccio bietet Ferienwohnungen mit Pool im gr\u00fcnen Toskana\" \/>\n<meta name=\"robots\" content=\"index, follow, max-snippet:-1, max-image-preview:large, max-video-preview:-1\" \/>\n<link rel=\"canonical\" href=\"https:\/\/www.ilbottaccio.it\/de\/bauernhaus-schwimmbad-toskana-naehe-des-meeres\/setzt\/suvereto\/\" \/>\n<meta property=\"og:locale\" content=\"de_DE\" \/>\n<meta property=\"og:type\" content=\"article\" \/>\n<meta property=\"og:title\" content=\"Bauernhaus mit Pool in Suvereto, in der N\u00e4he des Meeres | il Bottaccio\" \/>\n<meta property=\"og:description\" content=\"Suchen Sie eine Wohnung in einem Bauernhaus in der N\u00e4he des Meeres in Suvereto? Das il Bottaccio bietet Ferienwohnungen mit Swimmingpool im Gr\u00fcn der Toskana il Bottaccio bietet Ferienwohnungen mit Pool im gr\u00fcnen Toskana\" \/>\n<meta property=\"og:url\" content=\"https:\/\/www.ilbottaccio.it\/de\/bauernhaus-schwimmbad-toskana-naehe-des-meeres\/setzt\/suvereto\/\" \/>\n<meta property=\"og:site_name\" content=\"il Bottaccio | Olio Extravergine Toscano\" \/>\n<meta property=\"article:publisher\" content=\"https:\/\/it-it.facebook.com\/OlioilBottaccio\/\" \/>\n<meta property=\"article:modified_time\" content=\"2026-01-09T07:36:42+00:00\" \/>\n<meta property=\"og:image\" content=\"https:\/\/www.ilbottaccio.it\/web2\/wp-content\/uploads\/2024\/09\/il-Bottaccio_oriz.jpg\" \/>\n\t<meta property=\"og:image:width\" content=\"1200\" \/>\n\t<meta property=\"og:image:height\" content=\"628\" \/>\n\t<meta property=\"og:image:type\" content=\"image\/jpeg\" \/>\n<meta name=\"twitter:card\" content=\"summary_large_image\" \/>\n<script type=\"application\/ld+json\" class=\"yoast-schema-graph\">{\"@context\":\"https:\\\/\\\/schema.org\",\"@graph\":[{\"@type\":\"WebPage\",\"@id\":\"https:\\\/\\\/www.ilbottaccio.it\\\/de\\\/bauernhaus-schwimmbad-toskana-naehe-des-meeres\\\/setzt\\\/suvereto\\\/\",\"url\":\"https:\\\/\\\/www.ilbottaccio.it\\\/de\\\/bauernhaus-schwimmbad-toskana-naehe-des-meeres\\\/setzt\\\/suvereto\\\/\",\"name\":\"Bauernhaus mit Pool in Suvereto, in der N\u00e4he des Meeres | il Bottaccio\",\"isPartOf\":{\"@id\":\"https:\\\/\\\/www.ilbottaccio.it\\\/de\\\/#website\"},\"datePublished\":\"2020-08-28T15:38:16+00:00\",\"dateModified\":\"2026-01-09T07:36:42+00:00\",\"description\":\"Suchen Sie eine Wohnung in einem Bauernhaus in der N\u00e4he des Meeres in Suvereto? Das il Bottaccio bietet Ferienwohnungen mit Swimmingpool im Gr\u00fcn der Toskana il Bottaccio bietet Ferienwohnungen mit Pool im gr\u00fcnen Toskana\",\"breadcrumb\":{\"@id\":\"https:\\\/\\\/www.ilbottaccio.it\\\/de\\\/bauernhaus-schwimmbad-toskana-naehe-des-meeres\\\/setzt\\\/suvereto\\\/#breadcrumb\"},\"inLanguage\":\"de-DE\",\"potentialAction\":[{\"@type\":\"ReadAction\",\"target\":[\"https:\\\/\\\/www.ilbottaccio.it\\\/de\\\/bauernhaus-schwimmbad-toskana-naehe-des-meeres\\\/setzt\\\/suvereto\\\/\"]}]},{\"@type\":\"BreadcrumbList\",\"@id\":\"https:\\\/\\\/www.ilbottaccio.it\\\/de\\\/bauernhaus-schwimmbad-toskana-naehe-des-meeres\\\/setzt\\\/suvereto\\\/#breadcrumb\",\"itemListElement\":[{\"@type\":\"ListItem\",\"position\":1,\"name\":\"Home\",\"item\":\"https:\\\/\\\/www.ilbottaccio.it\\\/de\\\/home\\\/\"},{\"@type\":\"ListItem\",\"position\":2,\"name\":\"Bauernhaus ****\",\"item\":\"https:\\\/\\\/www.ilbottaccio.it\\\/de\\\/bauernhaus-schwimmbad-toskana-naehe-des-meeres\\\/\"},{\"@type\":\"ListItem\",\"position\":3,\"name\":\"Setzt\",\"item\":\"https:\\\/\\\/www.ilbottaccio.it\\\/de\\\/bauernhaus-schwimmbad-toskana-naehe-des-meeres\\\/setzt\\\/\"},{\"@type\":\"ListItem\",\"position\":4,\"name\":\"Suvereto\"}]},{\"@type\":\"WebSite\",\"@id\":\"https:\\\/\\\/www.ilbottaccio.it\\\/de\\\/#website\",\"url\":\"https:\\\/\\\/www.ilbottaccio.it\\\/de\\\/\",\"name\":\"il Bottaccio | Olio Extravergine Toscano\",\"description\":\"Olio Extravergine Toscano\",\"publisher\":{\"@id\":\"https:\\\/\\\/www.ilbottaccio.it\\\/de\\\/#organization\"},\"potentialAction\":[{\"@type\":\"SearchAction\",\"target\":{\"@type\":\"EntryPoint\",\"urlTemplate\":\"https:\\\/\\\/www.ilbottaccio.it\\\/de\\\/?s={search_term_string}\"},\"query-input\":{\"@type\":\"PropertyValueSpecification\",\"valueRequired\":true,\"valueName\":\"search_term_string\"}}],\"inLanguage\":\"de-DE\"},{\"@type\":\"Organization\",\"@id\":\"https:\\\/\\\/www.ilbottaccio.it\\\/de\\\/#organization\",\"name\":\"il Bottaccio\",\"url\":\"https:\\\/\\\/www.ilbottaccio.it\\\/de\\\/\",\"logo\":{\"@type\":\"ImageObject\",\"inLanguage\":\"de-DE\",\"@id\":\"https:\\\/\\\/www.ilbottaccio.it\\\/de\\\/#\\\/schema\\\/logo\\\/image\\\/\",\"url\":\"https:\\\/\\\/www.ilbottaccio.it\\\/web2\\\/wp-content\\\/uploads\\\/2024\\\/09\\\/Goccia_ilBottaccio.jpg\",\"contentUrl\":\"https:\\\/\\\/www.ilbottaccio.it\\\/web2\\\/wp-content\\\/uploads\\\/2024\\\/09\\\/Goccia_ilBottaccio.jpg\",\"width\":500,\"height\":500,\"caption\":\"il Bottaccio\"},\"image\":{\"@id\":\"https:\\\/\\\/www.ilbottaccio.it\\\/de\\\/#\\\/schema\\\/logo\\\/image\\\/\"},\"sameAs\":[\"https:\\\/\\\/it-it.facebook.com\\\/OlioilBottaccio\\\/\",\"https:\\\/\\\/www.instagram.com\\\/il_bottaccio\\\/\"]}]}<\/script>\n<!-- \/ Yoast SEO plugin. -->","yoast_head_json":{"title":"Bauernhaus mit Pool in Suvereto, in der N\u00e4he des Meeres | il Bottaccio","description":"Suchen Sie eine Wohnung in einem Bauernhaus in der N\u00e4he des Meeres in Suvereto? Das il Bottaccio bietet Ferienwohnungen mit Swimmingpool im Gr\u00fcn der Toskana il Bottaccio bietet Ferienwohnungen mit Pool im gr\u00fcnen Toskana","robots":{"index":"index","follow":"follow","max-snippet":"max-snippet:-1","max-image-preview":"max-image-preview:large","max-video-preview":"max-video-preview:-1"},"canonical":"https:\/\/www.ilbottaccio.it\/de\/bauernhaus-schwimmbad-toskana-naehe-des-meeres\/setzt\/suvereto\/","og_locale":"de_DE","og_type":"article","og_title":"Bauernhaus mit Pool in Suvereto, in der N\u00e4he des Meeres | il Bottaccio","og_description":"Suchen Sie eine Wohnung in einem Bauernhaus in der N\u00e4he des Meeres in Suvereto? Das il Bottaccio bietet Ferienwohnungen mit Swimmingpool im Gr\u00fcn der Toskana il Bottaccio bietet Ferienwohnungen mit Pool im gr\u00fcnen Toskana","og_url":"https:\/\/www.ilbottaccio.it\/de\/bauernhaus-schwimmbad-toskana-naehe-des-meeres\/setzt\/suvereto\/","og_site_name":"il Bottaccio | Olio Extravergine Toscano","article_publisher":"https:\/\/it-it.facebook.com\/OlioilBottaccio\/","article_modified_time":"2026-01-09T07:36:42+00:00","og_image":[{"width":1200,"height":628,"url":"https:\/\/www.ilbottaccio.it\/web2\/wp-content\/uploads\/2024\/09\/il-Bottaccio_oriz.jpg","type":"image\/jpeg"}],"twitter_card":"summary_large_image","schema":{"@context":"https:\/\/schema.org","@graph":[{"@type":"WebPage","@id":"https:\/\/www.ilbottaccio.it\/de\/bauernhaus-schwimmbad-toskana-naehe-des-meeres\/setzt\/suvereto\/","url":"https:\/\/www.ilbottaccio.it\/de\/bauernhaus-schwimmbad-toskana-naehe-des-meeres\/setzt\/suvereto\/","name":"Bauernhaus mit Pool in Suvereto, in der N\u00e4he des Meeres | il Bottaccio","isPartOf":{"@id":"https:\/\/www.ilbottaccio.it\/de\/#website"},"datePublished":"2020-08-28T15:38:16+00:00","dateModified":"2026-01-09T07:36:42+00:00","description":"Suchen Sie eine Wohnung in einem Bauernhaus in der N\u00e4he des Meeres in Suvereto? Das il Bottaccio bietet Ferienwohnungen mit Swimmingpool im Gr\u00fcn der Toskana il Bottaccio bietet Ferienwohnungen mit Pool im gr\u00fcnen Toskana","breadcrumb":{"@id":"https:\/\/www.ilbottaccio.it\/de\/bauernhaus-schwimmbad-toskana-naehe-des-meeres\/setzt\/suvereto\/#breadcrumb"},"inLanguage":"de-DE","potentialAction":[{"@type":"ReadAction","target":["https:\/\/www.ilbottaccio.it\/de\/bauernhaus-schwimmbad-toskana-naehe-des-meeres\/setzt\/suvereto\/"]}]},{"@type":"BreadcrumbList","@id":"https:\/\/www.ilbottaccio.it\/de\/bauernhaus-schwimmbad-toskana-naehe-des-meeres\/setzt\/suvereto\/#breadcrumb","itemListElement":[{"@type":"ListItem","position":1,"name":"Home","item":"https:\/\/www.ilbottaccio.it\/de\/home\/"},{"@type":"ListItem","position":2,"name":"Bauernhaus ****","item":"https:\/\/www.ilbottaccio.it\/de\/bauernhaus-schwimmbad-toskana-naehe-des-meeres\/"},{"@type":"ListItem","position":3,"name":"Setzt","item":"https:\/\/www.ilbottaccio.it\/de\/bauernhaus-schwimmbad-toskana-naehe-des-meeres\/setzt\/"},{"@type":"ListItem","position":4,"name":"Suvereto"}]},{"@type":"WebSite","@id":"https:\/\/www.ilbottaccio.it\/de\/#website","url":"https:\/\/www.ilbottaccio.it\/de\/","name":"il Bottaccio | Olio Extravergine Toscano","description":"Olio Extravergine Toscano","publisher":{"@id":"https:\/\/www.ilbottaccio.it\/de\/#organization"},"potentialAction":[{"@type":"SearchAction","target":{"@type":"EntryPoint","urlTemplate":"https:\/\/www.ilbottaccio.it\/de\/?s={search_term_string}"},"query-input":{"@type":"PropertyValueSpecification","valueRequired":true,"valueName":"search_term_string"}}],"inLanguage":"de-DE"},{"@type":"Organization","@id":"https:\/\/www.ilbottaccio.it\/de\/#organization","name":"il Bottaccio","url":"https:\/\/www.ilbottaccio.it\/de\/","logo":{"@type":"ImageObject","inLanguage":"de-DE","@id":"https:\/\/www.ilbottaccio.it\/de\/#\/schema\/logo\/image\/","url":"https:\/\/www.ilbottaccio.it\/web2\/wp-content\/uploads\/2024\/09\/Goccia_ilBottaccio.jpg","contentUrl":"https:\/\/www.ilbottaccio.it\/web2\/wp-content\/uploads\/2024\/09\/Goccia_ilBottaccio.jpg","width":500,"height":500,"caption":"il Bottaccio"},"image":{"@id":"https:\/\/www.ilbottaccio.it\/de\/#\/schema\/logo\/image\/"},"sameAs":["https:\/\/it-it.facebook.com\/OlioilBottaccio\/","https:\/\/www.instagram.com\/il_bottaccio\/"]}]}},"_links":{"self":[{"href":"https:\/\/www.ilbottaccio.it\/de\/wp-json\/wp\/v2\/pages\/12742","targetHints":{"allow":["GET"]}}],"collection":[{"href":"https:\/\/www.ilbottaccio.it\/de\/wp-json\/wp\/v2\/pages"}],"about":[{"href":"https:\/\/www.ilbottaccio.it\/de\/wp-json\/wp\/v2\/types\/page"}],"author":[{"embeddable":true,"href":"https:\/\/www.ilbottaccio.it\/de\/wp-json\/wp\/v2\/users\/692"}],"replies":[{"embeddable":true,"href":"https:\/\/www.ilbottaccio.it\/de\/wp-json\/wp\/v2\/comments?post=12742"}],"version-history":[{"count":1,"href":"https:\/\/www.ilbottaccio.it\/de\/wp-json\/wp\/v2\/pages\/12742\/revisions"}],"predecessor-version":[{"id":23987,"href":"https:\/\/www.ilbottaccio.it\/de\/wp-json\/wp\/v2\/pages\/12742\/revisions\/23987"}],"up":[{"embeddable":true,"href":"https:\/\/www.ilbottaccio.it\/de\/wp-json\/wp\/v2\/pages\/12674"}],"wp:attachment":[{"href":"https:\/\/www.ilbottaccio.it\/de\/wp-json\/wp\/v2\/media?parent=12742"}],"curies":[{"name":"wp","href":"https:\/\/api.w.org\/{rel}","templated":true}]}}