{"id":12890,"date":"2020-09-24T15:51:59","date_gmt":"2020-09-24T15:51:59","guid":{"rendered":"http:www.ilbottaccio.it\/home\/"},"modified":"2025-09-17T09:25:16","modified_gmt":"2025-09-17T09:25:16","slug":"home","status":"publish","type":"page","link":"https:\/\/www.ilbottaccio.it\/de\/","title":{"rendered":"Home"},"content":{"rendered":"","protected":false},"excerpt":{"rendered":"","protected":false},"author":692,"featured_media":0,"parent":0,"menu_order":0,"comment_status":"closed","ping_status":"open","template":"","meta":{"footnotes":""},"class_list":["post-12890","page","type-page","status-publish","hentry"],"yoast_head":"<!-- This site is optimized with the Yoast SEO plugin v27.3 - https:\/\/yoast.com\/product\/yoast-seo-wordpress\/ -->\n<title>Bio toskanisches IGP natives Oliven\u00f6l extra | il Bottaccio<\/title>\n<meta name=\"description\" content=\"Il Bottaccio produziert toskanisches Bio-Oliven\u00f6l extra vergine. Entdecken Sie die G\u00fcte des toskanischen IGP-Oliven\u00f6ls extra vergine. Entdecken Sie die ganze G\u00fcte des toskanischen Oliven\u00f6ls Extra IGP.\" \/>\n<meta name=\"robots\" content=\"index, follow, max-snippet:-1, max-image-preview:large, max-video-preview:-1\" \/>\n<link rel=\"canonical\" href=\"https:\/\/www.ilbottaccio.it\/de\/\" \/>\n<meta property=\"og:locale\" content=\"de_DE\" \/>\n<meta property=\"og:type\" content=\"article\" \/>\n<meta property=\"og:title\" content=\"Bio toskanisches IGP natives Oliven\u00f6l extra | il Bottaccio\" \/>\n<meta property=\"og:description\" content=\"Il Bottaccio produziert toskanisches Bio-Oliven\u00f6l extra vergine. Entdecken Sie die G\u00fcte des toskanischen IGP-Oliven\u00f6ls extra vergine. Entdecken Sie die ganze G\u00fcte des toskanischen Oliven\u00f6ls Extra IGP.\" \/>\n<meta property=\"og:url\" content=\"https:\/\/www.ilbottaccio.it\/de\/\" \/>\n<meta property=\"og:site_name\" content=\"il Bottaccio | Olio Extravergine Toscano\" \/>\n<meta property=\"article:publisher\" content=\"https:\/\/it-it.facebook.com\/OlioilBottaccio\/\" \/>\n<meta property=\"article:modified_time\" content=\"2025-09-17T09:25:16+00:00\" \/>\n<meta property=\"og:image\" content=\"https:\/\/www.ilbottaccio.it\/web2\/wp-content\/uploads\/2024\/09\/il-Bottaccio_oriz.jpg\" \/>\n\t<meta property=\"og:image:width\" content=\"1200\" \/>\n\t<meta property=\"og:image:height\" content=\"628\" \/>\n\t<meta property=\"og:image:type\" content=\"image\/jpeg\" \/>\n<meta name=\"twitter:card\" content=\"summary_large_image\" \/>\n<script type=\"application\/ld+json\" class=\"yoast-schema-graph\">{\"@context\":\"https:\\\/\\\/schema.org\",\"@graph\":[{\"@type\":\"WebPage\",\"@id\":\"https:\\\/\\\/www.ilbottaccio.it\\\/de\\\/\",\"url\":\"https:\\\/\\\/www.ilbottaccio.it\\\/de\\\/\",\"name\":\"Bio toskanisches IGP natives Oliven\u00f6l extra | il Bottaccio\",\"isPartOf\":{\"@id\":\"https:\\\/\\\/www.ilbottaccio.it\\\/de\\\/#website\"},\"datePublished\":\"2020-09-24T15:51:59+00:00\",\"dateModified\":\"2025-09-17T09:25:16+00:00\",\"description\":\"Il Bottaccio produziert toskanisches Bio-Oliven\u00f6l extra vergine. Entdecken Sie die G\u00fcte des toskanischen IGP-Oliven\u00f6ls extra vergine. Entdecken Sie die ganze G\u00fcte des toskanischen Oliven\u00f6ls Extra IGP.\",\"breadcrumb\":{\"@id\":\"https:\\\/\\\/www.ilbottaccio.it\\\/de\\\/#breadcrumb\"},\"inLanguage\":\"de-DE\",\"potentialAction\":[{\"@type\":\"ReadAction\",\"target\":[\"https:\\\/\\\/www.ilbottaccio.it\\\/de\\\/\"]}]},{\"@type\":\"BreadcrumbList\",\"@id\":\"https:\\\/\\\/www.ilbottaccio.it\\\/de\\\/#breadcrumb\",\"itemListElement\":[{\"@type\":\"ListItem\",\"position\":1,\"name\":\"Home\",\"item\":\"https:\\\/\\\/www.ilbottaccio.it\\\/de\\\/home\\\/\"},{\"@type\":\"ListItem\",\"position\":2,\"name\":\"Home\"}]},{\"@type\":\"WebSite\",\"@id\":\"https:\\\/\\\/www.ilbottaccio.it\\\/de\\\/#website\",\"url\":\"https:\\\/\\\/www.ilbottaccio.it\\\/de\\\/\",\"name\":\"il Bottaccio | Olio Extravergine Toscano\",\"description\":\"Olio Extravergine Toscano\",\"publisher\":{\"@id\":\"https:\\\/\\\/www.ilbottaccio.it\\\/de\\\/#organization\"},\"potentialAction\":[{\"@type\":\"SearchAction\",\"target\":{\"@type\":\"EntryPoint\",\"urlTemplate\":\"https:\\\/\\\/www.ilbottaccio.it\\\/de\\\/?s={search_term_string}\"},\"query-input\":{\"@type\":\"PropertyValueSpecification\",\"valueRequired\":true,\"valueName\":\"search_term_string\"}}],\"inLanguage\":\"de-DE\"},{\"@type\":\"Organization\",\"@id\":\"https:\\\/\\\/www.ilbottaccio.it\\\/de\\\/#organization\",\"name\":\"il Bottaccio\",\"url\":\"https:\\\/\\\/www.ilbottaccio.it\\\/de\\\/\",\"logo\":{\"@type\":\"ImageObject\",\"inLanguage\":\"de-DE\",\"@id\":\"https:\\\/\\\/www.ilbottaccio.it\\\/de\\\/#\\\/schema\\\/logo\\\/image\\\/\",\"url\":\"https:\\\/\\\/www.ilbottaccio.it\\\/web2\\\/wp-content\\\/uploads\\\/2024\\\/09\\\/Goccia_ilBottaccio.jpg\",\"contentUrl\":\"https:\\\/\\\/www.ilbottaccio.it\\\/web2\\\/wp-content\\\/uploads\\\/2024\\\/09\\\/Goccia_ilBottaccio.jpg\",\"width\":500,\"height\":500,\"caption\":\"il Bottaccio\"},\"image\":{\"@id\":\"https:\\\/\\\/www.ilbottaccio.it\\\/de\\\/#\\\/schema\\\/logo\\\/image\\\/\"},\"sameAs\":[\"https:\\\/\\\/it-it.facebook.com\\\/OlioilBottaccio\\\/\",\"https:\\\/\\\/www.instagram.com\\\/il_bottaccio\\\/\"]}]}<\/script>\n<!-- \/ Yoast SEO plugin. -->","yoast_head_json":{"title":"Bio toskanisches IGP natives Oliven\u00f6l extra | il Bottaccio","description":"Il Bottaccio produziert toskanisches Bio-Oliven\u00f6l extra vergine. Entdecken Sie die G\u00fcte des toskanischen IGP-Oliven\u00f6ls extra vergine. Entdecken Sie die ganze G\u00fcte des toskanischen Oliven\u00f6ls Extra IGP.","robots":{"index":"index","follow":"follow","max-snippet":"max-snippet:-1","max-image-preview":"max-image-preview:large","max-video-preview":"max-video-preview:-1"},"canonical":"https:\/\/www.ilbottaccio.it\/de\/","og_locale":"de_DE","og_type":"article","og_title":"Bio toskanisches IGP natives Oliven\u00f6l extra | il Bottaccio","og_description":"Il Bottaccio produziert toskanisches Bio-Oliven\u00f6l extra vergine. Entdecken Sie die G\u00fcte des toskanischen IGP-Oliven\u00f6ls extra vergine. Entdecken Sie die ganze G\u00fcte des toskanischen Oliven\u00f6ls Extra IGP.","og_url":"https:\/\/www.ilbottaccio.it\/de\/","og_site_name":"il Bottaccio | Olio Extravergine Toscano","article_publisher":"https:\/\/it-it.facebook.com\/OlioilBottaccio\/","article_modified_time":"2025-09-17T09:25:16+00:00","og_image":[{"width":1200,"height":628,"url":"https:\/\/www.ilbottaccio.it\/web2\/wp-content\/uploads\/2024\/09\/il-Bottaccio_oriz.jpg","type":"image\/jpeg"}],"twitter_card":"summary_large_image","schema":{"@context":"https:\/\/schema.org","@graph":[{"@type":"WebPage","@id":"https:\/\/www.ilbottaccio.it\/de\/","url":"https:\/\/www.ilbottaccio.it\/de\/","name":"Bio toskanisches IGP natives Oliven\u00f6l extra | il Bottaccio","isPartOf":{"@id":"https:\/\/www.ilbottaccio.it\/de\/#website"},"datePublished":"2020-09-24T15:51:59+00:00","dateModified":"2025-09-17T09:25:16+00:00","description":"Il Bottaccio produziert toskanisches Bio-Oliven\u00f6l extra vergine. Entdecken Sie die G\u00fcte des toskanischen IGP-Oliven\u00f6ls extra vergine. Entdecken Sie die ganze G\u00fcte des toskanischen Oliven\u00f6ls Extra IGP.","breadcrumb":{"@id":"https:\/\/www.ilbottaccio.it\/de\/#breadcrumb"},"inLanguage":"de-DE","potentialAction":[{"@type":"ReadAction","target":["https:\/\/www.ilbottaccio.it\/de\/"]}]},{"@type":"BreadcrumbList","@id":"https:\/\/www.ilbottaccio.it\/de\/#breadcrumb","itemListElement":[{"@type":"ListItem","position":1,"name":"Home","item":"https:\/\/www.ilbottaccio.it\/de\/home\/"},{"@type":"ListItem","position":2,"name":"Home"}]},{"@type":"WebSite","@id":"https:\/\/www.ilbottaccio.it\/de\/#website","url":"https:\/\/www.ilbottaccio.it\/de\/","name":"il Bottaccio | Olio Extravergine Toscano","description":"Olio Extravergine Toscano","publisher":{"@id":"https:\/\/www.ilbottaccio.it\/de\/#organization"},"potentialAction":[{"@type":"SearchAction","target":{"@type":"EntryPoint","urlTemplate":"https:\/\/www.ilbottaccio.it\/de\/?s={search_term_string}"},"query-input":{"@type":"PropertyValueSpecification","valueRequired":true,"valueName":"search_term_string"}}],"inLanguage":"de-DE"},{"@type":"Organization","@id":"https:\/\/www.ilbottaccio.it\/de\/#organization","name":"il Bottaccio","url":"https:\/\/www.ilbottaccio.it\/de\/","logo":{"@type":"ImageObject","inLanguage":"de-DE","@id":"https:\/\/www.ilbottaccio.it\/de\/#\/schema\/logo\/image\/","url":"https:\/\/www.ilbottaccio.it\/web2\/wp-content\/uploads\/2024\/09\/Goccia_ilBottaccio.jpg","contentUrl":"https:\/\/www.ilbottaccio.it\/web2\/wp-content\/uploads\/2024\/09\/Goccia_ilBottaccio.jpg","width":500,"height":500,"caption":"il Bottaccio"},"image":{"@id":"https:\/\/www.ilbottaccio.it\/de\/#\/schema\/logo\/image\/"},"sameAs":["https:\/\/it-it.facebook.com\/OlioilBottaccio\/","https:\/\/www.instagram.com\/il_bottaccio\/"]}]}},"_links":{"self":[{"href":"https:\/\/www.ilbottaccio.it\/de\/wp-json\/wp\/v2\/pages\/12890","targetHints":{"allow":["GET"]}}],"collection":[{"href":"https:\/\/www.ilbottaccio.it\/de\/wp-json\/wp\/v2\/pages"}],"about":[{"href":"https:\/\/www.ilbottaccio.it\/de\/wp-json\/wp\/v2\/types\/page"}],"author":[{"embeddable":true,"href":"https:\/\/www.ilbottaccio.it\/de\/wp-json\/wp\/v2\/users\/692"}],"replies":[{"embeddable":true,"href":"https:\/\/www.ilbottaccio.it\/de\/wp-json\/wp\/v2\/comments?post=12890"}],"version-history":[{"count":1,"href":"https:\/\/www.ilbottaccio.it\/de\/wp-json\/wp\/v2\/pages\/12890\/revisions"}],"predecessor-version":[{"id":23654,"href":"https:\/\/www.ilbottaccio.it\/de\/wp-json\/wp\/v2\/pages\/12890\/revisions\/23654"}],"wp:attachment":[{"href":"https:\/\/www.ilbottaccio.it\/de\/wp-json\/wp\/v2\/media?parent=12890"}],"curies":[{"name":"wp","href":"https:\/\/api.w.org\/{rel}","templated":true}]}}