{"id":12846,"date":"2020-07-01T07:02:54","date_gmt":"2020-09-19T09:11:26","guid":{"rendered":"http:www.ilbottaccio.it\/prodotto\/maxi-gourmet-geschenkbox\/"},"modified":"2024-12-12T17:48:24","modified_gmt":"2024-12-12T17:48:24","slug":"maxi-gourmet-geschenkbox","status":"publish","type":"product","link":"https:\/\/www.ilbottaccio.it\/de\/prodotto\/maxi-gourmet-geschenkbox\/","title":{"rendered":"Maxi Gourmet Geschenkbox"},"content":{"rendered":"","protected":false},"excerpt":{"rendered":"<p><strong>Beschreibung<\/strong>: Gourmet-Geschenkbox, Sortiment von Produkten auf der Basis von nativem Oliven\u00f6l extra, \u00d6l, Oliven, Gew\u00fcrzen, in \u00d6l, Pasta, Cremes und Pesto. Elegante Holzkiste f\u00fcr ein einzigartiges Geschenk.<\/p>\n<p><strong>Komposition:<\/strong><br \/>\n<a href=\"https:\/\/www.ilbottaccio.it\/de\/prodotto\/wurziges-extra-natives-ol-666-100-ml\/\">Superw\u00fcrziges Oliven\u00f6l extra vergine 666 | 100 ml<\/a><br \/>\n<a href=\"https:\/\/www.ilbottaccio.it\/prodotto\/condimento-grigliata-100-ml\/\/\">Gegrilltes Dressing 100 ml<\/a><br \/>\n<a href=\"https:\/\/www.ilbottaccio.it\/prodotto\/olio-extravergine-alla-senape-100-ml\/\">SENF natives Oliven\u00f6l extra | 100 ml<\/a><br \/>\n<a href=\"https:\/\/www.ilbottaccio.it\/prodotto\/pasta-gigli-toscani-250-gr\/\">Pasta GIGLI TOSCANI | 250 gr<\/a><br \/>\n<a href=\"https:\/\/www.ilbottaccio.it\/prodotto\/olio-extravergine-classico-500ml\/\">Natives Oliven\u00f6l extra CLASSICO | 500 ml<\/a><br \/>\n<a href=\"https:\/\/www.ilbottaccio.it\/prodotto\/olio-extravergine-al-basilico-100ml\/\">Natives Oliven\u00f6l extra mit BASILIKUM | 100 ml<\/a><br \/>\n<a href=\"https:\/\/www.ilbottaccio.it\/de\/prodotto\/schwarze-leccino-oliven-in-salzlake-280-gr\/\">LECCINO schwarze Oliven in Salzlake | 280 gr<\/a><br \/>\n<a href=\"https:\/\/www.ilbottaccio.it\/prodotto\/zucchine-toscane-in-olio-extravergine-280-gr\/\">Toskanische ZUCCHINI in nativem Oliven\u00f6l extra | 280 gr<\/a><br \/>\n<a href=\"https:\/\/www.ilbottaccio.it\/prodotto\/mix-olive-condite-in-olio-extravergine-550-gr\/\">MIX OLIVEN mit nativem Oliven\u00f6l extra angemacht | 550 gr<\/a><br \/>\n<a href=\"https:\/\/www.ilbottaccio.it\/prodotto\/sugo-di-pomodoro-toscano-con-olio-extravergine-320-gr\/\">Toskanische Tomatensauce mit extra nativem Oliven\u00f6l | 320 g<\/a><br \/>\n<a href=\"https:\/\/www.ilbottaccio.it\/prodotto\/olive-verdi-nocellara-in-salamoia-550-gr\/\/\">NOCELLARA gr\u00fcne Oliven in Salzlake | 550 gr<\/a><br \/>\n<a href=\"https:\/\/www.ilbottaccio.it\/de\/prodotto\/getrocknetes-tomaten-pesto-mit-extra-nativem-ol-100-gr\/\">GETROCKNETE TOMATE Pesto mit nativem Oliven\u00f6l extra | 100 gr<\/a><br \/>\n<a href=\"https:\/\/www.ilbottaccio.it\/prodotto\/pesto-di-basilico-con-olio-extravergine-100-gr\/\/\">BASIL Pesto mit nativem Oliven\u00f6l extra | 100 gr<\/a><br \/>\n<a href=\"https:\/\/www.ilbottaccio.it\/prodotto\/pasta-pappardelle-toscane-250-gr\/\">TOSKANISCHE PAPPARDELLE-Nudeln | 250 gr<\/a><br \/>\n<a href=\"https:\/\/www.ilbottaccio.it\/prodotto\/olio-extravergine-al-rosmarino-100ml\/\">Natives Oliven\u00f6l extra mit ROSMARIN | 100 ml<\/a><br \/>\n<a href=\"https:\/\/www.ilbottaccio.it\/prodotto\/bruschetta-mediterranea-in-olio-extravergine-150-gr\/\">MITTELMEER-Bruschetta in nativem Oliven\u00f6l extra | 150 gr<\/a><br \/>\n<a href=\"https:\/\/www.ilbottaccio.it\/prodotto\/salsa-verde-in-olio-extravergine-150-gr\/\">GR\u00dcNE SAUCE in nativem Oliven\u00f6l extra | 150 gr<\/a><br \/>\n<a href=\"https:\/\/www.ilbottaccio.it\/prodotto\/pasta-foglie-di-ulivo-500-gr\/\">OLIVENBL\u00c4TTER Pasta | 500 gr<\/a><\/p>\n","protected":false},"featured_media":21272,"template":"","meta":[],"product_brand":[],"product_cat":[241],"product_tag":[292,309,301,310,311,308],"class_list":{"0":"post-12846","1":"product","2":"type-product","3":"status-publish","4":"has-post-thumbnail","6":"product_cat-geschenkpaket","7":"product_tag-entkernte-oliven","8":"product_tag-holzkasten","9":"product_tag-leccino-oliven-2","10":"product_tag-olivenpastete","11":"product_tag-pasta-de","12":"product_tag-schwarze-oliven","14":"first","15":"outofstock","16":"shipping-taxable","17":"purchasable","18":"product-type-simple"},"yoast_head":"<!-- This site is optimized with the Yoast SEO plugin v27.4 - https:\/\/yoast.com\/product\/yoast-seo-wordpress\/ -->\n<title>Geschenkbox-Produkte mit nativem Oliven\u00f6l extra | il Bottaccio<\/title>\n<meta name=\"description\" content=\"Gourmet-Geschenkkorb, Produkte auf Basis von toskanischem Oliven\u00f6l extra vergine. Holzkiste f\u00fcr ein einzigartiges und leckeres Geschenk.\" \/>\n<meta name=\"robots\" content=\"index, follow, max-snippet:-1, max-image-preview:large, max-video-preview:-1\" \/>\n<link rel=\"canonical\" href=\"https:\/\/www.ilbottaccio.it\/de\/prodotto\/maxi-gourmet-geschenkbox\/\" \/>\n<meta property=\"og:locale\" content=\"de_DE\" \/>\n<meta property=\"og:type\" content=\"article\" \/>\n<meta property=\"og:title\" content=\"Geschenkbox-Produkte mit nativem Oliven\u00f6l extra | il Bottaccio\" \/>\n<meta property=\"og:description\" content=\"Gourmet-Geschenkkorb, Produkte auf Basis von toskanischem Oliven\u00f6l extra vergine. Holzkiste f\u00fcr ein einzigartiges und leckeres Geschenk.\" \/>\n<meta property=\"og:url\" content=\"https:\/\/www.ilbottaccio.it\/de\/prodotto\/maxi-gourmet-geschenkbox\/\" \/>\n<meta property=\"og:site_name\" content=\"il Bottaccio | Olio Extravergine Toscano\" \/>\n<meta property=\"article:publisher\" content=\"https:\/\/it-it.facebook.com\/OlioilBottaccio\/\" \/>\n<meta property=\"article:modified_time\" content=\"2024-12-12T17:48:24+00:00\" \/>\n<meta property=\"og:image\" content=\"https:\/\/www.ilbottaccio.it\/web2\/wp-content\/uploads\/2020\/07\/Box-legno-Grande.jpg\" \/>\n\t<meta property=\"og:image:width\" content=\"1000\" \/>\n\t<meta property=\"og:image:height\" content=\"1000\" \/>\n\t<meta property=\"og:image:type\" content=\"image\/png\" \/>\n<meta name=\"twitter:card\" content=\"summary_large_image\" \/>\n<script type=\"application\/ld+json\" class=\"yoast-schema-graph\">{\"@context\":\"https:\\\/\\\/schema.org\",\"@graph\":[{\"@type\":\"WebPage\",\"@id\":\"https:\\\/\\\/www.ilbottaccio.it\\\/de\\\/prodotto\\\/maxi-gourmet-geschenkbox\\\/\",\"url\":\"https:\\\/\\\/www.ilbottaccio.it\\\/de\\\/prodotto\\\/maxi-gourmet-geschenkbox\\\/\",\"name\":\"Geschenkbox-Produkte mit nativem Oliven\u00f6l extra | il Bottaccio\",\"isPartOf\":{\"@id\":\"https:\\\/\\\/www.ilbottaccio.it\\\/de\\\/#website\"},\"primaryImageOfPage\":{\"@id\":\"https:\\\/\\\/www.ilbottaccio.it\\\/de\\\/prodotto\\\/maxi-gourmet-geschenkbox\\\/#primaryimage\"},\"image\":{\"@id\":\"https:\\\/\\\/www.ilbottaccio.it\\\/de\\\/prodotto\\\/maxi-gourmet-geschenkbox\\\/#primaryimage\"},\"thumbnailUrl\":\"https:\\\/\\\/www.ilbottaccio.it\\\/web2\\\/wp-content\\\/uploads\\\/2020\\\/07\\\/Box-legno-Grande.jpg\",\"datePublished\":\"2020-09-19T09:11:26+00:00\",\"dateModified\":\"2024-12-12T17:48:24+00:00\",\"description\":\"Gourmet-Geschenkkorb, Produkte auf Basis von toskanischem Oliven\u00f6l extra vergine. Holzkiste f\u00fcr ein einzigartiges und leckeres Geschenk.\",\"breadcrumb\":{\"@id\":\"https:\\\/\\\/www.ilbottaccio.it\\\/de\\\/prodotto\\\/maxi-gourmet-geschenkbox\\\/#breadcrumb\"},\"inLanguage\":\"de-DE\",\"potentialAction\":[{\"@type\":\"ReadAction\",\"target\":[\"https:\\\/\\\/www.ilbottaccio.it\\\/de\\\/prodotto\\\/maxi-gourmet-geschenkbox\\\/\"]}]},{\"@type\":\"ImageObject\",\"inLanguage\":\"de-DE\",\"@id\":\"https:\\\/\\\/www.ilbottaccio.it\\\/de\\\/prodotto\\\/maxi-gourmet-geschenkbox\\\/#primaryimage\",\"url\":\"https:\\\/\\\/www.ilbottaccio.it\\\/web2\\\/wp-content\\\/uploads\\\/2020\\\/07\\\/Box-legno-Grande.jpg\",\"contentUrl\":\"https:\\\/\\\/www.ilbottaccio.it\\\/web2\\\/wp-content\\\/uploads\\\/2020\\\/07\\\/Box-legno-Grande.jpg\",\"width\":1000,\"height\":1000,\"caption\":\"Confezione-regalo-gourmet maxi\"},{\"@type\":\"BreadcrumbList\",\"@id\":\"https:\\\/\\\/www.ilbottaccio.it\\\/de\\\/prodotto\\\/maxi-gourmet-geschenkbox\\\/#breadcrumb\",\"itemListElement\":[{\"@type\":\"ListItem\",\"position\":1,\"name\":\"Home\",\"item\":\"https:\\\/\\\/www.ilbottaccio.it\\\/de\\\/home\\\/\"},{\"@type\":\"ListItem\",\"position\":2,\"name\":\"Gesch\u00e4ft\",\"item\":\"https:\\\/\\\/www.ilbottaccio.it\\\/de\\\/shop-2\\\/\"},{\"@type\":\"ListItem\",\"position\":3,\"name\":\"Maxi Gourmet Geschenkbox\"}]},{\"@type\":\"WebSite\",\"@id\":\"https:\\\/\\\/www.ilbottaccio.it\\\/de\\\/#website\",\"url\":\"https:\\\/\\\/www.ilbottaccio.it\\\/de\\\/\",\"name\":\"il Bottaccio | Olio Extravergine Toscano\",\"description\":\"Olio Extravergine Toscano\",\"publisher\":{\"@id\":\"https:\\\/\\\/www.ilbottaccio.it\\\/de\\\/#organization\"},\"potentialAction\":[{\"@type\":\"SearchAction\",\"target\":{\"@type\":\"EntryPoint\",\"urlTemplate\":\"https:\\\/\\\/www.ilbottaccio.it\\\/de\\\/?s={search_term_string}\"},\"query-input\":{\"@type\":\"PropertyValueSpecification\",\"valueRequired\":true,\"valueName\":\"search_term_string\"}}],\"inLanguage\":\"de-DE\"},{\"@type\":\"Organization\",\"@id\":\"https:\\\/\\\/www.ilbottaccio.it\\\/de\\\/#organization\",\"name\":\"il Bottaccio\",\"url\":\"https:\\\/\\\/www.ilbottaccio.it\\\/de\\\/\",\"logo\":{\"@type\":\"ImageObject\",\"inLanguage\":\"de-DE\",\"@id\":\"https:\\\/\\\/www.ilbottaccio.it\\\/de\\\/#\\\/schema\\\/logo\\\/image\\\/\",\"url\":\"https:\\\/\\\/www.ilbottaccio.it\\\/web2\\\/wp-content\\\/uploads\\\/2024\\\/09\\\/Goccia_ilBottaccio.jpg\",\"contentUrl\":\"https:\\\/\\\/www.ilbottaccio.it\\\/web2\\\/wp-content\\\/uploads\\\/2024\\\/09\\\/Goccia_ilBottaccio.jpg\",\"width\":500,\"height\":500,\"caption\":\"il Bottaccio\"},\"image\":{\"@id\":\"https:\\\/\\\/www.ilbottaccio.it\\\/de\\\/#\\\/schema\\\/logo\\\/image\\\/\"},\"sameAs\":[\"https:\\\/\\\/it-it.facebook.com\\\/OlioilBottaccio\\\/\",\"https:\\\/\\\/www.instagram.com\\\/il_bottaccio\\\/\"]}]}<\/script>\n<!-- \/ Yoast SEO plugin. -->","yoast_head_json":{"title":"Geschenkbox-Produkte mit nativem Oliven\u00f6l extra | il Bottaccio","description":"Gourmet-Geschenkkorb, Produkte auf Basis von toskanischem Oliven\u00f6l extra vergine. Holzkiste f\u00fcr ein einzigartiges und leckeres Geschenk.","robots":{"index":"index","follow":"follow","max-snippet":"max-snippet:-1","max-image-preview":"max-image-preview:large","max-video-preview":"max-video-preview:-1"},"canonical":"https:\/\/www.ilbottaccio.it\/de\/prodotto\/maxi-gourmet-geschenkbox\/","og_locale":"de_DE","og_type":"article","og_title":"Geschenkbox-Produkte mit nativem Oliven\u00f6l extra | il Bottaccio","og_description":"Gourmet-Geschenkkorb, Produkte auf Basis von toskanischem Oliven\u00f6l extra vergine. Holzkiste f\u00fcr ein einzigartiges und leckeres Geschenk.","og_url":"https:\/\/www.ilbottaccio.it\/de\/prodotto\/maxi-gourmet-geschenkbox\/","og_site_name":"il Bottaccio | Olio Extravergine Toscano","article_publisher":"https:\/\/it-it.facebook.com\/OlioilBottaccio\/","article_modified_time":"2024-12-12T17:48:24+00:00","og_image":[{"width":1000,"height":1000,"url":"https:\/\/www.ilbottaccio.it\/web2\/wp-content\/uploads\/2020\/07\/Box-legno-Grande.jpg","type":"image\/png"}],"twitter_card":"summary_large_image","schema":{"@context":"https:\/\/schema.org","@graph":[{"@type":"WebPage","@id":"https:\/\/www.ilbottaccio.it\/de\/prodotto\/maxi-gourmet-geschenkbox\/","url":"https:\/\/www.ilbottaccio.it\/de\/prodotto\/maxi-gourmet-geschenkbox\/","name":"Geschenkbox-Produkte mit nativem Oliven\u00f6l extra | il Bottaccio","isPartOf":{"@id":"https:\/\/www.ilbottaccio.it\/de\/#website"},"primaryImageOfPage":{"@id":"https:\/\/www.ilbottaccio.it\/de\/prodotto\/maxi-gourmet-geschenkbox\/#primaryimage"},"image":{"@id":"https:\/\/www.ilbottaccio.it\/de\/prodotto\/maxi-gourmet-geschenkbox\/#primaryimage"},"thumbnailUrl":"https:\/\/www.ilbottaccio.it\/web2\/wp-content\/uploads\/2020\/07\/Box-legno-Grande.jpg","datePublished":"2020-09-19T09:11:26+00:00","dateModified":"2024-12-12T17:48:24+00:00","description":"Gourmet-Geschenkkorb, Produkte auf Basis von toskanischem Oliven\u00f6l extra vergine. Holzkiste f\u00fcr ein einzigartiges und leckeres Geschenk.","breadcrumb":{"@id":"https:\/\/www.ilbottaccio.it\/de\/prodotto\/maxi-gourmet-geschenkbox\/#breadcrumb"},"inLanguage":"de-DE","potentialAction":[{"@type":"ReadAction","target":["https:\/\/www.ilbottaccio.it\/de\/prodotto\/maxi-gourmet-geschenkbox\/"]}]},{"@type":"ImageObject","inLanguage":"de-DE","@id":"https:\/\/www.ilbottaccio.it\/de\/prodotto\/maxi-gourmet-geschenkbox\/#primaryimage","url":"https:\/\/www.ilbottaccio.it\/web2\/wp-content\/uploads\/2020\/07\/Box-legno-Grande.jpg","contentUrl":"https:\/\/www.ilbottaccio.it\/web2\/wp-content\/uploads\/2020\/07\/Box-legno-Grande.jpg","width":1000,"height":1000,"caption":"Confezione-regalo-gourmet maxi"},{"@type":"BreadcrumbList","@id":"https:\/\/www.ilbottaccio.it\/de\/prodotto\/maxi-gourmet-geschenkbox\/#breadcrumb","itemListElement":[{"@type":"ListItem","position":1,"name":"Home","item":"https:\/\/www.ilbottaccio.it\/de\/home\/"},{"@type":"ListItem","position":2,"name":"Gesch\u00e4ft","item":"https:\/\/www.ilbottaccio.it\/de\/shop-2\/"},{"@type":"ListItem","position":3,"name":"Maxi Gourmet Geschenkbox"}]},{"@type":"WebSite","@id":"https:\/\/www.ilbottaccio.it\/de\/#website","url":"https:\/\/www.ilbottaccio.it\/de\/","name":"il Bottaccio | Olio Extravergine Toscano","description":"Olio Extravergine Toscano","publisher":{"@id":"https:\/\/www.ilbottaccio.it\/de\/#organization"},"potentialAction":[{"@type":"SearchAction","target":{"@type":"EntryPoint","urlTemplate":"https:\/\/www.ilbottaccio.it\/de\/?s={search_term_string}"},"query-input":{"@type":"PropertyValueSpecification","valueRequired":true,"valueName":"search_term_string"}}],"inLanguage":"de-DE"},{"@type":"Organization","@id":"https:\/\/www.ilbottaccio.it\/de\/#organization","name":"il Bottaccio","url":"https:\/\/www.ilbottaccio.it\/de\/","logo":{"@type":"ImageObject","inLanguage":"de-DE","@id":"https:\/\/www.ilbottaccio.it\/de\/#\/schema\/logo\/image\/","url":"https:\/\/www.ilbottaccio.it\/web2\/wp-content\/uploads\/2024\/09\/Goccia_ilBottaccio.jpg","contentUrl":"https:\/\/www.ilbottaccio.it\/web2\/wp-content\/uploads\/2024\/09\/Goccia_ilBottaccio.jpg","width":500,"height":500,"caption":"il Bottaccio"},"image":{"@id":"https:\/\/www.ilbottaccio.it\/de\/#\/schema\/logo\/image\/"},"sameAs":["https:\/\/it-it.facebook.com\/OlioilBottaccio\/","https:\/\/www.instagram.com\/il_bottaccio\/"]}]}},"_links":{"self":[{"href":"https:\/\/www.ilbottaccio.it\/de\/wp-json\/wp\/v2\/product\/12846","targetHints":{"allow":["GET"]}}],"collection":[{"href":"https:\/\/www.ilbottaccio.it\/de\/wp-json\/wp\/v2\/product"}],"about":[{"href":"https:\/\/www.ilbottaccio.it\/de\/wp-json\/wp\/v2\/types\/product"}],"wp:featuredmedia":[{"embeddable":true,"href":"https:\/\/www.ilbottaccio.it\/de\/wp-json\/wp\/v2\/media\/21272"}],"wp:attachment":[{"href":"https:\/\/www.ilbottaccio.it\/de\/wp-json\/wp\/v2\/media?parent=12846"}],"wp:term":[{"taxonomy":"product_brand","embeddable":true,"href":"https:\/\/www.ilbottaccio.it\/de\/wp-json\/wp\/v2\/product_brand?post=12846"},{"taxonomy":"product_cat","embeddable":true,"href":"https:\/\/www.ilbottaccio.it\/de\/wp-json\/wp\/v2\/product_cat?post=12846"},{"taxonomy":"product_tag","embeddable":true,"href":"https:\/\/www.ilbottaccio.it\/de\/wp-json\/wp\/v2\/product_tag?post=12846"}],"curies":[{"name":"wp","href":"https:\/\/api.w.org\/{rel}","templated":true}]}}