{"id":12878,"date":"2020-04-06T10:18:49","date_gmt":"2020-09-23T15:42:50","guid":{"rendered":"http:www.ilbottaccio.it\/prodotto\/infusions-geschenkbox\/"},"modified":"2024-12-12T17:53:49","modified_gmt":"2024-12-12T17:53:49","slug":"geschenkbox-infusionen","status":"publish","type":"product","link":"https:\/\/www.ilbottaccio.it\/de\/prodotto\/geschenkbox-infusionen\/","title":{"rendered":"Infusions Geschenkbox"},"content":{"rendered":"","protected":false},"excerpt":{"rendered":"<p><strong>Beschreibung:<\/strong> Geschenkverpackung f\u00fcr eine Verkostung von aromatisierten Infusionen und extra nativem Oliven\u00f6l. Ein elegantes, originelles und leckeres Geschenk f\u00fcr jeden Anlass<\/p>\n<p><strong>Komposition:<\/strong><br \/>\n<a href=\"https:\/\/www.ilbottaccio.it\/de\/prodotto\/extra-virgin-basilikum-ol-100ml\/\">Natives Oliven\u00f6l extra mit BASILIKUM | 100 ml<\/a><br \/>\n<a href=\"https:\/\/www.ilbottaccio.it\/de\/prodotto\/natives-olivenol-extra-mit-zitrone-100ml\/\">Natives Oliven\u00f6l extra mit ZITRONE | 100 ml<\/a><br \/>\n<a href=\"https:\/\/www.ilbottaccio.it\/de\/prodotto\/natives-ol-extra-mit-chili-100ml\/\">Chili Oliven\u00f6l extra jungfr\u00e4ulich | 100 ml<\/a><br \/>\n<a href=\"https:\/\/www.ilbottaccio.it\/de\/prodotto\/natives-olivenol-extra-mit-rosmarin-100ml\/\">Natives Oliven\u00f6l extra mit ROSMARIN | 100 ml<\/a><br \/>\n<a href=\"https:\/\/www.ilbottaccio.it\/de\/prodotto\/extra-natives-knoblauch-ol-100ml\/\">Natives Oliven\u00f6l extra Knoblauch | 100 ml<\/a><\/p>\n","protected":false},"featured_media":21074,"template":"","meta":[],"product_brand":[],"product_cat":[241,243],"product_tag":[328,329,330,324,323,325],"class_list":{"0":"post-12878","1":"product","2":"type-product","3":"status-publish","4":"has-post-thumbnail","6":"product_cat-geschenkpaket","7":"product_cat-infundierte-oele","8":"product_tag-basilikum","9":"product_tag-chili","10":"product_tag-kann-100-ml","11":"product_tag-knoblauch","12":"product_tag-rosmarin","13":"product_tag-zitrone","15":"first","16":"instock","17":"shipping-taxable","18":"purchasable","19":"product-type-simple"},"yoast_head":"<!-- This site is optimized with the Yoast SEO plugin v27.4 - https:\/\/yoast.com\/product\/yoast-seo-wordpress\/ -->\n<title>Natives Oliven\u00f6l extra mit Geschenkboxgeschmack, Aufg\u00fcsse | il Bottaccio<\/title>\n<meta name=\"description\" content=\"Geschenkbox-Verkostungsinfusionen, extra natives Oliven\u00f6linfusion. Ein elegantes, originelles und leckeres Geschenk f\u00fcr jeden Anlass\" \/>\n<meta name=\"robots\" content=\"index, follow, max-snippet:-1, max-image-preview:large, max-video-preview:-1\" \/>\n<link rel=\"canonical\" href=\"https:\/\/www.ilbottaccio.it\/de\/prodotto\/geschenkbox-infusionen\/\" \/>\n<meta property=\"og:locale\" content=\"de_DE\" \/>\n<meta property=\"og:type\" content=\"article\" \/>\n<meta property=\"og:title\" content=\"Natives Oliven\u00f6l extra mit Geschenkboxgeschmack, Aufg\u00fcsse | il Bottaccio\" \/>\n<meta property=\"og:description\" content=\"Geschenkbox-Verkostungsinfusionen, extra natives Oliven\u00f6linfusion. Ein elegantes, originelles und leckeres Geschenk f\u00fcr jeden Anlass\" \/>\n<meta property=\"og:url\" content=\"https:\/\/www.ilbottaccio.it\/de\/prodotto\/geschenkbox-infusionen\/\" \/>\n<meta property=\"og:site_name\" content=\"il Bottaccio | Olio Extravergine Toscano\" \/>\n<meta property=\"article:publisher\" content=\"https:\/\/it-it.facebook.com\/OlioilBottaccio\/\" \/>\n<meta property=\"article:modified_time\" content=\"2024-12-12T17:53:49+00:00\" \/>\n<meta property=\"og:image\" content=\"https:\/\/www.ilbottaccio.it\/web2\/wp-content\/uploads\/2020\/04\/Cofanetto-Infusi.jpg\" \/>\n\t<meta property=\"og:image:width\" content=\"1000\" \/>\n\t<meta property=\"og:image:height\" content=\"1000\" \/>\n\t<meta property=\"og:image:type\" content=\"image\/png\" \/>\n<meta name=\"twitter:card\" content=\"summary_large_image\" \/>\n<script type=\"application\/ld+json\" class=\"yoast-schema-graph\">{\"@context\":\"https:\\\/\\\/schema.org\",\"@graph\":[{\"@type\":\"WebPage\",\"@id\":\"https:\\\/\\\/www.ilbottaccio.it\\\/de\\\/prodotto\\\/geschenkbox-infusionen\\\/\",\"url\":\"https:\\\/\\\/www.ilbottaccio.it\\\/de\\\/prodotto\\\/geschenkbox-infusionen\\\/\",\"name\":\"Natives Oliven\u00f6l extra mit Geschenkboxgeschmack, Aufg\u00fcsse | il Bottaccio\",\"isPartOf\":{\"@id\":\"https:\\\/\\\/www.ilbottaccio.it\\\/de\\\/#website\"},\"primaryImageOfPage\":{\"@id\":\"https:\\\/\\\/www.ilbottaccio.it\\\/de\\\/prodotto\\\/geschenkbox-infusionen\\\/#primaryimage\"},\"image\":{\"@id\":\"https:\\\/\\\/www.ilbottaccio.it\\\/de\\\/prodotto\\\/geschenkbox-infusionen\\\/#primaryimage\"},\"thumbnailUrl\":\"https:\\\/\\\/www.ilbottaccio.it\\\/web2\\\/wp-content\\\/uploads\\\/2020\\\/04\\\/Cofanetto-Infusi.jpg\",\"datePublished\":\"2020-09-23T15:42:50+00:00\",\"dateModified\":\"2024-12-12T17:53:49+00:00\",\"description\":\"Geschenkbox-Verkostungsinfusionen, extra natives Oliven\u00f6linfusion. Ein elegantes, originelles und leckeres Geschenk f\u00fcr jeden Anlass\",\"breadcrumb\":{\"@id\":\"https:\\\/\\\/www.ilbottaccio.it\\\/de\\\/prodotto\\\/geschenkbox-infusionen\\\/#breadcrumb\"},\"inLanguage\":\"de-DE\",\"potentialAction\":[{\"@type\":\"ReadAction\",\"target\":[\"https:\\\/\\\/www.ilbottaccio.it\\\/de\\\/prodotto\\\/geschenkbox-infusionen\\\/\"]}]},{\"@type\":\"ImageObject\",\"inLanguage\":\"de-DE\",\"@id\":\"https:\\\/\\\/www.ilbottaccio.it\\\/de\\\/prodotto\\\/geschenkbox-infusionen\\\/#primaryimage\",\"url\":\"https:\\\/\\\/www.ilbottaccio.it\\\/web2\\\/wp-content\\\/uploads\\\/2020\\\/04\\\/Cofanetto-Infusi.jpg\",\"contentUrl\":\"https:\\\/\\\/www.ilbottaccio.it\\\/web2\\\/wp-content\\\/uploads\\\/2020\\\/04\\\/Cofanetto-Infusi.jpg\",\"width\":1000,\"height\":1000,\"caption\":\"Astuccio degustazione Infusi, olio aromatizzato\"},{\"@type\":\"BreadcrumbList\",\"@id\":\"https:\\\/\\\/www.ilbottaccio.it\\\/de\\\/prodotto\\\/geschenkbox-infusionen\\\/#breadcrumb\",\"itemListElement\":[{\"@type\":\"ListItem\",\"position\":1,\"name\":\"Home\",\"item\":\"https:\\\/\\\/www.ilbottaccio.it\\\/de\\\/home\\\/\"},{\"@type\":\"ListItem\",\"position\":2,\"name\":\"Gesch\u00e4ft\",\"item\":\"https:\\\/\\\/www.ilbottaccio.it\\\/de\\\/shop-2\\\/\"},{\"@type\":\"ListItem\",\"position\":3,\"name\":\"Infusions Geschenkbox\"}]},{\"@type\":\"WebSite\",\"@id\":\"https:\\\/\\\/www.ilbottaccio.it\\\/de\\\/#website\",\"url\":\"https:\\\/\\\/www.ilbottaccio.it\\\/de\\\/\",\"name\":\"il Bottaccio | Olio Extravergine Toscano\",\"description\":\"Olio Extravergine Toscano\",\"publisher\":{\"@id\":\"https:\\\/\\\/www.ilbottaccio.it\\\/de\\\/#organization\"},\"potentialAction\":[{\"@type\":\"SearchAction\",\"target\":{\"@type\":\"EntryPoint\",\"urlTemplate\":\"https:\\\/\\\/www.ilbottaccio.it\\\/de\\\/?s={search_term_string}\"},\"query-input\":{\"@type\":\"PropertyValueSpecification\",\"valueRequired\":true,\"valueName\":\"search_term_string\"}}],\"inLanguage\":\"de-DE\"},{\"@type\":\"Organization\",\"@id\":\"https:\\\/\\\/www.ilbottaccio.it\\\/de\\\/#organization\",\"name\":\"il Bottaccio\",\"url\":\"https:\\\/\\\/www.ilbottaccio.it\\\/de\\\/\",\"logo\":{\"@type\":\"ImageObject\",\"inLanguage\":\"de-DE\",\"@id\":\"https:\\\/\\\/www.ilbottaccio.it\\\/de\\\/#\\\/schema\\\/logo\\\/image\\\/\",\"url\":\"https:\\\/\\\/www.ilbottaccio.it\\\/web2\\\/wp-content\\\/uploads\\\/2024\\\/09\\\/Goccia_ilBottaccio.jpg\",\"contentUrl\":\"https:\\\/\\\/www.ilbottaccio.it\\\/web2\\\/wp-content\\\/uploads\\\/2024\\\/09\\\/Goccia_ilBottaccio.jpg\",\"width\":500,\"height\":500,\"caption\":\"il Bottaccio\"},\"image\":{\"@id\":\"https:\\\/\\\/www.ilbottaccio.it\\\/de\\\/#\\\/schema\\\/logo\\\/image\\\/\"},\"sameAs\":[\"https:\\\/\\\/it-it.facebook.com\\\/OlioilBottaccio\\\/\",\"https:\\\/\\\/www.instagram.com\\\/il_bottaccio\\\/\"]}]}<\/script>\n<!-- \/ Yoast SEO plugin. -->","yoast_head_json":{"title":"Natives Oliven\u00f6l extra mit Geschenkboxgeschmack, Aufg\u00fcsse | il Bottaccio","description":"Geschenkbox-Verkostungsinfusionen, extra natives Oliven\u00f6linfusion. Ein elegantes, originelles und leckeres Geschenk f\u00fcr jeden Anlass","robots":{"index":"index","follow":"follow","max-snippet":"max-snippet:-1","max-image-preview":"max-image-preview:large","max-video-preview":"max-video-preview:-1"},"canonical":"https:\/\/www.ilbottaccio.it\/de\/prodotto\/geschenkbox-infusionen\/","og_locale":"de_DE","og_type":"article","og_title":"Natives Oliven\u00f6l extra mit Geschenkboxgeschmack, Aufg\u00fcsse | il Bottaccio","og_description":"Geschenkbox-Verkostungsinfusionen, extra natives Oliven\u00f6linfusion. Ein elegantes, originelles und leckeres Geschenk f\u00fcr jeden Anlass","og_url":"https:\/\/www.ilbottaccio.it\/de\/prodotto\/geschenkbox-infusionen\/","og_site_name":"il Bottaccio | Olio Extravergine Toscano","article_publisher":"https:\/\/it-it.facebook.com\/OlioilBottaccio\/","article_modified_time":"2024-12-12T17:53:49+00:00","og_image":[{"width":1000,"height":1000,"url":"https:\/\/www.ilbottaccio.it\/web2\/wp-content\/uploads\/2020\/04\/Cofanetto-Infusi.jpg","type":"image\/png"}],"twitter_card":"summary_large_image","schema":{"@context":"https:\/\/schema.org","@graph":[{"@type":"WebPage","@id":"https:\/\/www.ilbottaccio.it\/de\/prodotto\/geschenkbox-infusionen\/","url":"https:\/\/www.ilbottaccio.it\/de\/prodotto\/geschenkbox-infusionen\/","name":"Natives Oliven\u00f6l extra mit Geschenkboxgeschmack, Aufg\u00fcsse | il Bottaccio","isPartOf":{"@id":"https:\/\/www.ilbottaccio.it\/de\/#website"},"primaryImageOfPage":{"@id":"https:\/\/www.ilbottaccio.it\/de\/prodotto\/geschenkbox-infusionen\/#primaryimage"},"image":{"@id":"https:\/\/www.ilbottaccio.it\/de\/prodotto\/geschenkbox-infusionen\/#primaryimage"},"thumbnailUrl":"https:\/\/www.ilbottaccio.it\/web2\/wp-content\/uploads\/2020\/04\/Cofanetto-Infusi.jpg","datePublished":"2020-09-23T15:42:50+00:00","dateModified":"2024-12-12T17:53:49+00:00","description":"Geschenkbox-Verkostungsinfusionen, extra natives Oliven\u00f6linfusion. Ein elegantes, originelles und leckeres Geschenk f\u00fcr jeden Anlass","breadcrumb":{"@id":"https:\/\/www.ilbottaccio.it\/de\/prodotto\/geschenkbox-infusionen\/#breadcrumb"},"inLanguage":"de-DE","potentialAction":[{"@type":"ReadAction","target":["https:\/\/www.ilbottaccio.it\/de\/prodotto\/geschenkbox-infusionen\/"]}]},{"@type":"ImageObject","inLanguage":"de-DE","@id":"https:\/\/www.ilbottaccio.it\/de\/prodotto\/geschenkbox-infusionen\/#primaryimage","url":"https:\/\/www.ilbottaccio.it\/web2\/wp-content\/uploads\/2020\/04\/Cofanetto-Infusi.jpg","contentUrl":"https:\/\/www.ilbottaccio.it\/web2\/wp-content\/uploads\/2020\/04\/Cofanetto-Infusi.jpg","width":1000,"height":1000,"caption":"Astuccio degustazione Infusi, olio aromatizzato"},{"@type":"BreadcrumbList","@id":"https:\/\/www.ilbottaccio.it\/de\/prodotto\/geschenkbox-infusionen\/#breadcrumb","itemListElement":[{"@type":"ListItem","position":1,"name":"Home","item":"https:\/\/www.ilbottaccio.it\/de\/home\/"},{"@type":"ListItem","position":2,"name":"Gesch\u00e4ft","item":"https:\/\/www.ilbottaccio.it\/de\/shop-2\/"},{"@type":"ListItem","position":3,"name":"Infusions Geschenkbox"}]},{"@type":"WebSite","@id":"https:\/\/www.ilbottaccio.it\/de\/#website","url":"https:\/\/www.ilbottaccio.it\/de\/","name":"il Bottaccio | Olio Extravergine Toscano","description":"Olio Extravergine Toscano","publisher":{"@id":"https:\/\/www.ilbottaccio.it\/de\/#organization"},"potentialAction":[{"@type":"SearchAction","target":{"@type":"EntryPoint","urlTemplate":"https:\/\/www.ilbottaccio.it\/de\/?s={search_term_string}"},"query-input":{"@type":"PropertyValueSpecification","valueRequired":true,"valueName":"search_term_string"}}],"inLanguage":"de-DE"},{"@type":"Organization","@id":"https:\/\/www.ilbottaccio.it\/de\/#organization","name":"il Bottaccio","url":"https:\/\/www.ilbottaccio.it\/de\/","logo":{"@type":"ImageObject","inLanguage":"de-DE","@id":"https:\/\/www.ilbottaccio.it\/de\/#\/schema\/logo\/image\/","url":"https:\/\/www.ilbottaccio.it\/web2\/wp-content\/uploads\/2024\/09\/Goccia_ilBottaccio.jpg","contentUrl":"https:\/\/www.ilbottaccio.it\/web2\/wp-content\/uploads\/2024\/09\/Goccia_ilBottaccio.jpg","width":500,"height":500,"caption":"il Bottaccio"},"image":{"@id":"https:\/\/www.ilbottaccio.it\/de\/#\/schema\/logo\/image\/"},"sameAs":["https:\/\/it-it.facebook.com\/OlioilBottaccio\/","https:\/\/www.instagram.com\/il_bottaccio\/"]}]}},"_links":{"self":[{"href":"https:\/\/www.ilbottaccio.it\/de\/wp-json\/wp\/v2\/product\/12878","targetHints":{"allow":["GET"]}}],"collection":[{"href":"https:\/\/www.ilbottaccio.it\/de\/wp-json\/wp\/v2\/product"}],"about":[{"href":"https:\/\/www.ilbottaccio.it\/de\/wp-json\/wp\/v2\/types\/product"}],"wp:featuredmedia":[{"embeddable":true,"href":"https:\/\/www.ilbottaccio.it\/de\/wp-json\/wp\/v2\/media\/21074"}],"wp:attachment":[{"href":"https:\/\/www.ilbottaccio.it\/de\/wp-json\/wp\/v2\/media?parent=12878"}],"wp:term":[{"taxonomy":"product_brand","embeddable":true,"href":"https:\/\/www.ilbottaccio.it\/de\/wp-json\/wp\/v2\/product_brand?post=12878"},{"taxonomy":"product_cat","embeddable":true,"href":"https:\/\/www.ilbottaccio.it\/de\/wp-json\/wp\/v2\/product_cat?post=12878"},{"taxonomy":"product_tag","embeddable":true,"href":"https:\/\/www.ilbottaccio.it\/de\/wp-json\/wp\/v2\/product_tag?post=12878"}],"curies":[{"name":"wp","href":"https:\/\/api.w.org\/{rel}","templated":true}]}}