{"id":12887,"date":"2020-02-14T08:52:25","date_gmt":"2020-02-14T08:52:25","guid":{"rendered":"http:www.ilbottaccio.it\/prodotto\/leccino-olivencreme-in-nativem-olivenol-extra-150-gr\/"},"modified":"2024-12-13T16:15:20","modified_gmt":"2024-12-13T16:15:20","slug":"leccino-olivencreme-in-extra-nativem-ol-150-gr","status":"publish","type":"product","link":"https:\/\/www.ilbottaccio.it\/de\/prodotto\/leccino-olivencreme-in-extra-nativem-ol-150-gr\/","title":{"rendered":"LECCINO Olivencreme in nativem Oliven\u00f6l extra 150 gr"},"content":{"rendered":"","protected":false},"excerpt":{"rendered":"<p><strong>Beschreibung und Kombinationen:<\/strong> Leccino schwarze Olivencreme in nativem Oliven\u00f6l extra, ideal f\u00fcr Vorspeisen und Croutons, zum W\u00fcrzen von Nudelgerichten oder als Zutat f\u00fcr Backwaren<\/p>\n","protected":false},"featured_media":18418,"template":"","meta":[],"product_brand":[],"product_cat":[242],"product_tag":[293,301,310,308],"class_list":{"0":"post-12887","1":"product","2":"type-product","3":"status-publish","4":"has-post-thumbnail","6":"product_cat-cremes","7":"product_tag-jar150-gr","8":"product_tag-leccino-oliven-2","9":"product_tag-olivenpastete","10":"product_tag-schwarze-oliven","12":"first","13":"instock","14":"shipping-taxable","15":"purchasable","16":"product-type-simple"},"yoast_head":"<!-- This site is optimized with the Yoast SEO plugin v27.4 - https:\/\/yoast.com\/product\/yoast-seo-wordpress\/ -->\n<title>LECCINO Olivencreme in nativem Oliven\u00f6l extra 150 gr | il Bottaccio<\/title>\n<meta name=\"description\" content=\"Pat\u00e8 aus schwarzen Leccino-Oliven in toskanischem Oliven\u00f6l extra vergine. Pat\u00e8 ideal f\u00fcr Vorspeisen, Bruschetta und zum Ankleiden von Nudelgerichten\" \/>\n<meta name=\"robots\" content=\"index, follow, max-snippet:-1, max-image-preview:large, max-video-preview:-1\" \/>\n<link rel=\"canonical\" href=\"https:\/\/www.ilbottaccio.it\/de\/prodotto\/leccino-olivencreme-in-extra-nativem-ol-150-gr\/\" \/>\n<meta property=\"og:locale\" content=\"de_DE\" \/>\n<meta property=\"og:type\" content=\"article\" \/>\n<meta property=\"og:title\" content=\"LECCINO Olivencreme in nativem Oliven\u00f6l extra 150 gr | il Bottaccio\" \/>\n<meta property=\"og:description\" content=\"Pat\u00e8 aus schwarzen Leccino-Oliven in toskanischem Oliven\u00f6l extra vergine. Pat\u00e8 ideal f\u00fcr Vorspeisen, Bruschetta und zum Ankleiden von Nudelgerichten\" \/>\n<meta property=\"og:url\" content=\"https:\/\/www.ilbottaccio.it\/de\/prodotto\/leccino-olivencreme-in-extra-nativem-ol-150-gr\/\" \/>\n<meta property=\"og:site_name\" content=\"il Bottaccio | Olio Extravergine Toscano\" \/>\n<meta property=\"article:publisher\" content=\"https:\/\/it-it.facebook.com\/OlioilBottaccio\/\" \/>\n<meta property=\"article:modified_time\" content=\"2024-12-13T16:15:20+00:00\" \/>\n<meta property=\"og:image\" content=\"https:\/\/www.ilbottaccio.it\/web2\/wp-content\/uploads\/2020\/02\/CLEC150_Crema-di-olive-nere-Leccino-in-olio-extravergine.jpg\" \/>\n\t<meta property=\"og:image:width\" content=\"1000\" \/>\n\t<meta property=\"og:image:height\" content=\"1000\" \/>\n\t<meta property=\"og:image:type\" content=\"image\/png\" \/>\n<meta name=\"twitter:card\" content=\"summary_large_image\" \/>\n<script type=\"application\/ld+json\" class=\"yoast-schema-graph\">{\"@context\":\"https:\\\/\\\/schema.org\",\"@graph\":[{\"@type\":\"WebPage\",\"@id\":\"https:\\\/\\\/www.ilbottaccio.it\\\/de\\\/prodotto\\\/leccino-olivencreme-in-extra-nativem-ol-150-gr\\\/\",\"url\":\"https:\\\/\\\/www.ilbottaccio.it\\\/de\\\/prodotto\\\/leccino-olivencreme-in-extra-nativem-ol-150-gr\\\/\",\"name\":\"LECCINO Olivencreme in nativem Oliven\u00f6l extra 150 gr | il Bottaccio\",\"isPartOf\":{\"@id\":\"https:\\\/\\\/www.ilbottaccio.it\\\/de\\\/#website\"},\"primaryImageOfPage\":{\"@id\":\"https:\\\/\\\/www.ilbottaccio.it\\\/de\\\/prodotto\\\/leccino-olivencreme-in-extra-nativem-ol-150-gr\\\/#primaryimage\"},\"image\":{\"@id\":\"https:\\\/\\\/www.ilbottaccio.it\\\/de\\\/prodotto\\\/leccino-olivencreme-in-extra-nativem-ol-150-gr\\\/#primaryimage\"},\"thumbnailUrl\":\"https:\\\/\\\/www.ilbottaccio.it\\\/web2\\\/wp-content\\\/uploads\\\/2020\\\/02\\\/CLEC150_Crema-di-olive-nere-Leccino-in-olio-extravergine.jpg\",\"datePublished\":\"2020-02-14T08:52:25+00:00\",\"dateModified\":\"2024-12-13T16:15:20+00:00\",\"description\":\"Pat\u00e8 aus schwarzen Leccino-Oliven in toskanischem Oliven\u00f6l extra vergine. Pat\u00e8 ideal f\u00fcr Vorspeisen, Bruschetta und zum Ankleiden von Nudelgerichten\",\"breadcrumb\":{\"@id\":\"https:\\\/\\\/www.ilbottaccio.it\\\/de\\\/prodotto\\\/leccino-olivencreme-in-extra-nativem-ol-150-gr\\\/#breadcrumb\"},\"inLanguage\":\"de-DE\",\"potentialAction\":[{\"@type\":\"ReadAction\",\"target\":[\"https:\\\/\\\/www.ilbottaccio.it\\\/de\\\/prodotto\\\/leccino-olivencreme-in-extra-nativem-ol-150-gr\\\/\"]}]},{\"@type\":\"ImageObject\",\"inLanguage\":\"de-DE\",\"@id\":\"https:\\\/\\\/www.ilbottaccio.it\\\/de\\\/prodotto\\\/leccino-olivencreme-in-extra-nativem-ol-150-gr\\\/#primaryimage\",\"url\":\"https:\\\/\\\/www.ilbottaccio.it\\\/web2\\\/wp-content\\\/uploads\\\/2020\\\/02\\\/CLEC150_Crema-di-olive-nere-Leccino-in-olio-extravergine.jpg\",\"contentUrl\":\"https:\\\/\\\/www.ilbottaccio.it\\\/web2\\\/wp-content\\\/uploads\\\/2020\\\/02\\\/CLEC150_Crema-di-olive-nere-Leccino-in-olio-extravergine.jpg\",\"width\":1000,\"height\":1000,\"caption\":\"Leccino schwarze Oliven pat\u00e8 in toskanischem Oliven\u00f6l extra vergine. Pat\u00e8 ideal f\u00fcr Vorspeisen und Croutons oder zum Ankleiden von Nudelgerichten Pat\u00e8 ideal f\u00fcr Vorspeisen und Croutons oder zum Ankleiden von Nudelgerichten\"},{\"@type\":\"BreadcrumbList\",\"@id\":\"https:\\\/\\\/www.ilbottaccio.it\\\/de\\\/prodotto\\\/leccino-olivencreme-in-extra-nativem-ol-150-gr\\\/#breadcrumb\",\"itemListElement\":[{\"@type\":\"ListItem\",\"position\":1,\"name\":\"Home\",\"item\":\"https:\\\/\\\/www.ilbottaccio.it\\\/de\\\/home\\\/\"},{\"@type\":\"ListItem\",\"position\":2,\"name\":\"Gesch\u00e4ft\",\"item\":\"https:\\\/\\\/www.ilbottaccio.it\\\/de\\\/shop-2\\\/\"},{\"@type\":\"ListItem\",\"position\":3,\"name\":\"LECCINO Olivencreme in nativem Oliven\u00f6l extra 150 gr\"}]},{\"@type\":\"WebSite\",\"@id\":\"https:\\\/\\\/www.ilbottaccio.it\\\/de\\\/#website\",\"url\":\"https:\\\/\\\/www.ilbottaccio.it\\\/de\\\/\",\"name\":\"il Bottaccio | Olio Extravergine Toscano\",\"description\":\"Olio Extravergine Toscano\",\"publisher\":{\"@id\":\"https:\\\/\\\/www.ilbottaccio.it\\\/de\\\/#organization\"},\"potentialAction\":[{\"@type\":\"SearchAction\",\"target\":{\"@type\":\"EntryPoint\",\"urlTemplate\":\"https:\\\/\\\/www.ilbottaccio.it\\\/de\\\/?s={search_term_string}\"},\"query-input\":{\"@type\":\"PropertyValueSpecification\",\"valueRequired\":true,\"valueName\":\"search_term_string\"}}],\"inLanguage\":\"de-DE\"},{\"@type\":\"Organization\",\"@id\":\"https:\\\/\\\/www.ilbottaccio.it\\\/de\\\/#organization\",\"name\":\"il Bottaccio\",\"url\":\"https:\\\/\\\/www.ilbottaccio.it\\\/de\\\/\",\"logo\":{\"@type\":\"ImageObject\",\"inLanguage\":\"de-DE\",\"@id\":\"https:\\\/\\\/www.ilbottaccio.it\\\/de\\\/#\\\/schema\\\/logo\\\/image\\\/\",\"url\":\"https:\\\/\\\/www.ilbottaccio.it\\\/web2\\\/wp-content\\\/uploads\\\/2024\\\/09\\\/Goccia_ilBottaccio.jpg\",\"contentUrl\":\"https:\\\/\\\/www.ilbottaccio.it\\\/web2\\\/wp-content\\\/uploads\\\/2024\\\/09\\\/Goccia_ilBottaccio.jpg\",\"width\":500,\"height\":500,\"caption\":\"il Bottaccio\"},\"image\":{\"@id\":\"https:\\\/\\\/www.ilbottaccio.it\\\/de\\\/#\\\/schema\\\/logo\\\/image\\\/\"},\"sameAs\":[\"https:\\\/\\\/it-it.facebook.com\\\/OlioilBottaccio\\\/\",\"https:\\\/\\\/www.instagram.com\\\/il_bottaccio\\\/\"]}]}<\/script>\n<!-- \/ Yoast SEO plugin. -->","yoast_head_json":{"title":"LECCINO Olivencreme in nativem Oliven\u00f6l extra 150 gr | il Bottaccio","description":"Pat\u00e8 aus schwarzen Leccino-Oliven in toskanischem Oliven\u00f6l extra vergine. Pat\u00e8 ideal f\u00fcr Vorspeisen, Bruschetta und zum Ankleiden von Nudelgerichten","robots":{"index":"index","follow":"follow","max-snippet":"max-snippet:-1","max-image-preview":"max-image-preview:large","max-video-preview":"max-video-preview:-1"},"canonical":"https:\/\/www.ilbottaccio.it\/de\/prodotto\/leccino-olivencreme-in-extra-nativem-ol-150-gr\/","og_locale":"de_DE","og_type":"article","og_title":"LECCINO Olivencreme in nativem Oliven\u00f6l extra 150 gr | il Bottaccio","og_description":"Pat\u00e8 aus schwarzen Leccino-Oliven in toskanischem Oliven\u00f6l extra vergine. Pat\u00e8 ideal f\u00fcr Vorspeisen, Bruschetta und zum Ankleiden von Nudelgerichten","og_url":"https:\/\/www.ilbottaccio.it\/de\/prodotto\/leccino-olivencreme-in-extra-nativem-ol-150-gr\/","og_site_name":"il Bottaccio | Olio Extravergine Toscano","article_publisher":"https:\/\/it-it.facebook.com\/OlioilBottaccio\/","article_modified_time":"2024-12-13T16:15:20+00:00","og_image":[{"width":1000,"height":1000,"url":"https:\/\/www.ilbottaccio.it\/web2\/wp-content\/uploads\/2020\/02\/CLEC150_Crema-di-olive-nere-Leccino-in-olio-extravergine.jpg","type":"image\/png"}],"twitter_card":"summary_large_image","schema":{"@context":"https:\/\/schema.org","@graph":[{"@type":"WebPage","@id":"https:\/\/www.ilbottaccio.it\/de\/prodotto\/leccino-olivencreme-in-extra-nativem-ol-150-gr\/","url":"https:\/\/www.ilbottaccio.it\/de\/prodotto\/leccino-olivencreme-in-extra-nativem-ol-150-gr\/","name":"LECCINO Olivencreme in nativem Oliven\u00f6l extra 150 gr | il Bottaccio","isPartOf":{"@id":"https:\/\/www.ilbottaccio.it\/de\/#website"},"primaryImageOfPage":{"@id":"https:\/\/www.ilbottaccio.it\/de\/prodotto\/leccino-olivencreme-in-extra-nativem-ol-150-gr\/#primaryimage"},"image":{"@id":"https:\/\/www.ilbottaccio.it\/de\/prodotto\/leccino-olivencreme-in-extra-nativem-ol-150-gr\/#primaryimage"},"thumbnailUrl":"https:\/\/www.ilbottaccio.it\/web2\/wp-content\/uploads\/2020\/02\/CLEC150_Crema-di-olive-nere-Leccino-in-olio-extravergine.jpg","datePublished":"2020-02-14T08:52:25+00:00","dateModified":"2024-12-13T16:15:20+00:00","description":"Pat\u00e8 aus schwarzen Leccino-Oliven in toskanischem Oliven\u00f6l extra vergine. Pat\u00e8 ideal f\u00fcr Vorspeisen, Bruschetta und zum Ankleiden von Nudelgerichten","breadcrumb":{"@id":"https:\/\/www.ilbottaccio.it\/de\/prodotto\/leccino-olivencreme-in-extra-nativem-ol-150-gr\/#breadcrumb"},"inLanguage":"de-DE","potentialAction":[{"@type":"ReadAction","target":["https:\/\/www.ilbottaccio.it\/de\/prodotto\/leccino-olivencreme-in-extra-nativem-ol-150-gr\/"]}]},{"@type":"ImageObject","inLanguage":"de-DE","@id":"https:\/\/www.ilbottaccio.it\/de\/prodotto\/leccino-olivencreme-in-extra-nativem-ol-150-gr\/#primaryimage","url":"https:\/\/www.ilbottaccio.it\/web2\/wp-content\/uploads\/2020\/02\/CLEC150_Crema-di-olive-nere-Leccino-in-olio-extravergine.jpg","contentUrl":"https:\/\/www.ilbottaccio.it\/web2\/wp-content\/uploads\/2020\/02\/CLEC150_Crema-di-olive-nere-Leccino-in-olio-extravergine.jpg","width":1000,"height":1000,"caption":"Leccino schwarze Oliven pat\u00e8 in toskanischem Oliven\u00f6l extra vergine. Pat\u00e8 ideal f\u00fcr Vorspeisen und Croutons oder zum Ankleiden von Nudelgerichten Pat\u00e8 ideal f\u00fcr Vorspeisen und Croutons oder zum Ankleiden von Nudelgerichten"},{"@type":"BreadcrumbList","@id":"https:\/\/www.ilbottaccio.it\/de\/prodotto\/leccino-olivencreme-in-extra-nativem-ol-150-gr\/#breadcrumb","itemListElement":[{"@type":"ListItem","position":1,"name":"Home","item":"https:\/\/www.ilbottaccio.it\/de\/home\/"},{"@type":"ListItem","position":2,"name":"Gesch\u00e4ft","item":"https:\/\/www.ilbottaccio.it\/de\/shop-2\/"},{"@type":"ListItem","position":3,"name":"LECCINO Olivencreme in nativem Oliven\u00f6l extra 150 gr"}]},{"@type":"WebSite","@id":"https:\/\/www.ilbottaccio.it\/de\/#website","url":"https:\/\/www.ilbottaccio.it\/de\/","name":"il Bottaccio | Olio Extravergine Toscano","description":"Olio Extravergine Toscano","publisher":{"@id":"https:\/\/www.ilbottaccio.it\/de\/#organization"},"potentialAction":[{"@type":"SearchAction","target":{"@type":"EntryPoint","urlTemplate":"https:\/\/www.ilbottaccio.it\/de\/?s={search_term_string}"},"query-input":{"@type":"PropertyValueSpecification","valueRequired":true,"valueName":"search_term_string"}}],"inLanguage":"de-DE"},{"@type":"Organization","@id":"https:\/\/www.ilbottaccio.it\/de\/#organization","name":"il Bottaccio","url":"https:\/\/www.ilbottaccio.it\/de\/","logo":{"@type":"ImageObject","inLanguage":"de-DE","@id":"https:\/\/www.ilbottaccio.it\/de\/#\/schema\/logo\/image\/","url":"https:\/\/www.ilbottaccio.it\/web2\/wp-content\/uploads\/2024\/09\/Goccia_ilBottaccio.jpg","contentUrl":"https:\/\/www.ilbottaccio.it\/web2\/wp-content\/uploads\/2024\/09\/Goccia_ilBottaccio.jpg","width":500,"height":500,"caption":"il Bottaccio"},"image":{"@id":"https:\/\/www.ilbottaccio.it\/de\/#\/schema\/logo\/image\/"},"sameAs":["https:\/\/it-it.facebook.com\/OlioilBottaccio\/","https:\/\/www.instagram.com\/il_bottaccio\/"]}]}},"_links":{"self":[{"href":"https:\/\/www.ilbottaccio.it\/de\/wp-json\/wp\/v2\/product\/12887","targetHints":{"allow":["GET"]}}],"collection":[{"href":"https:\/\/www.ilbottaccio.it\/de\/wp-json\/wp\/v2\/product"}],"about":[{"href":"https:\/\/www.ilbottaccio.it\/de\/wp-json\/wp\/v2\/types\/product"}],"wp:featuredmedia":[{"embeddable":true,"href":"https:\/\/www.ilbottaccio.it\/de\/wp-json\/wp\/v2\/media\/18418"}],"wp:attachment":[{"href":"https:\/\/www.ilbottaccio.it\/de\/wp-json\/wp\/v2\/media?parent=12887"}],"wp:term":[{"taxonomy":"product_brand","embeddable":true,"href":"https:\/\/www.ilbottaccio.it\/de\/wp-json\/wp\/v2\/product_brand?post=12887"},{"taxonomy":"product_cat","embeddable":true,"href":"https:\/\/www.ilbottaccio.it\/de\/wp-json\/wp\/v2\/product_cat?post=12887"},{"taxonomy":"product_tag","embeddable":true,"href":"https:\/\/www.ilbottaccio.it\/de\/wp-json\/wp\/v2\/product_tag?post=12887"}],"curies":[{"name":"wp","href":"https:\/\/api.w.org\/{rel}","templated":true}]}}