{"id":13239,"date":"2020-01-20T15:10:10","date_gmt":"2020-01-20T15:10:10","guid":{"rendered":"http:www.ilbottaccio.it\/prodotto\/alles-leccino-natives-olivenol-extra-250ml\/"},"modified":"2025-11-21T15:08:54","modified_gmt":"2025-11-21T15:08:54","slug":"natives-olivenol-extra-tutto-leccino-250ml","status":"publish","type":"product","link":"https:\/\/www.ilbottaccio.it\/de\/prodotto\/natives-olivenol-extra-tutto-leccino-250ml\/","title":{"rendered":"Bio-Oliven\u00f6l extra vergine Tutto Leccino 250ml"},"content":{"rendered":"","protected":false},"excerpt":{"rendered":"<p><strong>Oliven\u00f6lkampagne:<\/strong> 2025\/2026<\/p>\n<p><strong>Produktionsbereich<\/strong>: Monterotondo Marittimo<\/p>\n<p><strong>Olivenhaine<\/strong>: Junge Olivenb\u00e4ume in einer flachen Fl\u00e4che<\/p>\n<p><strong>Cultivar:<\/strong> Reinsortiger 100% biologischer Leccino<\/p>\n<p><strong>Erntezeit<\/strong>: Vom 1. bis 15. Oktober<\/p>\n<p><strong>Aussehen<\/strong>: Hellgr\u00fcn<\/p>\n<p><strong>Auf der Nase:<\/strong>Elegant mit einem Hauch von gr\u00fcnen Oliven und Noten von Mandeln und Artischocken<\/p>\n<p><strong>Am Gaumen<\/strong>: Zart, leicht intensiv, weich, aber anhaltend bitter und w\u00fcrzig<\/p>\n<p><strong>Paarungen:<\/strong> Perfekt f\u00fcr Fischgerichte, Octopus Carpaccio, Schwertfischsalate, marinierten blauen Fisch und gegrillten Thunfisch<\/p>\n<p><img loading=\"lazy\" decoding=\"async\" class=\"alignnone wp-image-20523\" title=\"Bio-Produkt\" src=\"https:\/\/www.ilbottaccio.it\/web2\/wp-content\/uploads\/2020\/01\/Biologico-1.png\" alt=\"Bio-Produkt\" width=\"119\" height=\"119\"><\/p>\n<hr class=\"\" style=\"margin:0 auto 30px;\"\/>\n\n<p class=\"p1\"><em>&#8220;\u00d6l m\u00e4\u00dfig voll von s\u00fc\u00dflichen Aromen, sehr weich und reif mit leicht angebratenem Mangold und Spinat, Olivenmark von ausgepr\u00e4gter Zartheit mit leicht fruchtigem bisweilen reifem, schon in der Nase ziemlich scharf mit Spuren von gelben Blumen, G\u00e4nsebl\u00fcmchen und scharfen Gew\u00fcrzen. Der Geschmack ist scharf und bitter nach Olivenmark, Artischocke und leicht ger\u00f6steten Mandeln. Das gekochte Gem\u00fcse ist sehr pr\u00e4sent, s\u00fc\u00df und weich mit einem bitteren und scharfen Nachgeschmack von sehr feinem wei\u00dfem Pfeffer. Aromatisch und warm gibt es uns ein pflanzliches Finish, gemischt mit getrockneten Mandelfr\u00fcchten, Haseln\u00fcssen und roten Tomaten.&#8221; <\/em><em><strong>Federico Mannozzi <\/strong><\/em><img loading=\"lazy\" decoding=\"async\" class=\"wp-image-20532 alignright\" title=\"Taste of Virgin Olive Oils\" src=\"https:\/\/www.ilbottaccio.it\/web2\/wp-content\/uploads\/2020\/01\/LOGO-Taste-of-Virgin-Olive-Oils-NERO-1-750x159.png\" alt=\"Taste of Virgin Olive Oils\" width=\"230\" height=\"49\"><\/p>\n<hr class=\"\" style=\"margin:0 auto 30px;\"\/>\n\n","protected":false},"featured_media":23686,"template":"","meta":[],"product_brand":[],"product_cat":[253,244,255],"product_tag":[304,297,301],"class_list":{"0":"post-13239","1":"product","2":"type-product","3":"status-publish","4":"has-post-thumbnail","6":"product_cat-monokultur","7":"product_cat-natives-olivenol-extra","8":"product_cat-tutto-leccino-de","9":"product_tag-biologico-de","10":"product_tag-flasche-250-ml","11":"product_tag-leccino-oliven-2","13":"first","14":"instock","15":"shipping-taxable","16":"purchasable","17":"product-type-simple"},"yoast_head":"<!-- This site is optimized with the Yoast SEO plugin v27.4 - https:\/\/yoast.com\/product\/yoast-seo-wordpress\/ -->\n<title>Bio-Oliven\u00f6l extra vergine Leccino monocultivar | 250 ml | il Bottaccio<\/title>\n<meta name=\"description\" content=\"Monokultivar, hergestellt aus toskanischen Bio-Leccino-Oliven. Zartes natives Oliven\u00f6l extra, von leichter Intensit\u00e4t, weich und anhaltend bitter und w\u00fcrzig\" \/>\n<meta name=\"robots\" content=\"index, follow, max-snippet:-1, max-image-preview:large, max-video-preview:-1\" \/>\n<link rel=\"canonical\" href=\"https:\/\/www.ilbottaccio.it\/de\/prodotto\/natives-olivenol-extra-tutto-leccino-250ml\/\" \/>\n<meta property=\"og:locale\" content=\"de_DE\" \/>\n<meta property=\"og:type\" content=\"article\" \/>\n<meta property=\"og:title\" content=\"Bio-Oliven\u00f6l extra vergine Leccino monocultivar | 250 ml | il Bottaccio\" \/>\n<meta property=\"og:description\" content=\"Monokultivar, hergestellt aus toskanischen Bio-Leccino-Oliven. Zartes natives Oliven\u00f6l extra, von leichter Intensit\u00e4t, weich und anhaltend bitter und w\u00fcrzig\" \/>\n<meta property=\"og:url\" content=\"https:\/\/www.ilbottaccio.it\/de\/prodotto\/natives-olivenol-extra-tutto-leccino-250ml\/\" \/>\n<meta property=\"og:site_name\" content=\"il Bottaccio | Olio Extravergine Toscano\" \/>\n<meta property=\"article:publisher\" content=\"https:\/\/it-it.facebook.com\/OlioilBottaccio\/\" \/>\n<meta property=\"article:modified_time\" content=\"2025-11-21T15:08:54+00:00\" \/>\n<meta property=\"og:image\" content=\"https:\/\/www.ilbottaccio.it\/web2\/wp-content\/uploads\/2020\/01\/Olio_extravergine_Toscano_Monocultivar_Leccino_LEC250-2-1.jpg\" \/>\n\t<meta property=\"og:image:width\" content=\"1000\" \/>\n\t<meta property=\"og:image:height\" content=\"1000\" \/>\n\t<meta property=\"og:image:type\" content=\"image\/png\" \/>\n<meta name=\"twitter:card\" content=\"summary_large_image\" \/>\n<script type=\"application\/ld+json\" class=\"yoast-schema-graph\">{\"@context\":\"https:\\\/\\\/schema.org\",\"@graph\":[{\"@type\":\"WebPage\",\"@id\":\"https:\\\/\\\/www.ilbottaccio.it\\\/de\\\/prodotto\\\/natives-olivenol-extra-tutto-leccino-250ml\\\/\",\"url\":\"https:\\\/\\\/www.ilbottaccio.it\\\/de\\\/prodotto\\\/natives-olivenol-extra-tutto-leccino-250ml\\\/\",\"name\":\"Bio-Oliven\u00f6l extra vergine Leccino monocultivar | 250 ml | il Bottaccio\",\"isPartOf\":{\"@id\":\"https:\\\/\\\/www.ilbottaccio.it\\\/de\\\/#website\"},\"primaryImageOfPage\":{\"@id\":\"https:\\\/\\\/www.ilbottaccio.it\\\/de\\\/prodotto\\\/natives-olivenol-extra-tutto-leccino-250ml\\\/#primaryimage\"},\"image\":{\"@id\":\"https:\\\/\\\/www.ilbottaccio.it\\\/de\\\/prodotto\\\/natives-olivenol-extra-tutto-leccino-250ml\\\/#primaryimage\"},\"thumbnailUrl\":\"https:\\\/\\\/www.ilbottaccio.it\\\/web2\\\/wp-content\\\/uploads\\\/2020\\\/01\\\/Olio_extravergine_Toscano_Monocultivar_Leccino_LEC250-2-1.jpg\",\"datePublished\":\"2020-01-20T15:10:10+00:00\",\"dateModified\":\"2025-11-21T15:08:54+00:00\",\"description\":\"Monokultivar, hergestellt aus toskanischen Bio-Leccino-Oliven. Zartes natives Oliven\u00f6l extra, von leichter Intensit\u00e4t, weich und anhaltend bitter und w\u00fcrzig\",\"breadcrumb\":{\"@id\":\"https:\\\/\\\/www.ilbottaccio.it\\\/de\\\/prodotto\\\/natives-olivenol-extra-tutto-leccino-250ml\\\/#breadcrumb\"},\"inLanguage\":\"de-DE\",\"potentialAction\":[{\"@type\":\"ReadAction\",\"target\":[\"https:\\\/\\\/www.ilbottaccio.it\\\/de\\\/prodotto\\\/natives-olivenol-extra-tutto-leccino-250ml\\\/\"]}]},{\"@type\":\"ImageObject\",\"inLanguage\":\"de-DE\",\"@id\":\"https:\\\/\\\/www.ilbottaccio.it\\\/de\\\/prodotto\\\/natives-olivenol-extra-tutto-leccino-250ml\\\/#primaryimage\",\"url\":\"https:\\\/\\\/www.ilbottaccio.it\\\/web2\\\/wp-content\\\/uploads\\\/2020\\\/01\\\/Olio_extravergine_Toscano_Monocultivar_Leccino_LEC250-2-1.jpg\",\"contentUrl\":\"https:\\\/\\\/www.ilbottaccio.it\\\/web2\\\/wp-content\\\/uploads\\\/2020\\\/01\\\/Olio_extravergine_Toscano_Monocultivar_Leccino_LEC250-2-1.jpg\",\"width\":1000,\"height\":1000,\"caption\":\"Olio extravergine Toscano Monocultivar Leccino 250ml, shop online\"},{\"@type\":\"BreadcrumbList\",\"@id\":\"https:\\\/\\\/www.ilbottaccio.it\\\/de\\\/prodotto\\\/natives-olivenol-extra-tutto-leccino-250ml\\\/#breadcrumb\",\"itemListElement\":[{\"@type\":\"ListItem\",\"position\":1,\"name\":\"Home\",\"item\":\"https:\\\/\\\/www.ilbottaccio.it\\\/de\\\/home\\\/\"},{\"@type\":\"ListItem\",\"position\":2,\"name\":\"Gesch\u00e4ft\",\"item\":\"https:\\\/\\\/www.ilbottaccio.it\\\/de\\\/shop-2\\\/\"},{\"@type\":\"ListItem\",\"position\":3,\"name\":\"Bio-Oliven\u00f6l extra vergine Tutto Leccino 250ml\"}]},{\"@type\":\"WebSite\",\"@id\":\"https:\\\/\\\/www.ilbottaccio.it\\\/de\\\/#website\",\"url\":\"https:\\\/\\\/www.ilbottaccio.it\\\/de\\\/\",\"name\":\"il Bottaccio | Olio Extravergine Toscano\",\"description\":\"Olio Extravergine Toscano\",\"publisher\":{\"@id\":\"https:\\\/\\\/www.ilbottaccio.it\\\/de\\\/#organization\"},\"potentialAction\":[{\"@type\":\"SearchAction\",\"target\":{\"@type\":\"EntryPoint\",\"urlTemplate\":\"https:\\\/\\\/www.ilbottaccio.it\\\/de\\\/?s={search_term_string}\"},\"query-input\":{\"@type\":\"PropertyValueSpecification\",\"valueRequired\":true,\"valueName\":\"search_term_string\"}}],\"inLanguage\":\"de-DE\"},{\"@type\":\"Organization\",\"@id\":\"https:\\\/\\\/www.ilbottaccio.it\\\/de\\\/#organization\",\"name\":\"il Bottaccio\",\"url\":\"https:\\\/\\\/www.ilbottaccio.it\\\/de\\\/\",\"logo\":{\"@type\":\"ImageObject\",\"inLanguage\":\"de-DE\",\"@id\":\"https:\\\/\\\/www.ilbottaccio.it\\\/de\\\/#\\\/schema\\\/logo\\\/image\\\/\",\"url\":\"https:\\\/\\\/www.ilbottaccio.it\\\/web2\\\/wp-content\\\/uploads\\\/2024\\\/09\\\/Goccia_ilBottaccio.jpg\",\"contentUrl\":\"https:\\\/\\\/www.ilbottaccio.it\\\/web2\\\/wp-content\\\/uploads\\\/2024\\\/09\\\/Goccia_ilBottaccio.jpg\",\"width\":500,\"height\":500,\"caption\":\"il Bottaccio\"},\"image\":{\"@id\":\"https:\\\/\\\/www.ilbottaccio.it\\\/de\\\/#\\\/schema\\\/logo\\\/image\\\/\"},\"sameAs\":[\"https:\\\/\\\/it-it.facebook.com\\\/OlioilBottaccio\\\/\",\"https:\\\/\\\/www.instagram.com\\\/il_bottaccio\\\/\"]}]}<\/script>\n<!-- \/ Yoast SEO plugin. -->","yoast_head_json":{"title":"Bio-Oliven\u00f6l extra vergine Leccino monocultivar | 250 ml | il Bottaccio","description":"Monokultivar, hergestellt aus toskanischen Bio-Leccino-Oliven. Zartes natives Oliven\u00f6l extra, von leichter Intensit\u00e4t, weich und anhaltend bitter und w\u00fcrzig","robots":{"index":"index","follow":"follow","max-snippet":"max-snippet:-1","max-image-preview":"max-image-preview:large","max-video-preview":"max-video-preview:-1"},"canonical":"https:\/\/www.ilbottaccio.it\/de\/prodotto\/natives-olivenol-extra-tutto-leccino-250ml\/","og_locale":"de_DE","og_type":"article","og_title":"Bio-Oliven\u00f6l extra vergine Leccino monocultivar | 250 ml | il Bottaccio","og_description":"Monokultivar, hergestellt aus toskanischen Bio-Leccino-Oliven. Zartes natives Oliven\u00f6l extra, von leichter Intensit\u00e4t, weich und anhaltend bitter und w\u00fcrzig","og_url":"https:\/\/www.ilbottaccio.it\/de\/prodotto\/natives-olivenol-extra-tutto-leccino-250ml\/","og_site_name":"il Bottaccio | Olio Extravergine Toscano","article_publisher":"https:\/\/it-it.facebook.com\/OlioilBottaccio\/","article_modified_time":"2025-11-21T15:08:54+00:00","og_image":[{"width":1000,"height":1000,"url":"https:\/\/www.ilbottaccio.it\/web2\/wp-content\/uploads\/2020\/01\/Olio_extravergine_Toscano_Monocultivar_Leccino_LEC250-2-1.jpg","type":"image\/png"}],"twitter_card":"summary_large_image","schema":{"@context":"https:\/\/schema.org","@graph":[{"@type":"WebPage","@id":"https:\/\/www.ilbottaccio.it\/de\/prodotto\/natives-olivenol-extra-tutto-leccino-250ml\/","url":"https:\/\/www.ilbottaccio.it\/de\/prodotto\/natives-olivenol-extra-tutto-leccino-250ml\/","name":"Bio-Oliven\u00f6l extra vergine Leccino monocultivar | 250 ml | il Bottaccio","isPartOf":{"@id":"https:\/\/www.ilbottaccio.it\/de\/#website"},"primaryImageOfPage":{"@id":"https:\/\/www.ilbottaccio.it\/de\/prodotto\/natives-olivenol-extra-tutto-leccino-250ml\/#primaryimage"},"image":{"@id":"https:\/\/www.ilbottaccio.it\/de\/prodotto\/natives-olivenol-extra-tutto-leccino-250ml\/#primaryimage"},"thumbnailUrl":"https:\/\/www.ilbottaccio.it\/web2\/wp-content\/uploads\/2020\/01\/Olio_extravergine_Toscano_Monocultivar_Leccino_LEC250-2-1.jpg","datePublished":"2020-01-20T15:10:10+00:00","dateModified":"2025-11-21T15:08:54+00:00","description":"Monokultivar, hergestellt aus toskanischen Bio-Leccino-Oliven. Zartes natives Oliven\u00f6l extra, von leichter Intensit\u00e4t, weich und anhaltend bitter und w\u00fcrzig","breadcrumb":{"@id":"https:\/\/www.ilbottaccio.it\/de\/prodotto\/natives-olivenol-extra-tutto-leccino-250ml\/#breadcrumb"},"inLanguage":"de-DE","potentialAction":[{"@type":"ReadAction","target":["https:\/\/www.ilbottaccio.it\/de\/prodotto\/natives-olivenol-extra-tutto-leccino-250ml\/"]}]},{"@type":"ImageObject","inLanguage":"de-DE","@id":"https:\/\/www.ilbottaccio.it\/de\/prodotto\/natives-olivenol-extra-tutto-leccino-250ml\/#primaryimage","url":"https:\/\/www.ilbottaccio.it\/web2\/wp-content\/uploads\/2020\/01\/Olio_extravergine_Toscano_Monocultivar_Leccino_LEC250-2-1.jpg","contentUrl":"https:\/\/www.ilbottaccio.it\/web2\/wp-content\/uploads\/2020\/01\/Olio_extravergine_Toscano_Monocultivar_Leccino_LEC250-2-1.jpg","width":1000,"height":1000,"caption":"Olio extravergine Toscano Monocultivar Leccino 250ml, shop online"},{"@type":"BreadcrumbList","@id":"https:\/\/www.ilbottaccio.it\/de\/prodotto\/natives-olivenol-extra-tutto-leccino-250ml\/#breadcrumb","itemListElement":[{"@type":"ListItem","position":1,"name":"Home","item":"https:\/\/www.ilbottaccio.it\/de\/home\/"},{"@type":"ListItem","position":2,"name":"Gesch\u00e4ft","item":"https:\/\/www.ilbottaccio.it\/de\/shop-2\/"},{"@type":"ListItem","position":3,"name":"Bio-Oliven\u00f6l extra vergine Tutto Leccino 250ml"}]},{"@type":"WebSite","@id":"https:\/\/www.ilbottaccio.it\/de\/#website","url":"https:\/\/www.ilbottaccio.it\/de\/","name":"il Bottaccio | Olio Extravergine Toscano","description":"Olio Extravergine Toscano","publisher":{"@id":"https:\/\/www.ilbottaccio.it\/de\/#organization"},"potentialAction":[{"@type":"SearchAction","target":{"@type":"EntryPoint","urlTemplate":"https:\/\/www.ilbottaccio.it\/de\/?s={search_term_string}"},"query-input":{"@type":"PropertyValueSpecification","valueRequired":true,"valueName":"search_term_string"}}],"inLanguage":"de-DE"},{"@type":"Organization","@id":"https:\/\/www.ilbottaccio.it\/de\/#organization","name":"il Bottaccio","url":"https:\/\/www.ilbottaccio.it\/de\/","logo":{"@type":"ImageObject","inLanguage":"de-DE","@id":"https:\/\/www.ilbottaccio.it\/de\/#\/schema\/logo\/image\/","url":"https:\/\/www.ilbottaccio.it\/web2\/wp-content\/uploads\/2024\/09\/Goccia_ilBottaccio.jpg","contentUrl":"https:\/\/www.ilbottaccio.it\/web2\/wp-content\/uploads\/2024\/09\/Goccia_ilBottaccio.jpg","width":500,"height":500,"caption":"il Bottaccio"},"image":{"@id":"https:\/\/www.ilbottaccio.it\/de\/#\/schema\/logo\/image\/"},"sameAs":["https:\/\/it-it.facebook.com\/OlioilBottaccio\/","https:\/\/www.instagram.com\/il_bottaccio\/"]}]}},"_links":{"self":[{"href":"https:\/\/www.ilbottaccio.it\/de\/wp-json\/wp\/v2\/product\/13239","targetHints":{"allow":["GET"]}}],"collection":[{"href":"https:\/\/www.ilbottaccio.it\/de\/wp-json\/wp\/v2\/product"}],"about":[{"href":"https:\/\/www.ilbottaccio.it\/de\/wp-json\/wp\/v2\/types\/product"}],"wp:featuredmedia":[{"embeddable":true,"href":"https:\/\/www.ilbottaccio.it\/de\/wp-json\/wp\/v2\/media\/23686"}],"wp:attachment":[{"href":"https:\/\/www.ilbottaccio.it\/de\/wp-json\/wp\/v2\/media?parent=13239"}],"wp:term":[{"taxonomy":"product_brand","embeddable":true,"href":"https:\/\/www.ilbottaccio.it\/de\/wp-json\/wp\/v2\/product_brand?post=13239"},{"taxonomy":"product_cat","embeddable":true,"href":"https:\/\/www.ilbottaccio.it\/de\/wp-json\/wp\/v2\/product_cat?post=13239"},{"taxonomy":"product_tag","embeddable":true,"href":"https:\/\/www.ilbottaccio.it\/de\/wp-json\/wp\/v2\/product_tag?post=13239"}],"curies":[{"name":"wp","href":"https:\/\/api.w.org\/{rel}","templated":true}]}}