{"id":13245,"date":"2020-01-20T14:48:40","date_gmt":"2020-01-20T14:48:40","guid":{"rendered":"http:www.ilbottaccio.it\/prodotto\/alle-frantoiano-olivenol-extra-vergine-100ml\/"},"modified":"2025-11-21T15:18:24","modified_gmt":"2025-11-21T15:18:24","slug":"tutto-frantoiano-extra-virgine-ol-100ml","status":"publish","type":"product","link":"https:\/\/www.ilbottaccio.it\/de\/prodotto\/tutto-frantoiano-extra-virgine-ol-100ml\/","title":{"rendered":"Bio-Oliven\u00f6l extra vergine Tutto Frantoiano 100ml"},"content":{"rendered":"","protected":false},"excerpt":{"rendered":"<p><strong>Oliven\u00f6lkampagne:<\/strong> 2025\/2026<\/p>\n<p><strong>Produktionsbereich<\/strong>: Venturina Terme, 50 m. s.l.m.<\/p>\n<p><strong>Olivenhaine<\/strong>: Oliven 30\/35 Jahre alt, in einer flachen Gegend<\/p>\n<p><strong>Cultivar:<\/strong> Monovariet\u00e4t 100% Frantoiano Bio<\/p>\n<p><strong>Erntezeit<\/strong>: Vom 1. bis 15. Oktober<\/p>\n<p><strong>Aussehen<\/strong>: Gr\u00fcn mit goldenen Reflexen<\/p>\n<p><strong>Aussehen<\/strong>: Gr\u00fcn mit goldenen Reflexen<\/p>\n<p><strong>Am Gaumen:<\/strong> Wichtig bitter und w\u00fcrzig mit einem angenehmen kr\u00e4uterigen Nachgeschmack<\/p>\n<p><strong>Paarungen:<\/strong> Gemischte Salate aus Gem\u00fcse, Fisch und gegrilltem wei\u00dfem Fleisch. Ideal f\u00fcr Bruschetta<\/p>\n<p><img loading=\"lazy\" decoding=\"async\" class=\"alignnone wp-image-20523\" title=\"Bio-Produkt\" src=\"https:\/\/www.ilbottaccio.it\/web2\/wp-content\/uploads\/2020\/01\/Biologico-1.png\" alt=\"Bio-Produkt\" width=\"119\" height=\"119\"><img loading=\"lazy\" decoding=\"async\" class=\"alignnone wp-image-14962\" src=\"https:\/\/www.ilbottaccio.it\/web2\/wp-content\/uploads\/2020\/01\/Olio-extravergine-di-oliva-Toscano-Premio-Gambero-Rosso.png\" alt=\"Bestes natives Oliven\u00f6l extra Gambero Rosso\" width=\"165\" height=\"130\"><\/p>\n<hr class=\"\" style=\"margin:0 auto 30px;\"\/>\n\n<p class=\"p1\"><em>&#8220;\u00d6l mit hervorragenden Eigenschaften mit sehr gr\u00fcnen, konzentrierten und bitteren Aromen, das auf Bitterdistel, unreife Tomate, frische Mandel und Schwarzkohl zur\u00fcckzuf\u00fchren ist. Sehr pflanzlich und krautig, reich an bei\u00dfendem und scharfem unreifen Saft. Olivenmark \u00fcberlegen, perfekt fett und sofort, Frank in seiner besonderen Sorte mit einem Abgang von Thymian und s\u00fc\u00dfem Salbei.Der Geschmack ist sehr bitter, kraftvoll und entschieden, ausgestattet mit einer sehr feinen und warmen Sch\u00e4rfe von schwarzem Pfeffer.Seine Sch\u00e4rfe wird von einer ganz besonderen und interessanten Fruchts\u00fc\u00dfe begleitet ausgezeichnete Persistenz, wo der edle Fettanteil eine extraktive Qualit\u00e4t best\u00e4tigt, die eines gro\u00dfen Frantoio Monocultivar w\u00fcrdig ist. Feuer und Kraft, Bitterkeit und Charakter, Geschmack und Konsistenz, wo sich das \u00fcberlegene Fruchtfleisch der Olive mit der Eigenart ihrer Natur mit einer gut gemischten Struktur verbindet ganz.&#8221; <\/em><em><strong>Federico Mannozzi <\/strong><\/em><img loading=\"lazy\" decoding=\"async\" class=\"wp-image-20532 alignright\" title=\"Taste of Virgin Olive Oils\" src=\"https:\/\/www.ilbottaccio.it\/web2\/wp-content\/uploads\/2020\/01\/LOGO-Taste-of-Virgin-Olive-Oils-NERO-1-750x159.png\" alt=\"Taste of Virgin Olive Oils\" width=\"230\" height=\"49\"><\/p>\n<hr class=\"\" style=\"margin:0 auto 30px;\"\/>\n\n","protected":false},"featured_media":23702,"template":"","meta":[],"product_brand":[],"product_cat":[253,244,254],"product_tag":[298,304,302],"class_list":{"0":"post-13245","1":"product","2":"type-product","3":"status-publish","4":"has-post-thumbnail","6":"product_cat-monokultur","7":"product_cat-natives-olivenol-extra","8":"product_cat-tutto-frantoiano-de","9":"product_tag-100-ml-flasche","10":"product_tag-biologico-de","11":"product_tag-frantoiano-oliven","13":"first","14":"instock","15":"shipping-taxable","16":"purchasable","17":"product-type-simple"},"yoast_head":"<!-- This site is optimized with the Yoast SEO plugin v27.4 - https:\/\/yoast.com\/product\/yoast-seo-wordpress\/ -->\n<title>Extra natives Oliven\u00f6l aus reiner Sorte 100 % Frantoiano Bio | il Bottaccio<\/title>\n<meta name=\"description\" content=\"Monokultivar 100% Bio-Frantoiano, nur aus toskanischen Frantoian-Oliven gewonnen. Hervorragend geeignet f\u00fcr gemischte Salate, Fisch und gegrilltes wei\u00dfes Fleisch.\" \/>\n<meta name=\"robots\" content=\"index, follow, max-snippet:-1, max-image-preview:large, max-video-preview:-1\" \/>\n<link rel=\"canonical\" href=\"https:\/\/www.ilbottaccio.it\/de\/prodotto\/tutto-frantoiano-extra-virgine-ol-100ml\/\" \/>\n<meta property=\"og:locale\" content=\"de_DE\" \/>\n<meta property=\"og:type\" content=\"article\" \/>\n<meta property=\"og:title\" content=\"Extra natives Oliven\u00f6l aus reiner Sorte 100 % Frantoiano Bio | il Bottaccio\" \/>\n<meta property=\"og:description\" content=\"Monokultivar 100% Bio-Frantoiano, nur aus toskanischen Frantoian-Oliven gewonnen. Hervorragend geeignet f\u00fcr gemischte Salate, Fisch und gegrilltes wei\u00dfes Fleisch.\" \/>\n<meta property=\"og:url\" content=\"https:\/\/www.ilbottaccio.it\/de\/prodotto\/tutto-frantoiano-extra-virgine-ol-100ml\/\" \/>\n<meta property=\"og:site_name\" content=\"il Bottaccio | Olio Extravergine Toscano\" \/>\n<meta property=\"article:publisher\" content=\"https:\/\/it-it.facebook.com\/OlioilBottaccio\/\" \/>\n<meta property=\"article:modified_time\" content=\"2025-11-21T15:18:24+00:00\" \/>\n<meta property=\"og:image\" content=\"https:\/\/www.ilbottaccio.it\/web2\/wp-content\/uploads\/2020\/01\/Olio_extravergine_Toscano_Monocultivar_Frantoiano_FRA100-2-1.jpg\" \/>\n\t<meta property=\"og:image:width\" content=\"1000\" \/>\n\t<meta property=\"og:image:height\" content=\"1000\" \/>\n\t<meta property=\"og:image:type\" content=\"image\/png\" \/>\n<meta name=\"twitter:card\" content=\"summary_large_image\" \/>\n<script type=\"application\/ld+json\" class=\"yoast-schema-graph\">{\"@context\":\"https:\\\/\\\/schema.org\",\"@graph\":[{\"@type\":\"WebPage\",\"@id\":\"https:\\\/\\\/www.ilbottaccio.it\\\/de\\\/prodotto\\\/tutto-frantoiano-extra-virgine-ol-100ml\\\/\",\"url\":\"https:\\\/\\\/www.ilbottaccio.it\\\/de\\\/prodotto\\\/tutto-frantoiano-extra-virgine-ol-100ml\\\/\",\"name\":\"Extra natives Oliven\u00f6l aus reiner Sorte 100 % Frantoiano Bio | il Bottaccio\",\"isPartOf\":{\"@id\":\"https:\\\/\\\/www.ilbottaccio.it\\\/de\\\/#website\"},\"primaryImageOfPage\":{\"@id\":\"https:\\\/\\\/www.ilbottaccio.it\\\/de\\\/prodotto\\\/tutto-frantoiano-extra-virgine-ol-100ml\\\/#primaryimage\"},\"image\":{\"@id\":\"https:\\\/\\\/www.ilbottaccio.it\\\/de\\\/prodotto\\\/tutto-frantoiano-extra-virgine-ol-100ml\\\/#primaryimage\"},\"thumbnailUrl\":\"https:\\\/\\\/www.ilbottaccio.it\\\/web2\\\/wp-content\\\/uploads\\\/2020\\\/01\\\/Olio_extravergine_Toscano_Monocultivar_Frantoiano_FRA100-2-1.jpg\",\"datePublished\":\"2020-01-20T14:48:40+00:00\",\"dateModified\":\"2025-11-21T15:18:24+00:00\",\"description\":\"Monokultivar 100% Bio-Frantoiano, nur aus toskanischen Frantoian-Oliven gewonnen. Hervorragend geeignet f\u00fcr gemischte Salate, Fisch und gegrilltes wei\u00dfes Fleisch.\",\"breadcrumb\":{\"@id\":\"https:\\\/\\\/www.ilbottaccio.it\\\/de\\\/prodotto\\\/tutto-frantoiano-extra-virgine-ol-100ml\\\/#breadcrumb\"},\"inLanguage\":\"de-DE\",\"potentialAction\":[{\"@type\":\"ReadAction\",\"target\":[\"https:\\\/\\\/www.ilbottaccio.it\\\/de\\\/prodotto\\\/tutto-frantoiano-extra-virgine-ol-100ml\\\/\"]}]},{\"@type\":\"ImageObject\",\"inLanguage\":\"de-DE\",\"@id\":\"https:\\\/\\\/www.ilbottaccio.it\\\/de\\\/prodotto\\\/tutto-frantoiano-extra-virgine-ol-100ml\\\/#primaryimage\",\"url\":\"https:\\\/\\\/www.ilbottaccio.it\\\/web2\\\/wp-content\\\/uploads\\\/2020\\\/01\\\/Olio_extravergine_Toscano_Monocultivar_Frantoiano_FRA100-2-1.jpg\",\"contentUrl\":\"https:\\\/\\\/www.ilbottaccio.it\\\/web2\\\/wp-content\\\/uploads\\\/2020\\\/01\\\/Olio_extravergine_Toscano_Monocultivar_Frantoiano_FRA100-2-1.jpg\",\"width\":1000,\"height\":1000,\"caption\":\"Olio extravergine biologicoToscano Monovarietale Frantoiano 100ml, shop online\"},{\"@type\":\"BreadcrumbList\",\"@id\":\"https:\\\/\\\/www.ilbottaccio.it\\\/de\\\/prodotto\\\/tutto-frantoiano-extra-virgine-ol-100ml\\\/#breadcrumb\",\"itemListElement\":[{\"@type\":\"ListItem\",\"position\":1,\"name\":\"Home\",\"item\":\"https:\\\/\\\/www.ilbottaccio.it\\\/de\\\/home\\\/\"},{\"@type\":\"ListItem\",\"position\":2,\"name\":\"Gesch\u00e4ft\",\"item\":\"https:\\\/\\\/www.ilbottaccio.it\\\/de\\\/shop-2\\\/\"},{\"@type\":\"ListItem\",\"position\":3,\"name\":\"Bio-Oliven\u00f6l extra vergine Tutto Frantoiano 100ml\"}]},{\"@type\":\"WebSite\",\"@id\":\"https:\\\/\\\/www.ilbottaccio.it\\\/de\\\/#website\",\"url\":\"https:\\\/\\\/www.ilbottaccio.it\\\/de\\\/\",\"name\":\"il Bottaccio | Olio Extravergine Toscano\",\"description\":\"Olio Extravergine Toscano\",\"publisher\":{\"@id\":\"https:\\\/\\\/www.ilbottaccio.it\\\/de\\\/#organization\"},\"potentialAction\":[{\"@type\":\"SearchAction\",\"target\":{\"@type\":\"EntryPoint\",\"urlTemplate\":\"https:\\\/\\\/www.ilbottaccio.it\\\/de\\\/?s={search_term_string}\"},\"query-input\":{\"@type\":\"PropertyValueSpecification\",\"valueRequired\":true,\"valueName\":\"search_term_string\"}}],\"inLanguage\":\"de-DE\"},{\"@type\":\"Organization\",\"@id\":\"https:\\\/\\\/www.ilbottaccio.it\\\/de\\\/#organization\",\"name\":\"il Bottaccio\",\"url\":\"https:\\\/\\\/www.ilbottaccio.it\\\/de\\\/\",\"logo\":{\"@type\":\"ImageObject\",\"inLanguage\":\"de-DE\",\"@id\":\"https:\\\/\\\/www.ilbottaccio.it\\\/de\\\/#\\\/schema\\\/logo\\\/image\\\/\",\"url\":\"https:\\\/\\\/www.ilbottaccio.it\\\/web2\\\/wp-content\\\/uploads\\\/2024\\\/09\\\/Goccia_ilBottaccio.jpg\",\"contentUrl\":\"https:\\\/\\\/www.ilbottaccio.it\\\/web2\\\/wp-content\\\/uploads\\\/2024\\\/09\\\/Goccia_ilBottaccio.jpg\",\"width\":500,\"height\":500,\"caption\":\"il Bottaccio\"},\"image\":{\"@id\":\"https:\\\/\\\/www.ilbottaccio.it\\\/de\\\/#\\\/schema\\\/logo\\\/image\\\/\"},\"sameAs\":[\"https:\\\/\\\/it-it.facebook.com\\\/OlioilBottaccio\\\/\",\"https:\\\/\\\/www.instagram.com\\\/il_bottaccio\\\/\"]}]}<\/script>\n<!-- \/ Yoast SEO plugin. -->","yoast_head_json":{"title":"Extra natives Oliven\u00f6l aus reiner Sorte 100 % Frantoiano Bio | il Bottaccio","description":"Monokultivar 100% Bio-Frantoiano, nur aus toskanischen Frantoian-Oliven gewonnen. Hervorragend geeignet f\u00fcr gemischte Salate, Fisch und gegrilltes wei\u00dfes Fleisch.","robots":{"index":"index","follow":"follow","max-snippet":"max-snippet:-1","max-image-preview":"max-image-preview:large","max-video-preview":"max-video-preview:-1"},"canonical":"https:\/\/www.ilbottaccio.it\/de\/prodotto\/tutto-frantoiano-extra-virgine-ol-100ml\/","og_locale":"de_DE","og_type":"article","og_title":"Extra natives Oliven\u00f6l aus reiner Sorte 100 % Frantoiano Bio | il Bottaccio","og_description":"Monokultivar 100% Bio-Frantoiano, nur aus toskanischen Frantoian-Oliven gewonnen. Hervorragend geeignet f\u00fcr gemischte Salate, Fisch und gegrilltes wei\u00dfes Fleisch.","og_url":"https:\/\/www.ilbottaccio.it\/de\/prodotto\/tutto-frantoiano-extra-virgine-ol-100ml\/","og_site_name":"il Bottaccio | Olio Extravergine Toscano","article_publisher":"https:\/\/it-it.facebook.com\/OlioilBottaccio\/","article_modified_time":"2025-11-21T15:18:24+00:00","og_image":[{"width":1000,"height":1000,"url":"https:\/\/www.ilbottaccio.it\/web2\/wp-content\/uploads\/2020\/01\/Olio_extravergine_Toscano_Monocultivar_Frantoiano_FRA100-2-1.jpg","type":"image\/png"}],"twitter_card":"summary_large_image","schema":{"@context":"https:\/\/schema.org","@graph":[{"@type":"WebPage","@id":"https:\/\/www.ilbottaccio.it\/de\/prodotto\/tutto-frantoiano-extra-virgine-ol-100ml\/","url":"https:\/\/www.ilbottaccio.it\/de\/prodotto\/tutto-frantoiano-extra-virgine-ol-100ml\/","name":"Extra natives Oliven\u00f6l aus reiner Sorte 100 % Frantoiano Bio | il Bottaccio","isPartOf":{"@id":"https:\/\/www.ilbottaccio.it\/de\/#website"},"primaryImageOfPage":{"@id":"https:\/\/www.ilbottaccio.it\/de\/prodotto\/tutto-frantoiano-extra-virgine-ol-100ml\/#primaryimage"},"image":{"@id":"https:\/\/www.ilbottaccio.it\/de\/prodotto\/tutto-frantoiano-extra-virgine-ol-100ml\/#primaryimage"},"thumbnailUrl":"https:\/\/www.ilbottaccio.it\/web2\/wp-content\/uploads\/2020\/01\/Olio_extravergine_Toscano_Monocultivar_Frantoiano_FRA100-2-1.jpg","datePublished":"2020-01-20T14:48:40+00:00","dateModified":"2025-11-21T15:18:24+00:00","description":"Monokultivar 100% Bio-Frantoiano, nur aus toskanischen Frantoian-Oliven gewonnen. Hervorragend geeignet f\u00fcr gemischte Salate, Fisch und gegrilltes wei\u00dfes Fleisch.","breadcrumb":{"@id":"https:\/\/www.ilbottaccio.it\/de\/prodotto\/tutto-frantoiano-extra-virgine-ol-100ml\/#breadcrumb"},"inLanguage":"de-DE","potentialAction":[{"@type":"ReadAction","target":["https:\/\/www.ilbottaccio.it\/de\/prodotto\/tutto-frantoiano-extra-virgine-ol-100ml\/"]}]},{"@type":"ImageObject","inLanguage":"de-DE","@id":"https:\/\/www.ilbottaccio.it\/de\/prodotto\/tutto-frantoiano-extra-virgine-ol-100ml\/#primaryimage","url":"https:\/\/www.ilbottaccio.it\/web2\/wp-content\/uploads\/2020\/01\/Olio_extravergine_Toscano_Monocultivar_Frantoiano_FRA100-2-1.jpg","contentUrl":"https:\/\/www.ilbottaccio.it\/web2\/wp-content\/uploads\/2020\/01\/Olio_extravergine_Toscano_Monocultivar_Frantoiano_FRA100-2-1.jpg","width":1000,"height":1000,"caption":"Olio extravergine biologicoToscano Monovarietale Frantoiano 100ml, shop online"},{"@type":"BreadcrumbList","@id":"https:\/\/www.ilbottaccio.it\/de\/prodotto\/tutto-frantoiano-extra-virgine-ol-100ml\/#breadcrumb","itemListElement":[{"@type":"ListItem","position":1,"name":"Home","item":"https:\/\/www.ilbottaccio.it\/de\/home\/"},{"@type":"ListItem","position":2,"name":"Gesch\u00e4ft","item":"https:\/\/www.ilbottaccio.it\/de\/shop-2\/"},{"@type":"ListItem","position":3,"name":"Bio-Oliven\u00f6l extra vergine Tutto Frantoiano 100ml"}]},{"@type":"WebSite","@id":"https:\/\/www.ilbottaccio.it\/de\/#website","url":"https:\/\/www.ilbottaccio.it\/de\/","name":"il Bottaccio | Olio Extravergine Toscano","description":"Olio Extravergine Toscano","publisher":{"@id":"https:\/\/www.ilbottaccio.it\/de\/#organization"},"potentialAction":[{"@type":"SearchAction","target":{"@type":"EntryPoint","urlTemplate":"https:\/\/www.ilbottaccio.it\/de\/?s={search_term_string}"},"query-input":{"@type":"PropertyValueSpecification","valueRequired":true,"valueName":"search_term_string"}}],"inLanguage":"de-DE"},{"@type":"Organization","@id":"https:\/\/www.ilbottaccio.it\/de\/#organization","name":"il Bottaccio","url":"https:\/\/www.ilbottaccio.it\/de\/","logo":{"@type":"ImageObject","inLanguage":"de-DE","@id":"https:\/\/www.ilbottaccio.it\/de\/#\/schema\/logo\/image\/","url":"https:\/\/www.ilbottaccio.it\/web2\/wp-content\/uploads\/2024\/09\/Goccia_ilBottaccio.jpg","contentUrl":"https:\/\/www.ilbottaccio.it\/web2\/wp-content\/uploads\/2024\/09\/Goccia_ilBottaccio.jpg","width":500,"height":500,"caption":"il Bottaccio"},"image":{"@id":"https:\/\/www.ilbottaccio.it\/de\/#\/schema\/logo\/image\/"},"sameAs":["https:\/\/it-it.facebook.com\/OlioilBottaccio\/","https:\/\/www.instagram.com\/il_bottaccio\/"]}]}},"_links":{"self":[{"href":"https:\/\/www.ilbottaccio.it\/de\/wp-json\/wp\/v2\/product\/13245","targetHints":{"allow":["GET"]}}],"collection":[{"href":"https:\/\/www.ilbottaccio.it\/de\/wp-json\/wp\/v2\/product"}],"about":[{"href":"https:\/\/www.ilbottaccio.it\/de\/wp-json\/wp\/v2\/types\/product"}],"wp:featuredmedia":[{"embeddable":true,"href":"https:\/\/www.ilbottaccio.it\/de\/wp-json\/wp\/v2\/media\/23702"}],"wp:attachment":[{"href":"https:\/\/www.ilbottaccio.it\/de\/wp-json\/wp\/v2\/media?parent=13245"}],"wp:term":[{"taxonomy":"product_brand","embeddable":true,"href":"https:\/\/www.ilbottaccio.it\/de\/wp-json\/wp\/v2\/product_brand?post=13245"},{"taxonomy":"product_cat","embeddable":true,"href":"https:\/\/www.ilbottaccio.it\/de\/wp-json\/wp\/v2\/product_cat?post=13245"},{"taxonomy":"product_tag","embeddable":true,"href":"https:\/\/www.ilbottaccio.it\/de\/wp-json\/wp\/v2\/product_tag?post=13245"}],"curies":[{"name":"wp","href":"https:\/\/api.w.org\/{rel}","templated":true}]}}