{"id":13252,"date":"2020-01-20T05:41:56","date_gmt":"2020-01-20T05:41:56","guid":{"rendered":"http:www.ilbottaccio.it\/prodotto\/toskanisches-olivenol-extra-vergine-i-g-p-biologisch-100ml\/"},"modified":"2025-11-21T15:37:13","modified_gmt":"2025-11-21T15:37:13","slug":"toskanisches-extra-natives-ol-i-g-p-organisch-100ml","status":"publish","type":"product","link":"https:\/\/www.ilbottaccio.it\/de\/prodotto\/toskanisches-extra-natives-ol-i-g-p-organisch-100ml\/","title":{"rendered":"Toscano I.G.P. Biologico Oliven\u00f6l extra vergine 100ml"},"content":{"rendered":"","protected":false},"excerpt":{"rendered":"<p><strong>Oliven\u00f6lkampagne:<\/strong> 2025\/2026<\/p>\n<p><strong>Produktionsbereich<\/strong>: Monterotondo Marittimo<\/p>\n<p><strong>Olivenhaine<\/strong>: Junge Olivenb\u00e4ume in einer flachen Fl\u00e4che<\/p>\n<p><strong>Sorte<\/strong>: Mischung aus Frantoiano, Leccino, Leccio del Corno und Maurino<\/p>\n<p><strong>Erntezeit:<\/strong> Vom 1. bis 30. Oktober<\/p>\n<p><strong>Aussehen<\/strong>: Gr\u00fcn mit goldenen Reflexen<\/p>\n<p><strong>Auf der Nase:<\/strong>Mittelfruchtig mit Noten von Gem\u00fcse<\/p>\n<p><strong>Am Gaumen<\/strong>: Wichtige Bitterkeit mit einem Hauch von Artischocke und Mandel, ausgewogene w\u00fcrzige Note<\/p>\n<p><strong>Paarungen:<\/strong> Ideal zum W\u00fcrzen starker Gerichte wie Braten und gegrilltes Fleisch, gereifter K\u00e4se und Cacciucco<\/p>\n<p><img loading=\"lazy\" decoding=\"async\" class=\"alignnone wp-image-20523\" title=\"Bio-Produkt\" src=\"https:\/\/www.ilbottaccio.it\/web2\/wp-content\/uploads\/2020\/01\/Biologico-1.png\" alt=\"Bio-Produkt\" width=\"119\" height=\"119\">     <img loading=\"lazy\" decoding=\"async\" class=\"alignnone wp-image-20581\" title=\"Premio BIOLNOVELLO 2022\" src=\"https:\/\/www.ilbottaccio.it\/web2\/wp-content\/uploads\/2020\/01\/collarinoBIOLNOVELLO2022_G.png\" alt=\"Premio BIOLNOVELLO 2022\" width=\"119\" height=\"119\"><\/p>\n<hr class=\"\" style=\"margin:0 auto 30px;\"\/>\n\n<p class=\"p1\"><em>&#8220;Natives Oliven\u00f6l extra von gro\u00dfem olfaktorischem Interesse. Seine aromatischen Kits sind frisch und unmittelbar, gr\u00fcn und unreif aus Olivenfruchtfleisch, krautig, mit bitterem Saft von Artischocke, Mandel und Tomate. Die aromatischen Kr\u00e4uter von Thymian und Salbei sind ebenfalls ausgezeichnet. frische Waln\u00fcsse verst\u00e4rken seine Komplexit\u00e4t, sehr sauber und fruchtig, es gibt uns einen breiten und warmen Geschmack von wei\u00dfem Pfeffer.Sehr bitter und scharf, aber von gro\u00dfer Ausgewogenheit und Harmonie.Seine Konsistenz mit dem Fruchtfleisch der Olive ist ausgezeichnet, entschieden und scharf , die Walnussschale , Feldkr\u00e4utern und einem \u00fcberlegenen Geschmack von gr\u00fcnen Tomaten.\u00d6l mit hervorragenden organoleptischen Eigenschaften, die die klassische Typologie des TOSKANISCHEN IGP widerspiegeln.Das Ergebnis der Verbundenheit mit seinem Territorium, wo Leidenschaft, Wissen und Respekt f\u00fcr die Auswahl der Sorten es einzigartig machen seiner Art, die jenen sortentypischen Ausdr\u00fccken Leben einhaucht, die uns nur eine \u00fcberlegene Qualit\u00e4t geben kann, eingeschlossen in diesem herrlichen gr\u00fcnen Nektar.&#8221; <\/em><em><strong>Federico Mannozzi <\/strong><\/em><img loading=\"lazy\" decoding=\"async\" class=\"wp-image-20532 alignright\" title=\"Taste of Virgin Olive Oils\" src=\"https:\/\/www.ilbottaccio.it\/web2\/wp-content\/uploads\/2020\/01\/LOGO-Taste-of-Virgin-Olive-Oils-NERO-1-750x159.png\" alt=\"Taste of Virgin Olive Oils\" width=\"230\" height=\"49\"><\/p>\n<hr class=\"\" style=\"margin:0 auto 30px;\"\/>\n\n","protected":false},"featured_media":15118,"template":"","meta":[],"product_brand":[],"product_cat":[257,244,252],"product_tag":[298,304],"class_list":{"0":"post-13252","1":"product","2":"type-product","3":"status-publish","4":"has-post-thumbnail","6":"product_cat-auswahl","7":"product_cat-natives-olivenol-extra","8":"product_cat-toscano-i-g-p-bio","9":"product_tag-100-ml-flasche","10":"product_tag-biologico-de","12":"first","13":"instock","14":"shipping-taxable","15":"purchasable","16":"product-type-simple"},"yoast_head":"<!-- This site is optimized with the Yoast SEO plugin v27.4 - https:\/\/yoast.com\/product\/yoast-seo-wordpress\/ -->\n<title>TOSKANISCHES IGP Bio-Oliven\u00f6l extra vergine 100ml | il Bottaccio<\/title>\n<meta name=\"description\" content=\"100 ml Flasche Bio-Oliven\u00f6l extra vergine TUSCAN IGP, toskanische Sorten, Frantoiano, Leccino, Leccio del Corno, Maurino\" \/>\n<meta name=\"robots\" content=\"index, follow, max-snippet:-1, max-image-preview:large, max-video-preview:-1\" \/>\n<link rel=\"canonical\" href=\"https:\/\/www.ilbottaccio.it\/de\/prodotto\/toskanisches-extra-natives-ol-i-g-p-organisch-100ml\/\" \/>\n<meta property=\"og:locale\" content=\"de_DE\" \/>\n<meta property=\"og:type\" content=\"article\" \/>\n<meta property=\"og:title\" content=\"TOSKANISCHES IGP Bio-Oliven\u00f6l extra vergine 100ml | il Bottaccio\" \/>\n<meta property=\"og:description\" content=\"100 ml Flasche Bio-Oliven\u00f6l extra vergine TUSCAN IGP, toskanische Sorten, Frantoiano, Leccino, Leccio del Corno, Maurino\" \/>\n<meta property=\"og:url\" content=\"https:\/\/www.ilbottaccio.it\/de\/prodotto\/toskanisches-extra-natives-ol-i-g-p-organisch-100ml\/\" \/>\n<meta property=\"og:site_name\" content=\"il Bottaccio | Olio Extravergine Toscano\" \/>\n<meta property=\"article:publisher\" content=\"https:\/\/it-it.facebook.com\/OlioilBottaccio\/\" \/>\n<meta property=\"article:modified_time\" content=\"2025-11-21T15:37:13+00:00\" \/>\n<meta property=\"og:image\" content=\"https:\/\/www.ilbottaccio.it\/web2\/wp-content\/uploads\/2020\/01\/Olio_extravergine_Toscano_IGP_Biologico_IGPBIO100.jpg\" \/>\n\t<meta property=\"og:image:width\" content=\"1000\" \/>\n\t<meta property=\"og:image:height\" content=\"1000\" \/>\n\t<meta property=\"og:image:type\" content=\"image\/png\" \/>\n<meta name=\"twitter:card\" content=\"summary_large_image\" \/>\n<script type=\"application\/ld+json\" class=\"yoast-schema-graph\">{\"@context\":\"https:\\\/\\\/schema.org\",\"@graph\":[{\"@type\":\"WebPage\",\"@id\":\"https:\\\/\\\/www.ilbottaccio.it\\\/de\\\/prodotto\\\/toskanisches-extra-natives-ol-i-g-p-organisch-100ml\\\/\",\"url\":\"https:\\\/\\\/www.ilbottaccio.it\\\/de\\\/prodotto\\\/toskanisches-extra-natives-ol-i-g-p-organisch-100ml\\\/\",\"name\":\"TOSKANISCHES IGP Bio-Oliven\u00f6l extra vergine 100ml | il Bottaccio\",\"isPartOf\":{\"@id\":\"https:\\\/\\\/www.ilbottaccio.it\\\/de\\\/#website\"},\"primaryImageOfPage\":{\"@id\":\"https:\\\/\\\/www.ilbottaccio.it\\\/de\\\/prodotto\\\/toskanisches-extra-natives-ol-i-g-p-organisch-100ml\\\/#primaryimage\"},\"image\":{\"@id\":\"https:\\\/\\\/www.ilbottaccio.it\\\/de\\\/prodotto\\\/toskanisches-extra-natives-ol-i-g-p-organisch-100ml\\\/#primaryimage\"},\"thumbnailUrl\":\"https:\\\/\\\/www.ilbottaccio.it\\\/web2\\\/wp-content\\\/uploads\\\/2020\\\/01\\\/Olio_extravergine_Toscano_IGP_Biologico_IGPBIO100.jpg\",\"datePublished\":\"2020-01-20T05:41:56+00:00\",\"dateModified\":\"2025-11-21T15:37:13+00:00\",\"description\":\"100 ml Flasche Bio-Oliven\u00f6l extra vergine TUSCAN IGP, toskanische Sorten, Frantoiano, Leccino, Leccio del Corno, Maurino\",\"breadcrumb\":{\"@id\":\"https:\\\/\\\/www.ilbottaccio.it\\\/de\\\/prodotto\\\/toskanisches-extra-natives-ol-i-g-p-organisch-100ml\\\/#breadcrumb\"},\"inLanguage\":\"de-DE\",\"potentialAction\":[{\"@type\":\"ReadAction\",\"target\":[\"https:\\\/\\\/www.ilbottaccio.it\\\/de\\\/prodotto\\\/toskanisches-extra-natives-ol-i-g-p-organisch-100ml\\\/\"]}]},{\"@type\":\"ImageObject\",\"inLanguage\":\"de-DE\",\"@id\":\"https:\\\/\\\/www.ilbottaccio.it\\\/de\\\/prodotto\\\/toskanisches-extra-natives-ol-i-g-p-organisch-100ml\\\/#primaryimage\",\"url\":\"https:\\\/\\\/www.ilbottaccio.it\\\/web2\\\/wp-content\\\/uploads\\\/2020\\\/01\\\/Olio_extravergine_Toscano_IGP_Biologico_IGPBIO100.jpg\",\"contentUrl\":\"https:\\\/\\\/www.ilbottaccio.it\\\/web2\\\/wp-content\\\/uploads\\\/2020\\\/01\\\/Olio_extravergine_Toscano_IGP_Biologico_IGPBIO100.jpg\",\"width\":1000,\"height\":1000,\"caption\":\"100-ml-Flasche natives Bio-Oliven\u00f6l TOSKANISCH IGP aus toskanischen Sorten wie Frantoiano, Leccino, Leccio del Corno und Maurino\"},{\"@type\":\"BreadcrumbList\",\"@id\":\"https:\\\/\\\/www.ilbottaccio.it\\\/de\\\/prodotto\\\/toskanisches-extra-natives-ol-i-g-p-organisch-100ml\\\/#breadcrumb\",\"itemListElement\":[{\"@type\":\"ListItem\",\"position\":1,\"name\":\"Home\",\"item\":\"https:\\\/\\\/www.ilbottaccio.it\\\/de\\\/home\\\/\"},{\"@type\":\"ListItem\",\"position\":2,\"name\":\"Gesch\u00e4ft\",\"item\":\"https:\\\/\\\/www.ilbottaccio.it\\\/de\\\/shop-2\\\/\"},{\"@type\":\"ListItem\",\"position\":3,\"name\":\"Toscano I.G.P. Biologico Oliven\u00f6l extra vergine 100ml\"}]},{\"@type\":\"WebSite\",\"@id\":\"https:\\\/\\\/www.ilbottaccio.it\\\/de\\\/#website\",\"url\":\"https:\\\/\\\/www.ilbottaccio.it\\\/de\\\/\",\"name\":\"il Bottaccio | Olio Extravergine Toscano\",\"description\":\"Olio Extravergine Toscano\",\"publisher\":{\"@id\":\"https:\\\/\\\/www.ilbottaccio.it\\\/de\\\/#organization\"},\"potentialAction\":[{\"@type\":\"SearchAction\",\"target\":{\"@type\":\"EntryPoint\",\"urlTemplate\":\"https:\\\/\\\/www.ilbottaccio.it\\\/de\\\/?s={search_term_string}\"},\"query-input\":{\"@type\":\"PropertyValueSpecification\",\"valueRequired\":true,\"valueName\":\"search_term_string\"}}],\"inLanguage\":\"de-DE\"},{\"@type\":\"Organization\",\"@id\":\"https:\\\/\\\/www.ilbottaccio.it\\\/de\\\/#organization\",\"name\":\"il Bottaccio\",\"url\":\"https:\\\/\\\/www.ilbottaccio.it\\\/de\\\/\",\"logo\":{\"@type\":\"ImageObject\",\"inLanguage\":\"de-DE\",\"@id\":\"https:\\\/\\\/www.ilbottaccio.it\\\/de\\\/#\\\/schema\\\/logo\\\/image\\\/\",\"url\":\"https:\\\/\\\/www.ilbottaccio.it\\\/web2\\\/wp-content\\\/uploads\\\/2024\\\/09\\\/Goccia_ilBottaccio.jpg\",\"contentUrl\":\"https:\\\/\\\/www.ilbottaccio.it\\\/web2\\\/wp-content\\\/uploads\\\/2024\\\/09\\\/Goccia_ilBottaccio.jpg\",\"width\":500,\"height\":500,\"caption\":\"il Bottaccio\"},\"image\":{\"@id\":\"https:\\\/\\\/www.ilbottaccio.it\\\/de\\\/#\\\/schema\\\/logo\\\/image\\\/\"},\"sameAs\":[\"https:\\\/\\\/it-it.facebook.com\\\/OlioilBottaccio\\\/\",\"https:\\\/\\\/www.instagram.com\\\/il_bottaccio\\\/\"]}]}<\/script>\n<!-- \/ Yoast SEO plugin. -->","yoast_head_json":{"title":"TOSKANISCHES IGP Bio-Oliven\u00f6l extra vergine 100ml | il Bottaccio","description":"100 ml Flasche Bio-Oliven\u00f6l extra vergine TUSCAN IGP, toskanische Sorten, Frantoiano, Leccino, Leccio del Corno, Maurino","robots":{"index":"index","follow":"follow","max-snippet":"max-snippet:-1","max-image-preview":"max-image-preview:large","max-video-preview":"max-video-preview:-1"},"canonical":"https:\/\/www.ilbottaccio.it\/de\/prodotto\/toskanisches-extra-natives-ol-i-g-p-organisch-100ml\/","og_locale":"de_DE","og_type":"article","og_title":"TOSKANISCHES IGP Bio-Oliven\u00f6l extra vergine 100ml | il Bottaccio","og_description":"100 ml Flasche Bio-Oliven\u00f6l extra vergine TUSCAN IGP, toskanische Sorten, Frantoiano, Leccino, Leccio del Corno, Maurino","og_url":"https:\/\/www.ilbottaccio.it\/de\/prodotto\/toskanisches-extra-natives-ol-i-g-p-organisch-100ml\/","og_site_name":"il Bottaccio | Olio Extravergine Toscano","article_publisher":"https:\/\/it-it.facebook.com\/OlioilBottaccio\/","article_modified_time":"2025-11-21T15:37:13+00:00","og_image":[{"width":1000,"height":1000,"url":"https:\/\/www.ilbottaccio.it\/web2\/wp-content\/uploads\/2020\/01\/Olio_extravergine_Toscano_IGP_Biologico_IGPBIO100.jpg","type":"image\/png"}],"twitter_card":"summary_large_image","schema":{"@context":"https:\/\/schema.org","@graph":[{"@type":"WebPage","@id":"https:\/\/www.ilbottaccio.it\/de\/prodotto\/toskanisches-extra-natives-ol-i-g-p-organisch-100ml\/","url":"https:\/\/www.ilbottaccio.it\/de\/prodotto\/toskanisches-extra-natives-ol-i-g-p-organisch-100ml\/","name":"TOSKANISCHES IGP Bio-Oliven\u00f6l extra vergine 100ml | il Bottaccio","isPartOf":{"@id":"https:\/\/www.ilbottaccio.it\/de\/#website"},"primaryImageOfPage":{"@id":"https:\/\/www.ilbottaccio.it\/de\/prodotto\/toskanisches-extra-natives-ol-i-g-p-organisch-100ml\/#primaryimage"},"image":{"@id":"https:\/\/www.ilbottaccio.it\/de\/prodotto\/toskanisches-extra-natives-ol-i-g-p-organisch-100ml\/#primaryimage"},"thumbnailUrl":"https:\/\/www.ilbottaccio.it\/web2\/wp-content\/uploads\/2020\/01\/Olio_extravergine_Toscano_IGP_Biologico_IGPBIO100.jpg","datePublished":"2020-01-20T05:41:56+00:00","dateModified":"2025-11-21T15:37:13+00:00","description":"100 ml Flasche Bio-Oliven\u00f6l extra vergine TUSCAN IGP, toskanische Sorten, Frantoiano, Leccino, Leccio del Corno, Maurino","breadcrumb":{"@id":"https:\/\/www.ilbottaccio.it\/de\/prodotto\/toskanisches-extra-natives-ol-i-g-p-organisch-100ml\/#breadcrumb"},"inLanguage":"de-DE","potentialAction":[{"@type":"ReadAction","target":["https:\/\/www.ilbottaccio.it\/de\/prodotto\/toskanisches-extra-natives-ol-i-g-p-organisch-100ml\/"]}]},{"@type":"ImageObject","inLanguage":"de-DE","@id":"https:\/\/www.ilbottaccio.it\/de\/prodotto\/toskanisches-extra-natives-ol-i-g-p-organisch-100ml\/#primaryimage","url":"https:\/\/www.ilbottaccio.it\/web2\/wp-content\/uploads\/2020\/01\/Olio_extravergine_Toscano_IGP_Biologico_IGPBIO100.jpg","contentUrl":"https:\/\/www.ilbottaccio.it\/web2\/wp-content\/uploads\/2020\/01\/Olio_extravergine_Toscano_IGP_Biologico_IGPBIO100.jpg","width":1000,"height":1000,"caption":"100-ml-Flasche natives Bio-Oliven\u00f6l TOSKANISCH IGP aus toskanischen Sorten wie Frantoiano, Leccino, Leccio del Corno und Maurino"},{"@type":"BreadcrumbList","@id":"https:\/\/www.ilbottaccio.it\/de\/prodotto\/toskanisches-extra-natives-ol-i-g-p-organisch-100ml\/#breadcrumb","itemListElement":[{"@type":"ListItem","position":1,"name":"Home","item":"https:\/\/www.ilbottaccio.it\/de\/home\/"},{"@type":"ListItem","position":2,"name":"Gesch\u00e4ft","item":"https:\/\/www.ilbottaccio.it\/de\/shop-2\/"},{"@type":"ListItem","position":3,"name":"Toscano I.G.P. Biologico Oliven\u00f6l extra vergine 100ml"}]},{"@type":"WebSite","@id":"https:\/\/www.ilbottaccio.it\/de\/#website","url":"https:\/\/www.ilbottaccio.it\/de\/","name":"il Bottaccio | Olio Extravergine Toscano","description":"Olio Extravergine Toscano","publisher":{"@id":"https:\/\/www.ilbottaccio.it\/de\/#organization"},"potentialAction":[{"@type":"SearchAction","target":{"@type":"EntryPoint","urlTemplate":"https:\/\/www.ilbottaccio.it\/de\/?s={search_term_string}"},"query-input":{"@type":"PropertyValueSpecification","valueRequired":true,"valueName":"search_term_string"}}],"inLanguage":"de-DE"},{"@type":"Organization","@id":"https:\/\/www.ilbottaccio.it\/de\/#organization","name":"il Bottaccio","url":"https:\/\/www.ilbottaccio.it\/de\/","logo":{"@type":"ImageObject","inLanguage":"de-DE","@id":"https:\/\/www.ilbottaccio.it\/de\/#\/schema\/logo\/image\/","url":"https:\/\/www.ilbottaccio.it\/web2\/wp-content\/uploads\/2024\/09\/Goccia_ilBottaccio.jpg","contentUrl":"https:\/\/www.ilbottaccio.it\/web2\/wp-content\/uploads\/2024\/09\/Goccia_ilBottaccio.jpg","width":500,"height":500,"caption":"il Bottaccio"},"image":{"@id":"https:\/\/www.ilbottaccio.it\/de\/#\/schema\/logo\/image\/"},"sameAs":["https:\/\/it-it.facebook.com\/OlioilBottaccio\/","https:\/\/www.instagram.com\/il_bottaccio\/"]}]}},"_links":{"self":[{"href":"https:\/\/www.ilbottaccio.it\/de\/wp-json\/wp\/v2\/product\/13252","targetHints":{"allow":["GET"]}}],"collection":[{"href":"https:\/\/www.ilbottaccio.it\/de\/wp-json\/wp\/v2\/product"}],"about":[{"href":"https:\/\/www.ilbottaccio.it\/de\/wp-json\/wp\/v2\/types\/product"}],"wp:featuredmedia":[{"embeddable":true,"href":"https:\/\/www.ilbottaccio.it\/de\/wp-json\/wp\/v2\/media\/15118"}],"wp:attachment":[{"href":"https:\/\/www.ilbottaccio.it\/de\/wp-json\/wp\/v2\/media?parent=13252"}],"wp:term":[{"taxonomy":"product_brand","embeddable":true,"href":"https:\/\/www.ilbottaccio.it\/de\/wp-json\/wp\/v2\/product_brand?post=13252"},{"taxonomy":"product_cat","embeddable":true,"href":"https:\/\/www.ilbottaccio.it\/de\/wp-json\/wp\/v2\/product_cat?post=13252"},{"taxonomy":"product_tag","embeddable":true,"href":"https:\/\/www.ilbottaccio.it\/de\/wp-json\/wp\/v2\/product_tag?post=13252"}],"curies":[{"name":"wp","href":"https:\/\/api.w.org\/{rel}","templated":true}]}}