{"id":13283,"date":"2020-01-14T06:29:44","date_gmt":"2020-01-14T06:29:44","guid":{"rendered":"http:www.ilbottaccio.it\/prodotto\/poggio-ai-palmenti-olivenol-extra-vergine-5l\/"},"modified":"2025-11-21T16:05:37","modified_gmt":"2025-11-21T16:05:37","slug":"extra-natives-olivenol-poggio-ai-palmenti-5l","status":"publish","type":"product","link":"https:\/\/www.ilbottaccio.it\/de\/prodotto\/extra-natives-olivenol-poggio-ai-palmenti-5l\/","title":{"rendered":"Poggio ai Palmenti Oliven\u00f6l extra vergine 5l"},"content":{"rendered":"","protected":false},"excerpt":{"rendered":"<p><strong>Oliven\u00f6lkampagne:<\/strong> 2025\/2026<\/p>\n<p><strong>Produktionsbereich<\/strong>: Venturina Terme, 50 m. s.l.m.<\/p>\n<p><strong>Olivenhaine<\/strong>: Oliven 30\/35 Jahre alt, in einer flachen Gegend<\/p>\n<p><strong>Sorte:<\/strong> Mischung Frantoio, Leccino<\/p>\n<p><strong>Erntezeit: Vom 15. bis 30. Oktober<\/strong><\/p>\n<p><strong>Aussehen<\/strong>: Gr\u00fcn mit Lichtreflexionen<\/p>\n<p><strong>Auf der Nase:<\/strong> Mittelfruchtig mit Noten von gr\u00fcnen Oliven und Heilkr\u00e4utern<\/p>\n<p><strong>Am Gaumen<\/strong>: Leichte Bitterkeit, ausgeglichen mit einem kr\u00e4uterigen Hauch von Artischocke<\/p>\n<p><strong>Paarungen<\/strong>: Traditionelle toskanische Gerichte wie Pappa al Pomodoro, Panzanella, gew\u00fcrzte Pappardelle, Gnudi al Pomodoro, Stockfisch alla riese.<\/p>\n<p><img loading=\"lazy\" decoding=\"async\" class=\"alignnone wp-image-20523\" title=\"Bio-Produkt\" src=\"https:\/\/www.ilbottaccio.it\/web2\/wp-content\/uploads\/2020\/01\/Biologico-1.png\" alt=\"Bio-Produkt\" width=\"119\" height=\"119\">   <img loading=\"lazy\" decoding=\"async\" class=\"alignnone wp-image-15163\" src=\"https:\/\/www.ilbottaccio.it\/web2\/wp-content\/uploads\/2021\/04\/Vincitore-premio-miglior-Olio-extravergine_The-WineHunter.png\" alt=\"Gewinner-Preis-bestes-extra-natives-\u00d6l_The-WineHunter\" width=\"119\" height=\"119\"><\/p>\n","protected":false},"featured_media":20354,"template":"","meta":[],"product_brand":[],"product_cat":[257,244,258],"product_tag":[304,303],"class_list":{"0":"post-13283","1":"product","2":"type-product","3":"status-publish","4":"has-post-thumbnail","6":"product_cat-auswahl","7":"product_cat-natives-olivenol-extra","8":"product_cat-poggio-ai-palmenti-de","9":"product_tag-biologico-de","10":"product_tag-zinn-5-lt","12":"first","13":"instock","14":"sale","15":"shipping-taxable","16":"purchasable","17":"product-type-simple"},"yoast_head":"<!-- This site is optimized with the Yoast SEO plugin v27.4 - https:\/\/yoast.com\/product\/yoast-seo-wordpress\/ -->\n<title>Toskanisches Bio-Oliven\u00f6l extra vergine zum Online-Verkauf | il Bottaccio<\/title>\n<meta name=\"description\" content=\"In der Toskana hergestelltes Bio-Oliven\u00f6l extra vergine, auch online erh\u00e4ltlich. Mittelfruchtiges Bio-\u00d6l mit Noten von gr\u00fcnen Oliven und Heilkr\u00e4utern\" \/>\n<meta name=\"robots\" content=\"index, follow, max-snippet:-1, max-image-preview:large, max-video-preview:-1\" \/>\n<link rel=\"canonical\" href=\"https:\/\/www.ilbottaccio.it\/de\/prodotto\/extra-natives-olivenol-poggio-ai-palmenti-5l\/\" \/>\n<meta property=\"og:locale\" content=\"de_DE\" \/>\n<meta property=\"og:type\" content=\"article\" \/>\n<meta property=\"og:title\" content=\"Toskanisches Bio-Oliven\u00f6l extra vergine zum Online-Verkauf | il Bottaccio\" \/>\n<meta property=\"og:description\" content=\"In der Toskana hergestelltes Bio-Oliven\u00f6l extra vergine, auch online erh\u00e4ltlich. Mittelfruchtiges Bio-\u00d6l mit Noten von gr\u00fcnen Oliven und Heilkr\u00e4utern\" \/>\n<meta property=\"og:url\" content=\"https:\/\/www.ilbottaccio.it\/de\/prodotto\/extra-natives-olivenol-poggio-ai-palmenti-5l\/\" \/>\n<meta property=\"og:site_name\" content=\"il Bottaccio | Olio Extravergine Toscano\" \/>\n<meta property=\"article:publisher\" content=\"https:\/\/it-it.facebook.com\/OlioilBottaccio\/\" \/>\n<meta property=\"article:modified_time\" content=\"2025-11-21T16:05:37+00:00\" \/>\n<meta property=\"og:image\" content=\"https:\/\/www.ilbottaccio.it\/web2\/wp-content\/uploads\/2020\/01\/Olio_extravergine_di_oliva_Toscano_Biologico_POG5.jpg\" \/>\n\t<meta property=\"og:image:width\" content=\"1000\" \/>\n\t<meta property=\"og:image:height\" content=\"1000\" \/>\n\t<meta property=\"og:image:type\" content=\"image\/png\" \/>\n<meta name=\"twitter:card\" content=\"summary_large_image\" \/>\n<script type=\"application\/ld+json\" class=\"yoast-schema-graph\">{\"@context\":\"https:\\\/\\\/schema.org\",\"@graph\":[{\"@type\":\"WebPage\",\"@id\":\"https:\\\/\\\/www.ilbottaccio.it\\\/de\\\/prodotto\\\/extra-natives-olivenol-poggio-ai-palmenti-5l\\\/\",\"url\":\"https:\\\/\\\/www.ilbottaccio.it\\\/de\\\/prodotto\\\/extra-natives-olivenol-poggio-ai-palmenti-5l\\\/\",\"name\":\"Toskanisches Bio-Oliven\u00f6l extra vergine zum Online-Verkauf | il Bottaccio\",\"isPartOf\":{\"@id\":\"https:\\\/\\\/www.ilbottaccio.it\\\/de\\\/#website\"},\"primaryImageOfPage\":{\"@id\":\"https:\\\/\\\/www.ilbottaccio.it\\\/de\\\/prodotto\\\/extra-natives-olivenol-poggio-ai-palmenti-5l\\\/#primaryimage\"},\"image\":{\"@id\":\"https:\\\/\\\/www.ilbottaccio.it\\\/de\\\/prodotto\\\/extra-natives-olivenol-poggio-ai-palmenti-5l\\\/#primaryimage\"},\"thumbnailUrl\":\"https:\\\/\\\/www.ilbottaccio.it\\\/web2\\\/wp-content\\\/uploads\\\/2020\\\/01\\\/Olio_extravergine_di_oliva_Toscano_Biologico_POG5.jpg\",\"datePublished\":\"2020-01-14T06:29:44+00:00\",\"dateModified\":\"2025-11-21T16:05:37+00:00\",\"description\":\"In der Toskana hergestelltes Bio-Oliven\u00f6l extra vergine, auch online erh\u00e4ltlich. Mittelfruchtiges Bio-\u00d6l mit Noten von gr\u00fcnen Oliven und Heilkr\u00e4utern\",\"breadcrumb\":{\"@id\":\"https:\\\/\\\/www.ilbottaccio.it\\\/de\\\/prodotto\\\/extra-natives-olivenol-poggio-ai-palmenti-5l\\\/#breadcrumb\"},\"inLanguage\":\"de-DE\",\"potentialAction\":[{\"@type\":\"ReadAction\",\"target\":[\"https:\\\/\\\/www.ilbottaccio.it\\\/de\\\/prodotto\\\/extra-natives-olivenol-poggio-ai-palmenti-5l\\\/\"]}]},{\"@type\":\"ImageObject\",\"inLanguage\":\"de-DE\",\"@id\":\"https:\\\/\\\/www.ilbottaccio.it\\\/de\\\/prodotto\\\/extra-natives-olivenol-poggio-ai-palmenti-5l\\\/#primaryimage\",\"url\":\"https:\\\/\\\/www.ilbottaccio.it\\\/web2\\\/wp-content\\\/uploads\\\/2020\\\/01\\\/Olio_extravergine_di_oliva_Toscano_Biologico_POG5.jpg\",\"contentUrl\":\"https:\\\/\\\/www.ilbottaccio.it\\\/web2\\\/wp-content\\\/uploads\\\/2020\\\/01\\\/Olio_extravergine_di_oliva_Toscano_Biologico_POG5.jpg\",\"width\":1000,\"height\":1000,\"caption\":\"Olio extravergine Biologico prodotto in Toscana, vendita online latte e bottiglie. Olio bio fruttato medio, con note di oliva verde ed erbe officinali\"},{\"@type\":\"BreadcrumbList\",\"@id\":\"https:\\\/\\\/www.ilbottaccio.it\\\/de\\\/prodotto\\\/extra-natives-olivenol-poggio-ai-palmenti-5l\\\/#breadcrumb\",\"itemListElement\":[{\"@type\":\"ListItem\",\"position\":1,\"name\":\"Home\",\"item\":\"https:\\\/\\\/www.ilbottaccio.it\\\/de\\\/home\\\/\"},{\"@type\":\"ListItem\",\"position\":2,\"name\":\"Gesch\u00e4ft\",\"item\":\"https:\\\/\\\/www.ilbottaccio.it\\\/de\\\/shop-2\\\/\"},{\"@type\":\"ListItem\",\"position\":3,\"name\":\"Poggio ai Palmenti Oliven\u00f6l extra vergine 5l\"}]},{\"@type\":\"WebSite\",\"@id\":\"https:\\\/\\\/www.ilbottaccio.it\\\/de\\\/#website\",\"url\":\"https:\\\/\\\/www.ilbottaccio.it\\\/de\\\/\",\"name\":\"il Bottaccio | Olio Extravergine Toscano\",\"description\":\"Olio Extravergine Toscano\",\"publisher\":{\"@id\":\"https:\\\/\\\/www.ilbottaccio.it\\\/de\\\/#organization\"},\"potentialAction\":[{\"@type\":\"SearchAction\",\"target\":{\"@type\":\"EntryPoint\",\"urlTemplate\":\"https:\\\/\\\/www.ilbottaccio.it\\\/de\\\/?s={search_term_string}\"},\"query-input\":{\"@type\":\"PropertyValueSpecification\",\"valueRequired\":true,\"valueName\":\"search_term_string\"}}],\"inLanguage\":\"de-DE\"},{\"@type\":\"Organization\",\"@id\":\"https:\\\/\\\/www.ilbottaccio.it\\\/de\\\/#organization\",\"name\":\"il Bottaccio\",\"url\":\"https:\\\/\\\/www.ilbottaccio.it\\\/de\\\/\",\"logo\":{\"@type\":\"ImageObject\",\"inLanguage\":\"de-DE\",\"@id\":\"https:\\\/\\\/www.ilbottaccio.it\\\/de\\\/#\\\/schema\\\/logo\\\/image\\\/\",\"url\":\"https:\\\/\\\/www.ilbottaccio.it\\\/web2\\\/wp-content\\\/uploads\\\/2024\\\/09\\\/Goccia_ilBottaccio.jpg\",\"contentUrl\":\"https:\\\/\\\/www.ilbottaccio.it\\\/web2\\\/wp-content\\\/uploads\\\/2024\\\/09\\\/Goccia_ilBottaccio.jpg\",\"width\":500,\"height\":500,\"caption\":\"il Bottaccio\"},\"image\":{\"@id\":\"https:\\\/\\\/www.ilbottaccio.it\\\/de\\\/#\\\/schema\\\/logo\\\/image\\\/\"},\"sameAs\":[\"https:\\\/\\\/it-it.facebook.com\\\/OlioilBottaccio\\\/\",\"https:\\\/\\\/www.instagram.com\\\/il_bottaccio\\\/\"]}]}<\/script>\n<!-- \/ Yoast SEO plugin. -->","yoast_head_json":{"title":"Toskanisches Bio-Oliven\u00f6l extra vergine zum Online-Verkauf | il Bottaccio","description":"In der Toskana hergestelltes Bio-Oliven\u00f6l extra vergine, auch online erh\u00e4ltlich. Mittelfruchtiges Bio-\u00d6l mit Noten von gr\u00fcnen Oliven und Heilkr\u00e4utern","robots":{"index":"index","follow":"follow","max-snippet":"max-snippet:-1","max-image-preview":"max-image-preview:large","max-video-preview":"max-video-preview:-1"},"canonical":"https:\/\/www.ilbottaccio.it\/de\/prodotto\/extra-natives-olivenol-poggio-ai-palmenti-5l\/","og_locale":"de_DE","og_type":"article","og_title":"Toskanisches Bio-Oliven\u00f6l extra vergine zum Online-Verkauf | il Bottaccio","og_description":"In der Toskana hergestelltes Bio-Oliven\u00f6l extra vergine, auch online erh\u00e4ltlich. Mittelfruchtiges Bio-\u00d6l mit Noten von gr\u00fcnen Oliven und Heilkr\u00e4utern","og_url":"https:\/\/www.ilbottaccio.it\/de\/prodotto\/extra-natives-olivenol-poggio-ai-palmenti-5l\/","og_site_name":"il Bottaccio | Olio Extravergine Toscano","article_publisher":"https:\/\/it-it.facebook.com\/OlioilBottaccio\/","article_modified_time":"2025-11-21T16:05:37+00:00","og_image":[{"width":1000,"height":1000,"url":"https:\/\/www.ilbottaccio.it\/web2\/wp-content\/uploads\/2020\/01\/Olio_extravergine_di_oliva_Toscano_Biologico_POG5.jpg","type":"image\/png"}],"twitter_card":"summary_large_image","schema":{"@context":"https:\/\/schema.org","@graph":[{"@type":"WebPage","@id":"https:\/\/www.ilbottaccio.it\/de\/prodotto\/extra-natives-olivenol-poggio-ai-palmenti-5l\/","url":"https:\/\/www.ilbottaccio.it\/de\/prodotto\/extra-natives-olivenol-poggio-ai-palmenti-5l\/","name":"Toskanisches Bio-Oliven\u00f6l extra vergine zum Online-Verkauf | il Bottaccio","isPartOf":{"@id":"https:\/\/www.ilbottaccio.it\/de\/#website"},"primaryImageOfPage":{"@id":"https:\/\/www.ilbottaccio.it\/de\/prodotto\/extra-natives-olivenol-poggio-ai-palmenti-5l\/#primaryimage"},"image":{"@id":"https:\/\/www.ilbottaccio.it\/de\/prodotto\/extra-natives-olivenol-poggio-ai-palmenti-5l\/#primaryimage"},"thumbnailUrl":"https:\/\/www.ilbottaccio.it\/web2\/wp-content\/uploads\/2020\/01\/Olio_extravergine_di_oliva_Toscano_Biologico_POG5.jpg","datePublished":"2020-01-14T06:29:44+00:00","dateModified":"2025-11-21T16:05:37+00:00","description":"In der Toskana hergestelltes Bio-Oliven\u00f6l extra vergine, auch online erh\u00e4ltlich. Mittelfruchtiges Bio-\u00d6l mit Noten von gr\u00fcnen Oliven und Heilkr\u00e4utern","breadcrumb":{"@id":"https:\/\/www.ilbottaccio.it\/de\/prodotto\/extra-natives-olivenol-poggio-ai-palmenti-5l\/#breadcrumb"},"inLanguage":"de-DE","potentialAction":[{"@type":"ReadAction","target":["https:\/\/www.ilbottaccio.it\/de\/prodotto\/extra-natives-olivenol-poggio-ai-palmenti-5l\/"]}]},{"@type":"ImageObject","inLanguage":"de-DE","@id":"https:\/\/www.ilbottaccio.it\/de\/prodotto\/extra-natives-olivenol-poggio-ai-palmenti-5l\/#primaryimage","url":"https:\/\/www.ilbottaccio.it\/web2\/wp-content\/uploads\/2020\/01\/Olio_extravergine_di_oliva_Toscano_Biologico_POG5.jpg","contentUrl":"https:\/\/www.ilbottaccio.it\/web2\/wp-content\/uploads\/2020\/01\/Olio_extravergine_di_oliva_Toscano_Biologico_POG5.jpg","width":1000,"height":1000,"caption":"Olio extravergine Biologico prodotto in Toscana, vendita online latte e bottiglie. Olio bio fruttato medio, con note di oliva verde ed erbe officinali"},{"@type":"BreadcrumbList","@id":"https:\/\/www.ilbottaccio.it\/de\/prodotto\/extra-natives-olivenol-poggio-ai-palmenti-5l\/#breadcrumb","itemListElement":[{"@type":"ListItem","position":1,"name":"Home","item":"https:\/\/www.ilbottaccio.it\/de\/home\/"},{"@type":"ListItem","position":2,"name":"Gesch\u00e4ft","item":"https:\/\/www.ilbottaccio.it\/de\/shop-2\/"},{"@type":"ListItem","position":3,"name":"Poggio ai Palmenti Oliven\u00f6l extra vergine 5l"}]},{"@type":"WebSite","@id":"https:\/\/www.ilbottaccio.it\/de\/#website","url":"https:\/\/www.ilbottaccio.it\/de\/","name":"il Bottaccio | Olio Extravergine Toscano","description":"Olio Extravergine Toscano","publisher":{"@id":"https:\/\/www.ilbottaccio.it\/de\/#organization"},"potentialAction":[{"@type":"SearchAction","target":{"@type":"EntryPoint","urlTemplate":"https:\/\/www.ilbottaccio.it\/de\/?s={search_term_string}"},"query-input":{"@type":"PropertyValueSpecification","valueRequired":true,"valueName":"search_term_string"}}],"inLanguage":"de-DE"},{"@type":"Organization","@id":"https:\/\/www.ilbottaccio.it\/de\/#organization","name":"il Bottaccio","url":"https:\/\/www.ilbottaccio.it\/de\/","logo":{"@type":"ImageObject","inLanguage":"de-DE","@id":"https:\/\/www.ilbottaccio.it\/de\/#\/schema\/logo\/image\/","url":"https:\/\/www.ilbottaccio.it\/web2\/wp-content\/uploads\/2024\/09\/Goccia_ilBottaccio.jpg","contentUrl":"https:\/\/www.ilbottaccio.it\/web2\/wp-content\/uploads\/2024\/09\/Goccia_ilBottaccio.jpg","width":500,"height":500,"caption":"il Bottaccio"},"image":{"@id":"https:\/\/www.ilbottaccio.it\/de\/#\/schema\/logo\/image\/"},"sameAs":["https:\/\/it-it.facebook.com\/OlioilBottaccio\/","https:\/\/www.instagram.com\/il_bottaccio\/"]}]}},"_links":{"self":[{"href":"https:\/\/www.ilbottaccio.it\/de\/wp-json\/wp\/v2\/product\/13283","targetHints":{"allow":["GET"]}}],"collection":[{"href":"https:\/\/www.ilbottaccio.it\/de\/wp-json\/wp\/v2\/product"}],"about":[{"href":"https:\/\/www.ilbottaccio.it\/de\/wp-json\/wp\/v2\/types\/product"}],"wp:featuredmedia":[{"embeddable":true,"href":"https:\/\/www.ilbottaccio.it\/de\/wp-json\/wp\/v2\/media\/20354"}],"wp:attachment":[{"href":"https:\/\/www.ilbottaccio.it\/de\/wp-json\/wp\/v2\/media?parent=13283"}],"wp:term":[{"taxonomy":"product_brand","embeddable":true,"href":"https:\/\/www.ilbottaccio.it\/de\/wp-json\/wp\/v2\/product_brand?post=13283"},{"taxonomy":"product_cat","embeddable":true,"href":"https:\/\/www.ilbottaccio.it\/de\/wp-json\/wp\/v2\/product_cat?post=13283"},{"taxonomy":"product_tag","embeddable":true,"href":"https:\/\/www.ilbottaccio.it\/de\/wp-json\/wp\/v2\/product_tag?post=13283"}],"curies":[{"name":"wp","href":"https:\/\/api.w.org\/{rel}","templated":true}]}}