{"id":13288,"date":"2019-12-10T12:45:35","date_gmt":"2019-12-10T12:45:35","guid":{"rendered":"http:www.ilbottaccio.it\/prodotto\/chili-olivenol-extra-vergine-250-ml\/"},"modified":"2024-12-12T16:52:50","modified_gmt":"2024-12-12T16:52:50","slug":"extra-natives-olivenol-pfeffer-ol-250-ml","status":"publish","type":"product","link":"https:\/\/www.ilbottaccio.it\/de\/prodotto\/extra-natives-olivenol-pfeffer-ol-250-ml\/","title":{"rendered":"Chili Oliven\u00f6l extra vergine | 250 ml"},"content":{"rendered":"","protected":false},"excerpt":{"rendered":"<p><strong>Beschreibung und Kombinationen:<\/strong><\/p>\n<p>F\u00fcr Liebhaber von scharf; Perfekt, um die Besonderheiten des Gerichts zu unterstreichen. Ein Klassiker zur Pizza Ein Klassiker zur Pizza<\/p>\n","protected":false},"featured_media":18659,"template":"","meta":[],"product_brand":[],"product_cat":[243],"product_tag":[329,297,314],"class_list":{"0":"post-13288","1":"product","2":"type-product","3":"status-publish","4":"has-post-thumbnail","6":"product_cat-infundierte-oele","7":"product_tag-chili","8":"product_tag-flasche-250-ml","9":"product_tag-wurzig","11":"first","12":"instock","13":"shipping-taxable","14":"purchasable","15":"product-type-simple"},"yoast_head":"<!-- This site is optimized with the Yoast SEO plugin v27.4 - https:\/\/yoast.com\/product\/yoast-seo-wordpress\/ -->\n<title>Chili-\u00d6l auf Basis von toskanischem Oliven\u00f6l extra vergine | il Bottaccio<\/title>\n<meta name=\"description\" content=\"Chili-\u00d6l in hochwertigem nativem Oliven\u00f6l extra. F\u00fcr Liebhaber von scharf; Perfekt f\u00fcr jedes Gericht. Ein Klassiker auf Pizza\" \/>\n<meta name=\"robots\" content=\"index, follow, max-snippet:-1, max-image-preview:large, max-video-preview:-1\" \/>\n<link rel=\"canonical\" href=\"https:\/\/www.ilbottaccio.it\/de\/prodotto\/extra-natives-olivenol-pfeffer-ol-250-ml\/\" \/>\n<meta property=\"og:locale\" content=\"de_DE\" \/>\n<meta property=\"og:type\" content=\"article\" \/>\n<meta property=\"og:title\" content=\"Chili-\u00d6l auf Basis von toskanischem Oliven\u00f6l extra vergine | il Bottaccio\" \/>\n<meta property=\"og:description\" content=\"Chili-\u00d6l in hochwertigem nativem Oliven\u00f6l extra. F\u00fcr Liebhaber von scharf; Perfekt f\u00fcr jedes Gericht. Ein Klassiker auf Pizza\" \/>\n<meta property=\"og:url\" content=\"https:\/\/www.ilbottaccio.it\/de\/prodotto\/extra-natives-olivenol-pfeffer-ol-250-ml\/\" \/>\n<meta property=\"og:site_name\" content=\"il Bottaccio | Olio Extravergine Toscano\" \/>\n<meta property=\"article:publisher\" content=\"https:\/\/it-it.facebook.com\/OlioilBottaccio\/\" \/>\n<meta property=\"article:modified_time\" content=\"2024-12-12T16:52:50+00:00\" \/>\n<meta property=\"og:image\" content=\"https:\/\/www.ilbottaccio.it\/web2\/wp-content\/uploads\/2019\/12\/Olio-Extravergine-Toscano-aromatizzato-Peperoncino_250-1.jpg\" \/>\n\t<meta property=\"og:image:width\" content=\"1000\" \/>\n\t<meta property=\"og:image:height\" content=\"1000\" \/>\n\t<meta property=\"og:image:type\" content=\"image\/png\" \/>\n<meta name=\"twitter:card\" content=\"summary_large_image\" \/>\n<script type=\"application\/ld+json\" class=\"yoast-schema-graph\">{\"@context\":\"https:\\\/\\\/schema.org\",\"@graph\":[{\"@type\":\"WebPage\",\"@id\":\"https:\\\/\\\/www.ilbottaccio.it\\\/de\\\/prodotto\\\/extra-natives-olivenol-pfeffer-ol-250-ml\\\/\",\"url\":\"https:\\\/\\\/www.ilbottaccio.it\\\/de\\\/prodotto\\\/extra-natives-olivenol-pfeffer-ol-250-ml\\\/\",\"name\":\"Chili-\u00d6l auf Basis von toskanischem Oliven\u00f6l extra vergine | il Bottaccio\",\"isPartOf\":{\"@id\":\"https:\\\/\\\/www.ilbottaccio.it\\\/de\\\/#website\"},\"primaryImageOfPage\":{\"@id\":\"https:\\\/\\\/www.ilbottaccio.it\\\/de\\\/prodotto\\\/extra-natives-olivenol-pfeffer-ol-250-ml\\\/#primaryimage\"},\"image\":{\"@id\":\"https:\\\/\\\/www.ilbottaccio.it\\\/de\\\/prodotto\\\/extra-natives-olivenol-pfeffer-ol-250-ml\\\/#primaryimage\"},\"thumbnailUrl\":\"https:\\\/\\\/www.ilbottaccio.it\\\/web2\\\/wp-content\\\/uploads\\\/2019\\\/12\\\/Olio-Extravergine-Toscano-aromatizzato-Peperoncino_250-1.jpg\",\"datePublished\":\"2019-12-10T12:45:35+00:00\",\"dateModified\":\"2024-12-12T16:52:50+00:00\",\"description\":\"Chili-\u00d6l in hochwertigem nativem Oliven\u00f6l extra. F\u00fcr Liebhaber von scharf; Perfekt f\u00fcr jedes Gericht. Ein Klassiker auf Pizza\",\"breadcrumb\":{\"@id\":\"https:\\\/\\\/www.ilbottaccio.it\\\/de\\\/prodotto\\\/extra-natives-olivenol-pfeffer-ol-250-ml\\\/#breadcrumb\"},\"inLanguage\":\"de-DE\",\"potentialAction\":[{\"@type\":\"ReadAction\",\"target\":[\"https:\\\/\\\/www.ilbottaccio.it\\\/de\\\/prodotto\\\/extra-natives-olivenol-pfeffer-ol-250-ml\\\/\"]}]},{\"@type\":\"ImageObject\",\"inLanguage\":\"de-DE\",\"@id\":\"https:\\\/\\\/www.ilbottaccio.it\\\/de\\\/prodotto\\\/extra-natives-olivenol-pfeffer-ol-250-ml\\\/#primaryimage\",\"url\":\"https:\\\/\\\/www.ilbottaccio.it\\\/web2\\\/wp-content\\\/uploads\\\/2019\\\/12\\\/Olio-Extravergine-Toscano-aromatizzato-Peperoncino_250-1.jpg\",\"contentUrl\":\"https:\\\/\\\/www.ilbottaccio.it\\\/web2\\\/wp-content\\\/uploads\\\/2019\\\/12\\\/Olio-Extravergine-Toscano-aromatizzato-Peperoncino_250-1.jpg\",\"width\":1000,\"height\":1000,\"caption\":\"Olio al Peperoncino infuso in extravergine di qualit\u00e0. Per gli amanti del piccante; perfetto per esaltare le peculiarit\u00e0 del piatto. Un classico sulla pizza\"},{\"@type\":\"BreadcrumbList\",\"@id\":\"https:\\\/\\\/www.ilbottaccio.it\\\/de\\\/prodotto\\\/extra-natives-olivenol-pfeffer-ol-250-ml\\\/#breadcrumb\",\"itemListElement\":[{\"@type\":\"ListItem\",\"position\":1,\"name\":\"Home\",\"item\":\"https:\\\/\\\/www.ilbottaccio.it\\\/de\\\/home\\\/\"},{\"@type\":\"ListItem\",\"position\":2,\"name\":\"Gesch\u00e4ft\",\"item\":\"https:\\\/\\\/www.ilbottaccio.it\\\/de\\\/shop-2\\\/\"},{\"@type\":\"ListItem\",\"position\":3,\"name\":\"Chili Oliven\u00f6l extra vergine | 250 ml\"}]},{\"@type\":\"WebSite\",\"@id\":\"https:\\\/\\\/www.ilbottaccio.it\\\/de\\\/#website\",\"url\":\"https:\\\/\\\/www.ilbottaccio.it\\\/de\\\/\",\"name\":\"il Bottaccio | Olio Extravergine Toscano\",\"description\":\"Olio Extravergine Toscano\",\"publisher\":{\"@id\":\"https:\\\/\\\/www.ilbottaccio.it\\\/de\\\/#organization\"},\"potentialAction\":[{\"@type\":\"SearchAction\",\"target\":{\"@type\":\"EntryPoint\",\"urlTemplate\":\"https:\\\/\\\/www.ilbottaccio.it\\\/de\\\/?s={search_term_string}\"},\"query-input\":{\"@type\":\"PropertyValueSpecification\",\"valueRequired\":true,\"valueName\":\"search_term_string\"}}],\"inLanguage\":\"de-DE\"},{\"@type\":\"Organization\",\"@id\":\"https:\\\/\\\/www.ilbottaccio.it\\\/de\\\/#organization\",\"name\":\"il Bottaccio\",\"url\":\"https:\\\/\\\/www.ilbottaccio.it\\\/de\\\/\",\"logo\":{\"@type\":\"ImageObject\",\"inLanguage\":\"de-DE\",\"@id\":\"https:\\\/\\\/www.ilbottaccio.it\\\/de\\\/#\\\/schema\\\/logo\\\/image\\\/\",\"url\":\"https:\\\/\\\/www.ilbottaccio.it\\\/web2\\\/wp-content\\\/uploads\\\/2024\\\/09\\\/Goccia_ilBottaccio.jpg\",\"contentUrl\":\"https:\\\/\\\/www.ilbottaccio.it\\\/web2\\\/wp-content\\\/uploads\\\/2024\\\/09\\\/Goccia_ilBottaccio.jpg\",\"width\":500,\"height\":500,\"caption\":\"il Bottaccio\"},\"image\":{\"@id\":\"https:\\\/\\\/www.ilbottaccio.it\\\/de\\\/#\\\/schema\\\/logo\\\/image\\\/\"},\"sameAs\":[\"https:\\\/\\\/it-it.facebook.com\\\/OlioilBottaccio\\\/\",\"https:\\\/\\\/www.instagram.com\\\/il_bottaccio\\\/\"]}]}<\/script>\n<!-- \/ Yoast SEO plugin. -->","yoast_head_json":{"title":"Chili-\u00d6l auf Basis von toskanischem Oliven\u00f6l extra vergine | il Bottaccio","description":"Chili-\u00d6l in hochwertigem nativem Oliven\u00f6l extra. F\u00fcr Liebhaber von scharf; Perfekt f\u00fcr jedes Gericht. Ein Klassiker auf Pizza","robots":{"index":"index","follow":"follow","max-snippet":"max-snippet:-1","max-image-preview":"max-image-preview:large","max-video-preview":"max-video-preview:-1"},"canonical":"https:\/\/www.ilbottaccio.it\/de\/prodotto\/extra-natives-olivenol-pfeffer-ol-250-ml\/","og_locale":"de_DE","og_type":"article","og_title":"Chili-\u00d6l auf Basis von toskanischem Oliven\u00f6l extra vergine | il Bottaccio","og_description":"Chili-\u00d6l in hochwertigem nativem Oliven\u00f6l extra. F\u00fcr Liebhaber von scharf; Perfekt f\u00fcr jedes Gericht. Ein Klassiker auf Pizza","og_url":"https:\/\/www.ilbottaccio.it\/de\/prodotto\/extra-natives-olivenol-pfeffer-ol-250-ml\/","og_site_name":"il Bottaccio | Olio Extravergine Toscano","article_publisher":"https:\/\/it-it.facebook.com\/OlioilBottaccio\/","article_modified_time":"2024-12-12T16:52:50+00:00","og_image":[{"width":1000,"height":1000,"url":"https:\/\/www.ilbottaccio.it\/web2\/wp-content\/uploads\/2019\/12\/Olio-Extravergine-Toscano-aromatizzato-Peperoncino_250-1.jpg","type":"image\/png"}],"twitter_card":"summary_large_image","schema":{"@context":"https:\/\/schema.org","@graph":[{"@type":"WebPage","@id":"https:\/\/www.ilbottaccio.it\/de\/prodotto\/extra-natives-olivenol-pfeffer-ol-250-ml\/","url":"https:\/\/www.ilbottaccio.it\/de\/prodotto\/extra-natives-olivenol-pfeffer-ol-250-ml\/","name":"Chili-\u00d6l auf Basis von toskanischem Oliven\u00f6l extra vergine | il Bottaccio","isPartOf":{"@id":"https:\/\/www.ilbottaccio.it\/de\/#website"},"primaryImageOfPage":{"@id":"https:\/\/www.ilbottaccio.it\/de\/prodotto\/extra-natives-olivenol-pfeffer-ol-250-ml\/#primaryimage"},"image":{"@id":"https:\/\/www.ilbottaccio.it\/de\/prodotto\/extra-natives-olivenol-pfeffer-ol-250-ml\/#primaryimage"},"thumbnailUrl":"https:\/\/www.ilbottaccio.it\/web2\/wp-content\/uploads\/2019\/12\/Olio-Extravergine-Toscano-aromatizzato-Peperoncino_250-1.jpg","datePublished":"2019-12-10T12:45:35+00:00","dateModified":"2024-12-12T16:52:50+00:00","description":"Chili-\u00d6l in hochwertigem nativem Oliven\u00f6l extra. F\u00fcr Liebhaber von scharf; Perfekt f\u00fcr jedes Gericht. Ein Klassiker auf Pizza","breadcrumb":{"@id":"https:\/\/www.ilbottaccio.it\/de\/prodotto\/extra-natives-olivenol-pfeffer-ol-250-ml\/#breadcrumb"},"inLanguage":"de-DE","potentialAction":[{"@type":"ReadAction","target":["https:\/\/www.ilbottaccio.it\/de\/prodotto\/extra-natives-olivenol-pfeffer-ol-250-ml\/"]}]},{"@type":"ImageObject","inLanguage":"de-DE","@id":"https:\/\/www.ilbottaccio.it\/de\/prodotto\/extra-natives-olivenol-pfeffer-ol-250-ml\/#primaryimage","url":"https:\/\/www.ilbottaccio.it\/web2\/wp-content\/uploads\/2019\/12\/Olio-Extravergine-Toscano-aromatizzato-Peperoncino_250-1.jpg","contentUrl":"https:\/\/www.ilbottaccio.it\/web2\/wp-content\/uploads\/2019\/12\/Olio-Extravergine-Toscano-aromatizzato-Peperoncino_250-1.jpg","width":1000,"height":1000,"caption":"Olio al Peperoncino infuso in extravergine di qualit\u00e0. Per gli amanti del piccante; perfetto per esaltare le peculiarit\u00e0 del piatto. Un classico sulla pizza"},{"@type":"BreadcrumbList","@id":"https:\/\/www.ilbottaccio.it\/de\/prodotto\/extra-natives-olivenol-pfeffer-ol-250-ml\/#breadcrumb","itemListElement":[{"@type":"ListItem","position":1,"name":"Home","item":"https:\/\/www.ilbottaccio.it\/de\/home\/"},{"@type":"ListItem","position":2,"name":"Gesch\u00e4ft","item":"https:\/\/www.ilbottaccio.it\/de\/shop-2\/"},{"@type":"ListItem","position":3,"name":"Chili Oliven\u00f6l extra vergine | 250 ml"}]},{"@type":"WebSite","@id":"https:\/\/www.ilbottaccio.it\/de\/#website","url":"https:\/\/www.ilbottaccio.it\/de\/","name":"il Bottaccio | Olio Extravergine Toscano","description":"Olio Extravergine Toscano","publisher":{"@id":"https:\/\/www.ilbottaccio.it\/de\/#organization"},"potentialAction":[{"@type":"SearchAction","target":{"@type":"EntryPoint","urlTemplate":"https:\/\/www.ilbottaccio.it\/de\/?s={search_term_string}"},"query-input":{"@type":"PropertyValueSpecification","valueRequired":true,"valueName":"search_term_string"}}],"inLanguage":"de-DE"},{"@type":"Organization","@id":"https:\/\/www.ilbottaccio.it\/de\/#organization","name":"il Bottaccio","url":"https:\/\/www.ilbottaccio.it\/de\/","logo":{"@type":"ImageObject","inLanguage":"de-DE","@id":"https:\/\/www.ilbottaccio.it\/de\/#\/schema\/logo\/image\/","url":"https:\/\/www.ilbottaccio.it\/web2\/wp-content\/uploads\/2024\/09\/Goccia_ilBottaccio.jpg","contentUrl":"https:\/\/www.ilbottaccio.it\/web2\/wp-content\/uploads\/2024\/09\/Goccia_ilBottaccio.jpg","width":500,"height":500,"caption":"il Bottaccio"},"image":{"@id":"https:\/\/www.ilbottaccio.it\/de\/#\/schema\/logo\/image\/"},"sameAs":["https:\/\/it-it.facebook.com\/OlioilBottaccio\/","https:\/\/www.instagram.com\/il_bottaccio\/"]}]}},"_links":{"self":[{"href":"https:\/\/www.ilbottaccio.it\/de\/wp-json\/wp\/v2\/product\/13288","targetHints":{"allow":["GET"]}}],"collection":[{"href":"https:\/\/www.ilbottaccio.it\/de\/wp-json\/wp\/v2\/product"}],"about":[{"href":"https:\/\/www.ilbottaccio.it\/de\/wp-json\/wp\/v2\/types\/product"}],"wp:featuredmedia":[{"embeddable":true,"href":"https:\/\/www.ilbottaccio.it\/de\/wp-json\/wp\/v2\/media\/18659"}],"wp:attachment":[{"href":"https:\/\/www.ilbottaccio.it\/de\/wp-json\/wp\/v2\/media?parent=13288"}],"wp:term":[{"taxonomy":"product_brand","embeddable":true,"href":"https:\/\/www.ilbottaccio.it\/de\/wp-json\/wp\/v2\/product_brand?post=13288"},{"taxonomy":"product_cat","embeddable":true,"href":"https:\/\/www.ilbottaccio.it\/de\/wp-json\/wp\/v2\/product_cat?post=13288"},{"taxonomy":"product_tag","embeddable":true,"href":"https:\/\/www.ilbottaccio.it\/de\/wp-json\/wp\/v2\/product_tag?post=13288"}],"curies":[{"name":"wp","href":"https:\/\/api.w.org\/{rel}","templated":true}]}}