{"id":13296,"date":"2019-07-15T16:45:16","date_gmt":"2019-07-15T16:45:16","guid":{"rendered":"http:www.ilbottaccio.it\/prodotto\/neues-olivenol-extra-vergine-500ml-parfum\/"},"modified":"2025-10-23T08:54:42","modified_gmt":"2025-10-23T08:54:42","slug":"neues-natives-olivenol-extra-parfum-500ml","status":"publish","type":"product","link":"https:\/\/www.ilbottaccio.it\/de\/prodotto\/neues-natives-olivenol-extra-parfum-500ml\/","title":{"rendered":"Neues Oliven\u00f6l extra vergine 500ml Parf\u00fcm"},"content":{"rendered":"","protected":false},"excerpt":{"rendered":"<h4>NEUS Oliven\u00f6l extra vergine, ungefiltert<\/h4>\n<p><strong>Oliven\u00f6lkampagne:<\/strong> 2025\/2026<\/p>\n<p><strong>Produktionsgebiet:<\/strong> Toskana, Venturina Terme, Loc Palmentello 50 mt. s.l.m.<\/p>\n<p><strong>Olivenhaine<\/strong>: Oliven 20\/25 Jahre alt, in einer flachen Gegend<\/p>\n<p><strong>Sorte<\/strong>: Frantoio 50%, Moraiolo 20%, Leccino 20%, Pendolino 10%<\/p>\n<p><strong>Erntezeit<\/strong>: Vom 1. bis 15. Oktober<\/p>\n<p><strong>Aussehen<\/strong>: Hellgr\u00fcn, ungefiltert<\/p>\n<p><strong>Auf der Nase:<\/strong> Sehr duftend, fruchtig, Noten von Gras und Artischocken<\/p>\n<p><strong>Am Gaumen<\/strong>: Frisches Gras mit einem leichten Hauch von Artischocke und Mandel, eine wichtige und anhaltende w\u00fcrzige Note<\/p>\n<p><strong>Paarungen<\/strong>: Ideal zum Dressing von Salaten, Gem\u00fcsedips, K\u00e4se und Bruschetta; roh verwendet werden<\/p>\n","protected":false},"featured_media":17046,"template":"","meta":[],"product_brand":[],"product_cat":[257,244,249],"product_tag":[296,333],"class_list":{"0":"post-13296","1":"product","2":"type-product","3":"status-publish","4":"has-post-thumbnail","6":"product_cat-auswahl","7":"product_cat-natives-olivenol-extra","8":"product_cat-profumo-de","9":"product_tag-500-ml-flasche","10":"product_tag-olio-nuovo-de","12":"first","13":"outofstock","14":"sale","15":"shipping-taxable","16":"purchasable","17":"product-type-simple"},"yoast_head":"<!-- This site is optimized with the Yoast SEO plugin v27.4 - https:\/\/yoast.com\/product\/yoast-seo-wordpress\/ -->\n<title>Neues ungefiltertes Roh\u00f6l, hergestellt in der Toskana | il Bottaccio<\/title>\n<meta name=\"description\" content=\"Neues toskanisches ungefiltertes \u00d6l, roh, hellgr\u00fcn, Erstpressung, gerade gepresst. Grasnoten mit einem Hauch von Artischocke und Mandel.\" \/>\n<meta name=\"robots\" content=\"index, follow, max-snippet:-1, max-image-preview:large, max-video-preview:-1\" \/>\n<link rel=\"canonical\" href=\"https:\/\/www.ilbottaccio.it\/de\/prodotto\/neues-natives-olivenol-extra-parfum-500ml\/\" \/>\n<meta property=\"og:locale\" content=\"de_DE\" \/>\n<meta property=\"og:type\" content=\"article\" \/>\n<meta property=\"og:title\" content=\"Neues ungefiltertes Roh\u00f6l, hergestellt in der Toskana | il Bottaccio\" \/>\n<meta property=\"og:description\" content=\"Neues toskanisches ungefiltertes \u00d6l, roh, hellgr\u00fcn, Erstpressung, gerade gepresst. Grasnoten mit einem Hauch von Artischocke und Mandel.\" \/>\n<meta property=\"og:url\" content=\"https:\/\/www.ilbottaccio.it\/de\/prodotto\/neues-natives-olivenol-extra-parfum-500ml\/\" \/>\n<meta property=\"og:site_name\" content=\"il Bottaccio | Olio Extravergine Toscano\" \/>\n<meta property=\"article:publisher\" content=\"https:\/\/it-it.facebook.com\/OlioilBottaccio\/\" \/>\n<meta property=\"article:modified_time\" content=\"2025-10-23T08:54:42+00:00\" \/>\n<meta property=\"og:image\" content=\"https:\/\/www.ilbottaccio.it\/web2\/wp-content\/uploads\/2019\/07\/Olio-nuovo-toscano-non-filtrato_Profumo_500.jpg\" \/>\n\t<meta property=\"og:image:width\" content=\"1000\" \/>\n\t<meta property=\"og:image:height\" content=\"1000\" \/>\n\t<meta property=\"og:image:type\" content=\"image\/png\" \/>\n<meta name=\"twitter:card\" content=\"summary_large_image\" \/>\n<script type=\"application\/ld+json\" class=\"yoast-schema-graph\">{\"@context\":\"https:\\\/\\\/schema.org\",\"@graph\":[{\"@type\":\"WebPage\",\"@id\":\"https:\\\/\\\/www.ilbottaccio.it\\\/de\\\/prodotto\\\/neues-natives-olivenol-extra-parfum-500ml\\\/\",\"url\":\"https:\\\/\\\/www.ilbottaccio.it\\\/de\\\/prodotto\\\/neues-natives-olivenol-extra-parfum-500ml\\\/\",\"name\":\"Neues ungefiltertes Roh\u00f6l, hergestellt in der Toskana | il Bottaccio\",\"isPartOf\":{\"@id\":\"https:\\\/\\\/www.ilbottaccio.it\\\/de\\\/#website\"},\"primaryImageOfPage\":{\"@id\":\"https:\\\/\\\/www.ilbottaccio.it\\\/de\\\/prodotto\\\/neues-natives-olivenol-extra-parfum-500ml\\\/#primaryimage\"},\"image\":{\"@id\":\"https:\\\/\\\/www.ilbottaccio.it\\\/de\\\/prodotto\\\/neues-natives-olivenol-extra-parfum-500ml\\\/#primaryimage\"},\"thumbnailUrl\":\"https:\\\/\\\/www.ilbottaccio.it\\\/web2\\\/wp-content\\\/uploads\\\/2019\\\/07\\\/Olio-nuovo-toscano-non-filtrato_Profumo_500.jpg\",\"datePublished\":\"2019-07-15T16:45:16+00:00\",\"dateModified\":\"2025-10-23T08:54:42+00:00\",\"description\":\"Neues toskanisches ungefiltertes \u00d6l, roh, hellgr\u00fcn, Erstpressung, gerade gepresst. Grasnoten mit einem Hauch von Artischocke und Mandel.\",\"breadcrumb\":{\"@id\":\"https:\\\/\\\/www.ilbottaccio.it\\\/de\\\/prodotto\\\/neues-natives-olivenol-extra-parfum-500ml\\\/#breadcrumb\"},\"inLanguage\":\"de-DE\",\"potentialAction\":[{\"@type\":\"ReadAction\",\"target\":[\"https:\\\/\\\/www.ilbottaccio.it\\\/de\\\/prodotto\\\/neues-natives-olivenol-extra-parfum-500ml\\\/\"]}]},{\"@type\":\"ImageObject\",\"inLanguage\":\"de-DE\",\"@id\":\"https:\\\/\\\/www.ilbottaccio.it\\\/de\\\/prodotto\\\/neues-natives-olivenol-extra-parfum-500ml\\\/#primaryimage\",\"url\":\"https:\\\/\\\/www.ilbottaccio.it\\\/web2\\\/wp-content\\\/uploads\\\/2019\\\/07\\\/Olio-nuovo-toscano-non-filtrato_Profumo_500.jpg\",\"contentUrl\":\"https:\\\/\\\/www.ilbottaccio.it\\\/web2\\\/wp-content\\\/uploads\\\/2019\\\/07\\\/Olio-nuovo-toscano-non-filtrato_Profumo_500.jpg\",\"width\":1000,\"height\":1000,\"caption\":\"Neues ungefiltertes, rohes, hellgr\u00fcnes \u00d6l, zuerst gepresst, gerade gepresst. Noten von frischem Gras mit einem leichten Hauch von Artischocke und Mandel.\"},{\"@type\":\"BreadcrumbList\",\"@id\":\"https:\\\/\\\/www.ilbottaccio.it\\\/de\\\/prodotto\\\/neues-natives-olivenol-extra-parfum-500ml\\\/#breadcrumb\",\"itemListElement\":[{\"@type\":\"ListItem\",\"position\":1,\"name\":\"Home\",\"item\":\"https:\\\/\\\/www.ilbottaccio.it\\\/de\\\/home\\\/\"},{\"@type\":\"ListItem\",\"position\":2,\"name\":\"Gesch\u00e4ft\",\"item\":\"https:\\\/\\\/www.ilbottaccio.it\\\/de\\\/shop-2\\\/\"},{\"@type\":\"ListItem\",\"position\":3,\"name\":\"Neues Oliven\u00f6l extra vergine 500ml Parf\u00fcm\"}]},{\"@type\":\"WebSite\",\"@id\":\"https:\\\/\\\/www.ilbottaccio.it\\\/de\\\/#website\",\"url\":\"https:\\\/\\\/www.ilbottaccio.it\\\/de\\\/\",\"name\":\"il Bottaccio | Olio Extravergine Toscano\",\"description\":\"Olio Extravergine Toscano\",\"publisher\":{\"@id\":\"https:\\\/\\\/www.ilbottaccio.it\\\/de\\\/#organization\"},\"potentialAction\":[{\"@type\":\"SearchAction\",\"target\":{\"@type\":\"EntryPoint\",\"urlTemplate\":\"https:\\\/\\\/www.ilbottaccio.it\\\/de\\\/?s={search_term_string}\"},\"query-input\":{\"@type\":\"PropertyValueSpecification\",\"valueRequired\":true,\"valueName\":\"search_term_string\"}}],\"inLanguage\":\"de-DE\"},{\"@type\":\"Organization\",\"@id\":\"https:\\\/\\\/www.ilbottaccio.it\\\/de\\\/#organization\",\"name\":\"il Bottaccio\",\"url\":\"https:\\\/\\\/www.ilbottaccio.it\\\/de\\\/\",\"logo\":{\"@type\":\"ImageObject\",\"inLanguage\":\"de-DE\",\"@id\":\"https:\\\/\\\/www.ilbottaccio.it\\\/de\\\/#\\\/schema\\\/logo\\\/image\\\/\",\"url\":\"https:\\\/\\\/www.ilbottaccio.it\\\/web2\\\/wp-content\\\/uploads\\\/2024\\\/09\\\/Goccia_ilBottaccio.jpg\",\"contentUrl\":\"https:\\\/\\\/www.ilbottaccio.it\\\/web2\\\/wp-content\\\/uploads\\\/2024\\\/09\\\/Goccia_ilBottaccio.jpg\",\"width\":500,\"height\":500,\"caption\":\"il Bottaccio\"},\"image\":{\"@id\":\"https:\\\/\\\/www.ilbottaccio.it\\\/de\\\/#\\\/schema\\\/logo\\\/image\\\/\"},\"sameAs\":[\"https:\\\/\\\/it-it.facebook.com\\\/OlioilBottaccio\\\/\",\"https:\\\/\\\/www.instagram.com\\\/il_bottaccio\\\/\"]}]}<\/script>\n<!-- \/ Yoast SEO plugin. -->","yoast_head_json":{"title":"Neues ungefiltertes Roh\u00f6l, hergestellt in der Toskana | il Bottaccio","description":"Neues toskanisches ungefiltertes \u00d6l, roh, hellgr\u00fcn, Erstpressung, gerade gepresst. Grasnoten mit einem Hauch von Artischocke und Mandel.","robots":{"index":"index","follow":"follow","max-snippet":"max-snippet:-1","max-image-preview":"max-image-preview:large","max-video-preview":"max-video-preview:-1"},"canonical":"https:\/\/www.ilbottaccio.it\/de\/prodotto\/neues-natives-olivenol-extra-parfum-500ml\/","og_locale":"de_DE","og_type":"article","og_title":"Neues ungefiltertes Roh\u00f6l, hergestellt in der Toskana | il Bottaccio","og_description":"Neues toskanisches ungefiltertes \u00d6l, roh, hellgr\u00fcn, Erstpressung, gerade gepresst. Grasnoten mit einem Hauch von Artischocke und Mandel.","og_url":"https:\/\/www.ilbottaccio.it\/de\/prodotto\/neues-natives-olivenol-extra-parfum-500ml\/","og_site_name":"il Bottaccio | Olio Extravergine Toscano","article_publisher":"https:\/\/it-it.facebook.com\/OlioilBottaccio\/","article_modified_time":"2025-10-23T08:54:42+00:00","og_image":[{"width":1000,"height":1000,"url":"https:\/\/www.ilbottaccio.it\/web2\/wp-content\/uploads\/2019\/07\/Olio-nuovo-toscano-non-filtrato_Profumo_500.jpg","type":"image\/png"}],"twitter_card":"summary_large_image","schema":{"@context":"https:\/\/schema.org","@graph":[{"@type":"WebPage","@id":"https:\/\/www.ilbottaccio.it\/de\/prodotto\/neues-natives-olivenol-extra-parfum-500ml\/","url":"https:\/\/www.ilbottaccio.it\/de\/prodotto\/neues-natives-olivenol-extra-parfum-500ml\/","name":"Neues ungefiltertes Roh\u00f6l, hergestellt in der Toskana | il Bottaccio","isPartOf":{"@id":"https:\/\/www.ilbottaccio.it\/de\/#website"},"primaryImageOfPage":{"@id":"https:\/\/www.ilbottaccio.it\/de\/prodotto\/neues-natives-olivenol-extra-parfum-500ml\/#primaryimage"},"image":{"@id":"https:\/\/www.ilbottaccio.it\/de\/prodotto\/neues-natives-olivenol-extra-parfum-500ml\/#primaryimage"},"thumbnailUrl":"https:\/\/www.ilbottaccio.it\/web2\/wp-content\/uploads\/2019\/07\/Olio-nuovo-toscano-non-filtrato_Profumo_500.jpg","datePublished":"2019-07-15T16:45:16+00:00","dateModified":"2025-10-23T08:54:42+00:00","description":"Neues toskanisches ungefiltertes \u00d6l, roh, hellgr\u00fcn, Erstpressung, gerade gepresst. Grasnoten mit einem Hauch von Artischocke und Mandel.","breadcrumb":{"@id":"https:\/\/www.ilbottaccio.it\/de\/prodotto\/neues-natives-olivenol-extra-parfum-500ml\/#breadcrumb"},"inLanguage":"de-DE","potentialAction":[{"@type":"ReadAction","target":["https:\/\/www.ilbottaccio.it\/de\/prodotto\/neues-natives-olivenol-extra-parfum-500ml\/"]}]},{"@type":"ImageObject","inLanguage":"de-DE","@id":"https:\/\/www.ilbottaccio.it\/de\/prodotto\/neues-natives-olivenol-extra-parfum-500ml\/#primaryimage","url":"https:\/\/www.ilbottaccio.it\/web2\/wp-content\/uploads\/2019\/07\/Olio-nuovo-toscano-non-filtrato_Profumo_500.jpg","contentUrl":"https:\/\/www.ilbottaccio.it\/web2\/wp-content\/uploads\/2019\/07\/Olio-nuovo-toscano-non-filtrato_Profumo_500.jpg","width":1000,"height":1000,"caption":"Neues ungefiltertes, rohes, hellgr\u00fcnes \u00d6l, zuerst gepresst, gerade gepresst. Noten von frischem Gras mit einem leichten Hauch von Artischocke und Mandel."},{"@type":"BreadcrumbList","@id":"https:\/\/www.ilbottaccio.it\/de\/prodotto\/neues-natives-olivenol-extra-parfum-500ml\/#breadcrumb","itemListElement":[{"@type":"ListItem","position":1,"name":"Home","item":"https:\/\/www.ilbottaccio.it\/de\/home\/"},{"@type":"ListItem","position":2,"name":"Gesch\u00e4ft","item":"https:\/\/www.ilbottaccio.it\/de\/shop-2\/"},{"@type":"ListItem","position":3,"name":"Neues Oliven\u00f6l extra vergine 500ml Parf\u00fcm"}]},{"@type":"WebSite","@id":"https:\/\/www.ilbottaccio.it\/de\/#website","url":"https:\/\/www.ilbottaccio.it\/de\/","name":"il Bottaccio | Olio Extravergine Toscano","description":"Olio Extravergine Toscano","publisher":{"@id":"https:\/\/www.ilbottaccio.it\/de\/#organization"},"potentialAction":[{"@type":"SearchAction","target":{"@type":"EntryPoint","urlTemplate":"https:\/\/www.ilbottaccio.it\/de\/?s={search_term_string}"},"query-input":{"@type":"PropertyValueSpecification","valueRequired":true,"valueName":"search_term_string"}}],"inLanguage":"de-DE"},{"@type":"Organization","@id":"https:\/\/www.ilbottaccio.it\/de\/#organization","name":"il Bottaccio","url":"https:\/\/www.ilbottaccio.it\/de\/","logo":{"@type":"ImageObject","inLanguage":"de-DE","@id":"https:\/\/www.ilbottaccio.it\/de\/#\/schema\/logo\/image\/","url":"https:\/\/www.ilbottaccio.it\/web2\/wp-content\/uploads\/2024\/09\/Goccia_ilBottaccio.jpg","contentUrl":"https:\/\/www.ilbottaccio.it\/web2\/wp-content\/uploads\/2024\/09\/Goccia_ilBottaccio.jpg","width":500,"height":500,"caption":"il Bottaccio"},"image":{"@id":"https:\/\/www.ilbottaccio.it\/de\/#\/schema\/logo\/image\/"},"sameAs":["https:\/\/it-it.facebook.com\/OlioilBottaccio\/","https:\/\/www.instagram.com\/il_bottaccio\/"]}]}},"_links":{"self":[{"href":"https:\/\/www.ilbottaccio.it\/de\/wp-json\/wp\/v2\/product\/13296","targetHints":{"allow":["GET"]}}],"collection":[{"href":"https:\/\/www.ilbottaccio.it\/de\/wp-json\/wp\/v2\/product"}],"about":[{"href":"https:\/\/www.ilbottaccio.it\/de\/wp-json\/wp\/v2\/types\/product"}],"wp:featuredmedia":[{"embeddable":true,"href":"https:\/\/www.ilbottaccio.it\/de\/wp-json\/wp\/v2\/media\/17046"}],"wp:attachment":[{"href":"https:\/\/www.ilbottaccio.it\/de\/wp-json\/wp\/v2\/media?parent=13296"}],"wp:term":[{"taxonomy":"product_brand","embeddable":true,"href":"https:\/\/www.ilbottaccio.it\/de\/wp-json\/wp\/v2\/product_brand?post=13296"},{"taxonomy":"product_cat","embeddable":true,"href":"https:\/\/www.ilbottaccio.it\/de\/wp-json\/wp\/v2\/product_cat?post=13296"},{"taxonomy":"product_tag","embeddable":true,"href":"https:\/\/www.ilbottaccio.it\/de\/wp-json\/wp\/v2\/product_tag?post=13296"}],"curies":[{"name":"wp","href":"https:\/\/api.w.org\/{rel}","templated":true}]}}