{"id":15314,"date":"2021-04-24T07:43:28","date_gmt":"2021-04-24T07:43:28","guid":{"rendered":"https:www.ilbottaccio.it\/?post_type=product&#038;p=15314"},"modified":"2024-08-27T14:23:39","modified_gmt":"2024-08-27T14:23:39","slug":"die-giardiniera-in-extra-natives-ol-280-gr","status":"publish","type":"product","link":"https:\/\/www.ilbottaccio.it\/de\/prodotto\/die-giardiniera-in-extra-natives-ol-280-gr\/","title":{"rendered":"die GIARDINIERA in nativem Oliven\u00f6l extra | 280 gr"},"content":{"rendered":"","protected":false},"excerpt":{"rendered":"<p><strong>Beschreibung und Paarungen<\/strong>: Giardiniera in nativem Oliven\u00f6l extra in einem Glas von 280 gr. Knusprig und zart eignet es sich ideal als Beilage zu Aufschnitt und Wurstwaren sowie zu ged\u00fcnstetem, gebratenem oder gegrilltem Fleisch. <img loading=\"lazy\" decoding=\"async\" class=\"alignnone wp-image-20459\" title=\"Handgefertigt aus frischen Produkten bei km 0, Topfkochen\" src=\"https:\/\/www.ilbottaccio.it\/web2\/wp-content\/uploads\/2022\/10\/Lavorato-a-mano-dal-fresco-a-km-0-vasocottura-750x188.png\" alt=\"Handgefertigt aus frischen Produkten bei km 0, Topfkochen\" width=\"478\" height=\"120\"><\/p>\n","protected":false},"featured_media":19173,"template":"","meta":[],"product_brand":[],"product_cat":[262],"product_tag":[356,289],"class_list":{"0":"post-15314","1":"product","2":"type-product","3":"status-publish","4":"has-post-thumbnail","6":"product_cat-in-ol","7":"product_tag-gemuse","8":"product_tag-jar-280-gr","10":"first","11":"instock","12":"shipping-taxable","13":"purchasable","14":"product-type-simple"},"yoast_head":"<!-- This site is optimized with the Yoast SEO plugin v27.4 - https:\/\/yoast.com\/product\/yoast-seo-wordpress\/ -->\n<title>die GIARDINIERA in toskanischem nativem Oliven\u00f6l extra. | il Bottaccio<\/title>\n<meta name=\"description\" content=\"die GIARDINIERA in toskanischem nativem Oliven\u00f6l extra. Knusprig und zart, ideal zu Aufschnitt und Salami, ged\u00fcnstetem, ger\u00f6stetem oder gegrilltem Fleisch.\" \/>\n<meta name=\"robots\" content=\"index, follow, max-snippet:-1, max-image-preview:large, max-video-preview:-1\" \/>\n<link rel=\"canonical\" href=\"https:\/\/www.ilbottaccio.it\/de\/prodotto\/die-giardiniera-in-extra-natives-ol-280-gr\/\" \/>\n<meta property=\"og:locale\" content=\"de_DE\" \/>\n<meta property=\"og:type\" content=\"article\" \/>\n<meta property=\"og:title\" content=\"die GIARDINIERA in toskanischem nativem Oliven\u00f6l extra. | il Bottaccio\" \/>\n<meta property=\"og:description\" content=\"die GIARDINIERA in toskanischem nativem Oliven\u00f6l extra. Knusprig und zart, ideal zu Aufschnitt und Salami, ged\u00fcnstetem, ger\u00f6stetem oder gegrilltem Fleisch.\" \/>\n<meta property=\"og:url\" content=\"https:\/\/www.ilbottaccio.it\/de\/prodotto\/die-giardiniera-in-extra-natives-ol-280-gr\/\" \/>\n<meta property=\"og:site_name\" content=\"il Bottaccio | Olio Extravergine Toscano\" \/>\n<meta property=\"article:publisher\" content=\"https:\/\/it-it.facebook.com\/OlioilBottaccio\/\" \/>\n<meta property=\"article:modified_time\" content=\"2024-08-27T14:23:39+00:00\" \/>\n<meta property=\"og:image\" content=\"https:\/\/www.ilbottaccio.it\/web2\/wp-content\/uploads\/2021\/04\/GIARX280_La-Giardiniera-in-olio-extravergine-1.jpg\" \/>\n\t<meta property=\"og:image:width\" content=\"1000\" \/>\n\t<meta property=\"og:image:height\" content=\"1000\" \/>\n\t<meta property=\"og:image:type\" content=\"image\/png\" \/>\n<meta name=\"twitter:card\" content=\"summary_large_image\" \/>\n<script type=\"application\/ld+json\" class=\"yoast-schema-graph\">{\"@context\":\"https:\\\/\\\/schema.org\",\"@graph\":[{\"@type\":\"WebPage\",\"@id\":\"https:\\\/\\\/www.ilbottaccio.it\\\/de\\\/prodotto\\\/die-giardiniera-in-extra-natives-ol-280-gr\\\/\",\"url\":\"https:\\\/\\\/www.ilbottaccio.it\\\/de\\\/prodotto\\\/die-giardiniera-in-extra-natives-ol-280-gr\\\/\",\"name\":\"die GIARDINIERA in toskanischem nativem Oliven\u00f6l extra. | il Bottaccio\",\"isPartOf\":{\"@id\":\"https:\\\/\\\/www.ilbottaccio.it\\\/de\\\/#website\"},\"primaryImageOfPage\":{\"@id\":\"https:\\\/\\\/www.ilbottaccio.it\\\/de\\\/prodotto\\\/die-giardiniera-in-extra-natives-ol-280-gr\\\/#primaryimage\"},\"image\":{\"@id\":\"https:\\\/\\\/www.ilbottaccio.it\\\/de\\\/prodotto\\\/die-giardiniera-in-extra-natives-ol-280-gr\\\/#primaryimage\"},\"thumbnailUrl\":\"https:\\\/\\\/www.ilbottaccio.it\\\/web2\\\/wp-content\\\/uploads\\\/2021\\\/04\\\/GIARX280_La-Giardiniera-in-olio-extravergine-1.jpg\",\"datePublished\":\"2021-04-24T07:43:28+00:00\",\"dateModified\":\"2024-08-27T14:23:39+00:00\",\"description\":\"die GIARDINIERA in toskanischem nativem Oliven\u00f6l extra. Knusprig und zart, ideal zu Aufschnitt und Salami, ged\u00fcnstetem, ger\u00f6stetem oder gegrilltem Fleisch.\",\"breadcrumb\":{\"@id\":\"https:\\\/\\\/www.ilbottaccio.it\\\/de\\\/prodotto\\\/die-giardiniera-in-extra-natives-ol-280-gr\\\/#breadcrumb\"},\"inLanguage\":\"de-DE\",\"potentialAction\":[{\"@type\":\"ReadAction\",\"target\":[\"https:\\\/\\\/www.ilbottaccio.it\\\/de\\\/prodotto\\\/die-giardiniera-in-extra-natives-ol-280-gr\\\/\"]}]},{\"@type\":\"ImageObject\",\"inLanguage\":\"de-DE\",\"@id\":\"https:\\\/\\\/www.ilbottaccio.it\\\/de\\\/prodotto\\\/die-giardiniera-in-extra-natives-ol-280-gr\\\/#primaryimage\",\"url\":\"https:\\\/\\\/www.ilbottaccio.it\\\/web2\\\/wp-content\\\/uploads\\\/2021\\\/04\\\/GIARX280_La-Giardiniera-in-olio-extravergine-1.jpg\",\"contentUrl\":\"https:\\\/\\\/www.ilbottaccio.it\\\/web2\\\/wp-content\\\/uploads\\\/2021\\\/04\\\/GIARX280_La-Giardiniera-in-olio-extravergine-1.jpg\",\"width\":1000,\"height\":1000,\"caption\":\"Giardiniera in toskanischem nativem Oliven\u00f6l extra. Knusprig und zart, ist es ideal zum Begleiten\"},{\"@type\":\"BreadcrumbList\",\"@id\":\"https:\\\/\\\/www.ilbottaccio.it\\\/de\\\/prodotto\\\/die-giardiniera-in-extra-natives-ol-280-gr\\\/#breadcrumb\",\"itemListElement\":[{\"@type\":\"ListItem\",\"position\":1,\"name\":\"Home\",\"item\":\"https:\\\/\\\/www.ilbottaccio.it\\\/de\\\/home\\\/\"},{\"@type\":\"ListItem\",\"position\":2,\"name\":\"Gesch\u00e4ft\",\"item\":\"https:\\\/\\\/www.ilbottaccio.it\\\/de\\\/shop-2\\\/\"},{\"@type\":\"ListItem\",\"position\":3,\"name\":\"die GIARDINIERA in nativem Oliven\u00f6l extra | 280 gr\"}]},{\"@type\":\"WebSite\",\"@id\":\"https:\\\/\\\/www.ilbottaccio.it\\\/de\\\/#website\",\"url\":\"https:\\\/\\\/www.ilbottaccio.it\\\/de\\\/\",\"name\":\"il Bottaccio | Olio Extravergine Toscano\",\"description\":\"Olio Extravergine Toscano\",\"publisher\":{\"@id\":\"https:\\\/\\\/www.ilbottaccio.it\\\/de\\\/#organization\"},\"potentialAction\":[{\"@type\":\"SearchAction\",\"target\":{\"@type\":\"EntryPoint\",\"urlTemplate\":\"https:\\\/\\\/www.ilbottaccio.it\\\/de\\\/?s={search_term_string}\"},\"query-input\":{\"@type\":\"PropertyValueSpecification\",\"valueRequired\":true,\"valueName\":\"search_term_string\"}}],\"inLanguage\":\"de-DE\"},{\"@type\":\"Organization\",\"@id\":\"https:\\\/\\\/www.ilbottaccio.it\\\/de\\\/#organization\",\"name\":\"il Bottaccio\",\"url\":\"https:\\\/\\\/www.ilbottaccio.it\\\/de\\\/\",\"logo\":{\"@type\":\"ImageObject\",\"inLanguage\":\"de-DE\",\"@id\":\"https:\\\/\\\/www.ilbottaccio.it\\\/de\\\/#\\\/schema\\\/logo\\\/image\\\/\",\"url\":\"https:\\\/\\\/www.ilbottaccio.it\\\/web2\\\/wp-content\\\/uploads\\\/2024\\\/09\\\/Goccia_ilBottaccio.jpg\",\"contentUrl\":\"https:\\\/\\\/www.ilbottaccio.it\\\/web2\\\/wp-content\\\/uploads\\\/2024\\\/09\\\/Goccia_ilBottaccio.jpg\",\"width\":500,\"height\":500,\"caption\":\"il Bottaccio\"},\"image\":{\"@id\":\"https:\\\/\\\/www.ilbottaccio.it\\\/de\\\/#\\\/schema\\\/logo\\\/image\\\/\"},\"sameAs\":[\"https:\\\/\\\/it-it.facebook.com\\\/OlioilBottaccio\\\/\",\"https:\\\/\\\/www.instagram.com\\\/il_bottaccio\\\/\"]}]}<\/script>\n<!-- \/ Yoast SEO plugin. -->","yoast_head_json":{"title":"die GIARDINIERA in toskanischem nativem Oliven\u00f6l extra. | il Bottaccio","description":"die GIARDINIERA in toskanischem nativem Oliven\u00f6l extra. Knusprig und zart, ideal zu Aufschnitt und Salami, ged\u00fcnstetem, ger\u00f6stetem oder gegrilltem Fleisch.","robots":{"index":"index","follow":"follow","max-snippet":"max-snippet:-1","max-image-preview":"max-image-preview:large","max-video-preview":"max-video-preview:-1"},"canonical":"https:\/\/www.ilbottaccio.it\/de\/prodotto\/die-giardiniera-in-extra-natives-ol-280-gr\/","og_locale":"de_DE","og_type":"article","og_title":"die GIARDINIERA in toskanischem nativem Oliven\u00f6l extra. | il Bottaccio","og_description":"die GIARDINIERA in toskanischem nativem Oliven\u00f6l extra. Knusprig und zart, ideal zu Aufschnitt und Salami, ged\u00fcnstetem, ger\u00f6stetem oder gegrilltem Fleisch.","og_url":"https:\/\/www.ilbottaccio.it\/de\/prodotto\/die-giardiniera-in-extra-natives-ol-280-gr\/","og_site_name":"il Bottaccio | Olio Extravergine Toscano","article_publisher":"https:\/\/it-it.facebook.com\/OlioilBottaccio\/","article_modified_time":"2024-08-27T14:23:39+00:00","og_image":[{"width":1000,"height":1000,"url":"https:\/\/www.ilbottaccio.it\/web2\/wp-content\/uploads\/2021\/04\/GIARX280_La-Giardiniera-in-olio-extravergine-1.jpg","type":"image\/png"}],"twitter_card":"summary_large_image","schema":{"@context":"https:\/\/schema.org","@graph":[{"@type":"WebPage","@id":"https:\/\/www.ilbottaccio.it\/de\/prodotto\/die-giardiniera-in-extra-natives-ol-280-gr\/","url":"https:\/\/www.ilbottaccio.it\/de\/prodotto\/die-giardiniera-in-extra-natives-ol-280-gr\/","name":"die GIARDINIERA in toskanischem nativem Oliven\u00f6l extra. | il Bottaccio","isPartOf":{"@id":"https:\/\/www.ilbottaccio.it\/de\/#website"},"primaryImageOfPage":{"@id":"https:\/\/www.ilbottaccio.it\/de\/prodotto\/die-giardiniera-in-extra-natives-ol-280-gr\/#primaryimage"},"image":{"@id":"https:\/\/www.ilbottaccio.it\/de\/prodotto\/die-giardiniera-in-extra-natives-ol-280-gr\/#primaryimage"},"thumbnailUrl":"https:\/\/www.ilbottaccio.it\/web2\/wp-content\/uploads\/2021\/04\/GIARX280_La-Giardiniera-in-olio-extravergine-1.jpg","datePublished":"2021-04-24T07:43:28+00:00","dateModified":"2024-08-27T14:23:39+00:00","description":"die GIARDINIERA in toskanischem nativem Oliven\u00f6l extra. Knusprig und zart, ideal zu Aufschnitt und Salami, ged\u00fcnstetem, ger\u00f6stetem oder gegrilltem Fleisch.","breadcrumb":{"@id":"https:\/\/www.ilbottaccio.it\/de\/prodotto\/die-giardiniera-in-extra-natives-ol-280-gr\/#breadcrumb"},"inLanguage":"de-DE","potentialAction":[{"@type":"ReadAction","target":["https:\/\/www.ilbottaccio.it\/de\/prodotto\/die-giardiniera-in-extra-natives-ol-280-gr\/"]}]},{"@type":"ImageObject","inLanguage":"de-DE","@id":"https:\/\/www.ilbottaccio.it\/de\/prodotto\/die-giardiniera-in-extra-natives-ol-280-gr\/#primaryimage","url":"https:\/\/www.ilbottaccio.it\/web2\/wp-content\/uploads\/2021\/04\/GIARX280_La-Giardiniera-in-olio-extravergine-1.jpg","contentUrl":"https:\/\/www.ilbottaccio.it\/web2\/wp-content\/uploads\/2021\/04\/GIARX280_La-Giardiniera-in-olio-extravergine-1.jpg","width":1000,"height":1000,"caption":"Giardiniera in toskanischem nativem Oliven\u00f6l extra. Knusprig und zart, ist es ideal zum Begleiten"},{"@type":"BreadcrumbList","@id":"https:\/\/www.ilbottaccio.it\/de\/prodotto\/die-giardiniera-in-extra-natives-ol-280-gr\/#breadcrumb","itemListElement":[{"@type":"ListItem","position":1,"name":"Home","item":"https:\/\/www.ilbottaccio.it\/de\/home\/"},{"@type":"ListItem","position":2,"name":"Gesch\u00e4ft","item":"https:\/\/www.ilbottaccio.it\/de\/shop-2\/"},{"@type":"ListItem","position":3,"name":"die GIARDINIERA in nativem Oliven\u00f6l extra | 280 gr"}]},{"@type":"WebSite","@id":"https:\/\/www.ilbottaccio.it\/de\/#website","url":"https:\/\/www.ilbottaccio.it\/de\/","name":"il Bottaccio | Olio Extravergine Toscano","description":"Olio Extravergine Toscano","publisher":{"@id":"https:\/\/www.ilbottaccio.it\/de\/#organization"},"potentialAction":[{"@type":"SearchAction","target":{"@type":"EntryPoint","urlTemplate":"https:\/\/www.ilbottaccio.it\/de\/?s={search_term_string}"},"query-input":{"@type":"PropertyValueSpecification","valueRequired":true,"valueName":"search_term_string"}}],"inLanguage":"de-DE"},{"@type":"Organization","@id":"https:\/\/www.ilbottaccio.it\/de\/#organization","name":"il Bottaccio","url":"https:\/\/www.ilbottaccio.it\/de\/","logo":{"@type":"ImageObject","inLanguage":"de-DE","@id":"https:\/\/www.ilbottaccio.it\/de\/#\/schema\/logo\/image\/","url":"https:\/\/www.ilbottaccio.it\/web2\/wp-content\/uploads\/2024\/09\/Goccia_ilBottaccio.jpg","contentUrl":"https:\/\/www.ilbottaccio.it\/web2\/wp-content\/uploads\/2024\/09\/Goccia_ilBottaccio.jpg","width":500,"height":500,"caption":"il Bottaccio"},"image":{"@id":"https:\/\/www.ilbottaccio.it\/de\/#\/schema\/logo\/image\/"},"sameAs":["https:\/\/it-it.facebook.com\/OlioilBottaccio\/","https:\/\/www.instagram.com\/il_bottaccio\/"]}]}},"_links":{"self":[{"href":"https:\/\/www.ilbottaccio.it\/de\/wp-json\/wp\/v2\/product\/15314","targetHints":{"allow":["GET"]}}],"collection":[{"href":"https:\/\/www.ilbottaccio.it\/de\/wp-json\/wp\/v2\/product"}],"about":[{"href":"https:\/\/www.ilbottaccio.it\/de\/wp-json\/wp\/v2\/types\/product"}],"wp:featuredmedia":[{"embeddable":true,"href":"https:\/\/www.ilbottaccio.it\/de\/wp-json\/wp\/v2\/media\/19173"}],"wp:attachment":[{"href":"https:\/\/www.ilbottaccio.it\/de\/wp-json\/wp\/v2\/media?parent=15314"}],"wp:term":[{"taxonomy":"product_brand","embeddable":true,"href":"https:\/\/www.ilbottaccio.it\/de\/wp-json\/wp\/v2\/product_brand?post=15314"},{"taxonomy":"product_cat","embeddable":true,"href":"https:\/\/www.ilbottaccio.it\/de\/wp-json\/wp\/v2\/product_cat?post=15314"},{"taxonomy":"product_tag","embeddable":true,"href":"https:\/\/www.ilbottaccio.it\/de\/wp-json\/wp\/v2\/product_tag?post=15314"}],"curies":[{"name":"wp","href":"https:\/\/api.w.org\/{rel}","templated":true}]}}