{"id":15329,"date":"2021-04-24T08:39:10","date_gmt":"2021-04-24T08:39:10","guid":{"rendered":"https:www.ilbottaccio.it\/?post_type=product&#038;p=15329"},"modified":"2024-12-12T17:32:50","modified_gmt":"2024-12-12T17:32:50","slug":"getrocknete-tomaten-gewurzt-in-extra-nativem-ol-550-gr","status":"publish","type":"product","link":"https:\/\/www.ilbottaccio.it\/de\/prodotto\/getrocknete-tomaten-gewurzt-in-extra-nativem-ol-550-gr\/","title":{"rendered":"GETROCKNETE TOMATEN in nativem Oliven\u00f6l extra gekleidet | 550 gr"},"content":{"rendered":"","protected":false},"excerpt":{"rendered":"<p><strong>Beschreibung und Kombinationen<\/strong>: Getrocknete Tomaten in nativem Oliven\u00f6l extra in einem Glas von 550 gr. Sie sind schmackhaft und schmackhaft und eignen sich hervorragend f\u00fcr kalte Vorspeisen, Aperitifs und Salate. F\u00fcr die Zubereitung von Pesto oder einfach auf ger\u00f6stetem Brot<\/p>\n<p><img loading=\"lazy\" decoding=\"async\" class=\"alignnone wp-image-20449\" title=\"Handwerklich, handgemacht\" src=\"https:\/\/www.ilbottaccio.it\/web2\/wp-content\/uploads\/2022\/01\/Lavorato-a-mano-low.png\" alt=\"Handgefertigtes Produkt\" width=\"119\" height=\"120\"><\/p>\n","protected":false},"featured_media":19554,"template":"","meta":[],"product_brand":[],"product_cat":[262],"product_tag":[357,343],"class_list":{"0":"post-15329","1":"product","2":"type-product","3":"status-publish","4":"has-post-thumbnail","6":"product_cat-in-ol","7":"product_tag-glas-550-gr","8":"product_tag-trockene-tomaten","10":"first","11":"instock","12":"shipping-taxable","13":"purchasable","14":"product-type-simple"},"yoast_head":"<!-- This site is optimized with the Yoast SEO plugin v27.4 - https:\/\/yoast.com\/product\/yoast-seo-wordpress\/ -->\n<title>GETROCKNETE TOMATEN in toskanischem Oliven\u00f6l extra vergine in einem 280-Gramm-Glas. | il Bottaccio<\/title>\n<meta name=\"description\" content=\"GETROCKNETE TOMATEN in toskanischem Oliven\u00f6l extra vergine in einem 280-Gramm-Glas. Lecker und lecker, ideal f\u00fcr Vorspeisen und Salate.\" \/>\n<meta name=\"robots\" content=\"index, follow, max-snippet:-1, max-image-preview:large, max-video-preview:-1\" \/>\n<link rel=\"canonical\" href=\"https:\/\/www.ilbottaccio.it\/de\/prodotto\/getrocknete-tomaten-gewurzt-in-extra-nativem-ol-550-gr\/\" \/>\n<meta property=\"og:locale\" content=\"de_DE\" \/>\n<meta property=\"og:type\" content=\"article\" \/>\n<meta property=\"og:title\" content=\"GETROCKNETE TOMATEN in toskanischem Oliven\u00f6l extra vergine in einem 280-Gramm-Glas. | il Bottaccio\" \/>\n<meta property=\"og:description\" content=\"GETROCKNETE TOMATEN in toskanischem Oliven\u00f6l extra vergine in einem 280-Gramm-Glas. Lecker und lecker, ideal f\u00fcr Vorspeisen und Salate.\" \/>\n<meta property=\"og:url\" content=\"https:\/\/www.ilbottaccio.it\/de\/prodotto\/getrocknete-tomaten-gewurzt-in-extra-nativem-ol-550-gr\/\" \/>\n<meta property=\"og:site_name\" content=\"il Bottaccio | Olio Extravergine Toscano\" \/>\n<meta property=\"article:publisher\" content=\"https:\/\/it-it.facebook.com\/OlioilBottaccio\/\" \/>\n<meta property=\"article:modified_time\" content=\"2024-12-12T17:32:50+00:00\" \/>\n<meta property=\"og:image\" content=\"https:\/\/www.ilbottaccio.it\/web2\/wp-content\/uploads\/2021\/04\/POMSX550_Pomodori-secchi-conditi-in-olio-extravergine-di-oliva-1.jpg\" \/>\n\t<meta property=\"og:image:width\" content=\"1000\" \/>\n\t<meta property=\"og:image:height\" content=\"1000\" \/>\n\t<meta property=\"og:image:type\" content=\"image\/png\" \/>\n<meta name=\"twitter:card\" content=\"summary_large_image\" \/>\n<script type=\"application\/ld+json\" class=\"yoast-schema-graph\">{\"@context\":\"https:\\\/\\\/schema.org\",\"@graph\":[{\"@type\":\"WebPage\",\"@id\":\"https:\\\/\\\/www.ilbottaccio.it\\\/de\\\/prodotto\\\/getrocknete-tomaten-gewurzt-in-extra-nativem-ol-550-gr\\\/\",\"url\":\"https:\\\/\\\/www.ilbottaccio.it\\\/de\\\/prodotto\\\/getrocknete-tomaten-gewurzt-in-extra-nativem-ol-550-gr\\\/\",\"name\":\"GETROCKNETE TOMATEN in toskanischem Oliven\u00f6l extra vergine in einem 280-Gramm-Glas. | il Bottaccio\",\"isPartOf\":{\"@id\":\"https:\\\/\\\/www.ilbottaccio.it\\\/de\\\/#website\"},\"primaryImageOfPage\":{\"@id\":\"https:\\\/\\\/www.ilbottaccio.it\\\/de\\\/prodotto\\\/getrocknete-tomaten-gewurzt-in-extra-nativem-ol-550-gr\\\/#primaryimage\"},\"image\":{\"@id\":\"https:\\\/\\\/www.ilbottaccio.it\\\/de\\\/prodotto\\\/getrocknete-tomaten-gewurzt-in-extra-nativem-ol-550-gr\\\/#primaryimage\"},\"thumbnailUrl\":\"https:\\\/\\\/www.ilbottaccio.it\\\/web2\\\/wp-content\\\/uploads\\\/2021\\\/04\\\/POMSX550_Pomodori-secchi-conditi-in-olio-extravergine-di-oliva-1.jpg\",\"datePublished\":\"2021-04-24T08:39:10+00:00\",\"dateModified\":\"2024-12-12T17:32:50+00:00\",\"description\":\"GETROCKNETE TOMATEN in toskanischem Oliven\u00f6l extra vergine in einem 280-Gramm-Glas. Lecker und lecker, ideal f\u00fcr Vorspeisen und Salate.\",\"breadcrumb\":{\"@id\":\"https:\\\/\\\/www.ilbottaccio.it\\\/de\\\/prodotto\\\/getrocknete-tomaten-gewurzt-in-extra-nativem-ol-550-gr\\\/#breadcrumb\"},\"inLanguage\":\"de-DE\",\"potentialAction\":[{\"@type\":\"ReadAction\",\"target\":[\"https:\\\/\\\/www.ilbottaccio.it\\\/de\\\/prodotto\\\/getrocknete-tomaten-gewurzt-in-extra-nativem-ol-550-gr\\\/\"]}]},{\"@type\":\"ImageObject\",\"inLanguage\":\"de-DE\",\"@id\":\"https:\\\/\\\/www.ilbottaccio.it\\\/de\\\/prodotto\\\/getrocknete-tomaten-gewurzt-in-extra-nativem-ol-550-gr\\\/#primaryimage\",\"url\":\"https:\\\/\\\/www.ilbottaccio.it\\\/web2\\\/wp-content\\\/uploads\\\/2021\\\/04\\\/POMSX550_Pomodori-secchi-conditi-in-olio-extravergine-di-oliva-1.jpg\",\"contentUrl\":\"https:\\\/\\\/www.ilbottaccio.it\\\/web2\\\/wp-content\\\/uploads\\\/2021\\\/04\\\/POMSX550_Pomodori-secchi-conditi-in-olio-extravergine-di-oliva-1.jpg\",\"width\":1000,\"height\":1000,\"caption\":\"Pomodori secchi conditi in extravergine toscano. Ideali per antipasti e insalate\"},{\"@type\":\"BreadcrumbList\",\"@id\":\"https:\\\/\\\/www.ilbottaccio.it\\\/de\\\/prodotto\\\/getrocknete-tomaten-gewurzt-in-extra-nativem-ol-550-gr\\\/#breadcrumb\",\"itemListElement\":[{\"@type\":\"ListItem\",\"position\":1,\"name\":\"Home\",\"item\":\"https:\\\/\\\/www.ilbottaccio.it\\\/de\\\/home\\\/\"},{\"@type\":\"ListItem\",\"position\":2,\"name\":\"Gesch\u00e4ft\",\"item\":\"https:\\\/\\\/www.ilbottaccio.it\\\/de\\\/shop-2\\\/\"},{\"@type\":\"ListItem\",\"position\":3,\"name\":\"GETROCKNETE TOMATEN in nativem Oliven\u00f6l extra gekleidet | 550 gr\"}]},{\"@type\":\"WebSite\",\"@id\":\"https:\\\/\\\/www.ilbottaccio.it\\\/de\\\/#website\",\"url\":\"https:\\\/\\\/www.ilbottaccio.it\\\/de\\\/\",\"name\":\"il Bottaccio | Olio Extravergine Toscano\",\"description\":\"Olio Extravergine Toscano\",\"publisher\":{\"@id\":\"https:\\\/\\\/www.ilbottaccio.it\\\/de\\\/#organization\"},\"potentialAction\":[{\"@type\":\"SearchAction\",\"target\":{\"@type\":\"EntryPoint\",\"urlTemplate\":\"https:\\\/\\\/www.ilbottaccio.it\\\/de\\\/?s={search_term_string}\"},\"query-input\":{\"@type\":\"PropertyValueSpecification\",\"valueRequired\":true,\"valueName\":\"search_term_string\"}}],\"inLanguage\":\"de-DE\"},{\"@type\":\"Organization\",\"@id\":\"https:\\\/\\\/www.ilbottaccio.it\\\/de\\\/#organization\",\"name\":\"il Bottaccio\",\"url\":\"https:\\\/\\\/www.ilbottaccio.it\\\/de\\\/\",\"logo\":{\"@type\":\"ImageObject\",\"inLanguage\":\"de-DE\",\"@id\":\"https:\\\/\\\/www.ilbottaccio.it\\\/de\\\/#\\\/schema\\\/logo\\\/image\\\/\",\"url\":\"https:\\\/\\\/www.ilbottaccio.it\\\/web2\\\/wp-content\\\/uploads\\\/2024\\\/09\\\/Goccia_ilBottaccio.jpg\",\"contentUrl\":\"https:\\\/\\\/www.ilbottaccio.it\\\/web2\\\/wp-content\\\/uploads\\\/2024\\\/09\\\/Goccia_ilBottaccio.jpg\",\"width\":500,\"height\":500,\"caption\":\"il Bottaccio\"},\"image\":{\"@id\":\"https:\\\/\\\/www.ilbottaccio.it\\\/de\\\/#\\\/schema\\\/logo\\\/image\\\/\"},\"sameAs\":[\"https:\\\/\\\/it-it.facebook.com\\\/OlioilBottaccio\\\/\",\"https:\\\/\\\/www.instagram.com\\\/il_bottaccio\\\/\"]}]}<\/script>\n<!-- \/ Yoast SEO plugin. -->","yoast_head_json":{"title":"GETROCKNETE TOMATEN in toskanischem Oliven\u00f6l extra vergine in einem 280-Gramm-Glas. | il Bottaccio","description":"GETROCKNETE TOMATEN in toskanischem Oliven\u00f6l extra vergine in einem 280-Gramm-Glas. Lecker und lecker, ideal f\u00fcr Vorspeisen und Salate.","robots":{"index":"index","follow":"follow","max-snippet":"max-snippet:-1","max-image-preview":"max-image-preview:large","max-video-preview":"max-video-preview:-1"},"canonical":"https:\/\/www.ilbottaccio.it\/de\/prodotto\/getrocknete-tomaten-gewurzt-in-extra-nativem-ol-550-gr\/","og_locale":"de_DE","og_type":"article","og_title":"GETROCKNETE TOMATEN in toskanischem Oliven\u00f6l extra vergine in einem 280-Gramm-Glas. | il Bottaccio","og_description":"GETROCKNETE TOMATEN in toskanischem Oliven\u00f6l extra vergine in einem 280-Gramm-Glas. Lecker und lecker, ideal f\u00fcr Vorspeisen und Salate.","og_url":"https:\/\/www.ilbottaccio.it\/de\/prodotto\/getrocknete-tomaten-gewurzt-in-extra-nativem-ol-550-gr\/","og_site_name":"il Bottaccio | Olio Extravergine Toscano","article_publisher":"https:\/\/it-it.facebook.com\/OlioilBottaccio\/","article_modified_time":"2024-12-12T17:32:50+00:00","og_image":[{"width":1000,"height":1000,"url":"https:\/\/www.ilbottaccio.it\/web2\/wp-content\/uploads\/2021\/04\/POMSX550_Pomodori-secchi-conditi-in-olio-extravergine-di-oliva-1.jpg","type":"image\/png"}],"twitter_card":"summary_large_image","schema":{"@context":"https:\/\/schema.org","@graph":[{"@type":"WebPage","@id":"https:\/\/www.ilbottaccio.it\/de\/prodotto\/getrocknete-tomaten-gewurzt-in-extra-nativem-ol-550-gr\/","url":"https:\/\/www.ilbottaccio.it\/de\/prodotto\/getrocknete-tomaten-gewurzt-in-extra-nativem-ol-550-gr\/","name":"GETROCKNETE TOMATEN in toskanischem Oliven\u00f6l extra vergine in einem 280-Gramm-Glas. | il Bottaccio","isPartOf":{"@id":"https:\/\/www.ilbottaccio.it\/de\/#website"},"primaryImageOfPage":{"@id":"https:\/\/www.ilbottaccio.it\/de\/prodotto\/getrocknete-tomaten-gewurzt-in-extra-nativem-ol-550-gr\/#primaryimage"},"image":{"@id":"https:\/\/www.ilbottaccio.it\/de\/prodotto\/getrocknete-tomaten-gewurzt-in-extra-nativem-ol-550-gr\/#primaryimage"},"thumbnailUrl":"https:\/\/www.ilbottaccio.it\/web2\/wp-content\/uploads\/2021\/04\/POMSX550_Pomodori-secchi-conditi-in-olio-extravergine-di-oliva-1.jpg","datePublished":"2021-04-24T08:39:10+00:00","dateModified":"2024-12-12T17:32:50+00:00","description":"GETROCKNETE TOMATEN in toskanischem Oliven\u00f6l extra vergine in einem 280-Gramm-Glas. Lecker und lecker, ideal f\u00fcr Vorspeisen und Salate.","breadcrumb":{"@id":"https:\/\/www.ilbottaccio.it\/de\/prodotto\/getrocknete-tomaten-gewurzt-in-extra-nativem-ol-550-gr\/#breadcrumb"},"inLanguage":"de-DE","potentialAction":[{"@type":"ReadAction","target":["https:\/\/www.ilbottaccio.it\/de\/prodotto\/getrocknete-tomaten-gewurzt-in-extra-nativem-ol-550-gr\/"]}]},{"@type":"ImageObject","inLanguage":"de-DE","@id":"https:\/\/www.ilbottaccio.it\/de\/prodotto\/getrocknete-tomaten-gewurzt-in-extra-nativem-ol-550-gr\/#primaryimage","url":"https:\/\/www.ilbottaccio.it\/web2\/wp-content\/uploads\/2021\/04\/POMSX550_Pomodori-secchi-conditi-in-olio-extravergine-di-oliva-1.jpg","contentUrl":"https:\/\/www.ilbottaccio.it\/web2\/wp-content\/uploads\/2021\/04\/POMSX550_Pomodori-secchi-conditi-in-olio-extravergine-di-oliva-1.jpg","width":1000,"height":1000,"caption":"Pomodori secchi conditi in extravergine toscano. Ideali per antipasti e insalate"},{"@type":"BreadcrumbList","@id":"https:\/\/www.ilbottaccio.it\/de\/prodotto\/getrocknete-tomaten-gewurzt-in-extra-nativem-ol-550-gr\/#breadcrumb","itemListElement":[{"@type":"ListItem","position":1,"name":"Home","item":"https:\/\/www.ilbottaccio.it\/de\/home\/"},{"@type":"ListItem","position":2,"name":"Gesch\u00e4ft","item":"https:\/\/www.ilbottaccio.it\/de\/shop-2\/"},{"@type":"ListItem","position":3,"name":"GETROCKNETE TOMATEN in nativem Oliven\u00f6l extra gekleidet | 550 gr"}]},{"@type":"WebSite","@id":"https:\/\/www.ilbottaccio.it\/de\/#website","url":"https:\/\/www.ilbottaccio.it\/de\/","name":"il Bottaccio | Olio Extravergine Toscano","description":"Olio Extravergine Toscano","publisher":{"@id":"https:\/\/www.ilbottaccio.it\/de\/#organization"},"potentialAction":[{"@type":"SearchAction","target":{"@type":"EntryPoint","urlTemplate":"https:\/\/www.ilbottaccio.it\/de\/?s={search_term_string}"},"query-input":{"@type":"PropertyValueSpecification","valueRequired":true,"valueName":"search_term_string"}}],"inLanguage":"de-DE"},{"@type":"Organization","@id":"https:\/\/www.ilbottaccio.it\/de\/#organization","name":"il Bottaccio","url":"https:\/\/www.ilbottaccio.it\/de\/","logo":{"@type":"ImageObject","inLanguage":"de-DE","@id":"https:\/\/www.ilbottaccio.it\/de\/#\/schema\/logo\/image\/","url":"https:\/\/www.ilbottaccio.it\/web2\/wp-content\/uploads\/2024\/09\/Goccia_ilBottaccio.jpg","contentUrl":"https:\/\/www.ilbottaccio.it\/web2\/wp-content\/uploads\/2024\/09\/Goccia_ilBottaccio.jpg","width":500,"height":500,"caption":"il Bottaccio"},"image":{"@id":"https:\/\/www.ilbottaccio.it\/de\/#\/schema\/logo\/image\/"},"sameAs":["https:\/\/it-it.facebook.com\/OlioilBottaccio\/","https:\/\/www.instagram.com\/il_bottaccio\/"]}]}},"_links":{"self":[{"href":"https:\/\/www.ilbottaccio.it\/de\/wp-json\/wp\/v2\/product\/15329","targetHints":{"allow":["GET"]}}],"collection":[{"href":"https:\/\/www.ilbottaccio.it\/de\/wp-json\/wp\/v2\/product"}],"about":[{"href":"https:\/\/www.ilbottaccio.it\/de\/wp-json\/wp\/v2\/types\/product"}],"wp:featuredmedia":[{"embeddable":true,"href":"https:\/\/www.ilbottaccio.it\/de\/wp-json\/wp\/v2\/media\/19554"}],"wp:attachment":[{"href":"https:\/\/www.ilbottaccio.it\/de\/wp-json\/wp\/v2\/media?parent=15329"}],"wp:term":[{"taxonomy":"product_brand","embeddable":true,"href":"https:\/\/www.ilbottaccio.it\/de\/wp-json\/wp\/v2\/product_brand?post=15329"},{"taxonomy":"product_cat","embeddable":true,"href":"https:\/\/www.ilbottaccio.it\/de\/wp-json\/wp\/v2\/product_cat?post=15329"},{"taxonomy":"product_tag","embeddable":true,"href":"https:\/\/www.ilbottaccio.it\/de\/wp-json\/wp\/v2\/product_tag?post=15329"}],"curies":[{"name":"wp","href":"https:\/\/api.w.org\/{rel}","templated":true}]}}