{"id":16952,"date":"2021-09-13T08:55:48","date_gmt":"2021-09-13T08:55:48","guid":{"rendered":"https:www.ilbottaccio.it\/?post_type=product&#038;p=16952"},"modified":"2024-12-12T17:23:44","modified_gmt":"2024-12-12T17:23:44","slug":"das-cofanetto-regalo-grande-antipasto-ist-eine-grosartige-geschenkbox-mit-einer-vielzahl-von-antipasti","status":"publish","type":"product","link":"https:\/\/www.ilbottaccio.it\/de\/prodotto\/das-cofanetto-regalo-grande-antipasto-ist-eine-grosartige-geschenkbox-mit-einer-vielzahl-von-antipasti\/","title":{"rendered":"Geschenkbox Gro\u00dfes Antipasto"},"content":{"rendered":"","protected":false},"excerpt":{"rendered":"<p><strong>Beschreibung:<\/strong> Ein Gourmetgeschenk f\u00fcr Liebhaber guter K\u00fcche. Ein Set natives Oliven\u00f6l extra in \u00d6l, Bruschetta und Sahne f\u00fcr eine k\u00f6stliche Vorspeise<\/p>\n<p><strong>Komposition:<\/strong><br \/>\n<a href=\"https:\/\/www.ilbottaccio.it\/prodotto\/olio-extravergine-tutto-frantoiano-100ml\/\">Das Bio-Tutto-Frantoiano extra native Oliven\u00f6l mit einem Inhalt von 100 ml.<\/a><br \/>\n<a href=\"https:\/\/www.ilbottaccio.it\/prodotto\/antipasto-mediterraneo-in-olio-extravergine-280-gr\/\">MEDITERRANE VORSPEISE in nativem Oliven\u00f6l extra | 280 gr<\/a><br \/>\n<a href=\"https:\/\/www.ilbottaccio.it\/prodotto\/bruschetta-dellorto-in-olio-extravergine-150-gr\/\">ORTO Bruschetta in nativem Oliven\u00f6l extra | 150 gr<\/a><br \/>\n<a href=\"https:\/\/www.ilbottaccio.it\/de\/prodotto\/rucola-pesto-mit-nativem-ol-extra-100gr\/\">ROCKET Pesto mit nativem Oliven\u00f6l extra | 100 gr<\/a><\/p>\n","protected":false},"featured_media":23458,"template":"","meta":[],"product_brand":[],"product_cat":[241],"product_tag":[],"class_list":{"0":"post-16952","1":"product","2":"type-product","3":"status-publish","4":"has-post-thumbnail","6":"product_cat-geschenkpaket","8":"first","9":"outofstock","10":"shipping-taxable","11":"purchasable","12":"product-type-simple"},"yoast_head":"<!-- This site is optimized with the Yoast SEO plugin v27.4 - https:\/\/yoast.com\/product\/yoast-seo-wordpress\/ -->\n<title>Gro\u00dfes Vorspeisen-Geschenkset mit extra nativem Oliven\u00f6l.<\/title>\n<meta name=\"description\" content=\"Ein Gourmet-Geschenk f\u00fcr Liebhaber guter K\u00fcche. Ein Set mit extra nativem Oliven\u00f6l, marinierten Oliven, Bruschetta und Creme f\u00fcr einen k\u00f6stlichen toskanischen Vorspeisengenuss.\" \/>\n<meta name=\"robots\" content=\"index, follow, max-snippet:-1, max-image-preview:large, max-video-preview:-1\" \/>\n<link rel=\"canonical\" href=\"https:\/\/www.ilbottaccio.it\/de\/prodotto\/das-cofanetto-regalo-grande-antipasto-ist-eine-grosartige-geschenkbox-mit-einer-vielzahl-von-antipasti\/\" \/>\n<meta property=\"og:locale\" content=\"de_DE\" \/>\n<meta property=\"og:type\" content=\"article\" \/>\n<meta property=\"og:title\" content=\"Gro\u00dfes Vorspeisen-Geschenkset mit extra nativem Oliven\u00f6l.\" \/>\n<meta property=\"og:description\" content=\"Ein Gourmet-Geschenk f\u00fcr Liebhaber guter K\u00fcche. Ein Set mit extra nativem Oliven\u00f6l, marinierten Oliven, Bruschetta und Creme f\u00fcr einen k\u00f6stlichen toskanischen Vorspeisengenuss.\" \/>\n<meta property=\"og:url\" content=\"https:\/\/www.ilbottaccio.it\/de\/prodotto\/das-cofanetto-regalo-grande-antipasto-ist-eine-grosartige-geschenkbox-mit-einer-vielzahl-von-antipasti\/\" \/>\n<meta property=\"og:site_name\" content=\"il Bottaccio | Olio Extravergine Toscano\" \/>\n<meta property=\"article:publisher\" content=\"https:\/\/it-it.facebook.com\/OlioilBottaccio\/\" \/>\n<meta property=\"article:modified_time\" content=\"2024-12-12T17:23:44+00:00\" \/>\n<meta property=\"og:image\" content=\"https:\/\/www.ilbottaccio.it\/web2\/wp-content\/uploads\/2021\/09\/Cofanetto-Gran-Antipasto-1-1.jpg\" \/>\n\t<meta property=\"og:image:width\" content=\"1000\" \/>\n\t<meta property=\"og:image:height\" content=\"1000\" \/>\n\t<meta property=\"og:image:type\" content=\"image\/png\" \/>\n<meta name=\"twitter:card\" content=\"summary_large_image\" \/>\n<script type=\"application\/ld+json\" class=\"yoast-schema-graph\">{\"@context\":\"https:\\\/\\\/schema.org\",\"@graph\":[{\"@type\":\"WebPage\",\"@id\":\"https:\\\/\\\/www.ilbottaccio.it\\\/de\\\/prodotto\\\/das-cofanetto-regalo-grande-antipasto-ist-eine-grosartige-geschenkbox-mit-einer-vielzahl-von-antipasti\\\/\",\"url\":\"https:\\\/\\\/www.ilbottaccio.it\\\/de\\\/prodotto\\\/das-cofanetto-regalo-grande-antipasto-ist-eine-grosartige-geschenkbox-mit-einer-vielzahl-von-antipasti\\\/\",\"name\":\"Gro\u00dfes Vorspeisen-Geschenkset mit extra nativem Oliven\u00f6l.\",\"isPartOf\":{\"@id\":\"https:\\\/\\\/www.ilbottaccio.it\\\/de\\\/#website\"},\"primaryImageOfPage\":{\"@id\":\"https:\\\/\\\/www.ilbottaccio.it\\\/de\\\/prodotto\\\/das-cofanetto-regalo-grande-antipasto-ist-eine-grosartige-geschenkbox-mit-einer-vielzahl-von-antipasti\\\/#primaryimage\"},\"image\":{\"@id\":\"https:\\\/\\\/www.ilbottaccio.it\\\/de\\\/prodotto\\\/das-cofanetto-regalo-grande-antipasto-ist-eine-grosartige-geschenkbox-mit-einer-vielzahl-von-antipasti\\\/#primaryimage\"},\"thumbnailUrl\":\"https:\\\/\\\/www.ilbottaccio.it\\\/web2\\\/wp-content\\\/uploads\\\/2021\\\/09\\\/Cofanetto-Gran-Antipasto-1-1.jpg\",\"datePublished\":\"2021-09-13T08:55:48+00:00\",\"dateModified\":\"2024-12-12T17:23:44+00:00\",\"description\":\"Ein Gourmet-Geschenk f\u00fcr Liebhaber guter K\u00fcche. Ein Set mit extra nativem Oliven\u00f6l, marinierten Oliven, Bruschetta und Creme f\u00fcr einen k\u00f6stlichen toskanischen Vorspeisengenuss.\",\"breadcrumb\":{\"@id\":\"https:\\\/\\\/www.ilbottaccio.it\\\/de\\\/prodotto\\\/das-cofanetto-regalo-grande-antipasto-ist-eine-grosartige-geschenkbox-mit-einer-vielzahl-von-antipasti\\\/#breadcrumb\"},\"inLanguage\":\"de-DE\",\"potentialAction\":[{\"@type\":\"ReadAction\",\"target\":[\"https:\\\/\\\/www.ilbottaccio.it\\\/de\\\/prodotto\\\/das-cofanetto-regalo-grande-antipasto-ist-eine-grosartige-geschenkbox-mit-einer-vielzahl-von-antipasti\\\/\"]}]},{\"@type\":\"ImageObject\",\"inLanguage\":\"de-DE\",\"@id\":\"https:\\\/\\\/www.ilbottaccio.it\\\/de\\\/prodotto\\\/das-cofanetto-regalo-grande-antipasto-ist-eine-grosartige-geschenkbox-mit-einer-vielzahl-von-antipasti\\\/#primaryimage\",\"url\":\"https:\\\/\\\/www.ilbottaccio.it\\\/web2\\\/wp-content\\\/uploads\\\/2021\\\/09\\\/Cofanetto-Gran-Antipasto-1-1.jpg\",\"contentUrl\":\"https:\\\/\\\/www.ilbottaccio.it\\\/web2\\\/wp-content\\\/uploads\\\/2021\\\/09\\\/Cofanetto-Gran-Antipasto-1-1.jpg\",\"width\":1000,\"height\":1000,\"caption\":\"Cofanetto regalo gourmet Gran Antipasto\"},{\"@type\":\"BreadcrumbList\",\"@id\":\"https:\\\/\\\/www.ilbottaccio.it\\\/de\\\/prodotto\\\/das-cofanetto-regalo-grande-antipasto-ist-eine-grosartige-geschenkbox-mit-einer-vielzahl-von-antipasti\\\/#breadcrumb\",\"itemListElement\":[{\"@type\":\"ListItem\",\"position\":1,\"name\":\"Home\",\"item\":\"https:\\\/\\\/www.ilbottaccio.it\\\/de\\\/home\\\/\"},{\"@type\":\"ListItem\",\"position\":2,\"name\":\"Gesch\u00e4ft\",\"item\":\"https:\\\/\\\/www.ilbottaccio.it\\\/de\\\/shop-2\\\/\"},{\"@type\":\"ListItem\",\"position\":3,\"name\":\"Geschenkbox Gro\u00dfes Antipasto\"}]},{\"@type\":\"WebSite\",\"@id\":\"https:\\\/\\\/www.ilbottaccio.it\\\/de\\\/#website\",\"url\":\"https:\\\/\\\/www.ilbottaccio.it\\\/de\\\/\",\"name\":\"il Bottaccio | Olio Extravergine Toscano\",\"description\":\"Olio Extravergine Toscano\",\"publisher\":{\"@id\":\"https:\\\/\\\/www.ilbottaccio.it\\\/de\\\/#organization\"},\"potentialAction\":[{\"@type\":\"SearchAction\",\"target\":{\"@type\":\"EntryPoint\",\"urlTemplate\":\"https:\\\/\\\/www.ilbottaccio.it\\\/de\\\/?s={search_term_string}\"},\"query-input\":{\"@type\":\"PropertyValueSpecification\",\"valueRequired\":true,\"valueName\":\"search_term_string\"}}],\"inLanguage\":\"de-DE\"},{\"@type\":\"Organization\",\"@id\":\"https:\\\/\\\/www.ilbottaccio.it\\\/de\\\/#organization\",\"name\":\"il Bottaccio\",\"url\":\"https:\\\/\\\/www.ilbottaccio.it\\\/de\\\/\",\"logo\":{\"@type\":\"ImageObject\",\"inLanguage\":\"de-DE\",\"@id\":\"https:\\\/\\\/www.ilbottaccio.it\\\/de\\\/#\\\/schema\\\/logo\\\/image\\\/\",\"url\":\"https:\\\/\\\/www.ilbottaccio.it\\\/web2\\\/wp-content\\\/uploads\\\/2024\\\/09\\\/Goccia_ilBottaccio.jpg\",\"contentUrl\":\"https:\\\/\\\/www.ilbottaccio.it\\\/web2\\\/wp-content\\\/uploads\\\/2024\\\/09\\\/Goccia_ilBottaccio.jpg\",\"width\":500,\"height\":500,\"caption\":\"il Bottaccio\"},\"image\":{\"@id\":\"https:\\\/\\\/www.ilbottaccio.it\\\/de\\\/#\\\/schema\\\/logo\\\/image\\\/\"},\"sameAs\":[\"https:\\\/\\\/it-it.facebook.com\\\/OlioilBottaccio\\\/\",\"https:\\\/\\\/www.instagram.com\\\/il_bottaccio\\\/\"]}]}<\/script>\n<!-- \/ Yoast SEO plugin. -->","yoast_head_json":{"title":"Gro\u00dfes Vorspeisen-Geschenkset mit extra nativem Oliven\u00f6l.","description":"Ein Gourmet-Geschenk f\u00fcr Liebhaber guter K\u00fcche. Ein Set mit extra nativem Oliven\u00f6l, marinierten Oliven, Bruschetta und Creme f\u00fcr einen k\u00f6stlichen toskanischen Vorspeisengenuss.","robots":{"index":"index","follow":"follow","max-snippet":"max-snippet:-1","max-image-preview":"max-image-preview:large","max-video-preview":"max-video-preview:-1"},"canonical":"https:\/\/www.ilbottaccio.it\/de\/prodotto\/das-cofanetto-regalo-grande-antipasto-ist-eine-grosartige-geschenkbox-mit-einer-vielzahl-von-antipasti\/","og_locale":"de_DE","og_type":"article","og_title":"Gro\u00dfes Vorspeisen-Geschenkset mit extra nativem Oliven\u00f6l.","og_description":"Ein Gourmet-Geschenk f\u00fcr Liebhaber guter K\u00fcche. Ein Set mit extra nativem Oliven\u00f6l, marinierten Oliven, Bruschetta und Creme f\u00fcr einen k\u00f6stlichen toskanischen Vorspeisengenuss.","og_url":"https:\/\/www.ilbottaccio.it\/de\/prodotto\/das-cofanetto-regalo-grande-antipasto-ist-eine-grosartige-geschenkbox-mit-einer-vielzahl-von-antipasti\/","og_site_name":"il Bottaccio | Olio Extravergine Toscano","article_publisher":"https:\/\/it-it.facebook.com\/OlioilBottaccio\/","article_modified_time":"2024-12-12T17:23:44+00:00","og_image":[{"width":1000,"height":1000,"url":"https:\/\/www.ilbottaccio.it\/web2\/wp-content\/uploads\/2021\/09\/Cofanetto-Gran-Antipasto-1-1.jpg","type":"image\/png"}],"twitter_card":"summary_large_image","schema":{"@context":"https:\/\/schema.org","@graph":[{"@type":"WebPage","@id":"https:\/\/www.ilbottaccio.it\/de\/prodotto\/das-cofanetto-regalo-grande-antipasto-ist-eine-grosartige-geschenkbox-mit-einer-vielzahl-von-antipasti\/","url":"https:\/\/www.ilbottaccio.it\/de\/prodotto\/das-cofanetto-regalo-grande-antipasto-ist-eine-grosartige-geschenkbox-mit-einer-vielzahl-von-antipasti\/","name":"Gro\u00dfes Vorspeisen-Geschenkset mit extra nativem Oliven\u00f6l.","isPartOf":{"@id":"https:\/\/www.ilbottaccio.it\/de\/#website"},"primaryImageOfPage":{"@id":"https:\/\/www.ilbottaccio.it\/de\/prodotto\/das-cofanetto-regalo-grande-antipasto-ist-eine-grosartige-geschenkbox-mit-einer-vielzahl-von-antipasti\/#primaryimage"},"image":{"@id":"https:\/\/www.ilbottaccio.it\/de\/prodotto\/das-cofanetto-regalo-grande-antipasto-ist-eine-grosartige-geschenkbox-mit-einer-vielzahl-von-antipasti\/#primaryimage"},"thumbnailUrl":"https:\/\/www.ilbottaccio.it\/web2\/wp-content\/uploads\/2021\/09\/Cofanetto-Gran-Antipasto-1-1.jpg","datePublished":"2021-09-13T08:55:48+00:00","dateModified":"2024-12-12T17:23:44+00:00","description":"Ein Gourmet-Geschenk f\u00fcr Liebhaber guter K\u00fcche. Ein Set mit extra nativem Oliven\u00f6l, marinierten Oliven, Bruschetta und Creme f\u00fcr einen k\u00f6stlichen toskanischen Vorspeisengenuss.","breadcrumb":{"@id":"https:\/\/www.ilbottaccio.it\/de\/prodotto\/das-cofanetto-regalo-grande-antipasto-ist-eine-grosartige-geschenkbox-mit-einer-vielzahl-von-antipasti\/#breadcrumb"},"inLanguage":"de-DE","potentialAction":[{"@type":"ReadAction","target":["https:\/\/www.ilbottaccio.it\/de\/prodotto\/das-cofanetto-regalo-grande-antipasto-ist-eine-grosartige-geschenkbox-mit-einer-vielzahl-von-antipasti\/"]}]},{"@type":"ImageObject","inLanguage":"de-DE","@id":"https:\/\/www.ilbottaccio.it\/de\/prodotto\/das-cofanetto-regalo-grande-antipasto-ist-eine-grosartige-geschenkbox-mit-einer-vielzahl-von-antipasti\/#primaryimage","url":"https:\/\/www.ilbottaccio.it\/web2\/wp-content\/uploads\/2021\/09\/Cofanetto-Gran-Antipasto-1-1.jpg","contentUrl":"https:\/\/www.ilbottaccio.it\/web2\/wp-content\/uploads\/2021\/09\/Cofanetto-Gran-Antipasto-1-1.jpg","width":1000,"height":1000,"caption":"Cofanetto regalo gourmet Gran Antipasto"},{"@type":"BreadcrumbList","@id":"https:\/\/www.ilbottaccio.it\/de\/prodotto\/das-cofanetto-regalo-grande-antipasto-ist-eine-grosartige-geschenkbox-mit-einer-vielzahl-von-antipasti\/#breadcrumb","itemListElement":[{"@type":"ListItem","position":1,"name":"Home","item":"https:\/\/www.ilbottaccio.it\/de\/home\/"},{"@type":"ListItem","position":2,"name":"Gesch\u00e4ft","item":"https:\/\/www.ilbottaccio.it\/de\/shop-2\/"},{"@type":"ListItem","position":3,"name":"Geschenkbox Gro\u00dfes Antipasto"}]},{"@type":"WebSite","@id":"https:\/\/www.ilbottaccio.it\/de\/#website","url":"https:\/\/www.ilbottaccio.it\/de\/","name":"il Bottaccio | Olio Extravergine Toscano","description":"Olio Extravergine Toscano","publisher":{"@id":"https:\/\/www.ilbottaccio.it\/de\/#organization"},"potentialAction":[{"@type":"SearchAction","target":{"@type":"EntryPoint","urlTemplate":"https:\/\/www.ilbottaccio.it\/de\/?s={search_term_string}"},"query-input":{"@type":"PropertyValueSpecification","valueRequired":true,"valueName":"search_term_string"}}],"inLanguage":"de-DE"},{"@type":"Organization","@id":"https:\/\/www.ilbottaccio.it\/de\/#organization","name":"il Bottaccio","url":"https:\/\/www.ilbottaccio.it\/de\/","logo":{"@type":"ImageObject","inLanguage":"de-DE","@id":"https:\/\/www.ilbottaccio.it\/de\/#\/schema\/logo\/image\/","url":"https:\/\/www.ilbottaccio.it\/web2\/wp-content\/uploads\/2024\/09\/Goccia_ilBottaccio.jpg","contentUrl":"https:\/\/www.ilbottaccio.it\/web2\/wp-content\/uploads\/2024\/09\/Goccia_ilBottaccio.jpg","width":500,"height":500,"caption":"il Bottaccio"},"image":{"@id":"https:\/\/www.ilbottaccio.it\/de\/#\/schema\/logo\/image\/"},"sameAs":["https:\/\/it-it.facebook.com\/OlioilBottaccio\/","https:\/\/www.instagram.com\/il_bottaccio\/"]}]}},"_links":{"self":[{"href":"https:\/\/www.ilbottaccio.it\/de\/wp-json\/wp\/v2\/product\/16952","targetHints":{"allow":["GET"]}}],"collection":[{"href":"https:\/\/www.ilbottaccio.it\/de\/wp-json\/wp\/v2\/product"}],"about":[{"href":"https:\/\/www.ilbottaccio.it\/de\/wp-json\/wp\/v2\/types\/product"}],"wp:featuredmedia":[{"embeddable":true,"href":"https:\/\/www.ilbottaccio.it\/de\/wp-json\/wp\/v2\/media\/23458"}],"wp:attachment":[{"href":"https:\/\/www.ilbottaccio.it\/de\/wp-json\/wp\/v2\/media?parent=16952"}],"wp:term":[{"taxonomy":"product_brand","embeddable":true,"href":"https:\/\/www.ilbottaccio.it\/de\/wp-json\/wp\/v2\/product_brand?post=16952"},{"taxonomy":"product_cat","embeddable":true,"href":"https:\/\/www.ilbottaccio.it\/de\/wp-json\/wp\/v2\/product_cat?post=16952"},{"taxonomy":"product_tag","embeddable":true,"href":"https:\/\/www.ilbottaccio.it\/de\/wp-json\/wp\/v2\/product_tag?post=16952"}],"curies":[{"name":"wp","href":"https:\/\/api.w.org\/{rel}","templated":true}]}}