{"id":16990,"date":"2021-09-13T09:54:28","date_gmt":"2021-09-13T09:54:28","guid":{"rendered":"https:www.ilbottaccio.it\/?post_type=product&#038;p=16990"},"modified":"2025-09-15T12:48:21","modified_gmt":"2025-09-15T12:48:21","slug":"gourmet-geschenkbox-toskanische-pasta","status":"publish","type":"product","link":"https:\/\/www.ilbottaccio.it\/de\/prodotto\/gourmet-geschenkbox-toskanische-pasta\/","title":{"rendered":"Delikatessen-Geschenkbox"},"content":{"rendered":"","protected":false},"excerpt":{"rendered":"<p><strong>Beschreibung:<\/strong> Holzkisten-Geschenkset mit sorgf\u00e4ltig ausgew\u00e4hlten toskanischen Spezialit\u00e4ten, die die authentischen Aromen und Geschmacksrichtungen der Region direkt in deine K\u00fcche bringen. Dieses Geschenkset bietet ein komplettes toskanisches kulinarisches Erlebnis mit hochwertigen Zutaten, die es dir erm\u00f6glichen, k\u00f6stliche und authentische Gerichte im Komfort deiner eigenen K\u00fcche zuzubereiten. Ein perfektes Geschenk f\u00fcr Liebhaber der italienischen K\u00fcche und f\u00fcr alle, die die traditionellen Aromen der Toskana entdecken m\u00f6chten.<\/p>\n<p><strong>Komposition:<\/strong><br \/>\n<a href=\"https:\/\/www.ilbottaccio.it\/de\/prodotto\/olivenblatter-pasta-500-gr\/\">OLIVENBL\u00c4TTER Pasta | 500 gr<\/a><br \/>\n<a href=\"https:\/\/www.ilbottaccio.it\/de\/prodotto\/pasta-gigli-toscani-250-gr\/\">Pasta GIGLI TOSCANI | 250 gr<\/a><br \/>\n<a href=\"https:\/\/www.ilbottaccio.it\/de\/prodotto\/natives-olivenol-extra-classico-100ml\/\">Klassisches natives Oliven\u00f6l extra | 100 ml<\/a><br \/>\n<a href=\"https:\/\/www.ilbottaccio.it\/de\/prodotto\/natives-olivenol-extra-mit-rosmarin-100ml\/\">Natives Oliven\u00f6l extra mit ROSMARIN | 100 ml<\/a><br \/>\n<a href=\"https:\/\/www.ilbottaccio.it\/de\/prodotto\/leccino-olivencreme-in-extra-nativem-ol-150-gr\/\">LECCINO Olivencreme in nativem Oliven\u00f6l extra 150 gr<\/a><br \/>\n<a href=\"https:\/\/www.ilbottaccio.it\/de\/prodotto\/unser-pappa-al-pomodoro-mit-nativem-olivenoel-extra\/\">unser PAPPA al POMODORO mit nativem Oliven\u00f6l extra | 320 gr<\/a><br \/>\n<a href=\"https:\/\/www.ilbottaccio.it\/de\/prodotto\/paprika-kapern-und-mandeln-extra-vergine-180-gr\/\">Paprika Kapern und Mandeln extra vergine | 180 gr<\/a><\/p>\n","protected":false},"featured_media":25160,"template":"","meta":[],"product_brand":[],"product_cat":[241,265],"product_tag":[309,301,311],"class_list":{"0":"post-16990","1":"product","2":"type-product","3":"status-publish","4":"has-post-thumbnail","6":"product_cat-geschenkpaket","7":"product_cat-pasta-de","8":"product_tag-holzkasten","9":"product_tag-leccino-oliven-2","10":"product_tag-pasta-de","12":"first","13":"instock","14":"shipping-taxable","15":"purchasable","16":"product-type-simple"},"yoast_head":"<!-- This site is optimized with the Yoast SEO plugin v27.4 - https:\/\/yoast.com\/product\/yoast-seo-wordpress\/ -->\n<title>Gourmet-Geschenkbox K\u00f6stlichkeiten | Il Bottaccio<\/title>\n<meta name=\"description\" content=\"Holzkiste-Geschenkset mit Pasta Foglie di ulivo, toskanischen Gigli, getrocknetem Tomatenpesto und vielen weiteren Spezialit\u00e4ten.\" \/>\n<meta name=\"robots\" content=\"index, follow, max-snippet:-1, max-image-preview:large, max-video-preview:-1\" \/>\n<link rel=\"canonical\" href=\"https:\/\/www.ilbottaccio.it\/de\/prodotto\/gourmet-geschenkbox-toskanische-pasta\/\" \/>\n<meta property=\"og:locale\" content=\"de_DE\" \/>\n<meta property=\"og:type\" content=\"article\" \/>\n<meta property=\"og:title\" content=\"Gourmet-Geschenkbox K\u00f6stlichkeiten | Il Bottaccio\" \/>\n<meta property=\"og:description\" content=\"Holzkiste-Geschenkset mit Pasta Foglie di ulivo, toskanischen Gigli, getrocknetem Tomatenpesto und vielen weiteren Spezialit\u00e4ten.\" \/>\n<meta property=\"og:url\" content=\"https:\/\/www.ilbottaccio.it\/de\/prodotto\/gourmet-geschenkbox-toskanische-pasta\/\" \/>\n<meta property=\"og:site_name\" content=\"il Bottaccio | Olio Extravergine Toscano\" \/>\n<meta property=\"article:publisher\" content=\"https:\/\/it-it.facebook.com\/OlioilBottaccio\/\" \/>\n<meta property=\"article:modified_time\" content=\"2025-09-15T12:48:21+00:00\" \/>\n<meta property=\"og:image\" content=\"https:\/\/www.ilbottaccio.it\/web2\/wp-content\/uploads\/2021\/09\/Box-legno-Pasta-1.png\" \/>\n\t<meta property=\"og:image:width\" content=\"1000\" \/>\n\t<meta property=\"og:image:height\" content=\"1000\" \/>\n\t<meta property=\"og:image:type\" content=\"image\/png\" \/>\n<meta name=\"twitter:card\" content=\"summary_large_image\" \/>\n<script type=\"application\/ld+json\" class=\"yoast-schema-graph\">{\"@context\":\"https:\\\/\\\/schema.org\",\"@graph\":[{\"@type\":\"WebPage\",\"@id\":\"https:\\\/\\\/www.ilbottaccio.it\\\/de\\\/prodotto\\\/gourmet-geschenkbox-toskanische-pasta\\\/\",\"url\":\"https:\\\/\\\/www.ilbottaccio.it\\\/de\\\/prodotto\\\/gourmet-geschenkbox-toskanische-pasta\\\/\",\"name\":\"Gourmet-Geschenkbox K\u00f6stlichkeiten | Il Bottaccio\",\"isPartOf\":{\"@id\":\"https:\\\/\\\/www.ilbottaccio.it\\\/de\\\/#website\"},\"primaryImageOfPage\":{\"@id\":\"https:\\\/\\\/www.ilbottaccio.it\\\/de\\\/prodotto\\\/gourmet-geschenkbox-toskanische-pasta\\\/#primaryimage\"},\"image\":{\"@id\":\"https:\\\/\\\/www.ilbottaccio.it\\\/de\\\/prodotto\\\/gourmet-geschenkbox-toskanische-pasta\\\/#primaryimage\"},\"thumbnailUrl\":\"https:\\\/\\\/www.ilbottaccio.it\\\/web2\\\/wp-content\\\/uploads\\\/2021\\\/09\\\/Box-legno-Prelibatezze.png\",\"datePublished\":\"2021-09-13T09:54:28+00:00\",\"dateModified\":\"2025-09-15T12:48:21+00:00\",\"description\":\"Holzkiste-Geschenkset mit Pasta Foglie di ulivo, toskanischen Gigli, getrocknetem Tomatenpesto und vielen weiteren Spezialit\u00e4ten.\",\"breadcrumb\":{\"@id\":\"https:\\\/\\\/www.ilbottaccio.it\\\/de\\\/prodotto\\\/gourmet-geschenkbox-toskanische-pasta\\\/#breadcrumb\"},\"inLanguage\":\"de-DE\",\"potentialAction\":[{\"@type\":\"ReadAction\",\"target\":[\"https:\\\/\\\/www.ilbottaccio.it\\\/de\\\/prodotto\\\/gourmet-geschenkbox-toskanische-pasta\\\/\"]}]},{\"@type\":\"ImageObject\",\"inLanguage\":\"de-DE\",\"@id\":\"https:\\\/\\\/www.ilbottaccio.it\\\/de\\\/prodotto\\\/gourmet-geschenkbox-toskanische-pasta\\\/#primaryimage\",\"url\":\"https:\\\/\\\/www.ilbottaccio.it\\\/web2\\\/wp-content\\\/uploads\\\/2021\\\/09\\\/Box-legno-Prelibatezze.png\",\"contentUrl\":\"https:\\\/\\\/www.ilbottaccio.it\\\/web2\\\/wp-content\\\/uploads\\\/2021\\\/09\\\/Box-legno-Prelibatezze.png\",\"width\":1000,\"height\":1000,\"caption\":\"Box legno Prelibatezze Toscane\"},{\"@type\":\"BreadcrumbList\",\"@id\":\"https:\\\/\\\/www.ilbottaccio.it\\\/de\\\/prodotto\\\/gourmet-geschenkbox-toskanische-pasta\\\/#breadcrumb\",\"itemListElement\":[{\"@type\":\"ListItem\",\"position\":1,\"name\":\"Home\",\"item\":\"https:\\\/\\\/www.ilbottaccio.it\\\/de\\\/home\\\/\"},{\"@type\":\"ListItem\",\"position\":2,\"name\":\"Gesch\u00e4ft\",\"item\":\"https:\\\/\\\/www.ilbottaccio.it\\\/de\\\/shop-2\\\/\"},{\"@type\":\"ListItem\",\"position\":3,\"name\":\"Delikatessen-Geschenkbox\"}]},{\"@type\":\"WebSite\",\"@id\":\"https:\\\/\\\/www.ilbottaccio.it\\\/de\\\/#website\",\"url\":\"https:\\\/\\\/www.ilbottaccio.it\\\/de\\\/\",\"name\":\"il Bottaccio | Olio Extravergine Toscano\",\"description\":\"Olio Extravergine Toscano\",\"publisher\":{\"@id\":\"https:\\\/\\\/www.ilbottaccio.it\\\/de\\\/#organization\"},\"potentialAction\":[{\"@type\":\"SearchAction\",\"target\":{\"@type\":\"EntryPoint\",\"urlTemplate\":\"https:\\\/\\\/www.ilbottaccio.it\\\/de\\\/?s={search_term_string}\"},\"query-input\":{\"@type\":\"PropertyValueSpecification\",\"valueRequired\":true,\"valueName\":\"search_term_string\"}}],\"inLanguage\":\"de-DE\"},{\"@type\":\"Organization\",\"@id\":\"https:\\\/\\\/www.ilbottaccio.it\\\/de\\\/#organization\",\"name\":\"il Bottaccio\",\"url\":\"https:\\\/\\\/www.ilbottaccio.it\\\/de\\\/\",\"logo\":{\"@type\":\"ImageObject\",\"inLanguage\":\"de-DE\",\"@id\":\"https:\\\/\\\/www.ilbottaccio.it\\\/de\\\/#\\\/schema\\\/logo\\\/image\\\/\",\"url\":\"https:\\\/\\\/www.ilbottaccio.it\\\/web2\\\/wp-content\\\/uploads\\\/2024\\\/09\\\/Goccia_ilBottaccio.jpg\",\"contentUrl\":\"https:\\\/\\\/www.ilbottaccio.it\\\/web2\\\/wp-content\\\/uploads\\\/2024\\\/09\\\/Goccia_ilBottaccio.jpg\",\"width\":500,\"height\":500,\"caption\":\"il Bottaccio\"},\"image\":{\"@id\":\"https:\\\/\\\/www.ilbottaccio.it\\\/de\\\/#\\\/schema\\\/logo\\\/image\\\/\"},\"sameAs\":[\"https:\\\/\\\/it-it.facebook.com\\\/OlioilBottaccio\\\/\",\"https:\\\/\\\/www.instagram.com\\\/il_bottaccio\\\/\"]}]}<\/script>\n<!-- \/ Yoast SEO plugin. -->","yoast_head_json":{"title":"Gourmet-Geschenkbox K\u00f6stlichkeiten | Il Bottaccio","description":"Holzkiste-Geschenkset mit Pasta Foglie di ulivo, toskanischen Gigli, getrocknetem Tomatenpesto und vielen weiteren Spezialit\u00e4ten.","robots":{"index":"index","follow":"follow","max-snippet":"max-snippet:-1","max-image-preview":"max-image-preview:large","max-video-preview":"max-video-preview:-1"},"canonical":"https:\/\/www.ilbottaccio.it\/de\/prodotto\/gourmet-geschenkbox-toskanische-pasta\/","og_locale":"de_DE","og_type":"article","og_title":"Gourmet-Geschenkbox K\u00f6stlichkeiten | Il Bottaccio","og_description":"Holzkiste-Geschenkset mit Pasta Foglie di ulivo, toskanischen Gigli, getrocknetem Tomatenpesto und vielen weiteren Spezialit\u00e4ten.","og_url":"https:\/\/www.ilbottaccio.it\/de\/prodotto\/gourmet-geschenkbox-toskanische-pasta\/","og_site_name":"il Bottaccio | Olio Extravergine Toscano","article_publisher":"https:\/\/it-it.facebook.com\/OlioilBottaccio\/","article_modified_time":"2025-09-15T12:48:21+00:00","og_image":[{"width":1000,"height":1000,"url":"https:\/\/www.ilbottaccio.it\/web2\/wp-content\/uploads\/2021\/09\/Box-legno-Pasta-1.png","type":"image\/png"}],"twitter_card":"summary_large_image","schema":{"@context":"https:\/\/schema.org","@graph":[{"@type":"WebPage","@id":"https:\/\/www.ilbottaccio.it\/de\/prodotto\/gourmet-geschenkbox-toskanische-pasta\/","url":"https:\/\/www.ilbottaccio.it\/de\/prodotto\/gourmet-geschenkbox-toskanische-pasta\/","name":"Gourmet-Geschenkbox K\u00f6stlichkeiten | Il Bottaccio","isPartOf":{"@id":"https:\/\/www.ilbottaccio.it\/de\/#website"},"primaryImageOfPage":{"@id":"https:\/\/www.ilbottaccio.it\/de\/prodotto\/gourmet-geschenkbox-toskanische-pasta\/#primaryimage"},"image":{"@id":"https:\/\/www.ilbottaccio.it\/de\/prodotto\/gourmet-geschenkbox-toskanische-pasta\/#primaryimage"},"thumbnailUrl":"https:\/\/www.ilbottaccio.it\/web2\/wp-content\/uploads\/2021\/09\/Box-legno-Prelibatezze.png","datePublished":"2021-09-13T09:54:28+00:00","dateModified":"2025-09-15T12:48:21+00:00","description":"Holzkiste-Geschenkset mit Pasta Foglie di ulivo, toskanischen Gigli, getrocknetem Tomatenpesto und vielen weiteren Spezialit\u00e4ten.","breadcrumb":{"@id":"https:\/\/www.ilbottaccio.it\/de\/prodotto\/gourmet-geschenkbox-toskanische-pasta\/#breadcrumb"},"inLanguage":"de-DE","potentialAction":[{"@type":"ReadAction","target":["https:\/\/www.ilbottaccio.it\/de\/prodotto\/gourmet-geschenkbox-toskanische-pasta\/"]}]},{"@type":"ImageObject","inLanguage":"de-DE","@id":"https:\/\/www.ilbottaccio.it\/de\/prodotto\/gourmet-geschenkbox-toskanische-pasta\/#primaryimage","url":"https:\/\/www.ilbottaccio.it\/web2\/wp-content\/uploads\/2021\/09\/Box-legno-Prelibatezze.png","contentUrl":"https:\/\/www.ilbottaccio.it\/web2\/wp-content\/uploads\/2021\/09\/Box-legno-Prelibatezze.png","width":1000,"height":1000,"caption":"Box legno Prelibatezze Toscane"},{"@type":"BreadcrumbList","@id":"https:\/\/www.ilbottaccio.it\/de\/prodotto\/gourmet-geschenkbox-toskanische-pasta\/#breadcrumb","itemListElement":[{"@type":"ListItem","position":1,"name":"Home","item":"https:\/\/www.ilbottaccio.it\/de\/home\/"},{"@type":"ListItem","position":2,"name":"Gesch\u00e4ft","item":"https:\/\/www.ilbottaccio.it\/de\/shop-2\/"},{"@type":"ListItem","position":3,"name":"Delikatessen-Geschenkbox"}]},{"@type":"WebSite","@id":"https:\/\/www.ilbottaccio.it\/de\/#website","url":"https:\/\/www.ilbottaccio.it\/de\/","name":"il Bottaccio | Olio Extravergine Toscano","description":"Olio Extravergine Toscano","publisher":{"@id":"https:\/\/www.ilbottaccio.it\/de\/#organization"},"potentialAction":[{"@type":"SearchAction","target":{"@type":"EntryPoint","urlTemplate":"https:\/\/www.ilbottaccio.it\/de\/?s={search_term_string}"},"query-input":{"@type":"PropertyValueSpecification","valueRequired":true,"valueName":"search_term_string"}}],"inLanguage":"de-DE"},{"@type":"Organization","@id":"https:\/\/www.ilbottaccio.it\/de\/#organization","name":"il Bottaccio","url":"https:\/\/www.ilbottaccio.it\/de\/","logo":{"@type":"ImageObject","inLanguage":"de-DE","@id":"https:\/\/www.ilbottaccio.it\/de\/#\/schema\/logo\/image\/","url":"https:\/\/www.ilbottaccio.it\/web2\/wp-content\/uploads\/2024\/09\/Goccia_ilBottaccio.jpg","contentUrl":"https:\/\/www.ilbottaccio.it\/web2\/wp-content\/uploads\/2024\/09\/Goccia_ilBottaccio.jpg","width":500,"height":500,"caption":"il Bottaccio"},"image":{"@id":"https:\/\/www.ilbottaccio.it\/de\/#\/schema\/logo\/image\/"},"sameAs":["https:\/\/it-it.facebook.com\/OlioilBottaccio\/","https:\/\/www.instagram.com\/il_bottaccio\/"]}]}},"_links":{"self":[{"href":"https:\/\/www.ilbottaccio.it\/de\/wp-json\/wp\/v2\/product\/16990","targetHints":{"allow":["GET"]}}],"collection":[{"href":"https:\/\/www.ilbottaccio.it\/de\/wp-json\/wp\/v2\/product"}],"about":[{"href":"https:\/\/www.ilbottaccio.it\/de\/wp-json\/wp\/v2\/types\/product"}],"wp:featuredmedia":[{"embeddable":true,"href":"https:\/\/www.ilbottaccio.it\/de\/wp-json\/wp\/v2\/media\/25160"}],"wp:attachment":[{"href":"https:\/\/www.ilbottaccio.it\/de\/wp-json\/wp\/v2\/media?parent=16990"}],"wp:term":[{"taxonomy":"product_brand","embeddable":true,"href":"https:\/\/www.ilbottaccio.it\/de\/wp-json\/wp\/v2\/product_brand?post=16990"},{"taxonomy":"product_cat","embeddable":true,"href":"https:\/\/www.ilbottaccio.it\/de\/wp-json\/wp\/v2\/product_cat?post=16990"},{"taxonomy":"product_tag","embeddable":true,"href":"https:\/\/www.ilbottaccio.it\/de\/wp-json\/wp\/v2\/product_tag?post=16990"}],"curies":[{"name":"wp","href":"https:\/\/api.w.org\/{rel}","templated":true}]}}