{"id":20585,"date":"2023-02-02T15:11:56","date_gmt":"2023-02-02T15:11:56","guid":{"rendered":"https:www.ilbottaccio.it\/?post_type=product&#038;p=20585"},"modified":"2024-12-12T17:01:48","modified_gmt":"2024-12-12T17:01:48","slug":"grune-sose-in-nativem-ol-extra-150-gr","status":"publish","type":"product","link":"https:\/\/www.ilbottaccio.it\/de\/prodotto\/grune-sose-in-nativem-ol-extra-150-gr\/","title":{"rendered":"GR\u00dcNE SAUCE in nativem Oliven\u00f6l extra | 150 gr"},"content":{"rendered":"","protected":false},"excerpt":{"rendered":"<p><strong>Beschreibung und Kombinationen:<\/strong> Gr\u00fcne Sauce in nativem Oliven\u00f6l extra auf der Basis von Petersilie, Kapern und Essig, ideal zum W\u00fcrzen oder Begleiten von rotem und wei\u00dfem Fleisch, perfekt zu gemischtem gekochtem Fleisch oder einfachen Fischgerichten.<\/p>\n","protected":false},"featured_media":20589,"template":"","meta":[],"product_brand":[],"product_cat":[242],"product_tag":[293],"class_list":{"0":"post-20585","1":"product","2":"type-product","3":"status-publish","4":"has-post-thumbnail","6":"product_cat-cremes","7":"product_tag-jar150-gr","9":"first","10":"instock","11":"shipping-taxable","12":"purchasable","13":"product-type-simple"},"yoast_head":"<!-- This site is optimized with the Yoast SEO plugin v27.4 - https:\/\/yoast.com\/product\/yoast-seo-wordpress\/ -->\n<title>GR\u00dcNE SAUCE in nativem Oliven\u00f6l extra 150 gr | il Bottaccio<\/title>\n<meta name=\"description\" content=\"GR\u00dcNE SAUCE in nativem Oliven\u00f6l extra im 150-g-Glas. Ausgezeichnet als Gew\u00fcrz f\u00fcr rotes Fleisch, gekochtes und gekochtes Fleisch.\" \/>\n<meta name=\"robots\" content=\"index, follow, max-snippet:-1, max-image-preview:large, max-video-preview:-1\" \/>\n<link rel=\"canonical\" href=\"https:\/\/www.ilbottaccio.it\/de\/prodotto\/grune-sose-in-nativem-ol-extra-150-gr\/\" \/>\n<meta property=\"og:locale\" content=\"de_DE\" \/>\n<meta property=\"og:type\" content=\"article\" \/>\n<meta property=\"og:title\" content=\"GR\u00dcNE SAUCE in nativem Oliven\u00f6l extra 150 gr | il Bottaccio\" \/>\n<meta property=\"og:description\" content=\"GR\u00dcNE SAUCE in nativem Oliven\u00f6l extra im 150-g-Glas. Ausgezeichnet als Gew\u00fcrz f\u00fcr rotes Fleisch, gekochtes und gekochtes Fleisch.\" \/>\n<meta property=\"og:url\" content=\"https:\/\/www.ilbottaccio.it\/de\/prodotto\/grune-sose-in-nativem-ol-extra-150-gr\/\" \/>\n<meta property=\"og:site_name\" content=\"il Bottaccio | Olio Extravergine Toscano\" \/>\n<meta property=\"article:publisher\" content=\"https:\/\/it-it.facebook.com\/OlioilBottaccio\/\" \/>\n<meta property=\"article:modified_time\" content=\"2024-12-12T17:01:48+00:00\" \/>\n<meta property=\"og:image\" content=\"https:\/\/www.ilbottaccio.it\/web2\/wp-content\/uploads\/2023\/02\/Salsa-verde-in-olio-extravergine.jpg\" \/>\n\t<meta property=\"og:image:width\" content=\"1000\" \/>\n\t<meta property=\"og:image:height\" content=\"1000\" \/>\n\t<meta property=\"og:image:type\" content=\"image\/png\" \/>\n<meta name=\"twitter:card\" content=\"summary_large_image\" \/>\n<script type=\"application\/ld+json\" class=\"yoast-schema-graph\">{\"@context\":\"https:\\\/\\\/schema.org\",\"@graph\":[{\"@type\":\"WebPage\",\"@id\":\"https:\\\/\\\/www.ilbottaccio.it\\\/de\\\/prodotto\\\/grune-sose-in-nativem-ol-extra-150-gr\\\/\",\"url\":\"https:\\\/\\\/www.ilbottaccio.it\\\/de\\\/prodotto\\\/grune-sose-in-nativem-ol-extra-150-gr\\\/\",\"name\":\"GR\u00dcNE SAUCE in nativem Oliven\u00f6l extra 150 gr | il Bottaccio\",\"isPartOf\":{\"@id\":\"https:\\\/\\\/www.ilbottaccio.it\\\/de\\\/#website\"},\"primaryImageOfPage\":{\"@id\":\"https:\\\/\\\/www.ilbottaccio.it\\\/de\\\/prodotto\\\/grune-sose-in-nativem-ol-extra-150-gr\\\/#primaryimage\"},\"image\":{\"@id\":\"https:\\\/\\\/www.ilbottaccio.it\\\/de\\\/prodotto\\\/grune-sose-in-nativem-ol-extra-150-gr\\\/#primaryimage\"},\"thumbnailUrl\":\"https:\\\/\\\/www.ilbottaccio.it\\\/web2\\\/wp-content\\\/uploads\\\/2023\\\/02\\\/Salsa-verde-in-olio-extravergine.jpg\",\"datePublished\":\"2023-02-02T15:11:56+00:00\",\"dateModified\":\"2024-12-12T17:01:48+00:00\",\"description\":\"GR\u00dcNE SAUCE in nativem Oliven\u00f6l extra im 150-g-Glas. Ausgezeichnet als Gew\u00fcrz f\u00fcr rotes Fleisch, gekochtes und gekochtes Fleisch.\",\"breadcrumb\":{\"@id\":\"https:\\\/\\\/www.ilbottaccio.it\\\/de\\\/prodotto\\\/grune-sose-in-nativem-ol-extra-150-gr\\\/#breadcrumb\"},\"inLanguage\":\"de-DE\",\"potentialAction\":[{\"@type\":\"ReadAction\",\"target\":[\"https:\\\/\\\/www.ilbottaccio.it\\\/de\\\/prodotto\\\/grune-sose-in-nativem-ol-extra-150-gr\\\/\"]}]},{\"@type\":\"ImageObject\",\"inLanguage\":\"de-DE\",\"@id\":\"https:\\\/\\\/www.ilbottaccio.it\\\/de\\\/prodotto\\\/grune-sose-in-nativem-ol-extra-150-gr\\\/#primaryimage\",\"url\":\"https:\\\/\\\/www.ilbottaccio.it\\\/web2\\\/wp-content\\\/uploads\\\/2023\\\/02\\\/Salsa-verde-in-olio-extravergine.jpg\",\"contentUrl\":\"https:\\\/\\\/www.ilbottaccio.it\\\/web2\\\/wp-content\\\/uploads\\\/2023\\\/02\\\/Salsa-verde-in-olio-extravergine.jpg\",\"width\":1000,\"height\":1000,\"caption\":\"Salsa verde in olio extravergine di oliva\"},{\"@type\":\"BreadcrumbList\",\"@id\":\"https:\\\/\\\/www.ilbottaccio.it\\\/de\\\/prodotto\\\/grune-sose-in-nativem-ol-extra-150-gr\\\/#breadcrumb\",\"itemListElement\":[{\"@type\":\"ListItem\",\"position\":1,\"name\":\"Home\",\"item\":\"https:\\\/\\\/www.ilbottaccio.it\\\/de\\\/home\\\/\"},{\"@type\":\"ListItem\",\"position\":2,\"name\":\"Gesch\u00e4ft\",\"item\":\"https:\\\/\\\/www.ilbottaccio.it\\\/de\\\/shop-2\\\/\"},{\"@type\":\"ListItem\",\"position\":3,\"name\":\"GR\u00dcNE SAUCE in nativem Oliven\u00f6l extra | 150 gr\"}]},{\"@type\":\"WebSite\",\"@id\":\"https:\\\/\\\/www.ilbottaccio.it\\\/de\\\/#website\",\"url\":\"https:\\\/\\\/www.ilbottaccio.it\\\/de\\\/\",\"name\":\"il Bottaccio | Olio Extravergine Toscano\",\"description\":\"Olio Extravergine Toscano\",\"publisher\":{\"@id\":\"https:\\\/\\\/www.ilbottaccio.it\\\/de\\\/#organization\"},\"potentialAction\":[{\"@type\":\"SearchAction\",\"target\":{\"@type\":\"EntryPoint\",\"urlTemplate\":\"https:\\\/\\\/www.ilbottaccio.it\\\/de\\\/?s={search_term_string}\"},\"query-input\":{\"@type\":\"PropertyValueSpecification\",\"valueRequired\":true,\"valueName\":\"search_term_string\"}}],\"inLanguage\":\"de-DE\"},{\"@type\":\"Organization\",\"@id\":\"https:\\\/\\\/www.ilbottaccio.it\\\/de\\\/#organization\",\"name\":\"il Bottaccio\",\"url\":\"https:\\\/\\\/www.ilbottaccio.it\\\/de\\\/\",\"logo\":{\"@type\":\"ImageObject\",\"inLanguage\":\"de-DE\",\"@id\":\"https:\\\/\\\/www.ilbottaccio.it\\\/de\\\/#\\\/schema\\\/logo\\\/image\\\/\",\"url\":\"https:\\\/\\\/www.ilbottaccio.it\\\/web2\\\/wp-content\\\/uploads\\\/2024\\\/09\\\/Goccia_ilBottaccio.jpg\",\"contentUrl\":\"https:\\\/\\\/www.ilbottaccio.it\\\/web2\\\/wp-content\\\/uploads\\\/2024\\\/09\\\/Goccia_ilBottaccio.jpg\",\"width\":500,\"height\":500,\"caption\":\"il Bottaccio\"},\"image\":{\"@id\":\"https:\\\/\\\/www.ilbottaccio.it\\\/de\\\/#\\\/schema\\\/logo\\\/image\\\/\"},\"sameAs\":[\"https:\\\/\\\/it-it.facebook.com\\\/OlioilBottaccio\\\/\",\"https:\\\/\\\/www.instagram.com\\\/il_bottaccio\\\/\"]}]}<\/script>\n<!-- \/ Yoast SEO plugin. -->","yoast_head_json":{"title":"GR\u00dcNE SAUCE in nativem Oliven\u00f6l extra 150 gr | il Bottaccio","description":"GR\u00dcNE SAUCE in nativem Oliven\u00f6l extra im 150-g-Glas. Ausgezeichnet als Gew\u00fcrz f\u00fcr rotes Fleisch, gekochtes und gekochtes Fleisch.","robots":{"index":"index","follow":"follow","max-snippet":"max-snippet:-1","max-image-preview":"max-image-preview:large","max-video-preview":"max-video-preview:-1"},"canonical":"https:\/\/www.ilbottaccio.it\/de\/prodotto\/grune-sose-in-nativem-ol-extra-150-gr\/","og_locale":"de_DE","og_type":"article","og_title":"GR\u00dcNE SAUCE in nativem Oliven\u00f6l extra 150 gr | il Bottaccio","og_description":"GR\u00dcNE SAUCE in nativem Oliven\u00f6l extra im 150-g-Glas. Ausgezeichnet als Gew\u00fcrz f\u00fcr rotes Fleisch, gekochtes und gekochtes Fleisch.","og_url":"https:\/\/www.ilbottaccio.it\/de\/prodotto\/grune-sose-in-nativem-ol-extra-150-gr\/","og_site_name":"il Bottaccio | Olio Extravergine Toscano","article_publisher":"https:\/\/it-it.facebook.com\/OlioilBottaccio\/","article_modified_time":"2024-12-12T17:01:48+00:00","og_image":[{"width":1000,"height":1000,"url":"https:\/\/www.ilbottaccio.it\/web2\/wp-content\/uploads\/2023\/02\/Salsa-verde-in-olio-extravergine.jpg","type":"image\/png"}],"twitter_card":"summary_large_image","schema":{"@context":"https:\/\/schema.org","@graph":[{"@type":"WebPage","@id":"https:\/\/www.ilbottaccio.it\/de\/prodotto\/grune-sose-in-nativem-ol-extra-150-gr\/","url":"https:\/\/www.ilbottaccio.it\/de\/prodotto\/grune-sose-in-nativem-ol-extra-150-gr\/","name":"GR\u00dcNE SAUCE in nativem Oliven\u00f6l extra 150 gr | il Bottaccio","isPartOf":{"@id":"https:\/\/www.ilbottaccio.it\/de\/#website"},"primaryImageOfPage":{"@id":"https:\/\/www.ilbottaccio.it\/de\/prodotto\/grune-sose-in-nativem-ol-extra-150-gr\/#primaryimage"},"image":{"@id":"https:\/\/www.ilbottaccio.it\/de\/prodotto\/grune-sose-in-nativem-ol-extra-150-gr\/#primaryimage"},"thumbnailUrl":"https:\/\/www.ilbottaccio.it\/web2\/wp-content\/uploads\/2023\/02\/Salsa-verde-in-olio-extravergine.jpg","datePublished":"2023-02-02T15:11:56+00:00","dateModified":"2024-12-12T17:01:48+00:00","description":"GR\u00dcNE SAUCE in nativem Oliven\u00f6l extra im 150-g-Glas. Ausgezeichnet als Gew\u00fcrz f\u00fcr rotes Fleisch, gekochtes und gekochtes Fleisch.","breadcrumb":{"@id":"https:\/\/www.ilbottaccio.it\/de\/prodotto\/grune-sose-in-nativem-ol-extra-150-gr\/#breadcrumb"},"inLanguage":"de-DE","potentialAction":[{"@type":"ReadAction","target":["https:\/\/www.ilbottaccio.it\/de\/prodotto\/grune-sose-in-nativem-ol-extra-150-gr\/"]}]},{"@type":"ImageObject","inLanguage":"de-DE","@id":"https:\/\/www.ilbottaccio.it\/de\/prodotto\/grune-sose-in-nativem-ol-extra-150-gr\/#primaryimage","url":"https:\/\/www.ilbottaccio.it\/web2\/wp-content\/uploads\/2023\/02\/Salsa-verde-in-olio-extravergine.jpg","contentUrl":"https:\/\/www.ilbottaccio.it\/web2\/wp-content\/uploads\/2023\/02\/Salsa-verde-in-olio-extravergine.jpg","width":1000,"height":1000,"caption":"Salsa verde in olio extravergine di oliva"},{"@type":"BreadcrumbList","@id":"https:\/\/www.ilbottaccio.it\/de\/prodotto\/grune-sose-in-nativem-ol-extra-150-gr\/#breadcrumb","itemListElement":[{"@type":"ListItem","position":1,"name":"Home","item":"https:\/\/www.ilbottaccio.it\/de\/home\/"},{"@type":"ListItem","position":2,"name":"Gesch\u00e4ft","item":"https:\/\/www.ilbottaccio.it\/de\/shop-2\/"},{"@type":"ListItem","position":3,"name":"GR\u00dcNE SAUCE in nativem Oliven\u00f6l extra | 150 gr"}]},{"@type":"WebSite","@id":"https:\/\/www.ilbottaccio.it\/de\/#website","url":"https:\/\/www.ilbottaccio.it\/de\/","name":"il Bottaccio | Olio Extravergine Toscano","description":"Olio Extravergine Toscano","publisher":{"@id":"https:\/\/www.ilbottaccio.it\/de\/#organization"},"potentialAction":[{"@type":"SearchAction","target":{"@type":"EntryPoint","urlTemplate":"https:\/\/www.ilbottaccio.it\/de\/?s={search_term_string}"},"query-input":{"@type":"PropertyValueSpecification","valueRequired":true,"valueName":"search_term_string"}}],"inLanguage":"de-DE"},{"@type":"Organization","@id":"https:\/\/www.ilbottaccio.it\/de\/#organization","name":"il Bottaccio","url":"https:\/\/www.ilbottaccio.it\/de\/","logo":{"@type":"ImageObject","inLanguage":"de-DE","@id":"https:\/\/www.ilbottaccio.it\/de\/#\/schema\/logo\/image\/","url":"https:\/\/www.ilbottaccio.it\/web2\/wp-content\/uploads\/2024\/09\/Goccia_ilBottaccio.jpg","contentUrl":"https:\/\/www.ilbottaccio.it\/web2\/wp-content\/uploads\/2024\/09\/Goccia_ilBottaccio.jpg","width":500,"height":500,"caption":"il Bottaccio"},"image":{"@id":"https:\/\/www.ilbottaccio.it\/de\/#\/schema\/logo\/image\/"},"sameAs":["https:\/\/it-it.facebook.com\/OlioilBottaccio\/","https:\/\/www.instagram.com\/il_bottaccio\/"]}]}},"_links":{"self":[{"href":"https:\/\/www.ilbottaccio.it\/de\/wp-json\/wp\/v2\/product\/20585","targetHints":{"allow":["GET"]}}],"collection":[{"href":"https:\/\/www.ilbottaccio.it\/de\/wp-json\/wp\/v2\/product"}],"about":[{"href":"https:\/\/www.ilbottaccio.it\/de\/wp-json\/wp\/v2\/types\/product"}],"wp:featuredmedia":[{"embeddable":true,"href":"https:\/\/www.ilbottaccio.it\/de\/wp-json\/wp\/v2\/media\/20589"}],"wp:attachment":[{"href":"https:\/\/www.ilbottaccio.it\/de\/wp-json\/wp\/v2\/media?parent=20585"}],"wp:term":[{"taxonomy":"product_brand","embeddable":true,"href":"https:\/\/www.ilbottaccio.it\/de\/wp-json\/wp\/v2\/product_brand?post=20585"},{"taxonomy":"product_cat","embeddable":true,"href":"https:\/\/www.ilbottaccio.it\/de\/wp-json\/wp\/v2\/product_cat?post=20585"},{"taxonomy":"product_tag","embeddable":true,"href":"https:\/\/www.ilbottaccio.it\/de\/wp-json\/wp\/v2\/product_tag?post=20585"}],"curies":[{"name":"wp","href":"https:\/\/api.w.org\/{rel}","templated":true}]}}