{"id":21021,"date":"2023-05-18T09:03:39","date_gmt":"2023-05-18T09:03:39","guid":{"rendered":"https:www.ilbottaccio.it\/?post_type=product&#038;p=21021"},"modified":"2025-07-07T10:23:27","modified_gmt":"2025-07-07T10:23:27","slug":"tomatensauce-aus-der-toskana-mit-extra-nativem-olivenol-320-g","status":"publish","type":"product","link":"https:\/\/www.ilbottaccio.it\/de\/prodotto\/tomatensauce-aus-der-toskana-mit-extra-nativem-olivenol-320-g\/","title":{"rendered":"TOSKANISCHE TOMATENSOSSE mit nativem Oliven\u00f6l extra | 250 gr"},"content":{"rendered":"","protected":false},"excerpt":{"rendered":"<p><strong>Beschreibung:<\/strong> Unsere toskanische Tomatensauce mit extra nativem Oliven\u00f6l ist eine authentische kulinarische K\u00f6stlichkeit. Hergestellt aus hochwertigen toskanischen Tomaten und verfeinert mit dem Aroma und der Geschmeidigkeit von extra nativem Oliven\u00f6l, ist diese Sauce eine wahre Hommage an die italienische Gastronomie-Tradition.<\/p>\n<p><strong>Kombinationen:<\/strong> Diese toskanische Tomatensauce passt perfekt zu allen Arten von Pasta-Gerichten. Du kannst sie mit unseren toskanischen Pici, Gigli oder Foglie di Ulivo genie\u00dfen, oder einfach den Sugo \u00fcber deine Lieblingsnudeln geben. Du kannst auch zus\u00e4tzliche Zutaten wie frisches Basilikum, geriebenen K\u00e4se oder Chili hinzuf\u00fcgen, um den Geschmack weiter anzupassen und zu personalisieren.<\/p>\n","protected":false},"featured_media":24940,"template":"","meta":[],"product_brand":[],"product_cat":[342],"product_tag":[289,496],"class_list":{"0":"post-21021","1":"product","2":"type-product","3":"status-publish","4":"has-post-thumbnail","6":"product_cat-pesto","7":"product_tag-jar-280-gr","8":"product_tag-tomate","10":"first","11":"instock","12":"shipping-taxable","13":"purchasable","14":"product-type-simple"},"yoast_head":"<!-- This site is optimized with the Yoast SEO plugin v27.4 - https:\/\/yoast.com\/product\/yoast-seo-wordpress\/ -->\n<title>Toskanische Tomatensauce mit extra nativem Oliven\u00f6l | il Bottaccio<\/title>\n<meta name=\"description\" content=\"Toskanische Tomatensauce, ein Klassiker der italienischen K\u00fcche. Nur Zutaten von h\u00f6chster Qualit\u00e4t, um jedes Pasta-Gericht zu w\u00fcrzen.\" \/>\n<meta name=\"robots\" content=\"index, follow, max-snippet:-1, max-image-preview:large, max-video-preview:-1\" \/>\n<link rel=\"canonical\" href=\"https:\/\/www.ilbottaccio.it\/de\/prodotto\/tomatensauce-aus-der-toskana-mit-extra-nativem-olivenol-320-g\/\" \/>\n<meta property=\"og:locale\" content=\"de_DE\" \/>\n<meta property=\"og:type\" content=\"article\" \/>\n<meta property=\"og:title\" content=\"Toskanische Tomatensauce mit extra nativem Oliven\u00f6l | il Bottaccio\" \/>\n<meta property=\"og:description\" content=\"Toskanische Tomatensauce, ein Klassiker der italienischen K\u00fcche. Nur Zutaten von h\u00f6chster Qualit\u00e4t, um jedes Pasta-Gericht zu w\u00fcrzen.\" \/>\n<meta property=\"og:url\" content=\"https:\/\/www.ilbottaccio.it\/de\/prodotto\/tomatensauce-aus-der-toskana-mit-extra-nativem-olivenol-320-g\/\" \/>\n<meta property=\"og:site_name\" content=\"il Bottaccio | Olio Extravergine Toscano\" \/>\n<meta property=\"article:publisher\" content=\"https:\/\/it-it.facebook.com\/OlioilBottaccio\/\" \/>\n<meta property=\"article:modified_time\" content=\"2025-07-07T10:23:27+00:00\" \/>\n<meta property=\"og:image\" content=\"https:\/\/www.ilbottaccio.it\/web2\/wp-content\/uploads\/2023\/05\/SPCLA250_Sugo-di-Pomodoro-Toscano.png\" \/>\n\t<meta property=\"og:image:width\" content=\"1000\" \/>\n\t<meta property=\"og:image:height\" content=\"1000\" \/>\n\t<meta property=\"og:image:type\" content=\"image\/png\" \/>\n<meta name=\"twitter:card\" content=\"summary_large_image\" \/>\n<script type=\"application\/ld+json\" class=\"yoast-schema-graph\">{\"@context\":\"https:\\\/\\\/schema.org\",\"@graph\":[{\"@type\":\"WebPage\",\"@id\":\"https:\\\/\\\/www.ilbottaccio.it\\\/de\\\/prodotto\\\/tomatensauce-aus-der-toskana-mit-extra-nativem-olivenol-320-g\\\/\",\"url\":\"https:\\\/\\\/www.ilbottaccio.it\\\/de\\\/prodotto\\\/tomatensauce-aus-der-toskana-mit-extra-nativem-olivenol-320-g\\\/\",\"name\":\"Toskanische Tomatensauce mit extra nativem Oliven\u00f6l | il Bottaccio\",\"isPartOf\":{\"@id\":\"https:\\\/\\\/www.ilbottaccio.it\\\/de\\\/#website\"},\"primaryImageOfPage\":{\"@id\":\"https:\\\/\\\/www.ilbottaccio.it\\\/de\\\/prodotto\\\/tomatensauce-aus-der-toskana-mit-extra-nativem-olivenol-320-g\\\/#primaryimage\"},\"image\":{\"@id\":\"https:\\\/\\\/www.ilbottaccio.it\\\/de\\\/prodotto\\\/tomatensauce-aus-der-toskana-mit-extra-nativem-olivenol-320-g\\\/#primaryimage\"},\"thumbnailUrl\":\"https:\\\/\\\/www.ilbottaccio.it\\\/web2\\\/wp-content\\\/uploads\\\/2023\\\/05\\\/SPCLA250_Sugo-di-Pomodoro-Toscano.png\",\"datePublished\":\"2023-05-18T09:03:39+00:00\",\"dateModified\":\"2025-07-07T10:23:27+00:00\",\"description\":\"Toskanische Tomatensauce, ein Klassiker der italienischen K\u00fcche. Nur Zutaten von h\u00f6chster Qualit\u00e4t, um jedes Pasta-Gericht zu w\u00fcrzen.\",\"breadcrumb\":{\"@id\":\"https:\\\/\\\/www.ilbottaccio.it\\\/de\\\/prodotto\\\/tomatensauce-aus-der-toskana-mit-extra-nativem-olivenol-320-g\\\/#breadcrumb\"},\"inLanguage\":\"de-DE\",\"potentialAction\":[{\"@type\":\"ReadAction\",\"target\":[\"https:\\\/\\\/www.ilbottaccio.it\\\/de\\\/prodotto\\\/tomatensauce-aus-der-toskana-mit-extra-nativem-olivenol-320-g\\\/\"]}]},{\"@type\":\"ImageObject\",\"inLanguage\":\"de-DE\",\"@id\":\"https:\\\/\\\/www.ilbottaccio.it\\\/de\\\/prodotto\\\/tomatensauce-aus-der-toskana-mit-extra-nativem-olivenol-320-g\\\/#primaryimage\",\"url\":\"https:\\\/\\\/www.ilbottaccio.it\\\/web2\\\/wp-content\\\/uploads\\\/2023\\\/05\\\/SPCLA250_Sugo-di-Pomodoro-Toscano.png\",\"contentUrl\":\"https:\\\/\\\/www.ilbottaccio.it\\\/web2\\\/wp-content\\\/uploads\\\/2023\\\/05\\\/SPCLA250_Sugo-di-Pomodoro-Toscano.png\",\"width\":1000,\"height\":1000,\"caption\":\"SPCLA250 Sugo di Pomodoro Toscano\"},{\"@type\":\"BreadcrumbList\",\"@id\":\"https:\\\/\\\/www.ilbottaccio.it\\\/de\\\/prodotto\\\/tomatensauce-aus-der-toskana-mit-extra-nativem-olivenol-320-g\\\/#breadcrumb\",\"itemListElement\":[{\"@type\":\"ListItem\",\"position\":1,\"name\":\"Home\",\"item\":\"https:\\\/\\\/www.ilbottaccio.it\\\/de\\\/home\\\/\"},{\"@type\":\"ListItem\",\"position\":2,\"name\":\"Gesch\u00e4ft\",\"item\":\"https:\\\/\\\/www.ilbottaccio.it\\\/de\\\/shop-2\\\/\"},{\"@type\":\"ListItem\",\"position\":3,\"name\":\"TOSKANISCHE TOMATENSOSSE mit nativem Oliven\u00f6l extra | 250 gr\"}]},{\"@type\":\"WebSite\",\"@id\":\"https:\\\/\\\/www.ilbottaccio.it\\\/de\\\/#website\",\"url\":\"https:\\\/\\\/www.ilbottaccio.it\\\/de\\\/\",\"name\":\"il Bottaccio | Olio Extravergine Toscano\",\"description\":\"Olio Extravergine Toscano\",\"publisher\":{\"@id\":\"https:\\\/\\\/www.ilbottaccio.it\\\/de\\\/#organization\"},\"potentialAction\":[{\"@type\":\"SearchAction\",\"target\":{\"@type\":\"EntryPoint\",\"urlTemplate\":\"https:\\\/\\\/www.ilbottaccio.it\\\/de\\\/?s={search_term_string}\"},\"query-input\":{\"@type\":\"PropertyValueSpecification\",\"valueRequired\":true,\"valueName\":\"search_term_string\"}}],\"inLanguage\":\"de-DE\"},{\"@type\":\"Organization\",\"@id\":\"https:\\\/\\\/www.ilbottaccio.it\\\/de\\\/#organization\",\"name\":\"il Bottaccio\",\"url\":\"https:\\\/\\\/www.ilbottaccio.it\\\/de\\\/\",\"logo\":{\"@type\":\"ImageObject\",\"inLanguage\":\"de-DE\",\"@id\":\"https:\\\/\\\/www.ilbottaccio.it\\\/de\\\/#\\\/schema\\\/logo\\\/image\\\/\",\"url\":\"https:\\\/\\\/www.ilbottaccio.it\\\/web2\\\/wp-content\\\/uploads\\\/2024\\\/09\\\/Goccia_ilBottaccio.jpg\",\"contentUrl\":\"https:\\\/\\\/www.ilbottaccio.it\\\/web2\\\/wp-content\\\/uploads\\\/2024\\\/09\\\/Goccia_ilBottaccio.jpg\",\"width\":500,\"height\":500,\"caption\":\"il Bottaccio\"},\"image\":{\"@id\":\"https:\\\/\\\/www.ilbottaccio.it\\\/de\\\/#\\\/schema\\\/logo\\\/image\\\/\"},\"sameAs\":[\"https:\\\/\\\/it-it.facebook.com\\\/OlioilBottaccio\\\/\",\"https:\\\/\\\/www.instagram.com\\\/il_bottaccio\\\/\"]}]}<\/script>\n<!-- \/ Yoast SEO plugin. -->","yoast_head_json":{"title":"Toskanische Tomatensauce mit extra nativem Oliven\u00f6l | il Bottaccio","description":"Toskanische Tomatensauce, ein Klassiker der italienischen K\u00fcche. Nur Zutaten von h\u00f6chster Qualit\u00e4t, um jedes Pasta-Gericht zu w\u00fcrzen.","robots":{"index":"index","follow":"follow","max-snippet":"max-snippet:-1","max-image-preview":"max-image-preview:large","max-video-preview":"max-video-preview:-1"},"canonical":"https:\/\/www.ilbottaccio.it\/de\/prodotto\/tomatensauce-aus-der-toskana-mit-extra-nativem-olivenol-320-g\/","og_locale":"de_DE","og_type":"article","og_title":"Toskanische Tomatensauce mit extra nativem Oliven\u00f6l | il Bottaccio","og_description":"Toskanische Tomatensauce, ein Klassiker der italienischen K\u00fcche. Nur Zutaten von h\u00f6chster Qualit\u00e4t, um jedes Pasta-Gericht zu w\u00fcrzen.","og_url":"https:\/\/www.ilbottaccio.it\/de\/prodotto\/tomatensauce-aus-der-toskana-mit-extra-nativem-olivenol-320-g\/","og_site_name":"il Bottaccio | Olio Extravergine Toscano","article_publisher":"https:\/\/it-it.facebook.com\/OlioilBottaccio\/","article_modified_time":"2025-07-07T10:23:27+00:00","og_image":[{"width":1000,"height":1000,"url":"https:\/\/www.ilbottaccio.it\/web2\/wp-content\/uploads\/2023\/05\/SPCLA250_Sugo-di-Pomodoro-Toscano.png","type":"image\/png"}],"twitter_card":"summary_large_image","schema":{"@context":"https:\/\/schema.org","@graph":[{"@type":"WebPage","@id":"https:\/\/www.ilbottaccio.it\/de\/prodotto\/tomatensauce-aus-der-toskana-mit-extra-nativem-olivenol-320-g\/","url":"https:\/\/www.ilbottaccio.it\/de\/prodotto\/tomatensauce-aus-der-toskana-mit-extra-nativem-olivenol-320-g\/","name":"Toskanische Tomatensauce mit extra nativem Oliven\u00f6l | il Bottaccio","isPartOf":{"@id":"https:\/\/www.ilbottaccio.it\/de\/#website"},"primaryImageOfPage":{"@id":"https:\/\/www.ilbottaccio.it\/de\/prodotto\/tomatensauce-aus-der-toskana-mit-extra-nativem-olivenol-320-g\/#primaryimage"},"image":{"@id":"https:\/\/www.ilbottaccio.it\/de\/prodotto\/tomatensauce-aus-der-toskana-mit-extra-nativem-olivenol-320-g\/#primaryimage"},"thumbnailUrl":"https:\/\/www.ilbottaccio.it\/web2\/wp-content\/uploads\/2023\/05\/SPCLA250_Sugo-di-Pomodoro-Toscano.png","datePublished":"2023-05-18T09:03:39+00:00","dateModified":"2025-07-07T10:23:27+00:00","description":"Toskanische Tomatensauce, ein Klassiker der italienischen K\u00fcche. Nur Zutaten von h\u00f6chster Qualit\u00e4t, um jedes Pasta-Gericht zu w\u00fcrzen.","breadcrumb":{"@id":"https:\/\/www.ilbottaccio.it\/de\/prodotto\/tomatensauce-aus-der-toskana-mit-extra-nativem-olivenol-320-g\/#breadcrumb"},"inLanguage":"de-DE","potentialAction":[{"@type":"ReadAction","target":["https:\/\/www.ilbottaccio.it\/de\/prodotto\/tomatensauce-aus-der-toskana-mit-extra-nativem-olivenol-320-g\/"]}]},{"@type":"ImageObject","inLanguage":"de-DE","@id":"https:\/\/www.ilbottaccio.it\/de\/prodotto\/tomatensauce-aus-der-toskana-mit-extra-nativem-olivenol-320-g\/#primaryimage","url":"https:\/\/www.ilbottaccio.it\/web2\/wp-content\/uploads\/2023\/05\/SPCLA250_Sugo-di-Pomodoro-Toscano.png","contentUrl":"https:\/\/www.ilbottaccio.it\/web2\/wp-content\/uploads\/2023\/05\/SPCLA250_Sugo-di-Pomodoro-Toscano.png","width":1000,"height":1000,"caption":"SPCLA250 Sugo di Pomodoro Toscano"},{"@type":"BreadcrumbList","@id":"https:\/\/www.ilbottaccio.it\/de\/prodotto\/tomatensauce-aus-der-toskana-mit-extra-nativem-olivenol-320-g\/#breadcrumb","itemListElement":[{"@type":"ListItem","position":1,"name":"Home","item":"https:\/\/www.ilbottaccio.it\/de\/home\/"},{"@type":"ListItem","position":2,"name":"Gesch\u00e4ft","item":"https:\/\/www.ilbottaccio.it\/de\/shop-2\/"},{"@type":"ListItem","position":3,"name":"TOSKANISCHE TOMATENSOSSE mit nativem Oliven\u00f6l extra | 250 gr"}]},{"@type":"WebSite","@id":"https:\/\/www.ilbottaccio.it\/de\/#website","url":"https:\/\/www.ilbottaccio.it\/de\/","name":"il Bottaccio | Olio Extravergine Toscano","description":"Olio Extravergine Toscano","publisher":{"@id":"https:\/\/www.ilbottaccio.it\/de\/#organization"},"potentialAction":[{"@type":"SearchAction","target":{"@type":"EntryPoint","urlTemplate":"https:\/\/www.ilbottaccio.it\/de\/?s={search_term_string}"},"query-input":{"@type":"PropertyValueSpecification","valueRequired":true,"valueName":"search_term_string"}}],"inLanguage":"de-DE"},{"@type":"Organization","@id":"https:\/\/www.ilbottaccio.it\/de\/#organization","name":"il Bottaccio","url":"https:\/\/www.ilbottaccio.it\/de\/","logo":{"@type":"ImageObject","inLanguage":"de-DE","@id":"https:\/\/www.ilbottaccio.it\/de\/#\/schema\/logo\/image\/","url":"https:\/\/www.ilbottaccio.it\/web2\/wp-content\/uploads\/2024\/09\/Goccia_ilBottaccio.jpg","contentUrl":"https:\/\/www.ilbottaccio.it\/web2\/wp-content\/uploads\/2024\/09\/Goccia_ilBottaccio.jpg","width":500,"height":500,"caption":"il Bottaccio"},"image":{"@id":"https:\/\/www.ilbottaccio.it\/de\/#\/schema\/logo\/image\/"},"sameAs":["https:\/\/it-it.facebook.com\/OlioilBottaccio\/","https:\/\/www.instagram.com\/il_bottaccio\/"]}]}},"_links":{"self":[{"href":"https:\/\/www.ilbottaccio.it\/de\/wp-json\/wp\/v2\/product\/21021","targetHints":{"allow":["GET"]}}],"collection":[{"href":"https:\/\/www.ilbottaccio.it\/de\/wp-json\/wp\/v2\/product"}],"about":[{"href":"https:\/\/www.ilbottaccio.it\/de\/wp-json\/wp\/v2\/types\/product"}],"wp:featuredmedia":[{"embeddable":true,"href":"https:\/\/www.ilbottaccio.it\/de\/wp-json\/wp\/v2\/media\/24940"}],"wp:attachment":[{"href":"https:\/\/www.ilbottaccio.it\/de\/wp-json\/wp\/v2\/media?parent=21021"}],"wp:term":[{"taxonomy":"product_brand","embeddable":true,"href":"https:\/\/www.ilbottaccio.it\/de\/wp-json\/wp\/v2\/product_brand?post=21021"},{"taxonomy":"product_cat","embeddable":true,"href":"https:\/\/www.ilbottaccio.it\/de\/wp-json\/wp\/v2\/product_cat?post=21021"},{"taxonomy":"product_tag","embeddable":true,"href":"https:\/\/www.ilbottaccio.it\/de\/wp-json\/wp\/v2\/product_tag?post=21021"}],"curies":[{"name":"wp","href":"https:\/\/api.w.org\/{rel}","templated":true}]}}