{"id":21098,"date":"2023-05-25T07:44:20","date_gmt":"2023-05-25T07:44:20","guid":{"rendered":"https:www.ilbottaccio.it\/?post_type=product&#038;p=21098"},"modified":"2024-12-12T15:05:46","modified_gmt":"2024-12-12T15:05:46","slug":"geschenkbox-weiser-truffel-in-extra-nativem-olivenol","status":"publish","type":"product","link":"https:\/\/www.ilbottaccio.it\/de\/prodotto\/geschenkbox-weiser-truffel-in-extra-nativem-olivenol\/","title":{"rendered":"Geschenkbox mit wei\u00dfen Tr\u00fcffeln"},"content":{"rendered":"","protected":false},"excerpt":{"rendered":"<p><strong>Beschreibung:<\/strong> Das Geschenkset enth\u00e4lt Produkte auf Basis von extra nativem Oliven\u00f6l mit wei\u00dfem Tr\u00fcffel, eine ausgezeichnete Wahl f\u00fcr Liebhaber von Tr\u00fcffeln und hochwertigem Oliven\u00f6l. Dieses Geschenkset enth\u00e4lt eine Auswahl an Produkten, die das intensive und luxuri\u00f6se Aroma des wei\u00dfen Tr\u00fcffels mit extra nativem Oliven\u00f6l kombinieren.<\/p>\n<p>Unter den Produkten finden Sie eine Flasche extra natives Oliven\u00f6l mit wei\u00dfem Tr\u00fcffel, das durch Infusion des \u00d6ls mit dem Geschmack und Aroma des wei\u00dfen Tr\u00fcffels hergestellt wurde. Dieses \u00d6l eignet sich perfekt zum W\u00fcrzen von Salaten, Pasta-Gerichten, Risotto oder einfach als luxuri\u00f6se Erg\u00e4nzung zu jeder kulinarischen Kreation.<\/p>\n<p>Das Geschenkset eignet sich ideal, um einem Tr\u00fcffelliebhaber eine besondere Freude zu bereiten oder um selbst eine luxuri\u00f6se kulinarische Erfahrung zu genie\u00dfen. Es bietet eine Kombination exquisiter Aromen, die jedes Gericht zu einem einzigartigen und raffinierten kulinarischen Erlebnis machen werden.<\/p>\n<p><strong>Komposition:<\/strong><br \/>\n<a href=\"https:\/\/www.ilbottaccio.it\/prodotto\/olio-extravergine-al-tartufo-bianco-100-ml\/\">Natives Oliven\u00f6l extra mit WEISSER TR\u00dcFFEL | 100 ml<\/a><br \/>\n<a href=\"https:\/\/www.ilbottaccio.it\/prodotto\/crema-di-olive-leccino-al-tartufo-bianco-in-olio-extravergine-150-gr\/\">LECCINO Olivencreme mit WEISSEM TR\u00dcFFEL in nativem Oliven\u00f6l extra | 150 gr<\/a><br \/>\n<a href=\"https:\/\/www.ilbottaccio.it\/de\/prodotto\/leccino-schwarze-oliven-mit-weissem-truffel-in-nativem-ol-extra-280gr\/\">Entkernte schwarze LECCINO-Oliven mit WEISSEM TR\u00dcFFEL in nativem Oliven\u00f6l extra | 280 gr<\/a><\/p>\n","protected":false},"featured_media":21102,"template":"","meta":[],"product_brand":[],"product_cat":[241],"product_tag":[471],"class_list":{"0":"post-21098","1":"product","2":"type-product","3":"status-publish","4":"has-post-thumbnail","6":"product_cat-geschenkpaket","7":"product_tag-weiser-truffel","9":"first","10":"instock","11":"shipping-taxable","12":"purchasable","13":"product-type-simple"},"yoast_head":"<!-- This site is optimized with the Yoast SEO plugin v27.4 - https:\/\/yoast.com\/product\/yoast-seo-wordpress\/ -->\n<title>Geschenkbox Wei\u00dfer Tr\u00fcffel in extra nativem Oliven\u00f6l | il Bottaccio<\/title>\n<meta name=\"description\" content=\"Das Set enth\u00e4lt eine Auswahl an Produkten, die das intensive und luxuri\u00f6se Aroma des wei\u00dfen Tr\u00fcffels mit extra nativem Oliven\u00f6l kombinieren.\" \/>\n<meta name=\"robots\" content=\"index, follow, max-snippet:-1, max-image-preview:large, max-video-preview:-1\" \/>\n<link rel=\"canonical\" href=\"https:\/\/www.ilbottaccio.it\/de\/prodotto\/geschenkbox-weiser-truffel-in-extra-nativem-olivenol\/\" \/>\n<meta property=\"og:locale\" content=\"de_DE\" \/>\n<meta property=\"og:type\" content=\"article\" \/>\n<meta property=\"og:title\" content=\"Geschenkbox Wei\u00dfer Tr\u00fcffel in extra nativem Oliven\u00f6l | il Bottaccio\" \/>\n<meta property=\"og:description\" content=\"Das Set enth\u00e4lt eine Auswahl an Produkten, die das intensive und luxuri\u00f6se Aroma des wei\u00dfen Tr\u00fcffels mit extra nativem Oliven\u00f6l kombinieren.\" \/>\n<meta property=\"og:url\" content=\"https:\/\/www.ilbottaccio.it\/de\/prodotto\/geschenkbox-weiser-truffel-in-extra-nativem-olivenol\/\" \/>\n<meta property=\"og:site_name\" content=\"il Bottaccio | Olio Extravergine Toscano\" \/>\n<meta property=\"article:publisher\" content=\"https:\/\/it-it.facebook.com\/OlioilBottaccio\/\" \/>\n<meta property=\"article:modified_time\" content=\"2024-12-12T15:05:46+00:00\" \/>\n<meta property=\"og:image\" content=\"https:\/\/www.ilbottaccio.it\/web2\/wp-content\/uploads\/2023\/05\/Cofanetto-Tartufo-Bianco.jpg\" \/>\n\t<meta property=\"og:image:width\" content=\"1000\" \/>\n\t<meta property=\"og:image:height\" content=\"1000\" \/>\n\t<meta property=\"og:image:type\" content=\"image\/png\" \/>\n<meta name=\"twitter:card\" content=\"summary_large_image\" \/>\n<script type=\"application\/ld+json\" class=\"yoast-schema-graph\">{\"@context\":\"https:\\\/\\\/schema.org\",\"@graph\":[{\"@type\":\"WebPage\",\"@id\":\"https:\\\/\\\/www.ilbottaccio.it\\\/de\\\/prodotto\\\/geschenkbox-weiser-truffel-in-extra-nativem-olivenol\\\/\",\"url\":\"https:\\\/\\\/www.ilbottaccio.it\\\/de\\\/prodotto\\\/geschenkbox-weiser-truffel-in-extra-nativem-olivenol\\\/\",\"name\":\"Geschenkbox Wei\u00dfer Tr\u00fcffel in extra nativem Oliven\u00f6l | il Bottaccio\",\"isPartOf\":{\"@id\":\"https:\\\/\\\/www.ilbottaccio.it\\\/de\\\/#website\"},\"primaryImageOfPage\":{\"@id\":\"https:\\\/\\\/www.ilbottaccio.it\\\/de\\\/prodotto\\\/geschenkbox-weiser-truffel-in-extra-nativem-olivenol\\\/#primaryimage\"},\"image\":{\"@id\":\"https:\\\/\\\/www.ilbottaccio.it\\\/de\\\/prodotto\\\/geschenkbox-weiser-truffel-in-extra-nativem-olivenol\\\/#primaryimage\"},\"thumbnailUrl\":\"https:\\\/\\\/www.ilbottaccio.it\\\/web2\\\/wp-content\\\/uploads\\\/2023\\\/05\\\/Cofanetto-Tartufo-Bianco.jpg\",\"datePublished\":\"2023-05-25T07:44:20+00:00\",\"dateModified\":\"2024-12-12T15:05:46+00:00\",\"description\":\"Das Set enth\u00e4lt eine Auswahl an Produkten, die das intensive und luxuri\u00f6se Aroma des wei\u00dfen Tr\u00fcffels mit extra nativem Oliven\u00f6l kombinieren.\",\"breadcrumb\":{\"@id\":\"https:\\\/\\\/www.ilbottaccio.it\\\/de\\\/prodotto\\\/geschenkbox-weiser-truffel-in-extra-nativem-olivenol\\\/#breadcrumb\"},\"inLanguage\":\"de-DE\",\"potentialAction\":[{\"@type\":\"ReadAction\",\"target\":[\"https:\\\/\\\/www.ilbottaccio.it\\\/de\\\/prodotto\\\/geschenkbox-weiser-truffel-in-extra-nativem-olivenol\\\/\"]}]},{\"@type\":\"ImageObject\",\"inLanguage\":\"de-DE\",\"@id\":\"https:\\\/\\\/www.ilbottaccio.it\\\/de\\\/prodotto\\\/geschenkbox-weiser-truffel-in-extra-nativem-olivenol\\\/#primaryimage\",\"url\":\"https:\\\/\\\/www.ilbottaccio.it\\\/web2\\\/wp-content\\\/uploads\\\/2023\\\/05\\\/Cofanetto-Tartufo-Bianco.jpg\",\"contentUrl\":\"https:\\\/\\\/www.ilbottaccio.it\\\/web2\\\/wp-content\\\/uploads\\\/2023\\\/05\\\/Cofanetto-Tartufo-Bianco.jpg\",\"width\":1000,\"height\":1000,\"caption\":\"Cofanetto Tartufo Bianco a base di olio extravergine di oliva\"},{\"@type\":\"BreadcrumbList\",\"@id\":\"https:\\\/\\\/www.ilbottaccio.it\\\/de\\\/prodotto\\\/geschenkbox-weiser-truffel-in-extra-nativem-olivenol\\\/#breadcrumb\",\"itemListElement\":[{\"@type\":\"ListItem\",\"position\":1,\"name\":\"Home\",\"item\":\"https:\\\/\\\/www.ilbottaccio.it\\\/de\\\/home\\\/\"},{\"@type\":\"ListItem\",\"position\":2,\"name\":\"Gesch\u00e4ft\",\"item\":\"https:\\\/\\\/www.ilbottaccio.it\\\/de\\\/shop-2\\\/\"},{\"@type\":\"ListItem\",\"position\":3,\"name\":\"Geschenkbox mit wei\u00dfen Tr\u00fcffeln\"}]},{\"@type\":\"WebSite\",\"@id\":\"https:\\\/\\\/www.ilbottaccio.it\\\/de\\\/#website\",\"url\":\"https:\\\/\\\/www.ilbottaccio.it\\\/de\\\/\",\"name\":\"il Bottaccio | Olio Extravergine Toscano\",\"description\":\"Olio Extravergine Toscano\",\"publisher\":{\"@id\":\"https:\\\/\\\/www.ilbottaccio.it\\\/de\\\/#organization\"},\"potentialAction\":[{\"@type\":\"SearchAction\",\"target\":{\"@type\":\"EntryPoint\",\"urlTemplate\":\"https:\\\/\\\/www.ilbottaccio.it\\\/de\\\/?s={search_term_string}\"},\"query-input\":{\"@type\":\"PropertyValueSpecification\",\"valueRequired\":true,\"valueName\":\"search_term_string\"}}],\"inLanguage\":\"de-DE\"},{\"@type\":\"Organization\",\"@id\":\"https:\\\/\\\/www.ilbottaccio.it\\\/de\\\/#organization\",\"name\":\"il Bottaccio\",\"url\":\"https:\\\/\\\/www.ilbottaccio.it\\\/de\\\/\",\"logo\":{\"@type\":\"ImageObject\",\"inLanguage\":\"de-DE\",\"@id\":\"https:\\\/\\\/www.ilbottaccio.it\\\/de\\\/#\\\/schema\\\/logo\\\/image\\\/\",\"url\":\"https:\\\/\\\/www.ilbottaccio.it\\\/web2\\\/wp-content\\\/uploads\\\/2024\\\/09\\\/Goccia_ilBottaccio.jpg\",\"contentUrl\":\"https:\\\/\\\/www.ilbottaccio.it\\\/web2\\\/wp-content\\\/uploads\\\/2024\\\/09\\\/Goccia_ilBottaccio.jpg\",\"width\":500,\"height\":500,\"caption\":\"il Bottaccio\"},\"image\":{\"@id\":\"https:\\\/\\\/www.ilbottaccio.it\\\/de\\\/#\\\/schema\\\/logo\\\/image\\\/\"},\"sameAs\":[\"https:\\\/\\\/it-it.facebook.com\\\/OlioilBottaccio\\\/\",\"https:\\\/\\\/www.instagram.com\\\/il_bottaccio\\\/\"]}]}<\/script>\n<!-- \/ Yoast SEO plugin. -->","yoast_head_json":{"title":"Geschenkbox Wei\u00dfer Tr\u00fcffel in extra nativem Oliven\u00f6l | il Bottaccio","description":"Das Set enth\u00e4lt eine Auswahl an Produkten, die das intensive und luxuri\u00f6se Aroma des wei\u00dfen Tr\u00fcffels mit extra nativem Oliven\u00f6l kombinieren.","robots":{"index":"index","follow":"follow","max-snippet":"max-snippet:-1","max-image-preview":"max-image-preview:large","max-video-preview":"max-video-preview:-1"},"canonical":"https:\/\/www.ilbottaccio.it\/de\/prodotto\/geschenkbox-weiser-truffel-in-extra-nativem-olivenol\/","og_locale":"de_DE","og_type":"article","og_title":"Geschenkbox Wei\u00dfer Tr\u00fcffel in extra nativem Oliven\u00f6l | il Bottaccio","og_description":"Das Set enth\u00e4lt eine Auswahl an Produkten, die das intensive und luxuri\u00f6se Aroma des wei\u00dfen Tr\u00fcffels mit extra nativem Oliven\u00f6l kombinieren.","og_url":"https:\/\/www.ilbottaccio.it\/de\/prodotto\/geschenkbox-weiser-truffel-in-extra-nativem-olivenol\/","og_site_name":"il Bottaccio | Olio Extravergine Toscano","article_publisher":"https:\/\/it-it.facebook.com\/OlioilBottaccio\/","article_modified_time":"2024-12-12T15:05:46+00:00","og_image":[{"width":1000,"height":1000,"url":"https:\/\/www.ilbottaccio.it\/web2\/wp-content\/uploads\/2023\/05\/Cofanetto-Tartufo-Bianco.jpg","type":"image\/png"}],"twitter_card":"summary_large_image","schema":{"@context":"https:\/\/schema.org","@graph":[{"@type":"WebPage","@id":"https:\/\/www.ilbottaccio.it\/de\/prodotto\/geschenkbox-weiser-truffel-in-extra-nativem-olivenol\/","url":"https:\/\/www.ilbottaccio.it\/de\/prodotto\/geschenkbox-weiser-truffel-in-extra-nativem-olivenol\/","name":"Geschenkbox Wei\u00dfer Tr\u00fcffel in extra nativem Oliven\u00f6l | il Bottaccio","isPartOf":{"@id":"https:\/\/www.ilbottaccio.it\/de\/#website"},"primaryImageOfPage":{"@id":"https:\/\/www.ilbottaccio.it\/de\/prodotto\/geschenkbox-weiser-truffel-in-extra-nativem-olivenol\/#primaryimage"},"image":{"@id":"https:\/\/www.ilbottaccio.it\/de\/prodotto\/geschenkbox-weiser-truffel-in-extra-nativem-olivenol\/#primaryimage"},"thumbnailUrl":"https:\/\/www.ilbottaccio.it\/web2\/wp-content\/uploads\/2023\/05\/Cofanetto-Tartufo-Bianco.jpg","datePublished":"2023-05-25T07:44:20+00:00","dateModified":"2024-12-12T15:05:46+00:00","description":"Das Set enth\u00e4lt eine Auswahl an Produkten, die das intensive und luxuri\u00f6se Aroma des wei\u00dfen Tr\u00fcffels mit extra nativem Oliven\u00f6l kombinieren.","breadcrumb":{"@id":"https:\/\/www.ilbottaccio.it\/de\/prodotto\/geschenkbox-weiser-truffel-in-extra-nativem-olivenol\/#breadcrumb"},"inLanguage":"de-DE","potentialAction":[{"@type":"ReadAction","target":["https:\/\/www.ilbottaccio.it\/de\/prodotto\/geschenkbox-weiser-truffel-in-extra-nativem-olivenol\/"]}]},{"@type":"ImageObject","inLanguage":"de-DE","@id":"https:\/\/www.ilbottaccio.it\/de\/prodotto\/geschenkbox-weiser-truffel-in-extra-nativem-olivenol\/#primaryimage","url":"https:\/\/www.ilbottaccio.it\/web2\/wp-content\/uploads\/2023\/05\/Cofanetto-Tartufo-Bianco.jpg","contentUrl":"https:\/\/www.ilbottaccio.it\/web2\/wp-content\/uploads\/2023\/05\/Cofanetto-Tartufo-Bianco.jpg","width":1000,"height":1000,"caption":"Cofanetto Tartufo Bianco a base di olio extravergine di oliva"},{"@type":"BreadcrumbList","@id":"https:\/\/www.ilbottaccio.it\/de\/prodotto\/geschenkbox-weiser-truffel-in-extra-nativem-olivenol\/#breadcrumb","itemListElement":[{"@type":"ListItem","position":1,"name":"Home","item":"https:\/\/www.ilbottaccio.it\/de\/home\/"},{"@type":"ListItem","position":2,"name":"Gesch\u00e4ft","item":"https:\/\/www.ilbottaccio.it\/de\/shop-2\/"},{"@type":"ListItem","position":3,"name":"Geschenkbox mit wei\u00dfen Tr\u00fcffeln"}]},{"@type":"WebSite","@id":"https:\/\/www.ilbottaccio.it\/de\/#website","url":"https:\/\/www.ilbottaccio.it\/de\/","name":"il Bottaccio | Olio Extravergine Toscano","description":"Olio Extravergine Toscano","publisher":{"@id":"https:\/\/www.ilbottaccio.it\/de\/#organization"},"potentialAction":[{"@type":"SearchAction","target":{"@type":"EntryPoint","urlTemplate":"https:\/\/www.ilbottaccio.it\/de\/?s={search_term_string}"},"query-input":{"@type":"PropertyValueSpecification","valueRequired":true,"valueName":"search_term_string"}}],"inLanguage":"de-DE"},{"@type":"Organization","@id":"https:\/\/www.ilbottaccio.it\/de\/#organization","name":"il Bottaccio","url":"https:\/\/www.ilbottaccio.it\/de\/","logo":{"@type":"ImageObject","inLanguage":"de-DE","@id":"https:\/\/www.ilbottaccio.it\/de\/#\/schema\/logo\/image\/","url":"https:\/\/www.ilbottaccio.it\/web2\/wp-content\/uploads\/2024\/09\/Goccia_ilBottaccio.jpg","contentUrl":"https:\/\/www.ilbottaccio.it\/web2\/wp-content\/uploads\/2024\/09\/Goccia_ilBottaccio.jpg","width":500,"height":500,"caption":"il Bottaccio"},"image":{"@id":"https:\/\/www.ilbottaccio.it\/de\/#\/schema\/logo\/image\/"},"sameAs":["https:\/\/it-it.facebook.com\/OlioilBottaccio\/","https:\/\/www.instagram.com\/il_bottaccio\/"]}]}},"_links":{"self":[{"href":"https:\/\/www.ilbottaccio.it\/de\/wp-json\/wp\/v2\/product\/21098","targetHints":{"allow":["GET"]}}],"collection":[{"href":"https:\/\/www.ilbottaccio.it\/de\/wp-json\/wp\/v2\/product"}],"about":[{"href":"https:\/\/www.ilbottaccio.it\/de\/wp-json\/wp\/v2\/types\/product"}],"wp:featuredmedia":[{"embeddable":true,"href":"https:\/\/www.ilbottaccio.it\/de\/wp-json\/wp\/v2\/media\/21102"}],"wp:attachment":[{"href":"https:\/\/www.ilbottaccio.it\/de\/wp-json\/wp\/v2\/media?parent=21098"}],"wp:term":[{"taxonomy":"product_brand","embeddable":true,"href":"https:\/\/www.ilbottaccio.it\/de\/wp-json\/wp\/v2\/product_brand?post=21098"},{"taxonomy":"product_cat","embeddable":true,"href":"https:\/\/www.ilbottaccio.it\/de\/wp-json\/wp\/v2\/product_cat?post=21098"},{"taxonomy":"product_tag","embeddable":true,"href":"https:\/\/www.ilbottaccio.it\/de\/wp-json\/wp\/v2\/product_tag?post=21098"}],"curies":[{"name":"wp","href":"https:\/\/api.w.org\/{rel}","templated":true}]}}