{"id":21107,"date":"2023-05-25T08:20:41","date_gmt":"2023-05-25T08:20:41","guid":{"rendered":"https:www.ilbottaccio.it\/?post_type=product&#038;p=21107"},"modified":"2024-11-26T18:09:37","modified_gmt":"2024-11-26T18:09:37","slug":"geschenkbox-gemischtes-gekochtes-fleisch","status":"publish","type":"product","link":"https:\/\/www.ilbottaccio.it\/de\/prodotto\/geschenkbox-gemischtes-gekochtes-fleisch\/","title":{"rendered":"Geschenkbox Gemischtes gekochtes Fleisch"},"content":{"rendered":"","protected":false},"excerpt":{"rendered":"<p><strong>Beschreibung:<\/strong> Die perfekte Geschenkbox zu gemischtem gekochtem Fleisch. Es umfasst eine k\u00f6stliche gr\u00fcne So\u00dfe, ein hochwertiges toskanisches IGP-\u00d6l und eine leckere Giardiniera in nativem Oliven\u00f6l extra. Ein Gew\u00fcrztrio, das Ihr gemischtes gekochtes Fleisch perfekt erg\u00e4nzt und eine Kombination aus frischen, aromatischen und knackigen Aromen bietet. Ein ideales Geschenk f\u00fcr Liebhaber traditioneller K\u00fcche und einzigartiger kulinarischer Erlebnisse. <\/p>\n<p><strong>Komposition:<\/strong><br \/>\n<a href=\"https:\/\/www.ilbottaccio.it\/prodotto\/olio-extravergine-toscano-i-g-p-biologico-100ml\/\">Toskanisches Oliven\u00f6l extra vergine I.G.P. Bio 100 ml<\/a><br \/>\n<a href=\"https:\/\/www.ilbottaccio.it\/prodotto\/salsa-verde-in-olio-extravergine-150-gr\/\">GR\u00dcNE SAUCE in nativem Oliven\u00f6l extra | 150 gr<\/a><br \/>\n<a href=\"https:\/\/www.ilbottaccio.it\/prodotto\/la-giardiniera-in-olio-extravergine-280-gr\/\">die GIARDINIERA in nativem Oliven\u00f6l extra | 280 gr<\/a><\/p>\n","protected":false},"featured_media":23767,"template":"","meta":[],"product_brand":[],"product_cat":[241],"product_tag":[],"class_list":{"0":"post-21107","1":"product","2":"type-product","3":"status-publish","4":"has-post-thumbnail","6":"product_cat-geschenkpaket","8":"first","9":"instock","10":"shipping-taxable","11":"purchasable","12":"product-type-simple"},"yoast_head":"<!-- This site is optimized with the Yoast SEO plugin v27.4 - https:\/\/yoast.com\/product\/yoast-seo-wordpress\/ -->\n<title>Geschenkbox Gemischtes gekochtes Fleisch mit nativem Oliven\u00f6l extra | il Bottaccio<\/title>\n<meta name=\"description\" content=\"Geschenkbox perfekt zum Begleiten des gekochten Fleisches K\u00f6stliche gr\u00fcne So\u00dfe, toskanisches IGP-\u00d6l und leckeres eingelegtes Gem\u00fcse in nativem Oliven\u00f6l extra\" \/>\n<meta name=\"robots\" content=\"index, follow, max-snippet:-1, max-image-preview:large, max-video-preview:-1\" \/>\n<link rel=\"canonical\" href=\"https:\/\/www.ilbottaccio.it\/de\/prodotto\/geschenkbox-gemischtes-gekochtes-fleisch\/\" \/>\n<meta property=\"og:locale\" content=\"de_DE\" \/>\n<meta property=\"og:type\" content=\"article\" \/>\n<meta property=\"og:title\" content=\"Geschenkbox Gemischtes gekochtes Fleisch mit nativem Oliven\u00f6l extra | il Bottaccio\" \/>\n<meta property=\"og:description\" content=\"Geschenkbox perfekt zum Begleiten des gekochten Fleisches K\u00f6stliche gr\u00fcne So\u00dfe, toskanisches IGP-\u00d6l und leckeres eingelegtes Gem\u00fcse in nativem Oliven\u00f6l extra\" \/>\n<meta property=\"og:url\" content=\"https:\/\/www.ilbottaccio.it\/de\/prodotto\/geschenkbox-gemischtes-gekochtes-fleisch\/\" \/>\n<meta property=\"og:site_name\" content=\"il Bottaccio | Olio Extravergine Toscano\" \/>\n<meta property=\"article:publisher\" content=\"https:\/\/it-it.facebook.com\/OlioilBottaccio\/\" \/>\n<meta property=\"article:modified_time\" content=\"2024-11-26T18:09:37+00:00\" \/>\n<meta property=\"og:image\" content=\"https:\/\/www.ilbottaccio.it\/web2\/wp-content\/uploads\/2023\/05\/Cofanetto-Bollito-Misto-1.png\" \/>\n\t<meta property=\"og:image:width\" content=\"1000\" \/>\n\t<meta property=\"og:image:height\" content=\"1000\" \/>\n\t<meta property=\"og:image:type\" content=\"image\/png\" \/>\n<meta name=\"twitter:card\" content=\"summary_large_image\" \/>\n<script type=\"application\/ld+json\" class=\"yoast-schema-graph\">{\"@context\":\"https:\\\/\\\/schema.org\",\"@graph\":[{\"@type\":\"WebPage\",\"@id\":\"https:\\\/\\\/www.ilbottaccio.it\\\/de\\\/prodotto\\\/geschenkbox-gemischtes-gekochtes-fleisch\\\/\",\"url\":\"https:\\\/\\\/www.ilbottaccio.it\\\/de\\\/prodotto\\\/geschenkbox-gemischtes-gekochtes-fleisch\\\/\",\"name\":\"Geschenkbox Gemischtes gekochtes Fleisch mit nativem Oliven\u00f6l extra | il Bottaccio\",\"isPartOf\":{\"@id\":\"https:\\\/\\\/www.ilbottaccio.it\\\/de\\\/#website\"},\"primaryImageOfPage\":{\"@id\":\"https:\\\/\\\/www.ilbottaccio.it\\\/de\\\/prodotto\\\/geschenkbox-gemischtes-gekochtes-fleisch\\\/#primaryimage\"},\"image\":{\"@id\":\"https:\\\/\\\/www.ilbottaccio.it\\\/de\\\/prodotto\\\/geschenkbox-gemischtes-gekochtes-fleisch\\\/#primaryimage\"},\"thumbnailUrl\":\"https:\\\/\\\/www.ilbottaccio.it\\\/web2\\\/wp-content\\\/uploads\\\/2023\\\/05\\\/Cofanetto-Bollito-Misto-1-1.jpg\",\"datePublished\":\"2023-05-25T08:20:41+00:00\",\"dateModified\":\"2024-11-26T18:09:37+00:00\",\"description\":\"Geschenkbox perfekt zum Begleiten des gekochten Fleisches K\u00f6stliche gr\u00fcne So\u00dfe, toskanisches IGP-\u00d6l und leckeres eingelegtes Gem\u00fcse in nativem Oliven\u00f6l extra\",\"breadcrumb\":{\"@id\":\"https:\\\/\\\/www.ilbottaccio.it\\\/de\\\/prodotto\\\/geschenkbox-gemischtes-gekochtes-fleisch\\\/#breadcrumb\"},\"inLanguage\":\"de-DE\",\"potentialAction\":[{\"@type\":\"ReadAction\",\"target\":[\"https:\\\/\\\/www.ilbottaccio.it\\\/de\\\/prodotto\\\/geschenkbox-gemischtes-gekochtes-fleisch\\\/\"]}]},{\"@type\":\"ImageObject\",\"inLanguage\":\"de-DE\",\"@id\":\"https:\\\/\\\/www.ilbottaccio.it\\\/de\\\/prodotto\\\/geschenkbox-gemischtes-gekochtes-fleisch\\\/#primaryimage\",\"url\":\"https:\\\/\\\/www.ilbottaccio.it\\\/web2\\\/wp-content\\\/uploads\\\/2023\\\/05\\\/Cofanetto-Bollito-Misto-1-1.jpg\",\"contentUrl\":\"https:\\\/\\\/www.ilbottaccio.it\\\/web2\\\/wp-content\\\/uploads\\\/2023\\\/05\\\/Cofanetto-Bollito-Misto-1-1.jpg\",\"width\":1000,\"height\":1000},{\"@type\":\"BreadcrumbList\",\"@id\":\"https:\\\/\\\/www.ilbottaccio.it\\\/de\\\/prodotto\\\/geschenkbox-gemischtes-gekochtes-fleisch\\\/#breadcrumb\",\"itemListElement\":[{\"@type\":\"ListItem\",\"position\":1,\"name\":\"Home\",\"item\":\"https:\\\/\\\/www.ilbottaccio.it\\\/de\\\/home\\\/\"},{\"@type\":\"ListItem\",\"position\":2,\"name\":\"Gesch\u00e4ft\",\"item\":\"https:\\\/\\\/www.ilbottaccio.it\\\/de\\\/shop-2\\\/\"},{\"@type\":\"ListItem\",\"position\":3,\"name\":\"Geschenkbox Gemischtes gekochtes Fleisch\"}]},{\"@type\":\"WebSite\",\"@id\":\"https:\\\/\\\/www.ilbottaccio.it\\\/de\\\/#website\",\"url\":\"https:\\\/\\\/www.ilbottaccio.it\\\/de\\\/\",\"name\":\"il Bottaccio | Olio Extravergine Toscano\",\"description\":\"Olio Extravergine Toscano\",\"publisher\":{\"@id\":\"https:\\\/\\\/www.ilbottaccio.it\\\/de\\\/#organization\"},\"potentialAction\":[{\"@type\":\"SearchAction\",\"target\":{\"@type\":\"EntryPoint\",\"urlTemplate\":\"https:\\\/\\\/www.ilbottaccio.it\\\/de\\\/?s={search_term_string}\"},\"query-input\":{\"@type\":\"PropertyValueSpecification\",\"valueRequired\":true,\"valueName\":\"search_term_string\"}}],\"inLanguage\":\"de-DE\"},{\"@type\":\"Organization\",\"@id\":\"https:\\\/\\\/www.ilbottaccio.it\\\/de\\\/#organization\",\"name\":\"il Bottaccio\",\"url\":\"https:\\\/\\\/www.ilbottaccio.it\\\/de\\\/\",\"logo\":{\"@type\":\"ImageObject\",\"inLanguage\":\"de-DE\",\"@id\":\"https:\\\/\\\/www.ilbottaccio.it\\\/de\\\/#\\\/schema\\\/logo\\\/image\\\/\",\"url\":\"https:\\\/\\\/www.ilbottaccio.it\\\/web2\\\/wp-content\\\/uploads\\\/2024\\\/09\\\/Goccia_ilBottaccio.jpg\",\"contentUrl\":\"https:\\\/\\\/www.ilbottaccio.it\\\/web2\\\/wp-content\\\/uploads\\\/2024\\\/09\\\/Goccia_ilBottaccio.jpg\",\"width\":500,\"height\":500,\"caption\":\"il Bottaccio\"},\"image\":{\"@id\":\"https:\\\/\\\/www.ilbottaccio.it\\\/de\\\/#\\\/schema\\\/logo\\\/image\\\/\"},\"sameAs\":[\"https:\\\/\\\/it-it.facebook.com\\\/OlioilBottaccio\\\/\",\"https:\\\/\\\/www.instagram.com\\\/il_bottaccio\\\/\"]}]}<\/script>\n<!-- \/ Yoast SEO plugin. -->","yoast_head_json":{"title":"Geschenkbox Gemischtes gekochtes Fleisch mit nativem Oliven\u00f6l extra | il Bottaccio","description":"Geschenkbox perfekt zum Begleiten des gekochten Fleisches K\u00f6stliche gr\u00fcne So\u00dfe, toskanisches IGP-\u00d6l und leckeres eingelegtes Gem\u00fcse in nativem Oliven\u00f6l extra","robots":{"index":"index","follow":"follow","max-snippet":"max-snippet:-1","max-image-preview":"max-image-preview:large","max-video-preview":"max-video-preview:-1"},"canonical":"https:\/\/www.ilbottaccio.it\/de\/prodotto\/geschenkbox-gemischtes-gekochtes-fleisch\/","og_locale":"de_DE","og_type":"article","og_title":"Geschenkbox Gemischtes gekochtes Fleisch mit nativem Oliven\u00f6l extra | il Bottaccio","og_description":"Geschenkbox perfekt zum Begleiten des gekochten Fleisches K\u00f6stliche gr\u00fcne So\u00dfe, toskanisches IGP-\u00d6l und leckeres eingelegtes Gem\u00fcse in nativem Oliven\u00f6l extra","og_url":"https:\/\/www.ilbottaccio.it\/de\/prodotto\/geschenkbox-gemischtes-gekochtes-fleisch\/","og_site_name":"il Bottaccio | Olio Extravergine Toscano","article_publisher":"https:\/\/it-it.facebook.com\/OlioilBottaccio\/","article_modified_time":"2024-11-26T18:09:37+00:00","og_image":[{"width":1000,"height":1000,"url":"https:\/\/www.ilbottaccio.it\/web2\/wp-content\/uploads\/2023\/05\/Cofanetto-Bollito-Misto-1.png","type":"image\/png"}],"twitter_card":"summary_large_image","schema":{"@context":"https:\/\/schema.org","@graph":[{"@type":"WebPage","@id":"https:\/\/www.ilbottaccio.it\/de\/prodotto\/geschenkbox-gemischtes-gekochtes-fleisch\/","url":"https:\/\/www.ilbottaccio.it\/de\/prodotto\/geschenkbox-gemischtes-gekochtes-fleisch\/","name":"Geschenkbox Gemischtes gekochtes Fleisch mit nativem Oliven\u00f6l extra | il Bottaccio","isPartOf":{"@id":"https:\/\/www.ilbottaccio.it\/de\/#website"},"primaryImageOfPage":{"@id":"https:\/\/www.ilbottaccio.it\/de\/prodotto\/geschenkbox-gemischtes-gekochtes-fleisch\/#primaryimage"},"image":{"@id":"https:\/\/www.ilbottaccio.it\/de\/prodotto\/geschenkbox-gemischtes-gekochtes-fleisch\/#primaryimage"},"thumbnailUrl":"https:\/\/www.ilbottaccio.it\/web2\/wp-content\/uploads\/2023\/05\/Cofanetto-Bollito-Misto-1-1.jpg","datePublished":"2023-05-25T08:20:41+00:00","dateModified":"2024-11-26T18:09:37+00:00","description":"Geschenkbox perfekt zum Begleiten des gekochten Fleisches K\u00f6stliche gr\u00fcne So\u00dfe, toskanisches IGP-\u00d6l und leckeres eingelegtes Gem\u00fcse in nativem Oliven\u00f6l extra","breadcrumb":{"@id":"https:\/\/www.ilbottaccio.it\/de\/prodotto\/geschenkbox-gemischtes-gekochtes-fleisch\/#breadcrumb"},"inLanguage":"de-DE","potentialAction":[{"@type":"ReadAction","target":["https:\/\/www.ilbottaccio.it\/de\/prodotto\/geschenkbox-gemischtes-gekochtes-fleisch\/"]}]},{"@type":"ImageObject","inLanguage":"de-DE","@id":"https:\/\/www.ilbottaccio.it\/de\/prodotto\/geschenkbox-gemischtes-gekochtes-fleisch\/#primaryimage","url":"https:\/\/www.ilbottaccio.it\/web2\/wp-content\/uploads\/2023\/05\/Cofanetto-Bollito-Misto-1-1.jpg","contentUrl":"https:\/\/www.ilbottaccio.it\/web2\/wp-content\/uploads\/2023\/05\/Cofanetto-Bollito-Misto-1-1.jpg","width":1000,"height":1000},{"@type":"BreadcrumbList","@id":"https:\/\/www.ilbottaccio.it\/de\/prodotto\/geschenkbox-gemischtes-gekochtes-fleisch\/#breadcrumb","itemListElement":[{"@type":"ListItem","position":1,"name":"Home","item":"https:\/\/www.ilbottaccio.it\/de\/home\/"},{"@type":"ListItem","position":2,"name":"Gesch\u00e4ft","item":"https:\/\/www.ilbottaccio.it\/de\/shop-2\/"},{"@type":"ListItem","position":3,"name":"Geschenkbox Gemischtes gekochtes Fleisch"}]},{"@type":"WebSite","@id":"https:\/\/www.ilbottaccio.it\/de\/#website","url":"https:\/\/www.ilbottaccio.it\/de\/","name":"il Bottaccio | Olio Extravergine Toscano","description":"Olio Extravergine Toscano","publisher":{"@id":"https:\/\/www.ilbottaccio.it\/de\/#organization"},"potentialAction":[{"@type":"SearchAction","target":{"@type":"EntryPoint","urlTemplate":"https:\/\/www.ilbottaccio.it\/de\/?s={search_term_string}"},"query-input":{"@type":"PropertyValueSpecification","valueRequired":true,"valueName":"search_term_string"}}],"inLanguage":"de-DE"},{"@type":"Organization","@id":"https:\/\/www.ilbottaccio.it\/de\/#organization","name":"il Bottaccio","url":"https:\/\/www.ilbottaccio.it\/de\/","logo":{"@type":"ImageObject","inLanguage":"de-DE","@id":"https:\/\/www.ilbottaccio.it\/de\/#\/schema\/logo\/image\/","url":"https:\/\/www.ilbottaccio.it\/web2\/wp-content\/uploads\/2024\/09\/Goccia_ilBottaccio.jpg","contentUrl":"https:\/\/www.ilbottaccio.it\/web2\/wp-content\/uploads\/2024\/09\/Goccia_ilBottaccio.jpg","width":500,"height":500,"caption":"il Bottaccio"},"image":{"@id":"https:\/\/www.ilbottaccio.it\/de\/#\/schema\/logo\/image\/"},"sameAs":["https:\/\/it-it.facebook.com\/OlioilBottaccio\/","https:\/\/www.instagram.com\/il_bottaccio\/"]}]}},"_links":{"self":[{"href":"https:\/\/www.ilbottaccio.it\/de\/wp-json\/wp\/v2\/product\/21107","targetHints":{"allow":["GET"]}}],"collection":[{"href":"https:\/\/www.ilbottaccio.it\/de\/wp-json\/wp\/v2\/product"}],"about":[{"href":"https:\/\/www.ilbottaccio.it\/de\/wp-json\/wp\/v2\/types\/product"}],"wp:featuredmedia":[{"embeddable":true,"href":"https:\/\/www.ilbottaccio.it\/de\/wp-json\/wp\/v2\/media\/23767"}],"wp:attachment":[{"href":"https:\/\/www.ilbottaccio.it\/de\/wp-json\/wp\/v2\/media?parent=21107"}],"wp:term":[{"taxonomy":"product_brand","embeddable":true,"href":"https:\/\/www.ilbottaccio.it\/de\/wp-json\/wp\/v2\/product_brand?post=21107"},{"taxonomy":"product_cat","embeddable":true,"href":"https:\/\/www.ilbottaccio.it\/de\/wp-json\/wp\/v2\/product_cat?post=21107"},{"taxonomy":"product_tag","embeddable":true,"href":"https:\/\/www.ilbottaccio.it\/de\/wp-json\/wp\/v2\/product_tag?post=21107"}],"curies":[{"name":"wp","href":"https:\/\/api.w.org\/{rel}","templated":true}]}}