{"id":21264,"date":"2023-06-12T13:54:40","date_gmt":"2023-06-12T13:54:40","guid":{"rendered":"https:www.ilbottaccio.it\/?post_type=product&#038;p=21264"},"modified":"2025-09-15T09:50:33","modified_gmt":"2025-09-15T09:50:33","slug":"geschenkbox-alle-saucen","status":"publish","type":"product","link":"https:\/\/www.ilbottaccio.it\/de\/prodotto\/geschenkbox-alle-saucen\/","title":{"rendered":"Geschenkpaket mit allen Saucen und Suppen"},"content":{"rendered":"","protected":false},"excerpt":{"rendered":"<p><strong>Beschreibung:<\/strong> Die Gourmet-Geschenkbox aus Holz ist ein komplettes kulinarisches Erlebnis f\u00fcr Pasta- und Suppenliebhaber. Es umfasst eine Auswahl an Nudelsaucen, die sorgf\u00e4ltig mit hochwertigem nativem Oliven\u00f6l extra zubereitet werden. Jede Sauce wird aus frischen und authentischen Zutaten zubereitet, die Ihrer Pasta einen reichen und k\u00f6stlichen Geschmack verleihen. W\u00e4hlen Sie aus klassischen Saucen wie Tomatensauce oder entdecken Sie kr\u00e4ftigere Aromen wie Arrabbiata-Sauce. F\u00fcr Liebhaber traditioneller toskanischer Gerichte sind auch Pappa al Pomodoro und Ribollita erh\u00e4ltlich, die nur noch erhitzt und serviert werden m\u00fcssen.  Die Geschenkbox eignet sich perfekt zur Bereicherung Ihrer kulinarischen Abende oder als besonderes Geschenk f\u00fcr einen Pasta-Liebhaber. Kochen Sie die Nudeln einfach al dente, erhitzen Sie die So\u00dfe und w\u00fcrzen Sie sie gro\u00dfz\u00fcgig, um ein Gourmet-Men\u00fc zu erhalten, das in wenigen Minuten fertig ist.<\/p>\n<p><strong>Komposition:<\/strong><br \/>\n<a href=\"https:\/\/www.ilbottaccio.it\/de\/prodotto\/knoblauchol-und-chili-pfeffer-mit-extra-nativem-ol-100gr\/\">KNOBLAUCH, \u00d6L und CHILI-PFEFFER mit nativem Oliven\u00f6l extra | 100 gr<\/a><br \/>\n<a href=\"https:\/\/www.ilbottaccio.it\/de\/prodotto\/unser-pappa-al-pomodoro-mit-nativem-olivenoel-extra\/\">unser PAPPA al POMODORO mit nativem Oliven\u00f6l extra | 320 gr<\/a><br \/>\n<a href=\"https:\/\/www.ilbottaccio.it\/de\/prodotto\/unser-pappa-al-pomodoro-mit-nativem-olivenol-extra-320-gr-copia\/\">unsere RIBOLLITA mit nativem Oliven\u00f6l extra | 320 gr<\/a><br \/>\n<a href=\"https:\/\/www.ilbottaccio.it\/de\/prodotto\/sose-allarrabbiata-mit-extra-nativem-ol-320-gr\/\">ARRABBIATA-Sauce mit nativem Oliven\u00f6l extra | 250 g<\/a><br \/>\n<a href=\"https:\/\/www.ilbottaccio.it\/de\/prodotto\/tomatensauce-aus-der-toskana-mit-extra-nativem-olivenol-320-g\/\">TOSKANISCHE TOMATENSOSSE mit nativem Oliven\u00f6l extra | 250 gr<\/a><br \/>\n<a href=\"https:\/\/www.ilbottaccio.it\/de\/prodotto\/puttanesca-sauce-mit-extra-nativem-olivenol-320-g\/\">PUTTANESCA-Sauce mit nativem Oliven\u00f6l extra | 250 gr<\/a><\/p>\n","protected":false},"featured_media":25149,"template":"","meta":[],"product_brand":[],"product_cat":[241,265,342],"product_tag":[309],"class_list":{"0":"post-21264","1":"product","2":"type-product","3":"status-publish","4":"has-post-thumbnail","6":"product_cat-geschenkpaket","7":"product_cat-pasta-de","8":"product_cat-pesto","9":"product_tag-holzkasten","11":"first","12":"instock","13":"shipping-taxable","14":"purchasable","15":"product-type-simple"},"yoast_head":"<!-- This site is optimized with the Yoast SEO plugin v27.4 - https:\/\/yoast.com\/product\/yoast-seo-wordpress\/ -->\n<title>Geschenkset mit Saucen und Suppen aus nativem Oliven\u00f6l extra | Il Bottaccio<\/title>\n<meta name=\"description\" content=\"Gourmet-Geschenkset aus Holz mit Pastasaucen aus toskanischem nativem Oliven\u00f6l extra und toskanischen Suppen f\u00fcr ein originelles und leckeres Geschenk.\" \/>\n<meta name=\"robots\" content=\"index, follow, max-snippet:-1, max-image-preview:large, max-video-preview:-1\" \/>\n<link rel=\"canonical\" href=\"https:\/\/www.ilbottaccio.it\/de\/prodotto\/geschenkbox-alle-saucen\/\" \/>\n<meta property=\"og:locale\" content=\"de_DE\" \/>\n<meta property=\"og:type\" content=\"article\" \/>\n<meta property=\"og:title\" content=\"Geschenkset mit Saucen und Suppen aus nativem Oliven\u00f6l extra | Il Bottaccio\" \/>\n<meta property=\"og:description\" content=\"Gourmet-Geschenkset aus Holz mit Pastasaucen aus toskanischem nativem Oliven\u00f6l extra und toskanischen Suppen f\u00fcr ein originelles und leckeres Geschenk.\" \/>\n<meta property=\"og:url\" content=\"https:\/\/www.ilbottaccio.it\/de\/prodotto\/geschenkbox-alle-saucen\/\" \/>\n<meta property=\"og:site_name\" content=\"il Bottaccio | Olio Extravergine Toscano\" \/>\n<meta property=\"article:publisher\" content=\"https:\/\/it-it.facebook.com\/OlioilBottaccio\/\" \/>\n<meta property=\"article:modified_time\" content=\"2025-09-15T09:50:33+00:00\" \/>\n<meta property=\"og:image\" content=\"https:\/\/www.ilbottaccio.it\/web2\/wp-content\/uploads\/2023\/06\/Box-legno-Sughi-e-Zuppe.png\" \/>\n\t<meta property=\"og:image:width\" content=\"1000\" \/>\n\t<meta property=\"og:image:height\" content=\"1000\" \/>\n\t<meta property=\"og:image:type\" content=\"image\/png\" \/>\n<meta name=\"twitter:card\" content=\"summary_large_image\" \/>\n<script type=\"application\/ld+json\" class=\"yoast-schema-graph\">{\"@context\":\"https:\\\/\\\/schema.org\",\"@graph\":[{\"@type\":\"WebPage\",\"@id\":\"https:\\\/\\\/www.ilbottaccio.it\\\/de\\\/prodotto\\\/geschenkbox-alle-saucen\\\/\",\"url\":\"https:\\\/\\\/www.ilbottaccio.it\\\/de\\\/prodotto\\\/geschenkbox-alle-saucen\\\/\",\"name\":\"Geschenkset mit Saucen und Suppen aus nativem Oliven\u00f6l extra | Il Bottaccio\",\"isPartOf\":{\"@id\":\"https:\\\/\\\/www.ilbottaccio.it\\\/de\\\/#website\"},\"primaryImageOfPage\":{\"@id\":\"https:\\\/\\\/www.ilbottaccio.it\\\/de\\\/prodotto\\\/geschenkbox-alle-saucen\\\/#primaryimage\"},\"image\":{\"@id\":\"https:\\\/\\\/www.ilbottaccio.it\\\/de\\\/prodotto\\\/geschenkbox-alle-saucen\\\/#primaryimage\"},\"thumbnailUrl\":\"https:\\\/\\\/www.ilbottaccio.it\\\/web2\\\/wp-content\\\/uploads\\\/2023\\\/06\\\/Box-legno-Sughi-e-Zuppe.png\",\"datePublished\":\"2023-06-12T13:54:40+00:00\",\"dateModified\":\"2025-09-15T09:50:33+00:00\",\"description\":\"Gourmet-Geschenkset aus Holz mit Pastasaucen aus toskanischem nativem Oliven\u00f6l extra und toskanischen Suppen f\u00fcr ein originelles und leckeres Geschenk.\",\"breadcrumb\":{\"@id\":\"https:\\\/\\\/www.ilbottaccio.it\\\/de\\\/prodotto\\\/geschenkbox-alle-saucen\\\/#breadcrumb\"},\"inLanguage\":\"de-DE\",\"potentialAction\":[{\"@type\":\"ReadAction\",\"target\":[\"https:\\\/\\\/www.ilbottaccio.it\\\/de\\\/prodotto\\\/geschenkbox-alle-saucen\\\/\"]}]},{\"@type\":\"ImageObject\",\"inLanguage\":\"de-DE\",\"@id\":\"https:\\\/\\\/www.ilbottaccio.it\\\/de\\\/prodotto\\\/geschenkbox-alle-saucen\\\/#primaryimage\",\"url\":\"https:\\\/\\\/www.ilbottaccio.it\\\/web2\\\/wp-content\\\/uploads\\\/2023\\\/06\\\/Box-legno-Sughi-e-Zuppe.png\",\"contentUrl\":\"https:\\\/\\\/www.ilbottaccio.it\\\/web2\\\/wp-content\\\/uploads\\\/2023\\\/06\\\/Box-legno-Sughi-e-Zuppe.png\",\"width\":1000,\"height\":1000,\"caption\":\"Box legno Sughi e Zuppe della tradizione Toscana\"},{\"@type\":\"BreadcrumbList\",\"@id\":\"https:\\\/\\\/www.ilbottaccio.it\\\/de\\\/prodotto\\\/geschenkbox-alle-saucen\\\/#breadcrumb\",\"itemListElement\":[{\"@type\":\"ListItem\",\"position\":1,\"name\":\"Home\",\"item\":\"https:\\\/\\\/www.ilbottaccio.it\\\/de\\\/home\\\/\"},{\"@type\":\"ListItem\",\"position\":2,\"name\":\"Gesch\u00e4ft\",\"item\":\"https:\\\/\\\/www.ilbottaccio.it\\\/de\\\/shop-2\\\/\"},{\"@type\":\"ListItem\",\"position\":3,\"name\":\"Geschenkpaket mit allen Saucen und Suppen\"}]},{\"@type\":\"WebSite\",\"@id\":\"https:\\\/\\\/www.ilbottaccio.it\\\/de\\\/#website\",\"url\":\"https:\\\/\\\/www.ilbottaccio.it\\\/de\\\/\",\"name\":\"il Bottaccio | Olio Extravergine Toscano\",\"description\":\"Olio Extravergine Toscano\",\"publisher\":{\"@id\":\"https:\\\/\\\/www.ilbottaccio.it\\\/de\\\/#organization\"},\"potentialAction\":[{\"@type\":\"SearchAction\",\"target\":{\"@type\":\"EntryPoint\",\"urlTemplate\":\"https:\\\/\\\/www.ilbottaccio.it\\\/de\\\/?s={search_term_string}\"},\"query-input\":{\"@type\":\"PropertyValueSpecification\",\"valueRequired\":true,\"valueName\":\"search_term_string\"}}],\"inLanguage\":\"de-DE\"},{\"@type\":\"Organization\",\"@id\":\"https:\\\/\\\/www.ilbottaccio.it\\\/de\\\/#organization\",\"name\":\"il Bottaccio\",\"url\":\"https:\\\/\\\/www.ilbottaccio.it\\\/de\\\/\",\"logo\":{\"@type\":\"ImageObject\",\"inLanguage\":\"de-DE\",\"@id\":\"https:\\\/\\\/www.ilbottaccio.it\\\/de\\\/#\\\/schema\\\/logo\\\/image\\\/\",\"url\":\"https:\\\/\\\/www.ilbottaccio.it\\\/web2\\\/wp-content\\\/uploads\\\/2024\\\/09\\\/Goccia_ilBottaccio.jpg\",\"contentUrl\":\"https:\\\/\\\/www.ilbottaccio.it\\\/web2\\\/wp-content\\\/uploads\\\/2024\\\/09\\\/Goccia_ilBottaccio.jpg\",\"width\":500,\"height\":500,\"caption\":\"il Bottaccio\"},\"image\":{\"@id\":\"https:\\\/\\\/www.ilbottaccio.it\\\/de\\\/#\\\/schema\\\/logo\\\/image\\\/\"},\"sameAs\":[\"https:\\\/\\\/it-it.facebook.com\\\/OlioilBottaccio\\\/\",\"https:\\\/\\\/www.instagram.com\\\/il_bottaccio\\\/\"]}]}<\/script>\n<!-- \/ Yoast SEO plugin. -->","yoast_head_json":{"title":"Geschenkset mit Saucen und Suppen aus nativem Oliven\u00f6l extra | Il Bottaccio","description":"Gourmet-Geschenkset aus Holz mit Pastasaucen aus toskanischem nativem Oliven\u00f6l extra und toskanischen Suppen f\u00fcr ein originelles und leckeres Geschenk.","robots":{"index":"index","follow":"follow","max-snippet":"max-snippet:-1","max-image-preview":"max-image-preview:large","max-video-preview":"max-video-preview:-1"},"canonical":"https:\/\/www.ilbottaccio.it\/de\/prodotto\/geschenkbox-alle-saucen\/","og_locale":"de_DE","og_type":"article","og_title":"Geschenkset mit Saucen und Suppen aus nativem Oliven\u00f6l extra | Il Bottaccio","og_description":"Gourmet-Geschenkset aus Holz mit Pastasaucen aus toskanischem nativem Oliven\u00f6l extra und toskanischen Suppen f\u00fcr ein originelles und leckeres Geschenk.","og_url":"https:\/\/www.ilbottaccio.it\/de\/prodotto\/geschenkbox-alle-saucen\/","og_site_name":"il Bottaccio | Olio Extravergine Toscano","article_publisher":"https:\/\/it-it.facebook.com\/OlioilBottaccio\/","article_modified_time":"2025-09-15T09:50:33+00:00","og_image":[{"width":1000,"height":1000,"url":"https:\/\/www.ilbottaccio.it\/web2\/wp-content\/uploads\/2023\/06\/Box-legno-Sughi-e-Zuppe.png","type":"image\/png"}],"twitter_card":"summary_large_image","schema":{"@context":"https:\/\/schema.org","@graph":[{"@type":"WebPage","@id":"https:\/\/www.ilbottaccio.it\/de\/prodotto\/geschenkbox-alle-saucen\/","url":"https:\/\/www.ilbottaccio.it\/de\/prodotto\/geschenkbox-alle-saucen\/","name":"Geschenkset mit Saucen und Suppen aus nativem Oliven\u00f6l extra | Il Bottaccio","isPartOf":{"@id":"https:\/\/www.ilbottaccio.it\/de\/#website"},"primaryImageOfPage":{"@id":"https:\/\/www.ilbottaccio.it\/de\/prodotto\/geschenkbox-alle-saucen\/#primaryimage"},"image":{"@id":"https:\/\/www.ilbottaccio.it\/de\/prodotto\/geschenkbox-alle-saucen\/#primaryimage"},"thumbnailUrl":"https:\/\/www.ilbottaccio.it\/web2\/wp-content\/uploads\/2023\/06\/Box-legno-Sughi-e-Zuppe.png","datePublished":"2023-06-12T13:54:40+00:00","dateModified":"2025-09-15T09:50:33+00:00","description":"Gourmet-Geschenkset aus Holz mit Pastasaucen aus toskanischem nativem Oliven\u00f6l extra und toskanischen Suppen f\u00fcr ein originelles und leckeres Geschenk.","breadcrumb":{"@id":"https:\/\/www.ilbottaccio.it\/de\/prodotto\/geschenkbox-alle-saucen\/#breadcrumb"},"inLanguage":"de-DE","potentialAction":[{"@type":"ReadAction","target":["https:\/\/www.ilbottaccio.it\/de\/prodotto\/geschenkbox-alle-saucen\/"]}]},{"@type":"ImageObject","inLanguage":"de-DE","@id":"https:\/\/www.ilbottaccio.it\/de\/prodotto\/geschenkbox-alle-saucen\/#primaryimage","url":"https:\/\/www.ilbottaccio.it\/web2\/wp-content\/uploads\/2023\/06\/Box-legno-Sughi-e-Zuppe.png","contentUrl":"https:\/\/www.ilbottaccio.it\/web2\/wp-content\/uploads\/2023\/06\/Box-legno-Sughi-e-Zuppe.png","width":1000,"height":1000,"caption":"Box legno Sughi e Zuppe della tradizione Toscana"},{"@type":"BreadcrumbList","@id":"https:\/\/www.ilbottaccio.it\/de\/prodotto\/geschenkbox-alle-saucen\/#breadcrumb","itemListElement":[{"@type":"ListItem","position":1,"name":"Home","item":"https:\/\/www.ilbottaccio.it\/de\/home\/"},{"@type":"ListItem","position":2,"name":"Gesch\u00e4ft","item":"https:\/\/www.ilbottaccio.it\/de\/shop-2\/"},{"@type":"ListItem","position":3,"name":"Geschenkpaket mit allen Saucen und Suppen"}]},{"@type":"WebSite","@id":"https:\/\/www.ilbottaccio.it\/de\/#website","url":"https:\/\/www.ilbottaccio.it\/de\/","name":"il Bottaccio | Olio Extravergine Toscano","description":"Olio Extravergine Toscano","publisher":{"@id":"https:\/\/www.ilbottaccio.it\/de\/#organization"},"potentialAction":[{"@type":"SearchAction","target":{"@type":"EntryPoint","urlTemplate":"https:\/\/www.ilbottaccio.it\/de\/?s={search_term_string}"},"query-input":{"@type":"PropertyValueSpecification","valueRequired":true,"valueName":"search_term_string"}}],"inLanguage":"de-DE"},{"@type":"Organization","@id":"https:\/\/www.ilbottaccio.it\/de\/#organization","name":"il Bottaccio","url":"https:\/\/www.ilbottaccio.it\/de\/","logo":{"@type":"ImageObject","inLanguage":"de-DE","@id":"https:\/\/www.ilbottaccio.it\/de\/#\/schema\/logo\/image\/","url":"https:\/\/www.ilbottaccio.it\/web2\/wp-content\/uploads\/2024\/09\/Goccia_ilBottaccio.jpg","contentUrl":"https:\/\/www.ilbottaccio.it\/web2\/wp-content\/uploads\/2024\/09\/Goccia_ilBottaccio.jpg","width":500,"height":500,"caption":"il Bottaccio"},"image":{"@id":"https:\/\/www.ilbottaccio.it\/de\/#\/schema\/logo\/image\/"},"sameAs":["https:\/\/it-it.facebook.com\/OlioilBottaccio\/","https:\/\/www.instagram.com\/il_bottaccio\/"]}]}},"_links":{"self":[{"href":"https:\/\/www.ilbottaccio.it\/de\/wp-json\/wp\/v2\/product\/21264","targetHints":{"allow":["GET"]}}],"collection":[{"href":"https:\/\/www.ilbottaccio.it\/de\/wp-json\/wp\/v2\/product"}],"about":[{"href":"https:\/\/www.ilbottaccio.it\/de\/wp-json\/wp\/v2\/types\/product"}],"wp:featuredmedia":[{"embeddable":true,"href":"https:\/\/www.ilbottaccio.it\/de\/wp-json\/wp\/v2\/media\/25149"}],"wp:attachment":[{"href":"https:\/\/www.ilbottaccio.it\/de\/wp-json\/wp\/v2\/media?parent=21264"}],"wp:term":[{"taxonomy":"product_brand","embeddable":true,"href":"https:\/\/www.ilbottaccio.it\/de\/wp-json\/wp\/v2\/product_brand?post=21264"},{"taxonomy":"product_cat","embeddable":true,"href":"https:\/\/www.ilbottaccio.it\/de\/wp-json\/wp\/v2\/product_cat?post=21264"},{"taxonomy":"product_tag","embeddable":true,"href":"https:\/\/www.ilbottaccio.it\/de\/wp-json\/wp\/v2\/product_tag?post=21264"}],"curies":[{"name":"wp","href":"https:\/\/api.w.org\/{rel}","templated":true}]}}