{"id":22268,"date":"2024-01-23T10:31:56","date_gmt":"2024-01-23T11:23:37","guid":{"rendered":"https:www.ilbottaccio.it\/?post_type=product&#038;p=22268"},"modified":"2024-12-12T15:04:13","modified_gmt":"2024-12-12T15:04:13","slug":"unser-pappa-al-pomodoro-mit-nativem-olivenoel-extra","status":"publish","type":"product","link":"https:\/\/www.ilbottaccio.it\/de\/prodotto\/unser-pappa-al-pomodoro-mit-nativem-olivenoel-extra\/","title":{"rendered":"unser PAPPA al POMODORO mit nativem Oliven\u00f6l extra | 320 gr"},"content":{"rendered":"","protected":false},"excerpt":{"rendered":"<p><strong>Beschreibung:<\/strong> Unser Tomaten-Pappa mit nativem Oliven\u00f6l extra ist eine authentische Delikatesse. Zubereitet mit toskanischen Tomaten und traditionellem toskanischem Brot. Ein authentisches und k\u00f6stliches Erlebnis, das die echten Aromen der toskanischen K\u00fcche einf\u00e4ngt.<\/p>\n<p><strong>So genie\u00dfen Sie es:<\/strong> Bei schwacher Hitze oder in der Mikrowelle sanft erhitzen, mit toskanischem Oliven\u00f6l extra vergine w\u00fcrzen, mit frischem Basilikum garnieren und mit ger\u00f6stetem toskanischem Brot servieren. F\u00fcr zus\u00e4tzliche Konsistenz k\u00f6nnen Sie es auch mit leicht gebr\u00e4unten Croutons kombinieren.<\/p>\n<p>Wenn gew\u00fcnscht, k\u00f6nnen Sie den Teller mit einem Schuss geriebenen Parmesan abrunden.<br \/>\nAls Beilage oder Hauptgericht servieren<\/p>\n","protected":false},"featured_media":22272,"template":"","meta":[],"product_brand":[],"product_cat":[342],"product_tag":[289,496],"class_list":{"0":"post-22268","1":"product","2":"type-product","3":"status-publish","4":"has-post-thumbnail","6":"product_cat-pesto","7":"product_tag-jar-280-gr","8":"product_tag-tomate","10":"first","11":"instock","12":"shipping-taxable","13":"purchasable","14":"product-type-simple"},"yoast_head":"<!-- This site is optimized with the Yoast SEO plugin v27.4 - https:\/\/yoast.com\/product\/yoast-seo-wordpress\/ -->\n<title>unser PAPPA al POMODORO mit nativem Oliven\u00f6l extra | il Bottaccio<\/title>\n<meta name=\"description\" content=\"Der Klassiker Pappa al Pomodoro, ein typisches Gericht der traditionellen toskanischen K\u00fcche. Toskanisches Brot und toskanische Tomate, einfache und k\u00f6stliche Zutaten\" \/>\n<meta name=\"robots\" content=\"index, follow, max-snippet:-1, max-image-preview:large, max-video-preview:-1\" \/>\n<link rel=\"canonical\" href=\"https:\/\/www.ilbottaccio.it\/de\/prodotto\/unser-pappa-al-pomodoro-mit-nativem-olivenoel-extra\/\" \/>\n<meta property=\"og:locale\" content=\"de_DE\" \/>\n<meta property=\"og:type\" content=\"article\" \/>\n<meta property=\"og:title\" content=\"unser PAPPA al POMODORO mit nativem Oliven\u00f6l extra | il Bottaccio\" \/>\n<meta property=\"og:description\" content=\"Der Klassiker Pappa al Pomodoro, ein typisches Gericht der traditionellen toskanischen K\u00fcche. Toskanisches Brot und toskanische Tomate, einfache und k\u00f6stliche Zutaten\" \/>\n<meta property=\"og:url\" content=\"https:\/\/www.ilbottaccio.it\/de\/prodotto\/unser-pappa-al-pomodoro-mit-nativem-olivenoel-extra\/\" \/>\n<meta property=\"og:site_name\" content=\"il Bottaccio | Olio Extravergine Toscano\" \/>\n<meta property=\"article:publisher\" content=\"https:\/\/it-it.facebook.com\/OlioilBottaccio\/\" \/>\n<meta property=\"article:modified_time\" content=\"2024-12-12T15:04:13+00:00\" \/>\n<meta property=\"og:image\" content=\"https:\/\/www.ilbottaccio.it\/web2\/wp-content\/uploads\/2024\/01\/ZPAP320_la-nostra-Pappa-al-pomodoro.jpg\" \/>\n\t<meta property=\"og:image:width\" content=\"1000\" \/>\n\t<meta property=\"og:image:height\" content=\"1000\" \/>\n\t<meta property=\"og:image:type\" content=\"image\/png\" \/>\n<meta name=\"twitter:card\" content=\"summary_large_image\" \/>\n<meta name=\"twitter:label1\" content=\"Est. reading time\" \/>\n\t<meta name=\"twitter:data1\" content=\"1 minute\" \/>\n<script type=\"application\/ld+json\" class=\"yoast-schema-graph\">{\"@context\":\"https:\\\/\\\/schema.org\",\"@graph\":[{\"@type\":\"WebPage\",\"@id\":\"https:\\\/\\\/www.ilbottaccio.it\\\/de\\\/prodotto\\\/unser-pappa-al-pomodoro-mit-nativem-olivenoel-extra\\\/\",\"url\":\"https:\\\/\\\/www.ilbottaccio.it\\\/de\\\/prodotto\\\/unser-pappa-al-pomodoro-mit-nativem-olivenoel-extra\\\/\",\"name\":\"unser PAPPA al POMODORO mit nativem Oliven\u00f6l extra | il Bottaccio\",\"isPartOf\":{\"@id\":\"https:\\\/\\\/www.ilbottaccio.it\\\/de\\\/#website\"},\"primaryImageOfPage\":{\"@id\":\"https:\\\/\\\/www.ilbottaccio.it\\\/de\\\/prodotto\\\/unser-pappa-al-pomodoro-mit-nativem-olivenoel-extra\\\/#primaryimage\"},\"image\":{\"@id\":\"https:\\\/\\\/www.ilbottaccio.it\\\/de\\\/prodotto\\\/unser-pappa-al-pomodoro-mit-nativem-olivenoel-extra\\\/#primaryimage\"},\"thumbnailUrl\":\"https:\\\/\\\/www.ilbottaccio.it\\\/web2\\\/wp-content\\\/uploads\\\/2024\\\/01\\\/ZPAP320_la-nostra-Pappa-al-pomodoro.jpg\",\"datePublished\":\"2024-01-23T11:23:37+00:00\",\"dateModified\":\"2024-12-12T15:04:13+00:00\",\"description\":\"Der Klassiker Pappa al Pomodoro, ein typisches Gericht der traditionellen toskanischen K\u00fcche. Toskanisches Brot und toskanische Tomate, einfache und k\u00f6stliche Zutaten\",\"breadcrumb\":{\"@id\":\"https:\\\/\\\/www.ilbottaccio.it\\\/de\\\/prodotto\\\/unser-pappa-al-pomodoro-mit-nativem-olivenoel-extra\\\/#breadcrumb\"},\"inLanguage\":\"de-DE\",\"potentialAction\":[{\"@type\":\"ReadAction\",\"target\":[\"https:\\\/\\\/www.ilbottaccio.it\\\/de\\\/prodotto\\\/unser-pappa-al-pomodoro-mit-nativem-olivenoel-extra\\\/\"]}]},{\"@type\":\"ImageObject\",\"inLanguage\":\"de-DE\",\"@id\":\"https:\\\/\\\/www.ilbottaccio.it\\\/de\\\/prodotto\\\/unser-pappa-al-pomodoro-mit-nativem-olivenoel-extra\\\/#primaryimage\",\"url\":\"https:\\\/\\\/www.ilbottaccio.it\\\/web2\\\/wp-content\\\/uploads\\\/2024\\\/01\\\/ZPAP320_la-nostra-Pappa-al-pomodoro.jpg\",\"contentUrl\":\"https:\\\/\\\/www.ilbottaccio.it\\\/web2\\\/wp-content\\\/uploads\\\/2024\\\/01\\\/ZPAP320_la-nostra-Pappa-al-pomodoro.jpg\",\"width\":1000,\"height\":1000,\"caption\":\"Tomatensuppe mit nativem Oliven\u00f6l extra, Brot und toskanischen Tomaten\"},{\"@type\":\"BreadcrumbList\",\"@id\":\"https:\\\/\\\/www.ilbottaccio.it\\\/de\\\/prodotto\\\/unser-pappa-al-pomodoro-mit-nativem-olivenoel-extra\\\/#breadcrumb\",\"itemListElement\":[{\"@type\":\"ListItem\",\"position\":1,\"name\":\"Home\",\"item\":\"https:\\\/\\\/www.ilbottaccio.it\\\/de\\\/home\\\/\"},{\"@type\":\"ListItem\",\"position\":2,\"name\":\"Gesch\u00e4ft\",\"item\":\"https:\\\/\\\/www.ilbottaccio.it\\\/de\\\/shop-2\\\/\"},{\"@type\":\"ListItem\",\"position\":3,\"name\":\"unser PAPPA al POMODORO mit nativem Oliven\u00f6l extra | 320 gr\"}]},{\"@type\":\"WebSite\",\"@id\":\"https:\\\/\\\/www.ilbottaccio.it\\\/de\\\/#website\",\"url\":\"https:\\\/\\\/www.ilbottaccio.it\\\/de\\\/\",\"name\":\"il Bottaccio | Olio Extravergine Toscano\",\"description\":\"Olio Extravergine Toscano\",\"publisher\":{\"@id\":\"https:\\\/\\\/www.ilbottaccio.it\\\/de\\\/#organization\"},\"potentialAction\":[{\"@type\":\"SearchAction\",\"target\":{\"@type\":\"EntryPoint\",\"urlTemplate\":\"https:\\\/\\\/www.ilbottaccio.it\\\/de\\\/?s={search_term_string}\"},\"query-input\":{\"@type\":\"PropertyValueSpecification\",\"valueRequired\":true,\"valueName\":\"search_term_string\"}}],\"inLanguage\":\"de-DE\"},{\"@type\":\"Organization\",\"@id\":\"https:\\\/\\\/www.ilbottaccio.it\\\/de\\\/#organization\",\"name\":\"il Bottaccio\",\"url\":\"https:\\\/\\\/www.ilbottaccio.it\\\/de\\\/\",\"logo\":{\"@type\":\"ImageObject\",\"inLanguage\":\"de-DE\",\"@id\":\"https:\\\/\\\/www.ilbottaccio.it\\\/de\\\/#\\\/schema\\\/logo\\\/image\\\/\",\"url\":\"https:\\\/\\\/www.ilbottaccio.it\\\/web2\\\/wp-content\\\/uploads\\\/2024\\\/09\\\/Goccia_ilBottaccio.jpg\",\"contentUrl\":\"https:\\\/\\\/www.ilbottaccio.it\\\/web2\\\/wp-content\\\/uploads\\\/2024\\\/09\\\/Goccia_ilBottaccio.jpg\",\"width\":500,\"height\":500,\"caption\":\"il Bottaccio\"},\"image\":{\"@id\":\"https:\\\/\\\/www.ilbottaccio.it\\\/de\\\/#\\\/schema\\\/logo\\\/image\\\/\"},\"sameAs\":[\"https:\\\/\\\/it-it.facebook.com\\\/OlioilBottaccio\\\/\",\"https:\\\/\\\/www.instagram.com\\\/il_bottaccio\\\/\"]}]}<\/script>\n<!-- \/ Yoast SEO plugin. -->","yoast_head_json":{"title":"unser PAPPA al POMODORO mit nativem Oliven\u00f6l extra | il Bottaccio","description":"Der Klassiker Pappa al Pomodoro, ein typisches Gericht der traditionellen toskanischen K\u00fcche. Toskanisches Brot und toskanische Tomate, einfache und k\u00f6stliche Zutaten","robots":{"index":"index","follow":"follow","max-snippet":"max-snippet:-1","max-image-preview":"max-image-preview:large","max-video-preview":"max-video-preview:-1"},"canonical":"https:\/\/www.ilbottaccio.it\/de\/prodotto\/unser-pappa-al-pomodoro-mit-nativem-olivenoel-extra\/","og_locale":"de_DE","og_type":"article","og_title":"unser PAPPA al POMODORO mit nativem Oliven\u00f6l extra | il Bottaccio","og_description":"Der Klassiker Pappa al Pomodoro, ein typisches Gericht der traditionellen toskanischen K\u00fcche. Toskanisches Brot und toskanische Tomate, einfache und k\u00f6stliche Zutaten","og_url":"https:\/\/www.ilbottaccio.it\/de\/prodotto\/unser-pappa-al-pomodoro-mit-nativem-olivenoel-extra\/","og_site_name":"il Bottaccio | Olio Extravergine Toscano","article_publisher":"https:\/\/it-it.facebook.com\/OlioilBottaccio\/","article_modified_time":"2024-12-12T15:04:13+00:00","og_image":[{"width":1000,"height":1000,"url":"https:\/\/www.ilbottaccio.it\/web2\/wp-content\/uploads\/2024\/01\/ZPAP320_la-nostra-Pappa-al-pomodoro.jpg","type":"image\/png"}],"twitter_card":"summary_large_image","twitter_misc":{"Est. reading time":"1 minute"},"schema":{"@context":"https:\/\/schema.org","@graph":[{"@type":"WebPage","@id":"https:\/\/www.ilbottaccio.it\/de\/prodotto\/unser-pappa-al-pomodoro-mit-nativem-olivenoel-extra\/","url":"https:\/\/www.ilbottaccio.it\/de\/prodotto\/unser-pappa-al-pomodoro-mit-nativem-olivenoel-extra\/","name":"unser PAPPA al POMODORO mit nativem Oliven\u00f6l extra | il Bottaccio","isPartOf":{"@id":"https:\/\/www.ilbottaccio.it\/de\/#website"},"primaryImageOfPage":{"@id":"https:\/\/www.ilbottaccio.it\/de\/prodotto\/unser-pappa-al-pomodoro-mit-nativem-olivenoel-extra\/#primaryimage"},"image":{"@id":"https:\/\/www.ilbottaccio.it\/de\/prodotto\/unser-pappa-al-pomodoro-mit-nativem-olivenoel-extra\/#primaryimage"},"thumbnailUrl":"https:\/\/www.ilbottaccio.it\/web2\/wp-content\/uploads\/2024\/01\/ZPAP320_la-nostra-Pappa-al-pomodoro.jpg","datePublished":"2024-01-23T11:23:37+00:00","dateModified":"2024-12-12T15:04:13+00:00","description":"Der Klassiker Pappa al Pomodoro, ein typisches Gericht der traditionellen toskanischen K\u00fcche. Toskanisches Brot und toskanische Tomate, einfache und k\u00f6stliche Zutaten","breadcrumb":{"@id":"https:\/\/www.ilbottaccio.it\/de\/prodotto\/unser-pappa-al-pomodoro-mit-nativem-olivenoel-extra\/#breadcrumb"},"inLanguage":"de-DE","potentialAction":[{"@type":"ReadAction","target":["https:\/\/www.ilbottaccio.it\/de\/prodotto\/unser-pappa-al-pomodoro-mit-nativem-olivenoel-extra\/"]}]},{"@type":"ImageObject","inLanguage":"de-DE","@id":"https:\/\/www.ilbottaccio.it\/de\/prodotto\/unser-pappa-al-pomodoro-mit-nativem-olivenoel-extra\/#primaryimage","url":"https:\/\/www.ilbottaccio.it\/web2\/wp-content\/uploads\/2024\/01\/ZPAP320_la-nostra-Pappa-al-pomodoro.jpg","contentUrl":"https:\/\/www.ilbottaccio.it\/web2\/wp-content\/uploads\/2024\/01\/ZPAP320_la-nostra-Pappa-al-pomodoro.jpg","width":1000,"height":1000,"caption":"Tomatensuppe mit nativem Oliven\u00f6l extra, Brot und toskanischen Tomaten"},{"@type":"BreadcrumbList","@id":"https:\/\/www.ilbottaccio.it\/de\/prodotto\/unser-pappa-al-pomodoro-mit-nativem-olivenoel-extra\/#breadcrumb","itemListElement":[{"@type":"ListItem","position":1,"name":"Home","item":"https:\/\/www.ilbottaccio.it\/de\/home\/"},{"@type":"ListItem","position":2,"name":"Gesch\u00e4ft","item":"https:\/\/www.ilbottaccio.it\/de\/shop-2\/"},{"@type":"ListItem","position":3,"name":"unser PAPPA al POMODORO mit nativem Oliven\u00f6l extra | 320 gr"}]},{"@type":"WebSite","@id":"https:\/\/www.ilbottaccio.it\/de\/#website","url":"https:\/\/www.ilbottaccio.it\/de\/","name":"il Bottaccio | Olio Extravergine Toscano","description":"Olio Extravergine Toscano","publisher":{"@id":"https:\/\/www.ilbottaccio.it\/de\/#organization"},"potentialAction":[{"@type":"SearchAction","target":{"@type":"EntryPoint","urlTemplate":"https:\/\/www.ilbottaccio.it\/de\/?s={search_term_string}"},"query-input":{"@type":"PropertyValueSpecification","valueRequired":true,"valueName":"search_term_string"}}],"inLanguage":"de-DE"},{"@type":"Organization","@id":"https:\/\/www.ilbottaccio.it\/de\/#organization","name":"il Bottaccio","url":"https:\/\/www.ilbottaccio.it\/de\/","logo":{"@type":"ImageObject","inLanguage":"de-DE","@id":"https:\/\/www.ilbottaccio.it\/de\/#\/schema\/logo\/image\/","url":"https:\/\/www.ilbottaccio.it\/web2\/wp-content\/uploads\/2024\/09\/Goccia_ilBottaccio.jpg","contentUrl":"https:\/\/www.ilbottaccio.it\/web2\/wp-content\/uploads\/2024\/09\/Goccia_ilBottaccio.jpg","width":500,"height":500,"caption":"il Bottaccio"},"image":{"@id":"https:\/\/www.ilbottaccio.it\/de\/#\/schema\/logo\/image\/"},"sameAs":["https:\/\/it-it.facebook.com\/OlioilBottaccio\/","https:\/\/www.instagram.com\/il_bottaccio\/"]}]}},"_links":{"self":[{"href":"https:\/\/www.ilbottaccio.it\/de\/wp-json\/wp\/v2\/product\/22268","targetHints":{"allow":["GET"]}}],"collection":[{"href":"https:\/\/www.ilbottaccio.it\/de\/wp-json\/wp\/v2\/product"}],"about":[{"href":"https:\/\/www.ilbottaccio.it\/de\/wp-json\/wp\/v2\/types\/product"}],"wp:featuredmedia":[{"embeddable":true,"href":"https:\/\/www.ilbottaccio.it\/de\/wp-json\/wp\/v2\/media\/22272"}],"wp:attachment":[{"href":"https:\/\/www.ilbottaccio.it\/de\/wp-json\/wp\/v2\/media?parent=22268"}],"wp:term":[{"taxonomy":"product_brand","embeddable":true,"href":"https:\/\/www.ilbottaccio.it\/de\/wp-json\/wp\/v2\/product_brand?post=22268"},{"taxonomy":"product_cat","embeddable":true,"href":"https:\/\/www.ilbottaccio.it\/de\/wp-json\/wp\/v2\/product_cat?post=22268"},{"taxonomy":"product_tag","embeddable":true,"href":"https:\/\/www.ilbottaccio.it\/de\/wp-json\/wp\/v2\/product_tag?post=22268"}],"curies":[{"name":"wp","href":"https:\/\/api.w.org\/{rel}","templated":true}]}}