{"id":22277,"date":"2024-01-23T11:26:51","date_gmt":"2024-01-23T14:32:30","guid":{"rendered":"https:www.ilbottaccio.it\/?post_type=product&#038;p=22277"},"modified":"2024-12-12T15:02:22","modified_gmt":"2024-12-12T15:02:22","slug":"unser-pappa-al-pomodoro-mit-nativem-olivenol-extra-320-gr-copia","status":"publish","type":"product","link":"https:\/\/www.ilbottaccio.it\/de\/prodotto\/unser-pappa-al-pomodoro-mit-nativem-olivenol-extra-320-gr-copia\/","title":{"rendered":"unsere RIBOLLITA mit nativem Oliven\u00f6l extra | 320 gr"},"content":{"rendered":"","protected":false},"excerpt":{"rendered":"<p><strong>Beschreibung:<\/strong> Unsere Ribollita ist ein Fertiggericht im Glas, zubereitet mit Schwarzkohl, Wirsing, Mangold und toskanischem Brot. Eine rustikale und schmackhafte Suppe, die die echten Aromen der toskanischen kulinarischen Tradition einf\u00e4ngt.<\/p>\n<p><strong>Wie schmeckt man es:<\/strong> Bei schwacher Hitze oder in der Mikrowelle erhitzen, mit Oliven\u00f6l extra vergine aus der Toskana w\u00fcrzen und mit ger\u00f6stetem Toskana-Brot garnieren.<br \/>\nWenn gew\u00fcnscht, k\u00f6nnen Sie den Teller mit einem Schuss geriebenen Parmesan abrunden.<br \/>\nAls Beilage oder Hauptgericht servieren<\/p>\n","protected":false},"featured_media":22281,"template":"","meta":[],"product_brand":[],"product_cat":[342],"product_tag":[289,496],"class_list":{"0":"post-22277","1":"product","2":"type-product","3":"status-publish","4":"has-post-thumbnail","6":"product_cat-pesto","7":"product_tag-jar-280-gr","8":"product_tag-tomate","10":"first","11":"instock","12":"shipping-taxable","13":"purchasable","14":"product-type-simple"},"yoast_head":"<!-- This site is optimized with the Yoast SEO plugin v27.4 - https:\/\/yoast.com\/product\/yoast-seo-wordpress\/ -->\n<title>unsere RIBOLLITA mit nativem Oliven\u00f6l extra | il Bottaccio<\/title>\n<meta name=\"description\" content=\"Ribollita, eine typische Suppe der traditionellen toskanischen K\u00fcche. Toskanisches Brot, Schwarzkohl, Wirsing und Mangold, gesunde und schmackhafte Zutaten\" \/>\n<meta name=\"robots\" content=\"index, follow, max-snippet:-1, max-image-preview:large, max-video-preview:-1\" \/>\n<link rel=\"canonical\" href=\"https:\/\/www.ilbottaccio.it\/de\/prodotto\/unser-pappa-al-pomodoro-mit-nativem-olivenol-extra-320-gr-copia\/\" \/>\n<meta property=\"og:locale\" content=\"de_DE\" \/>\n<meta property=\"og:type\" content=\"article\" \/>\n<meta property=\"og:title\" content=\"unsere RIBOLLITA mit nativem Oliven\u00f6l extra | il Bottaccio\" \/>\n<meta property=\"og:description\" content=\"Ribollita, eine typische Suppe der traditionellen toskanischen K\u00fcche. Toskanisches Brot, Schwarzkohl, Wirsing und Mangold, gesunde und schmackhafte Zutaten\" \/>\n<meta property=\"og:url\" content=\"https:\/\/www.ilbottaccio.it\/de\/prodotto\/unser-pappa-al-pomodoro-mit-nativem-olivenol-extra-320-gr-copia\/\" \/>\n<meta property=\"og:site_name\" content=\"il Bottaccio | Olio Extravergine Toscano\" \/>\n<meta property=\"article:publisher\" content=\"https:\/\/it-it.facebook.com\/OlioilBottaccio\/\" \/>\n<meta property=\"article:modified_time\" content=\"2024-12-12T15:02:22+00:00\" \/>\n<meta property=\"og:image\" content=\"https:\/\/www.ilbottaccio.it\/web2\/wp-content\/uploads\/2024\/01\/ZRIB320_la-nostra-Ribollita.jpg\" \/>\n\t<meta property=\"og:image:width\" content=\"1000\" \/>\n\t<meta property=\"og:image:height\" content=\"1000\" \/>\n\t<meta property=\"og:image:type\" content=\"image\/png\" \/>\n<meta name=\"twitter:card\" content=\"summary_large_image\" \/>\n<meta name=\"twitter:label1\" content=\"Est. reading time\" \/>\n\t<meta name=\"twitter:data1\" content=\"1 minute\" \/>\n<script type=\"application\/ld+json\" class=\"yoast-schema-graph\">{\"@context\":\"https:\\\/\\\/schema.org\",\"@graph\":[{\"@type\":\"WebPage\",\"@id\":\"https:\\\/\\\/www.ilbottaccio.it\\\/de\\\/prodotto\\\/unser-pappa-al-pomodoro-mit-nativem-olivenol-extra-320-gr-copia\\\/\",\"url\":\"https:\\\/\\\/www.ilbottaccio.it\\\/de\\\/prodotto\\\/unser-pappa-al-pomodoro-mit-nativem-olivenol-extra-320-gr-copia\\\/\",\"name\":\"unsere RIBOLLITA mit nativem Oliven\u00f6l extra | il Bottaccio\",\"isPartOf\":{\"@id\":\"https:\\\/\\\/www.ilbottaccio.it\\\/de\\\/#website\"},\"primaryImageOfPage\":{\"@id\":\"https:\\\/\\\/www.ilbottaccio.it\\\/de\\\/prodotto\\\/unser-pappa-al-pomodoro-mit-nativem-olivenol-extra-320-gr-copia\\\/#primaryimage\"},\"image\":{\"@id\":\"https:\\\/\\\/www.ilbottaccio.it\\\/de\\\/prodotto\\\/unser-pappa-al-pomodoro-mit-nativem-olivenol-extra-320-gr-copia\\\/#primaryimage\"},\"thumbnailUrl\":\"https:\\\/\\\/www.ilbottaccio.it\\\/web2\\\/wp-content\\\/uploads\\\/2024\\\/01\\\/ZRIB320_la-nostra-Ribollita.jpg\",\"datePublished\":\"2024-01-23T14:32:30+00:00\",\"dateModified\":\"2024-12-12T15:02:22+00:00\",\"description\":\"Ribollita, eine typische Suppe der traditionellen toskanischen K\u00fcche. Toskanisches Brot, Schwarzkohl, Wirsing und Mangold, gesunde und schmackhafte Zutaten\",\"breadcrumb\":{\"@id\":\"https:\\\/\\\/www.ilbottaccio.it\\\/de\\\/prodotto\\\/unser-pappa-al-pomodoro-mit-nativem-olivenol-extra-320-gr-copia\\\/#breadcrumb\"},\"inLanguage\":\"de-DE\",\"potentialAction\":[{\"@type\":\"ReadAction\",\"target\":[\"https:\\\/\\\/www.ilbottaccio.it\\\/de\\\/prodotto\\\/unser-pappa-al-pomodoro-mit-nativem-olivenol-extra-320-gr-copia\\\/\"]}]},{\"@type\":\"ImageObject\",\"inLanguage\":\"de-DE\",\"@id\":\"https:\\\/\\\/www.ilbottaccio.it\\\/de\\\/prodotto\\\/unser-pappa-al-pomodoro-mit-nativem-olivenol-extra-320-gr-copia\\\/#primaryimage\",\"url\":\"https:\\\/\\\/www.ilbottaccio.it\\\/web2\\\/wp-content\\\/uploads\\\/2024\\\/01\\\/ZRIB320_la-nostra-Ribollita.jpg\",\"contentUrl\":\"https:\\\/\\\/www.ilbottaccio.it\\\/web2\\\/wp-content\\\/uploads\\\/2024\\\/01\\\/ZRIB320_la-nostra-Ribollita.jpg\",\"width\":1000,\"height\":1000,\"caption\":\"unsere Ribollita mit Gem\u00fcse, \u00d6l und toskanischem Brot\"},{\"@type\":\"BreadcrumbList\",\"@id\":\"https:\\\/\\\/www.ilbottaccio.it\\\/de\\\/prodotto\\\/unser-pappa-al-pomodoro-mit-nativem-olivenol-extra-320-gr-copia\\\/#breadcrumb\",\"itemListElement\":[{\"@type\":\"ListItem\",\"position\":1,\"name\":\"Home\",\"item\":\"https:\\\/\\\/www.ilbottaccio.it\\\/de\\\/home\\\/\"},{\"@type\":\"ListItem\",\"position\":2,\"name\":\"Gesch\u00e4ft\",\"item\":\"https:\\\/\\\/www.ilbottaccio.it\\\/de\\\/shop-2\\\/\"},{\"@type\":\"ListItem\",\"position\":3,\"name\":\"unsere RIBOLLITA mit nativem Oliven\u00f6l extra | 320 gr\"}]},{\"@type\":\"WebSite\",\"@id\":\"https:\\\/\\\/www.ilbottaccio.it\\\/de\\\/#website\",\"url\":\"https:\\\/\\\/www.ilbottaccio.it\\\/de\\\/\",\"name\":\"il Bottaccio | Olio Extravergine Toscano\",\"description\":\"Olio Extravergine Toscano\",\"publisher\":{\"@id\":\"https:\\\/\\\/www.ilbottaccio.it\\\/de\\\/#organization\"},\"potentialAction\":[{\"@type\":\"SearchAction\",\"target\":{\"@type\":\"EntryPoint\",\"urlTemplate\":\"https:\\\/\\\/www.ilbottaccio.it\\\/de\\\/?s={search_term_string}\"},\"query-input\":{\"@type\":\"PropertyValueSpecification\",\"valueRequired\":true,\"valueName\":\"search_term_string\"}}],\"inLanguage\":\"de-DE\"},{\"@type\":\"Organization\",\"@id\":\"https:\\\/\\\/www.ilbottaccio.it\\\/de\\\/#organization\",\"name\":\"il Bottaccio\",\"url\":\"https:\\\/\\\/www.ilbottaccio.it\\\/de\\\/\",\"logo\":{\"@type\":\"ImageObject\",\"inLanguage\":\"de-DE\",\"@id\":\"https:\\\/\\\/www.ilbottaccio.it\\\/de\\\/#\\\/schema\\\/logo\\\/image\\\/\",\"url\":\"https:\\\/\\\/www.ilbottaccio.it\\\/web2\\\/wp-content\\\/uploads\\\/2024\\\/09\\\/Goccia_ilBottaccio.jpg\",\"contentUrl\":\"https:\\\/\\\/www.ilbottaccio.it\\\/web2\\\/wp-content\\\/uploads\\\/2024\\\/09\\\/Goccia_ilBottaccio.jpg\",\"width\":500,\"height\":500,\"caption\":\"il Bottaccio\"},\"image\":{\"@id\":\"https:\\\/\\\/www.ilbottaccio.it\\\/de\\\/#\\\/schema\\\/logo\\\/image\\\/\"},\"sameAs\":[\"https:\\\/\\\/it-it.facebook.com\\\/OlioilBottaccio\\\/\",\"https:\\\/\\\/www.instagram.com\\\/il_bottaccio\\\/\"]}]}<\/script>\n<!-- \/ Yoast SEO plugin. -->","yoast_head_json":{"title":"unsere RIBOLLITA mit nativem Oliven\u00f6l extra | il Bottaccio","description":"Ribollita, eine typische Suppe der traditionellen toskanischen K\u00fcche. Toskanisches Brot, Schwarzkohl, Wirsing und Mangold, gesunde und schmackhafte Zutaten","robots":{"index":"index","follow":"follow","max-snippet":"max-snippet:-1","max-image-preview":"max-image-preview:large","max-video-preview":"max-video-preview:-1"},"canonical":"https:\/\/www.ilbottaccio.it\/de\/prodotto\/unser-pappa-al-pomodoro-mit-nativem-olivenol-extra-320-gr-copia\/","og_locale":"de_DE","og_type":"article","og_title":"unsere RIBOLLITA mit nativem Oliven\u00f6l extra | il Bottaccio","og_description":"Ribollita, eine typische Suppe der traditionellen toskanischen K\u00fcche. Toskanisches Brot, Schwarzkohl, Wirsing und Mangold, gesunde und schmackhafte Zutaten","og_url":"https:\/\/www.ilbottaccio.it\/de\/prodotto\/unser-pappa-al-pomodoro-mit-nativem-olivenol-extra-320-gr-copia\/","og_site_name":"il Bottaccio | Olio Extravergine Toscano","article_publisher":"https:\/\/it-it.facebook.com\/OlioilBottaccio\/","article_modified_time":"2024-12-12T15:02:22+00:00","og_image":[{"width":1000,"height":1000,"url":"https:\/\/www.ilbottaccio.it\/web2\/wp-content\/uploads\/2024\/01\/ZRIB320_la-nostra-Ribollita.jpg","type":"image\/png"}],"twitter_card":"summary_large_image","twitter_misc":{"Est. reading time":"1 minute"},"schema":{"@context":"https:\/\/schema.org","@graph":[{"@type":"WebPage","@id":"https:\/\/www.ilbottaccio.it\/de\/prodotto\/unser-pappa-al-pomodoro-mit-nativem-olivenol-extra-320-gr-copia\/","url":"https:\/\/www.ilbottaccio.it\/de\/prodotto\/unser-pappa-al-pomodoro-mit-nativem-olivenol-extra-320-gr-copia\/","name":"unsere RIBOLLITA mit nativem Oliven\u00f6l extra | il Bottaccio","isPartOf":{"@id":"https:\/\/www.ilbottaccio.it\/de\/#website"},"primaryImageOfPage":{"@id":"https:\/\/www.ilbottaccio.it\/de\/prodotto\/unser-pappa-al-pomodoro-mit-nativem-olivenol-extra-320-gr-copia\/#primaryimage"},"image":{"@id":"https:\/\/www.ilbottaccio.it\/de\/prodotto\/unser-pappa-al-pomodoro-mit-nativem-olivenol-extra-320-gr-copia\/#primaryimage"},"thumbnailUrl":"https:\/\/www.ilbottaccio.it\/web2\/wp-content\/uploads\/2024\/01\/ZRIB320_la-nostra-Ribollita.jpg","datePublished":"2024-01-23T14:32:30+00:00","dateModified":"2024-12-12T15:02:22+00:00","description":"Ribollita, eine typische Suppe der traditionellen toskanischen K\u00fcche. Toskanisches Brot, Schwarzkohl, Wirsing und Mangold, gesunde und schmackhafte Zutaten","breadcrumb":{"@id":"https:\/\/www.ilbottaccio.it\/de\/prodotto\/unser-pappa-al-pomodoro-mit-nativem-olivenol-extra-320-gr-copia\/#breadcrumb"},"inLanguage":"de-DE","potentialAction":[{"@type":"ReadAction","target":["https:\/\/www.ilbottaccio.it\/de\/prodotto\/unser-pappa-al-pomodoro-mit-nativem-olivenol-extra-320-gr-copia\/"]}]},{"@type":"ImageObject","inLanguage":"de-DE","@id":"https:\/\/www.ilbottaccio.it\/de\/prodotto\/unser-pappa-al-pomodoro-mit-nativem-olivenol-extra-320-gr-copia\/#primaryimage","url":"https:\/\/www.ilbottaccio.it\/web2\/wp-content\/uploads\/2024\/01\/ZRIB320_la-nostra-Ribollita.jpg","contentUrl":"https:\/\/www.ilbottaccio.it\/web2\/wp-content\/uploads\/2024\/01\/ZRIB320_la-nostra-Ribollita.jpg","width":1000,"height":1000,"caption":"unsere Ribollita mit Gem\u00fcse, \u00d6l und toskanischem Brot"},{"@type":"BreadcrumbList","@id":"https:\/\/www.ilbottaccio.it\/de\/prodotto\/unser-pappa-al-pomodoro-mit-nativem-olivenol-extra-320-gr-copia\/#breadcrumb","itemListElement":[{"@type":"ListItem","position":1,"name":"Home","item":"https:\/\/www.ilbottaccio.it\/de\/home\/"},{"@type":"ListItem","position":2,"name":"Gesch\u00e4ft","item":"https:\/\/www.ilbottaccio.it\/de\/shop-2\/"},{"@type":"ListItem","position":3,"name":"unsere RIBOLLITA mit nativem Oliven\u00f6l extra | 320 gr"}]},{"@type":"WebSite","@id":"https:\/\/www.ilbottaccio.it\/de\/#website","url":"https:\/\/www.ilbottaccio.it\/de\/","name":"il Bottaccio | Olio Extravergine Toscano","description":"Olio Extravergine Toscano","publisher":{"@id":"https:\/\/www.ilbottaccio.it\/de\/#organization"},"potentialAction":[{"@type":"SearchAction","target":{"@type":"EntryPoint","urlTemplate":"https:\/\/www.ilbottaccio.it\/de\/?s={search_term_string}"},"query-input":{"@type":"PropertyValueSpecification","valueRequired":true,"valueName":"search_term_string"}}],"inLanguage":"de-DE"},{"@type":"Organization","@id":"https:\/\/www.ilbottaccio.it\/de\/#organization","name":"il Bottaccio","url":"https:\/\/www.ilbottaccio.it\/de\/","logo":{"@type":"ImageObject","inLanguage":"de-DE","@id":"https:\/\/www.ilbottaccio.it\/de\/#\/schema\/logo\/image\/","url":"https:\/\/www.ilbottaccio.it\/web2\/wp-content\/uploads\/2024\/09\/Goccia_ilBottaccio.jpg","contentUrl":"https:\/\/www.ilbottaccio.it\/web2\/wp-content\/uploads\/2024\/09\/Goccia_ilBottaccio.jpg","width":500,"height":500,"caption":"il Bottaccio"},"image":{"@id":"https:\/\/www.ilbottaccio.it\/de\/#\/schema\/logo\/image\/"},"sameAs":["https:\/\/it-it.facebook.com\/OlioilBottaccio\/","https:\/\/www.instagram.com\/il_bottaccio\/"]}]}},"_links":{"self":[{"href":"https:\/\/www.ilbottaccio.it\/de\/wp-json\/wp\/v2\/product\/22277","targetHints":{"allow":["GET"]}}],"collection":[{"href":"https:\/\/www.ilbottaccio.it\/de\/wp-json\/wp\/v2\/product"}],"about":[{"href":"https:\/\/www.ilbottaccio.it\/de\/wp-json\/wp\/v2\/types\/product"}],"wp:featuredmedia":[{"embeddable":true,"href":"https:\/\/www.ilbottaccio.it\/de\/wp-json\/wp\/v2\/media\/22281"}],"wp:attachment":[{"href":"https:\/\/www.ilbottaccio.it\/de\/wp-json\/wp\/v2\/media?parent=22277"}],"wp:term":[{"taxonomy":"product_brand","embeddable":true,"href":"https:\/\/www.ilbottaccio.it\/de\/wp-json\/wp\/v2\/product_brand?post=22277"},{"taxonomy":"product_cat","embeddable":true,"href":"https:\/\/www.ilbottaccio.it\/de\/wp-json\/wp\/v2\/product_cat?post=22277"},{"taxonomy":"product_tag","embeddable":true,"href":"https:\/\/www.ilbottaccio.it\/de\/wp-json\/wp\/v2\/product_tag?post=22277"}],"curies":[{"name":"wp","href":"https:\/\/api.w.org\/{rel}","templated":true}]}}