{"id":24614,"date":"2025-02-03T14:32:02","date_gmt":"2025-02-03T14:32:02","guid":{"rendered":"https:\/\/www.ilbottaccio.it\/prodotto\/cavoli-nostri-in-olio-extravergine-280-gr\/"},"modified":"2025-09-16T13:09:19","modified_gmt":"2025-09-16T13:09:19","slug":"cavoli-nostri-in-olio-extravergine-280-gr","status":"publish","type":"product","link":"https:\/\/www.ilbottaccio.it\/de\/prodotto\/cavoli-nostri-in-olio-extravergine-280-gr\/","title":{"rendered":"UNSER KOHL in nativem Oliven\u00f6l extra | 280 g"},"content":{"rendered":"","protected":false},"excerpt":{"rendered":"<p><strong>Beschreibung und Kombinationen<\/strong>: Ein Sortiment von gemischten Kohl, in wertvollem nativem Oliven\u00f6l extra, f\u00fcr einen reichen und umh\u00fcllenden Geschmack. Ein raffiniertes und vielseitiges Produkt, erh\u00e4ltlich in einem 280-g-Glas.<br \/>\n Handgearbeitet, gew\u00fcrzt mit Apfelessig, Salz, schwarzem Pfeffer, Chili, Knoblauch, Lorbeer.<br \/>\n Knusprig und schmackhaft ist dieser Kohlmix die ideale Begleitung f\u00fcr Wurstwaren, gereiften K\u00e4se, gebratenes Fleisch und gegrillten Fisch. Perfekt auch als feine Beilage oder Vorspeise, passt er wunderbar zu rustikalem Brot und gekochten Eiern und bietet ein vielseitiges kulinarisches Erlebnis.  <\/p>\n<p><img loading=\"lazy\" decoding=\"async\" class=\"alignnone wp-image-20459\" title=\"Handgefertigt aus frischen Produkten bei km 0, Topfkochen\" src=\"https:\/\/www.ilbottaccio.it\/web2\/wp-content\/uploads\/2022\/10\/Lavorato-a-mano-dal-fresco-a-km-0-vasocottura-750x188.png\" alt=\"Handgefertigt aus frischen Produkten bei km 0, Topfkochen\" width=\"478\" height=\"120\"><\/p>\n","protected":false},"featured_media":25121,"template":"","meta":[],"product_brand":[],"product_cat":[262],"product_tag":[584],"class_list":{"0":"post-24614","1":"product","2":"type-product","3":"status-publish","4":"has-post-thumbnail","6":"product_cat-in-ol","7":"product_tag-kohl","9":"first","10":"instock","11":"shipping-taxable","12":"purchasable","13":"product-type-simple"},"yoast_head":"<!-- This site is optimized with the Yoast SEO plugin v27.4 - https:\/\/yoast.com\/product\/yoast-seo-wordpress\/ -->\n<title>Mix aus Kaviar in Extravergine | Shop | il Bottaccio<\/title>\n<meta name=\"description\" content=\"Kaviar-Mix in Oliven\u00f6l extra vergine und Aromen. Probieren Sie unser neues Rezept und bringen Sie den toskanischen Geschmack unserer K\u00e4figew\u00fcrfel auf Ihren Tisch.\" \/>\n<meta name=\"robots\" content=\"index, follow, max-snippet:-1, max-image-preview:large, max-video-preview:-1\" \/>\n<link rel=\"canonical\" href=\"https:\/\/www.ilbottaccio.it\/de\/prodotto\/cavoli-nostri-in-olio-extravergine-280-gr\/\" \/>\n<meta property=\"og:locale\" content=\"de_DE\" \/>\n<meta property=\"og:type\" content=\"article\" \/>\n<meta property=\"og:title\" content=\"Mix aus Kaviar in Extravergine | Shop | il Bottaccio\" \/>\n<meta property=\"og:description\" content=\"Kaviar-Mix in Oliven\u00f6l extra vergine und Aromen. Probieren Sie unser neues Rezept und bringen Sie den toskanischen Geschmack unserer K\u00e4figew\u00fcrfel auf Ihren Tisch.\" \/>\n<meta property=\"og:url\" content=\"https:\/\/www.ilbottaccio.it\/de\/prodotto\/cavoli-nostri-in-olio-extravergine-280-gr\/\" \/>\n<meta property=\"og:site_name\" content=\"il Bottaccio | Olio Extravergine Toscano\" \/>\n<meta property=\"article:publisher\" content=\"https:\/\/it-it.facebook.com\/OlioilBottaccio\/\" \/>\n<meta property=\"article:modified_time\" content=\"2025-09-16T13:09:19+00:00\" \/>\n<meta property=\"og:image\" content=\"https:\/\/www.ilbottaccio.it\/web2\/wp-content\/uploads\/2025\/02\/MIXCAV280_Cavoli-nostri-in-extravergine-1.png\" \/>\n\t<meta property=\"og:image:width\" content=\"1000\" \/>\n\t<meta property=\"og:image:height\" content=\"1000\" \/>\n\t<meta property=\"og:image:type\" content=\"image\/png\" \/>\n<meta name=\"twitter:card\" content=\"summary_large_image\" \/>\n<script type=\"application\/ld+json\" class=\"yoast-schema-graph\">{\"@context\":\"https:\\\/\\\/schema.org\",\"@graph\":[{\"@type\":\"WebPage\",\"@id\":\"https:\\\/\\\/www.ilbottaccio.it\\\/de\\\/prodotto\\\/cavoli-nostri-in-olio-extravergine-280-gr\\\/\",\"url\":\"https:\\\/\\\/www.ilbottaccio.it\\\/de\\\/prodotto\\\/cavoli-nostri-in-olio-extravergine-280-gr\\\/\",\"name\":\"Mix aus Kaviar in Extravergine | Shop | il Bottaccio\",\"isPartOf\":{\"@id\":\"https:\\\/\\\/www.ilbottaccio.it\\\/de\\\/#website\"},\"primaryImageOfPage\":{\"@id\":\"https:\\\/\\\/www.ilbottaccio.it\\\/de\\\/prodotto\\\/cavoli-nostri-in-olio-extravergine-280-gr\\\/#primaryimage\"},\"image\":{\"@id\":\"https:\\\/\\\/www.ilbottaccio.it\\\/de\\\/prodotto\\\/cavoli-nostri-in-olio-extravergine-280-gr\\\/#primaryimage\"},\"thumbnailUrl\":\"https:\\\/\\\/www.ilbottaccio.it\\\/web2\\\/wp-content\\\/uploads\\\/2025\\\/02\\\/MIXCAV280_Cavoli-nostri-in-extravergine-1.png\",\"datePublished\":\"2025-02-03T14:32:02+00:00\",\"dateModified\":\"2025-09-16T13:09:19+00:00\",\"description\":\"Kaviar-Mix in Oliven\u00f6l extra vergine und Aromen. Probieren Sie unser neues Rezept und bringen Sie den toskanischen Geschmack unserer K\u00e4figew\u00fcrfel auf Ihren Tisch.\",\"breadcrumb\":{\"@id\":\"https:\\\/\\\/www.ilbottaccio.it\\\/de\\\/prodotto\\\/cavoli-nostri-in-olio-extravergine-280-gr\\\/#breadcrumb\"},\"inLanguage\":\"de-DE\",\"potentialAction\":[{\"@type\":\"ReadAction\",\"target\":[\"https:\\\/\\\/www.ilbottaccio.it\\\/de\\\/prodotto\\\/cavoli-nostri-in-olio-extravergine-280-gr\\\/\"]}]},{\"@type\":\"ImageObject\",\"inLanguage\":\"de-DE\",\"@id\":\"https:\\\/\\\/www.ilbottaccio.it\\\/de\\\/prodotto\\\/cavoli-nostri-in-olio-extravergine-280-gr\\\/#primaryimage\",\"url\":\"https:\\\/\\\/www.ilbottaccio.it\\\/web2\\\/wp-content\\\/uploads\\\/2025\\\/02\\\/MIXCAV280_Cavoli-nostri-in-extravergine-1.png\",\"contentUrl\":\"https:\\\/\\\/www.ilbottaccio.it\\\/web2\\\/wp-content\\\/uploads\\\/2025\\\/02\\\/MIXCAV280_Cavoli-nostri-in-extravergine-1.png\",\"width\":1000,\"height\":1000},{\"@type\":\"BreadcrumbList\",\"@id\":\"https:\\\/\\\/www.ilbottaccio.it\\\/de\\\/prodotto\\\/cavoli-nostri-in-olio-extravergine-280-gr\\\/#breadcrumb\",\"itemListElement\":[{\"@type\":\"ListItem\",\"position\":1,\"name\":\"Home\",\"item\":\"https:\\\/\\\/www.ilbottaccio.it\\\/de\\\/home\\\/\"},{\"@type\":\"ListItem\",\"position\":2,\"name\":\"Gesch\u00e4ft\",\"item\":\"https:\\\/\\\/www.ilbottaccio.it\\\/de\\\/shop-2\\\/\"},{\"@type\":\"ListItem\",\"position\":3,\"name\":\"UNSER KOHL in nativem Oliven\u00f6l extra | 280 g\"}]},{\"@type\":\"WebSite\",\"@id\":\"https:\\\/\\\/www.ilbottaccio.it\\\/de\\\/#website\",\"url\":\"https:\\\/\\\/www.ilbottaccio.it\\\/de\\\/\",\"name\":\"il Bottaccio | Olio Extravergine Toscano\",\"description\":\"Olio Extravergine Toscano\",\"publisher\":{\"@id\":\"https:\\\/\\\/www.ilbottaccio.it\\\/de\\\/#organization\"},\"potentialAction\":[{\"@type\":\"SearchAction\",\"target\":{\"@type\":\"EntryPoint\",\"urlTemplate\":\"https:\\\/\\\/www.ilbottaccio.it\\\/de\\\/?s={search_term_string}\"},\"query-input\":{\"@type\":\"PropertyValueSpecification\",\"valueRequired\":true,\"valueName\":\"search_term_string\"}}],\"inLanguage\":\"de-DE\"},{\"@type\":\"Organization\",\"@id\":\"https:\\\/\\\/www.ilbottaccio.it\\\/de\\\/#organization\",\"name\":\"il Bottaccio\",\"url\":\"https:\\\/\\\/www.ilbottaccio.it\\\/de\\\/\",\"logo\":{\"@type\":\"ImageObject\",\"inLanguage\":\"de-DE\",\"@id\":\"https:\\\/\\\/www.ilbottaccio.it\\\/de\\\/#\\\/schema\\\/logo\\\/image\\\/\",\"url\":\"https:\\\/\\\/www.ilbottaccio.it\\\/web2\\\/wp-content\\\/uploads\\\/2024\\\/09\\\/Goccia_ilBottaccio.jpg\",\"contentUrl\":\"https:\\\/\\\/www.ilbottaccio.it\\\/web2\\\/wp-content\\\/uploads\\\/2024\\\/09\\\/Goccia_ilBottaccio.jpg\",\"width\":500,\"height\":500,\"caption\":\"il Bottaccio\"},\"image\":{\"@id\":\"https:\\\/\\\/www.ilbottaccio.it\\\/de\\\/#\\\/schema\\\/logo\\\/image\\\/\"},\"sameAs\":[\"https:\\\/\\\/it-it.facebook.com\\\/OlioilBottaccio\\\/\",\"https:\\\/\\\/www.instagram.com\\\/il_bottaccio\\\/\"]}]}<\/script>\n<!-- \/ Yoast SEO plugin. -->","yoast_head_json":{"title":"Mix aus Kaviar in Extravergine | Shop | il Bottaccio","description":"Kaviar-Mix in Oliven\u00f6l extra vergine und Aromen. Probieren Sie unser neues Rezept und bringen Sie den toskanischen Geschmack unserer K\u00e4figew\u00fcrfel auf Ihren Tisch.","robots":{"index":"index","follow":"follow","max-snippet":"max-snippet:-1","max-image-preview":"max-image-preview:large","max-video-preview":"max-video-preview:-1"},"canonical":"https:\/\/www.ilbottaccio.it\/de\/prodotto\/cavoli-nostri-in-olio-extravergine-280-gr\/","og_locale":"de_DE","og_type":"article","og_title":"Mix aus Kaviar in Extravergine | Shop | il Bottaccio","og_description":"Kaviar-Mix in Oliven\u00f6l extra vergine und Aromen. Probieren Sie unser neues Rezept und bringen Sie den toskanischen Geschmack unserer K\u00e4figew\u00fcrfel auf Ihren Tisch.","og_url":"https:\/\/www.ilbottaccio.it\/de\/prodotto\/cavoli-nostri-in-olio-extravergine-280-gr\/","og_site_name":"il Bottaccio | Olio Extravergine Toscano","article_publisher":"https:\/\/it-it.facebook.com\/OlioilBottaccio\/","article_modified_time":"2025-09-16T13:09:19+00:00","og_image":[{"width":1000,"height":1000,"url":"https:\/\/www.ilbottaccio.it\/web2\/wp-content\/uploads\/2025\/02\/MIXCAV280_Cavoli-nostri-in-extravergine-1.png","type":"image\/png"}],"twitter_card":"summary_large_image","schema":{"@context":"https:\/\/schema.org","@graph":[{"@type":"WebPage","@id":"https:\/\/www.ilbottaccio.it\/de\/prodotto\/cavoli-nostri-in-olio-extravergine-280-gr\/","url":"https:\/\/www.ilbottaccio.it\/de\/prodotto\/cavoli-nostri-in-olio-extravergine-280-gr\/","name":"Mix aus Kaviar in Extravergine | Shop | il Bottaccio","isPartOf":{"@id":"https:\/\/www.ilbottaccio.it\/de\/#website"},"primaryImageOfPage":{"@id":"https:\/\/www.ilbottaccio.it\/de\/prodotto\/cavoli-nostri-in-olio-extravergine-280-gr\/#primaryimage"},"image":{"@id":"https:\/\/www.ilbottaccio.it\/de\/prodotto\/cavoli-nostri-in-olio-extravergine-280-gr\/#primaryimage"},"thumbnailUrl":"https:\/\/www.ilbottaccio.it\/web2\/wp-content\/uploads\/2025\/02\/MIXCAV280_Cavoli-nostri-in-extravergine-1.png","datePublished":"2025-02-03T14:32:02+00:00","dateModified":"2025-09-16T13:09:19+00:00","description":"Kaviar-Mix in Oliven\u00f6l extra vergine und Aromen. Probieren Sie unser neues Rezept und bringen Sie den toskanischen Geschmack unserer K\u00e4figew\u00fcrfel auf Ihren Tisch.","breadcrumb":{"@id":"https:\/\/www.ilbottaccio.it\/de\/prodotto\/cavoli-nostri-in-olio-extravergine-280-gr\/#breadcrumb"},"inLanguage":"de-DE","potentialAction":[{"@type":"ReadAction","target":["https:\/\/www.ilbottaccio.it\/de\/prodotto\/cavoli-nostri-in-olio-extravergine-280-gr\/"]}]},{"@type":"ImageObject","inLanguage":"de-DE","@id":"https:\/\/www.ilbottaccio.it\/de\/prodotto\/cavoli-nostri-in-olio-extravergine-280-gr\/#primaryimage","url":"https:\/\/www.ilbottaccio.it\/web2\/wp-content\/uploads\/2025\/02\/MIXCAV280_Cavoli-nostri-in-extravergine-1.png","contentUrl":"https:\/\/www.ilbottaccio.it\/web2\/wp-content\/uploads\/2025\/02\/MIXCAV280_Cavoli-nostri-in-extravergine-1.png","width":1000,"height":1000},{"@type":"BreadcrumbList","@id":"https:\/\/www.ilbottaccio.it\/de\/prodotto\/cavoli-nostri-in-olio-extravergine-280-gr\/#breadcrumb","itemListElement":[{"@type":"ListItem","position":1,"name":"Home","item":"https:\/\/www.ilbottaccio.it\/de\/home\/"},{"@type":"ListItem","position":2,"name":"Gesch\u00e4ft","item":"https:\/\/www.ilbottaccio.it\/de\/shop-2\/"},{"@type":"ListItem","position":3,"name":"UNSER KOHL in nativem Oliven\u00f6l extra | 280 g"}]},{"@type":"WebSite","@id":"https:\/\/www.ilbottaccio.it\/de\/#website","url":"https:\/\/www.ilbottaccio.it\/de\/","name":"il Bottaccio | Olio Extravergine Toscano","description":"Olio Extravergine Toscano","publisher":{"@id":"https:\/\/www.ilbottaccio.it\/de\/#organization"},"potentialAction":[{"@type":"SearchAction","target":{"@type":"EntryPoint","urlTemplate":"https:\/\/www.ilbottaccio.it\/de\/?s={search_term_string}"},"query-input":{"@type":"PropertyValueSpecification","valueRequired":true,"valueName":"search_term_string"}}],"inLanguage":"de-DE"},{"@type":"Organization","@id":"https:\/\/www.ilbottaccio.it\/de\/#organization","name":"il Bottaccio","url":"https:\/\/www.ilbottaccio.it\/de\/","logo":{"@type":"ImageObject","inLanguage":"de-DE","@id":"https:\/\/www.ilbottaccio.it\/de\/#\/schema\/logo\/image\/","url":"https:\/\/www.ilbottaccio.it\/web2\/wp-content\/uploads\/2024\/09\/Goccia_ilBottaccio.jpg","contentUrl":"https:\/\/www.ilbottaccio.it\/web2\/wp-content\/uploads\/2024\/09\/Goccia_ilBottaccio.jpg","width":500,"height":500,"caption":"il Bottaccio"},"image":{"@id":"https:\/\/www.ilbottaccio.it\/de\/#\/schema\/logo\/image\/"},"sameAs":["https:\/\/it-it.facebook.com\/OlioilBottaccio\/","https:\/\/www.instagram.com\/il_bottaccio\/"]}]}},"_links":{"self":[{"href":"https:\/\/www.ilbottaccio.it\/de\/wp-json\/wp\/v2\/product\/24614","targetHints":{"allow":["GET"]}}],"collection":[{"href":"https:\/\/www.ilbottaccio.it\/de\/wp-json\/wp\/v2\/product"}],"about":[{"href":"https:\/\/www.ilbottaccio.it\/de\/wp-json\/wp\/v2\/types\/product"}],"wp:featuredmedia":[{"embeddable":true,"href":"https:\/\/www.ilbottaccio.it\/de\/wp-json\/wp\/v2\/media\/25121"}],"wp:attachment":[{"href":"https:\/\/www.ilbottaccio.it\/de\/wp-json\/wp\/v2\/media?parent=24614"}],"wp:term":[{"taxonomy":"product_brand","embeddable":true,"href":"https:\/\/www.ilbottaccio.it\/de\/wp-json\/wp\/v2\/product_brand?post=24614"},{"taxonomy":"product_cat","embeddable":true,"href":"https:\/\/www.ilbottaccio.it\/de\/wp-json\/wp\/v2\/product_cat?post=24614"},{"taxonomy":"product_tag","embeddable":true,"href":"https:\/\/www.ilbottaccio.it\/de\/wp-json\/wp\/v2\/product_tag?post=24614"}],"curies":[{"name":"wp","href":"https:\/\/api.w.org\/{rel}","templated":true}]}}