{"id":25162,"date":"2025-09-15T12:55:33","date_gmt":"2025-09-15T12:55:33","guid":{"rendered":"https:\/\/www.ilbottaccio.it\/?post_type=product&#038;p=25162"},"modified":"2025-09-15T14:03:05","modified_gmt":"2025-09-15T14:03:05","slug":"delikatessen-geschenkbox-copia","status":"publish","type":"product","link":"https:\/\/www.ilbottaccio.it\/de\/prodotto\/delikatessen-geschenkbox-copia\/","title":{"rendered":"Bottaccio-Geschenkbox"},"content":{"rendered":"","protected":false},"excerpt":{"rendered":"<p><strong>Beschreibung:<\/strong> Eine elegante Holzkiste, die alle authentischen Aromen der Toskana einf\u00e4ngt. Ein raffiniertes Geschenk oder eine Freude f\u00fcr sich selbst, mit erlesenen Spezialit\u00e4ten, die jeden Tisch in ein einzigartiges und authentisches Erlebnis verwandeln. <\/p>\n<p><strong>Komposition:<\/strong><br \/>\n<a href=\"https:\/\/www.ilbottaccio.it\/de\/prodotto\/pasta-pici-toscani-250-gr\/\">Pasta Pici TOSCANI | 250 gr<\/a><br \/>\n<a href=\"https:\/\/www.ilbottaccio.it\/de\/prodotto\/bio-toskanisch-extra-natives-olivenol-poggio-ai-palmenti-250ml\/\">Poggio ai Palmenti Oliven\u00f6l extra vergine 250ml<\/a><br \/>\n<a href=\"https:\/\/www.ilbottaccio.it\/de\/prodotto\/natives-ol-extra-mit-chili-100ml\/\">Chili Oliven\u00f6l extra jungfr\u00e4ulich | 100 ml<\/a><br \/>\n<a href=\"https:\/\/www.ilbottaccio.it\/de\/prodotto\/creme-von-getrockneten-tomaten-in-extra-nativem-ol-150-gr\/\">GETROCKNETE TOMATENCREME in nativem Oliven\u00f6l extra | 150 gr<\/a><br \/>\n<a href=\"https:\/\/www.ilbottaccio.it\/de\/prodotto\/fenchel-orange-und-nuesse\/\">FENCHEL Orangen und N\u00fcsse in Extravergine | 180 gr<\/a><br \/>\n<a href=\"https:\/\/www.ilbottaccio.it\/de\/prodotto\/mix-oliven-gewurzt-in-extra-nativem-ol-280-gr\/\">MIX OLIVEN in nativem Oliven\u00f6l extra gekleidet 280 gr<\/a><\/p>\n","protected":false},"featured_media":25166,"template":"","meta":[],"product_brand":[],"product_cat":[241,265],"product_tag":[309,311],"class_list":{"0":"post-25162","1":"product","2":"type-product","3":"status-publish","4":"has-post-thumbnail","6":"product_cat-geschenkpaket","7":"product_cat-pasta-de","8":"product_tag-holzkasten","9":"product_tag-pasta-de","11":"first","12":"instock","13":"shipping-taxable","14":"purchasable","15":"product-type-simple"},"yoast_head":"<!-- This site is optimized with the Yoast SEO plugin v27.4 - https:\/\/yoast.com\/product\/yoast-seo-wordpress\/ -->\n<title>Bottaccio Gourmet-Geschenkbox | Bottaccio<\/title>\n<meta name=\"description\" content=\"Geschenkbox aus Holz mit Nudeln, Cremes, Gew\u00fcrzen, Oliven und vielen anderen toskanischen Spezialit\u00e4ten auf Basis von nativem Oliven\u00f6l extra\" \/>\n<meta name=\"robots\" content=\"index, follow, max-snippet:-1, max-image-preview:large, max-video-preview:-1\" \/>\n<link rel=\"canonical\" href=\"https:\/\/www.ilbottaccio.it\/de\/prodotto\/delikatessen-geschenkbox-copia\/\" \/>\n<meta property=\"og:locale\" content=\"de_DE\" \/>\n<meta property=\"og:type\" content=\"article\" \/>\n<meta property=\"og:title\" content=\"Bottaccio Gourmet-Geschenkbox | Bottaccio\" \/>\n<meta property=\"og:description\" content=\"Geschenkbox aus Holz mit Nudeln, Cremes, Gew\u00fcrzen, Oliven und vielen anderen toskanischen Spezialit\u00e4ten auf Basis von nativem Oliven\u00f6l extra\" \/>\n<meta property=\"og:url\" content=\"https:\/\/www.ilbottaccio.it\/de\/prodotto\/delikatessen-geschenkbox-copia\/\" \/>\n<meta property=\"og:site_name\" content=\"il Bottaccio | Olio Extravergine Toscano\" \/>\n<meta property=\"article:publisher\" content=\"https:\/\/it-it.facebook.com\/OlioilBottaccio\/\" \/>\n<meta property=\"article:modified_time\" content=\"2025-09-15T14:03:05+00:00\" \/>\n<meta property=\"og:image\" content=\"https:\/\/www.ilbottaccio.it\/web2\/wp-content\/uploads\/2025\/09\/Box-legno-Bottaccio.png\" \/>\n\t<meta property=\"og:image:width\" content=\"1000\" \/>\n\t<meta property=\"og:image:height\" content=\"1000\" \/>\n\t<meta property=\"og:image:type\" content=\"image\/png\" \/>\n<meta name=\"twitter:card\" content=\"summary_large_image\" \/>\n<meta name=\"twitter:label1\" content=\"Est. reading time\" \/>\n\t<meta name=\"twitter:data1\" content=\"1 minute\" \/>\n<script type=\"application\/ld+json\" class=\"yoast-schema-graph\">{\"@context\":\"https:\\\/\\\/schema.org\",\"@graph\":[{\"@type\":\"WebPage\",\"@id\":\"https:\\\/\\\/www.ilbottaccio.it\\\/de\\\/prodotto\\\/delikatessen-geschenkbox-copia\\\/\",\"url\":\"https:\\\/\\\/www.ilbottaccio.it\\\/de\\\/prodotto\\\/delikatessen-geschenkbox-copia\\\/\",\"name\":\"Bottaccio Gourmet-Geschenkbox | Bottaccio\",\"isPartOf\":{\"@id\":\"https:\\\/\\\/www.ilbottaccio.it\\\/de\\\/#website\"},\"primaryImageOfPage\":{\"@id\":\"https:\\\/\\\/www.ilbottaccio.it\\\/de\\\/prodotto\\\/delikatessen-geschenkbox-copia\\\/#primaryimage\"},\"image\":{\"@id\":\"https:\\\/\\\/www.ilbottaccio.it\\\/de\\\/prodotto\\\/delikatessen-geschenkbox-copia\\\/#primaryimage\"},\"thumbnailUrl\":\"https:\\\/\\\/www.ilbottaccio.it\\\/web2\\\/wp-content\\\/uploads\\\/2025\\\/09\\\/Box-legno-Bottaccio.png\",\"datePublished\":\"2025-09-15T12:55:33+00:00\",\"dateModified\":\"2025-09-15T14:03:05+00:00\",\"description\":\"Geschenkbox aus Holz mit Nudeln, Cremes, Gew\u00fcrzen, Oliven und vielen anderen toskanischen Spezialit\u00e4ten auf Basis von nativem Oliven\u00f6l extra\",\"breadcrumb\":{\"@id\":\"https:\\\/\\\/www.ilbottaccio.it\\\/de\\\/prodotto\\\/delikatessen-geschenkbox-copia\\\/#breadcrumb\"},\"inLanguage\":\"de-DE\",\"potentialAction\":[{\"@type\":\"ReadAction\",\"target\":[\"https:\\\/\\\/www.ilbottaccio.it\\\/de\\\/prodotto\\\/delikatessen-geschenkbox-copia\\\/\"]}]},{\"@type\":\"ImageObject\",\"inLanguage\":\"de-DE\",\"@id\":\"https:\\\/\\\/www.ilbottaccio.it\\\/de\\\/prodotto\\\/delikatessen-geschenkbox-copia\\\/#primaryimage\",\"url\":\"https:\\\/\\\/www.ilbottaccio.it\\\/web2\\\/wp-content\\\/uploads\\\/2025\\\/09\\\/Box-legno-Bottaccio.png\",\"contentUrl\":\"https:\\\/\\\/www.ilbottaccio.it\\\/web2\\\/wp-content\\\/uploads\\\/2025\\\/09\\\/Box-legno-Bottaccio.png\",\"width\":1000,\"height\":1000,\"caption\":\"Box legno Bottaccio, specialit\u00e0 gourmet Toscane\"},{\"@type\":\"BreadcrumbList\",\"@id\":\"https:\\\/\\\/www.ilbottaccio.it\\\/de\\\/prodotto\\\/delikatessen-geschenkbox-copia\\\/#breadcrumb\",\"itemListElement\":[{\"@type\":\"ListItem\",\"position\":1,\"name\":\"Home\",\"item\":\"https:\\\/\\\/www.ilbottaccio.it\\\/de\\\/home\\\/\"},{\"@type\":\"ListItem\",\"position\":2,\"name\":\"Gesch\u00e4ft\",\"item\":\"https:\\\/\\\/www.ilbottaccio.it\\\/de\\\/shop-2\\\/\"},{\"@type\":\"ListItem\",\"position\":3,\"name\":\"Bottaccio-Geschenkbox\"}]},{\"@type\":\"WebSite\",\"@id\":\"https:\\\/\\\/www.ilbottaccio.it\\\/de\\\/#website\",\"url\":\"https:\\\/\\\/www.ilbottaccio.it\\\/de\\\/\",\"name\":\"il Bottaccio | Olio Extravergine Toscano\",\"description\":\"Olio Extravergine Toscano\",\"publisher\":{\"@id\":\"https:\\\/\\\/www.ilbottaccio.it\\\/de\\\/#organization\"},\"potentialAction\":[{\"@type\":\"SearchAction\",\"target\":{\"@type\":\"EntryPoint\",\"urlTemplate\":\"https:\\\/\\\/www.ilbottaccio.it\\\/de\\\/?s={search_term_string}\"},\"query-input\":{\"@type\":\"PropertyValueSpecification\",\"valueRequired\":true,\"valueName\":\"search_term_string\"}}],\"inLanguage\":\"de-DE\"},{\"@type\":\"Organization\",\"@id\":\"https:\\\/\\\/www.ilbottaccio.it\\\/de\\\/#organization\",\"name\":\"il Bottaccio\",\"url\":\"https:\\\/\\\/www.ilbottaccio.it\\\/de\\\/\",\"logo\":{\"@type\":\"ImageObject\",\"inLanguage\":\"de-DE\",\"@id\":\"https:\\\/\\\/www.ilbottaccio.it\\\/de\\\/#\\\/schema\\\/logo\\\/image\\\/\",\"url\":\"https:\\\/\\\/www.ilbottaccio.it\\\/web2\\\/wp-content\\\/uploads\\\/2024\\\/09\\\/Goccia_ilBottaccio.jpg\",\"contentUrl\":\"https:\\\/\\\/www.ilbottaccio.it\\\/web2\\\/wp-content\\\/uploads\\\/2024\\\/09\\\/Goccia_ilBottaccio.jpg\",\"width\":500,\"height\":500,\"caption\":\"il Bottaccio\"},\"image\":{\"@id\":\"https:\\\/\\\/www.ilbottaccio.it\\\/de\\\/#\\\/schema\\\/logo\\\/image\\\/\"},\"sameAs\":[\"https:\\\/\\\/it-it.facebook.com\\\/OlioilBottaccio\\\/\",\"https:\\\/\\\/www.instagram.com\\\/il_bottaccio\\\/\"]}]}<\/script>\n<!-- \/ Yoast SEO plugin. -->","yoast_head_json":{"title":"Bottaccio Gourmet-Geschenkbox | Bottaccio","description":"Geschenkbox aus Holz mit Nudeln, Cremes, Gew\u00fcrzen, Oliven und vielen anderen toskanischen Spezialit\u00e4ten auf Basis von nativem Oliven\u00f6l extra","robots":{"index":"index","follow":"follow","max-snippet":"max-snippet:-1","max-image-preview":"max-image-preview:large","max-video-preview":"max-video-preview:-1"},"canonical":"https:\/\/www.ilbottaccio.it\/de\/prodotto\/delikatessen-geschenkbox-copia\/","og_locale":"de_DE","og_type":"article","og_title":"Bottaccio Gourmet-Geschenkbox | Bottaccio","og_description":"Geschenkbox aus Holz mit Nudeln, Cremes, Gew\u00fcrzen, Oliven und vielen anderen toskanischen Spezialit\u00e4ten auf Basis von nativem Oliven\u00f6l extra","og_url":"https:\/\/www.ilbottaccio.it\/de\/prodotto\/delikatessen-geschenkbox-copia\/","og_site_name":"il Bottaccio | Olio Extravergine Toscano","article_publisher":"https:\/\/it-it.facebook.com\/OlioilBottaccio\/","article_modified_time":"2025-09-15T14:03:05+00:00","og_image":[{"width":1000,"height":1000,"url":"https:\/\/www.ilbottaccio.it\/web2\/wp-content\/uploads\/2025\/09\/Box-legno-Bottaccio.png","type":"image\/png"}],"twitter_card":"summary_large_image","twitter_misc":{"Est. reading time":"1 minute"},"schema":{"@context":"https:\/\/schema.org","@graph":[{"@type":"WebPage","@id":"https:\/\/www.ilbottaccio.it\/de\/prodotto\/delikatessen-geschenkbox-copia\/","url":"https:\/\/www.ilbottaccio.it\/de\/prodotto\/delikatessen-geschenkbox-copia\/","name":"Bottaccio Gourmet-Geschenkbox | Bottaccio","isPartOf":{"@id":"https:\/\/www.ilbottaccio.it\/de\/#website"},"primaryImageOfPage":{"@id":"https:\/\/www.ilbottaccio.it\/de\/prodotto\/delikatessen-geschenkbox-copia\/#primaryimage"},"image":{"@id":"https:\/\/www.ilbottaccio.it\/de\/prodotto\/delikatessen-geschenkbox-copia\/#primaryimage"},"thumbnailUrl":"https:\/\/www.ilbottaccio.it\/web2\/wp-content\/uploads\/2025\/09\/Box-legno-Bottaccio.png","datePublished":"2025-09-15T12:55:33+00:00","dateModified":"2025-09-15T14:03:05+00:00","description":"Geschenkbox aus Holz mit Nudeln, Cremes, Gew\u00fcrzen, Oliven und vielen anderen toskanischen Spezialit\u00e4ten auf Basis von nativem Oliven\u00f6l extra","breadcrumb":{"@id":"https:\/\/www.ilbottaccio.it\/de\/prodotto\/delikatessen-geschenkbox-copia\/#breadcrumb"},"inLanguage":"de-DE","potentialAction":[{"@type":"ReadAction","target":["https:\/\/www.ilbottaccio.it\/de\/prodotto\/delikatessen-geschenkbox-copia\/"]}]},{"@type":"ImageObject","inLanguage":"de-DE","@id":"https:\/\/www.ilbottaccio.it\/de\/prodotto\/delikatessen-geschenkbox-copia\/#primaryimage","url":"https:\/\/www.ilbottaccio.it\/web2\/wp-content\/uploads\/2025\/09\/Box-legno-Bottaccio.png","contentUrl":"https:\/\/www.ilbottaccio.it\/web2\/wp-content\/uploads\/2025\/09\/Box-legno-Bottaccio.png","width":1000,"height":1000,"caption":"Box legno Bottaccio, specialit\u00e0 gourmet Toscane"},{"@type":"BreadcrumbList","@id":"https:\/\/www.ilbottaccio.it\/de\/prodotto\/delikatessen-geschenkbox-copia\/#breadcrumb","itemListElement":[{"@type":"ListItem","position":1,"name":"Home","item":"https:\/\/www.ilbottaccio.it\/de\/home\/"},{"@type":"ListItem","position":2,"name":"Gesch\u00e4ft","item":"https:\/\/www.ilbottaccio.it\/de\/shop-2\/"},{"@type":"ListItem","position":3,"name":"Bottaccio-Geschenkbox"}]},{"@type":"WebSite","@id":"https:\/\/www.ilbottaccio.it\/de\/#website","url":"https:\/\/www.ilbottaccio.it\/de\/","name":"il Bottaccio | Olio Extravergine Toscano","description":"Olio Extravergine Toscano","publisher":{"@id":"https:\/\/www.ilbottaccio.it\/de\/#organization"},"potentialAction":[{"@type":"SearchAction","target":{"@type":"EntryPoint","urlTemplate":"https:\/\/www.ilbottaccio.it\/de\/?s={search_term_string}"},"query-input":{"@type":"PropertyValueSpecification","valueRequired":true,"valueName":"search_term_string"}}],"inLanguage":"de-DE"},{"@type":"Organization","@id":"https:\/\/www.ilbottaccio.it\/de\/#organization","name":"il Bottaccio","url":"https:\/\/www.ilbottaccio.it\/de\/","logo":{"@type":"ImageObject","inLanguage":"de-DE","@id":"https:\/\/www.ilbottaccio.it\/de\/#\/schema\/logo\/image\/","url":"https:\/\/www.ilbottaccio.it\/web2\/wp-content\/uploads\/2024\/09\/Goccia_ilBottaccio.jpg","contentUrl":"https:\/\/www.ilbottaccio.it\/web2\/wp-content\/uploads\/2024\/09\/Goccia_ilBottaccio.jpg","width":500,"height":500,"caption":"il Bottaccio"},"image":{"@id":"https:\/\/www.ilbottaccio.it\/de\/#\/schema\/logo\/image\/"},"sameAs":["https:\/\/it-it.facebook.com\/OlioilBottaccio\/","https:\/\/www.instagram.com\/il_bottaccio\/"]}]}},"_links":{"self":[{"href":"https:\/\/www.ilbottaccio.it\/de\/wp-json\/wp\/v2\/product\/25162","targetHints":{"allow":["GET"]}}],"collection":[{"href":"https:\/\/www.ilbottaccio.it\/de\/wp-json\/wp\/v2\/product"}],"about":[{"href":"https:\/\/www.ilbottaccio.it\/de\/wp-json\/wp\/v2\/types\/product"}],"wp:featuredmedia":[{"embeddable":true,"href":"https:\/\/www.ilbottaccio.it\/de\/wp-json\/wp\/v2\/media\/25166"}],"wp:attachment":[{"href":"https:\/\/www.ilbottaccio.it\/de\/wp-json\/wp\/v2\/media?parent=25162"}],"wp:term":[{"taxonomy":"product_brand","embeddable":true,"href":"https:\/\/www.ilbottaccio.it\/de\/wp-json\/wp\/v2\/product_brand?post=25162"},{"taxonomy":"product_cat","embeddable":true,"href":"https:\/\/www.ilbottaccio.it\/de\/wp-json\/wp\/v2\/product_cat?post=25162"},{"taxonomy":"product_tag","embeddable":true,"href":"https:\/\/www.ilbottaccio.it\/de\/wp-json\/wp\/v2\/product_tag?post=25162"}],"curies":[{"name":"wp","href":"https:\/\/api.w.org\/{rel}","templated":true}]}}